{"id":406,"date":"2024-09-06T00:10:44","date_gmt":"2024-09-05T22:10:44","guid":{"rendered":"http:\/\/www.bodegasballesteros.es\/?post_type=product&#038;p=406"},"modified":"2025-10-07T11:34:08","modified_gmt":"2025-10-07T09:34:08","slug":"agua-mineral-500-cl-cristal","status":"publish","type":"product","link":"https:\/\/www.bodegasballesteros.es\/en\/tienda\/aguas\/agua-mineral-500-cl-cristal\/","title":{"rendered":"Agua Mineral 500 cl cristal."},"content":{"rendered":"<p>El <strong>Agua Mineral 500 cl Cristal<\/strong> es una bebida refrescante y natural, ideal para mantenerte hidratado durante todo el d\u00eda. Proveniente de fuentes de manantial, este agua mineral es rica en minerales y oligoelementos que contribuyen a tu bienestar general.<\/p>\n<p>&nbsp;<\/p>\n","protected":false},"excerpt":{"rendered":"<p>El <strong>Agua Mineral 500 cl Cristal<\/strong> es la elecci\u00f3n perfecta para quienes buscan una bebida saludable y elegante. Su calidad y frescura la convierten en un compa\u00f1ero esencial para cualquier ocasi\u00f3n, asegurando una hidrataci\u00f3n deliciosa y satisfactoria.<\/p>\n","protected":false},"featured_media":407,"template":"","meta":[],"product_cat":[28],"product_tag":[],"class_list":{"0":"post-406","1":"product","2":"type-product","3":"status-publish","4":"has-post-thumbnail","6":"product_cat-aguas","8":"first","9":"instock","10":"taxable","11":"shipping-taxable","12":"purchasable","13":"product-type-simple"},"yoast_head":"<!-- This site is optimized with the Yoast SEO plugin v23.9 - https:\/\/yoast.com\/wordpress\/plugins\/seo\/ -->\n<title>Agua Mineral 500 cl cristal. - Bodegas Ballesteros<\/title>\n<meta name=\"description\" content=\"En su elegante envase de cristal, el agua mineral ofrece un sabor puro y fresco, perfecto para disfrutar sola, acompa\u00f1ar comidas o utilizar en la preparaci\u00f3n de infusiones y c\u00f3cteles. Su formato de 500 cl la hace pr\u00e1ctica para compartir en reuniones o para llevar a cualquier lugar.\" \/>\n<meta name=\"robots\" content=\"index, follow, max-snippet:-1, max-image-preview:large, max-video-preview:-1\" \/>\n<link rel=\"canonical\" href=\"https:\/\/www.bodegasballesteros.es\/en\/tienda\/aguas\/agua-mineral-500-cl-cristal\/\" \/>\n<meta property=\"og:locale\" content=\"en_US\" \/>\n<meta property=\"og:locale:alternate\" content=\"es_ES\" \/>\n<meta property=\"og:type\" content=\"article\" \/>\n<meta property=\"og:title\" content=\"Agua Mineral 500 cl cristal.\" \/>\n<meta property=\"og:description\" content=\"En su elegante envase de cristal, el agua mineral ofrece un sabor puro y fresco, perfecto para disfrutar sola, acompa\u00f1ar comidas o utilizar en la preparaci\u00f3n de infusiones y c\u00f3cteles. Su formato de 500 cl la hace pr\u00e1ctica para compartir en reuniones o para llevar a cualquier lugar.\" \/>\n<meta property=\"og:url\" content=\"https:\/\/www.bodegasballesteros.es\/en\/tienda\/aguas\/agua-mineral-500-cl-cristal\/\" \/>\n<meta property=\"og:site_name\" content=\"Bodegas Ballesteros\" \/>\n<meta property=\"article:modified_time\" content=\"2025-10-07T09:34:08+00:00\" \/>\n<meta property=\"og:image\" content=\"https:\/\/www.bodegasballesteros.es\/wp-content\/uploads\/2024\/09\/foto-104.png\" \/>\n\t<meta property=\"og:image:width\" content=\"1500\" \/>\n\t<meta property=\"og:image:height\" content=\"2000\" \/>\n\t<meta property=\"og:image:type\" content=\"image\/png\" \/>\n<meta name=\"twitter:card\" content=\"summary_large_image\" \/>\n<meta name=\"twitter:label1\" content=\"Est. reading time\" \/>\n\t<meta name=\"twitter:data1\" content=\"1 minute\" \/>\n<script type=\"application\/ld+json\" class=\"yoast-schema-graph\">{\"@context\":\"https:\/\/schema.org\",\"@graph\":[{\"@type\":\"WebPage\",\"@id\":\"https:\/\/www.bodegasballesteros.es\/tienda\/aguas\/agua-mineral-500-cl-cristal\/\",\"url\":\"https:\/\/www.bodegasballesteros.es\/tienda\/aguas\/agua-mineral-500-cl-cristal\/\",\"name\":\"Agua Mineral 500 cl cristal.\",\"isPartOf\":{\"@id\":\"https:\/\/www.bodegasballesteros.es\/#website\"},\"primaryImageOfPage\":{\"@id\":\"https:\/\/www.bodegasballesteros.es\/tienda\/aguas\/agua-mineral-500-cl-cristal\/#primaryimage\"},\"image\":{\"@id\":\"https:\/\/www.bodegasballesteros.es\/tienda\/aguas\/agua-mineral-500-cl-cristal\/#primaryimage\"},\"thumbnailUrl\":\"https:\/\/www.bodegasballesteros.es\/wp-content\/uploads\/2024\/09\/foto-104.png\",\"datePublished\":\"2024-09-05T22:10:44+00:00\",\"dateModified\":\"2025-10-07T09:34:08+00:00\",\"description\":\"En su elegante envase de cristal, el agua mineral ofrece un sabor puro y fresco, perfecto para disfrutar sola, acompa\u00f1ar comidas o utilizar en la preparaci\u00f3n de infusiones y c\u00f3cteles. Su formato de 500 cl la hace pr\u00e1ctica para compartir en reuniones o para llevar a cualquier lugar.\",\"breadcrumb\":{\"@id\":\"https:\/\/www.bodegasballesteros.es\/tienda\/aguas\/agua-mineral-500-cl-cristal\/#breadcrumb\"},\"inLanguage\":\"en-US\",\"potentialAction\":[{\"@type\":\"ReadAction\",\"target\":[\"https:\/\/www.bodegasballesteros.es\/tienda\/aguas\/agua-mineral-500-cl-cristal\/\"]}]},{\"@type\":\"ImageObject\",\"inLanguage\":\"en-US\",\"@id\":\"https:\/\/www.bodegasballesteros.es\/tienda\/aguas\/agua-mineral-500-cl-cristal\/#primaryimage\",\"url\":\"https:\/\/www.bodegasballesteros.es\/wp-content\/uploads\/2024\/09\/foto-104.png\",\"contentUrl\":\"https:\/\/www.bodegasballesteros.es\/wp-content\/uploads\/2024\/09\/foto-104.png\",\"width\":1500,\"height\":2000},{\"@type\":\"BreadcrumbList\",\"@id\":\"https:\/\/www.bodegasballesteros.es\/tienda\/aguas\/agua-mineral-500-cl-cristal\/#breadcrumb\",\"itemListElement\":[{\"@type\":\"ListItem\",\"position\":1,\"name\":\"Portada\",\"item\":\"https:\/\/www.bodegasballesteros.es\/\"},{\"@type\":\"ListItem\",\"position\":2,\"name\":\"Tienda default\",\"item\":\"https:\/\/www.bodegasballesteros.es\/tienda-default\/\"},{\"@type\":\"ListItem\",\"position\":3,\"name\":\"Agua Mineral 500 cl cristal.\"}]},{\"@type\":\"WebSite\",\"@id\":\"https:\/\/www.bodegasballesteros.es\/#website\",\"url\":\"https:\/\/www.bodegasballesteros.es\/\",\"name\":\"Bodegas Ballesteros\",\"description\":\"Bodegas Ballesteros SL desde 1.925\",\"publisher\":{\"@id\":\"https:\/\/www.bodegasballesteros.es\/#organization\"},\"potentialAction\":[{\"@type\":\"SearchAction\",\"target\":{\"@type\":\"EntryPoint\",\"urlTemplate\":\"https:\/\/www.bodegasballesteros.es\/?s={search_term_string}\"},\"query-input\":{\"@type\":\"PropertyValueSpecification\",\"valueRequired\":true,\"valueName\":\"search_term_string\"}}],\"inLanguage\":\"en-US\"},{\"@type\":\"Organization\",\"@id\":\"https:\/\/www.bodegasballesteros.es\/#organization\",\"name\":\"Bodegas Ballesteros\",\"url\":\"https:\/\/www.bodegasballesteros.es\/\",\"logo\":{\"@type\":\"ImageObject\",\"inLanguage\":\"en-US\",\"@id\":\"https:\/\/www.bodegasballesteros.es\/#\/schema\/logo\/image\/\",\"url\":\"https:\/\/www.bodegasballesteros.es\/wp-content\/uploads\/2024\/08\/logo.jpg\",\"contentUrl\":\"https:\/\/www.bodegasballesteros.es\/wp-content\/uploads\/2024\/08\/logo.jpg\",\"width\":630,\"height\":674,\"caption\":\"Bodegas Ballesteros\"},\"image\":{\"@id\":\"https:\/\/www.bodegasballesteros.es\/#\/schema\/logo\/image\/\"}}]}<\/script>\n<!-- \/ Yoast SEO plugin. -->","yoast_head_json":{"title":"Agua Mineral 500 cl cristal. - Bodegas Ballesteros","description":"En su elegante envase de cristal, el agua mineral ofrece un sabor puro y fresco, perfecto para disfrutar sola, acompa\u00f1ar comidas o utilizar en la preparaci\u00f3n de infusiones y c\u00f3cteles. Su formato de 500 cl la hace pr\u00e1ctica para compartir en reuniones o para llevar a cualquier lugar.","robots":{"index":"index","follow":"follow","max-snippet":"max-snippet:-1","max-image-preview":"max-image-preview:large","max-video-preview":"max-video-preview:-1"},"canonical":"https:\/\/www.bodegasballesteros.es\/en\/tienda\/aguas\/agua-mineral-500-cl-cristal\/","og_locale":"en_US","og_type":"article","og_title":"[:es]Agua Mineral 500 cl cristal.[:] - Bodegas Ballesteros","og_description":"En su elegante envase de cristal, el agua mineral ofrece un sabor puro y fresco, perfecto para disfrutar sola, acompa\u00f1ar comidas o utilizar en la preparaci\u00f3n de infusiones y c\u00f3cteles. Su formato de 500 cl la hace pr\u00e1ctica para compartir en reuniones o para llevar a cualquier lugar.","og_url":"https:\/\/www.bodegasballesteros.es\/en\/tienda\/aguas\/agua-mineral-500-cl-cristal\/","og_site_name":"Bodegas Ballesteros","article_modified_time":"2025-10-07T09:34:08+00:00","og_image":[{"width":1500,"height":2000,"url":"https:\/\/www.bodegasballesteros.es\/wp-content\/uploads\/2024\/09\/foto-104.png","type":"image\/png"}],"twitter_card":"summary_large_image","twitter_misc":{"Est. reading time":"1 minute"},"schema":{"@context":"https:\/\/schema.org","@graph":[{"@type":"WebPage","@id":"https:\/\/www.bodegasballesteros.es\/tienda\/aguas\/agua-mineral-500-cl-cristal\/","url":"https:\/\/www.bodegasballesteros.es\/tienda\/aguas\/agua-mineral-500-cl-cristal\/","name":"Agua Mineral 500 cl cristal.","isPartOf":{"@id":"https:\/\/www.bodegasballesteros.es\/#website"},"primaryImageOfPage":{"@id":"https:\/\/www.bodegasballesteros.es\/tienda\/aguas\/agua-mineral-500-cl-cristal\/#primaryimage"},"image":{"@id":"https:\/\/www.bodegasballesteros.es\/tienda\/aguas\/agua-mineral-500-cl-cristal\/#primaryimage"},"thumbnailUrl":"https:\/\/www.bodegasballesteros.es\/wp-content\/uploads\/2024\/09\/foto-104.png","datePublished":"2024-09-05T22:10:44+00:00","dateModified":"2025-10-07T09:34:08+00:00","description":"En su elegante envase de cristal, el agua mineral ofrece un sabor puro y fresco, perfecto para disfrutar sola, acompa\u00f1ar comidas o utilizar en la preparaci\u00f3n de infusiones y c\u00f3cteles. Su formato de 500 cl la hace pr\u00e1ctica para compartir en reuniones o para llevar a cualquier lugar.","breadcrumb":{"@id":"https:\/\/www.bodegasballesteros.es\/tienda\/aguas\/agua-mineral-500-cl-cristal\/#breadcrumb"},"inLanguage":"en-US","potentialAction":[{"@type":"ReadAction","target":["https:\/\/www.bodegasballesteros.es\/tienda\/aguas\/agua-mineral-500-cl-cristal\/"]}]},{"@type":"ImageObject","inLanguage":"en-US","@id":"https:\/\/www.bodegasballesteros.es\/tienda\/aguas\/agua-mineral-500-cl-cristal\/#primaryimage","url":"https:\/\/www.bodegasballesteros.es\/wp-content\/uploads\/2024\/09\/foto-104.png","contentUrl":"https:\/\/www.bodegasballesteros.es\/wp-content\/uploads\/2024\/09\/foto-104.png","width":1500,"height":2000},{"@type":"BreadcrumbList","@id":"https:\/\/www.bodegasballesteros.es\/tienda\/aguas\/agua-mineral-500-cl-cristal\/#breadcrumb","itemListElement":[{"@type":"ListItem","position":1,"name":"Portada","item":"https:\/\/www.bodegasballesteros.es\/"},{"@type":"ListItem","position":2,"name":"Tienda default","item":"https:\/\/www.bodegasballesteros.es\/tienda-default\/"},{"@type":"ListItem","position":3,"name":"Agua Mineral 500 cl cristal."}]},{"@type":"WebSite","@id":"https:\/\/www.bodegasballesteros.es\/#website","url":"https:\/\/www.bodegasballesteros.es\/","name":"Bodegas Ballesteros","description":"Bodegas Ballesteros SL desde 1.925","publisher":{"@id":"https:\/\/www.bodegasballesteros.es\/#organization"},"potentialAction":[{"@type":"SearchAction","target":{"@type":"EntryPoint","urlTemplate":"https:\/\/www.bodegasballesteros.es\/?s={search_term_string}"},"query-input":{"@type":"PropertyValueSpecification","valueRequired":true,"valueName":"search_term_string"}}],"inLanguage":"en-US"},{"@type":"Organization","@id":"https:\/\/www.bodegasballesteros.es\/#organization","name":"Bodegas Ballesteros","url":"https:\/\/www.bodegasballesteros.es\/","logo":{"@type":"ImageObject","inLanguage":"en-US","@id":"https:\/\/www.bodegasballesteros.es\/#\/schema\/logo\/image\/","url":"https:\/\/www.bodegasballesteros.es\/wp-content\/uploads\/2024\/08\/logo.jpg","contentUrl":"https:\/\/www.bodegasballesteros.es\/wp-content\/uploads\/2024\/08\/logo.jpg","width":630,"height":674,"caption":"Bodegas Ballesteros"},"image":{"@id":"https:\/\/www.bodegasballesteros.es\/#\/schema\/logo\/image\/"}}]}},"_links":{"self":[{"href":"https:\/\/www.bodegasballesteros.es\/en\/wp-json\/wp\/v2\/product\/406","targetHints":{"allow":["GET"]}}],"collection":[{"href":"https:\/\/www.bodegasballesteros.es\/en\/wp-json\/wp\/v2\/product"}],"about":[{"href":"https:\/\/www.bodegasballesteros.es\/en\/wp-json\/wp\/v2\/types\/product"}],"version-history":[{"count":1,"href":"https:\/\/www.bodegasballesteros.es\/en\/wp-json\/wp\/v2\/product\/406\/revisions"}],"predecessor-version":[{"id":408,"href":"https:\/\/www.bodegasballesteros.es\/en\/wp-json\/wp\/v2\/product\/406\/revisions\/408"}],"wp:featuredmedia":[{"embeddable":true,"href":"https:\/\/www.bodegasballesteros.es\/en\/wp-json\/wp\/v2\/media\/407"}],"wp:attachment":[{"href":"https:\/\/www.bodegasballesteros.es\/en\/wp-json\/wp\/v2\/media?parent=406"}],"wp:term":[{"taxonomy":"product_cat","embeddable":true,"href":"https:\/\/www.bodegasballesteros.es\/en\/wp-json\/wp\/v2\/product_cat?post=406"},{"taxonomy":"product_tag","embeddable":true,"href":"https:\/\/www.bodegasballesteros.es\/en\/wp-json\/wp\/v2\/product_tag?post=406"}],"curies":[{"name":"wp","href":"https:\/\/api.w.org\/{rel}","templated":true}]}}