{"id":397,"date":"2024-09-06T00:10:45","date_gmt":"2024-09-05T22:10:45","guid":{"rendered":"http:\/\/www.bodegasballesteros.es\/?post_type=product&#038;p=397"},"modified":"2024-09-06T00:10:45","modified_gmt":"2024-09-05T22:10:45","slug":"agua-mineral-15l-pet","status":"publish","type":"product","link":"https:\/\/www.bodegasballesteros.es\/en\/tienda\/aguas\/agua-mineral-15l-pet\/","title":{"rendered":"Agua Mineral 1,5L pet"},"content":{"rendered":"<p>El <strong>Agua Mineral 1,5L PET<\/strong> es una fuente de hidrataci\u00f3n natural y refrescante, ideal para saciar tu sed en cualquier momento del d\u00eda. Proveniente de manantiales, este agua mineral es rica en minerales y oligoelementos que contribuyen al bienestar y la salud.<\/p>\n<p>&nbsp;<\/p>\n","protected":false},"excerpt":{"rendered":"<div class=\"flex max-w-full flex-col flex-grow\">\n<div class=\"min-h-[20px] text-message flex w-full flex-col items-end gap-2 break-words [.text-message+&#038;]:mt-5 overflow-x-auto whitespace-normal\" dir=\"auto\" data-message-author-role=\"assistant\" data-message-id=\"b421acf2-c310-4df2-ad20-b888bc92df95\">\n<div class=\"flex w-full flex-col gap-1 empty:hidden first:pt-[3px]\">\n<div class=\"markdown prose w-full break-words dark:prose-invert light\">\n<p>El <strong>Agua Mineral 1,5L PET<\/strong> es la opci\u00f3n perfecta para quienes buscan una bebida natural y saludable. Su conveniencia y frescura la convierten en un complemento esencial para cualquier ocasi\u00f3n, garantizando una hidrataci\u00f3n adecuada y deliciosa.<\/p>\n<\/div>\n<\/div>\n<\/div>\n<\/div>\n","protected":false},"featured_media":398,"template":"","meta":[],"product_cat":[28],"product_tag":[],"class_list":{"0":"post-397","1":"product","2":"type-product","3":"status-publish","4":"has-post-thumbnail","6":"product_cat-aguas","8":"first","9":"instock","10":"taxable","11":"shipping-taxable","12":"purchasable","13":"product-type-simple"},"yoast_head":"<!-- This site is optimized with the Yoast SEO plugin v23.9 - https:\/\/yoast.com\/wordpress\/plugins\/seo\/ -->\n<title>Agua Mineral 1,5L pet - Bodegas Ballesteros<\/title>\n<meta name=\"description\" content=\"Con su sabor puro y fresco, el agua mineral es perfecta para disfrutar sola, acompa\u00f1ar comidas o como base para preparar infusiones y c\u00f3cteles. Su pr\u00e1ctico formato de 1,5 litros en botella PET la hace f\u00e1cil de transportar y adecuada para compartir en familia o en reuniones.\" \/>\n<meta name=\"robots\" content=\"index, follow, max-snippet:-1, max-image-preview:large, max-video-preview:-1\" \/>\n<link rel=\"canonical\" href=\"https:\/\/www.bodegasballesteros.es\/en\/tienda\/aguas\/agua-mineral-15l-pet\/\" \/>\n<meta property=\"og:locale\" content=\"en_US\" \/>\n<meta property=\"og:locale:alternate\" content=\"es_ES\" \/>\n<meta property=\"og:type\" content=\"article\" \/>\n<meta property=\"og:title\" content=\"Agua Mineral 1,5L pet\" \/>\n<meta property=\"og:description\" content=\"Con su sabor puro y fresco, el agua mineral es perfecta para disfrutar sola, acompa\u00f1ar comidas o como base para preparar infusiones y c\u00f3cteles. Su pr\u00e1ctico formato de 1,5 litros en botella PET la hace f\u00e1cil de transportar y adecuada para compartir en familia o en reuniones.\" \/>\n<meta property=\"og:url\" content=\"https:\/\/www.bodegasballesteros.es\/en\/tienda\/aguas\/agua-mineral-15l-pet\/\" \/>\n<meta property=\"og:site_name\" content=\"Bodegas Ballesteros\" \/>\n<meta property=\"og:image\" content=\"https:\/\/www.bodegasballesteros.es\/wp-content\/uploads\/2024\/09\/foto-101-768x1024.png\" \/>\n\t<meta property=\"og:image:width\" content=\"768\" \/>\n\t<meta property=\"og:image:height\" content=\"1024\" \/>\n\t<meta property=\"og:image:type\" content=\"image\/png\" \/>\n<meta name=\"twitter:card\" content=\"summary_large_image\" \/>\n<meta name=\"twitter:label1\" content=\"Est. reading time\" \/>\n\t<meta name=\"twitter:data1\" content=\"1 minute\" \/>\n<script type=\"application\/ld+json\" class=\"yoast-schema-graph\">{\"@context\":\"https:\/\/schema.org\",\"@graph\":[{\"@type\":\"WebPage\",\"@id\":\"https:\/\/www.bodegasballesteros.es\/tienda\/aguas\/agua-mineral-15l-pet\/\",\"url\":\"https:\/\/www.bodegasballesteros.es\/tienda\/aguas\/agua-mineral-15l-pet\/\",\"name\":\"Agua Mineral 1,5L pet\",\"isPartOf\":{\"@id\":\"https:\/\/www.bodegasballesteros.es\/#website\"},\"primaryImageOfPage\":{\"@id\":\"https:\/\/www.bodegasballesteros.es\/tienda\/aguas\/agua-mineral-15l-pet\/#primaryimage\"},\"image\":{\"@id\":\"https:\/\/www.bodegasballesteros.es\/tienda\/aguas\/agua-mineral-15l-pet\/#primaryimage\"},\"thumbnailUrl\":\"https:\/\/www.bodegasballesteros.es\/wp-content\/uploads\/2024\/09\/foto-101.png\",\"datePublished\":\"2024-09-05T22:10:45+00:00\",\"dateModified\":\"2024-09-05T22:10:45+00:00\",\"description\":\"Con su sabor puro y fresco, el agua mineral es perfecta para disfrutar sola, acompa\u00f1ar comidas o como base para preparar infusiones y c\u00f3cteles. Su pr\u00e1ctico formato de 1,5 litros en botella PET la hace f\u00e1cil de transportar y adecuada para compartir en familia o en reuniones.\",\"breadcrumb\":{\"@id\":\"https:\/\/www.bodegasballesteros.es\/tienda\/aguas\/agua-mineral-15l-pet\/#breadcrumb\"},\"inLanguage\":\"en-US\",\"potentialAction\":[{\"@type\":\"ReadAction\",\"target\":[\"https:\/\/www.bodegasballesteros.es\/tienda\/aguas\/agua-mineral-15l-pet\/\"]}]},{\"@type\":\"ImageObject\",\"inLanguage\":\"en-US\",\"@id\":\"https:\/\/www.bodegasballesteros.es\/tienda\/aguas\/agua-mineral-15l-pet\/#primaryimage\",\"url\":\"https:\/\/www.bodegasballesteros.es\/wp-content\/uploads\/2024\/09\/foto-101.png\",\"contentUrl\":\"https:\/\/www.bodegasballesteros.es\/wp-content\/uploads\/2024\/09\/foto-101.png\",\"width\":3000,\"height\":4000},{\"@type\":\"BreadcrumbList\",\"@id\":\"https:\/\/www.bodegasballesteros.es\/tienda\/aguas\/agua-mineral-15l-pet\/#breadcrumb\",\"itemListElement\":[{\"@type\":\"ListItem\",\"position\":1,\"name\":\"Portada\",\"item\":\"https:\/\/www.bodegasballesteros.es\/\"},{\"@type\":\"ListItem\",\"position\":2,\"name\":\"Tienda default\",\"item\":\"https:\/\/www.bodegasballesteros.es\/tienda-default\/\"},{\"@type\":\"ListItem\",\"position\":3,\"name\":\"Agua Mineral 1,5L pet\"}]},{\"@type\":\"WebSite\",\"@id\":\"https:\/\/www.bodegasballesteros.es\/#website\",\"url\":\"https:\/\/www.bodegasballesteros.es\/\",\"name\":\"Bodegas Ballesteros\",\"description\":\"Bodegas Ballesteros SL desde 1.925\",\"publisher\":{\"@id\":\"https:\/\/www.bodegasballesteros.es\/#organization\"},\"potentialAction\":[{\"@type\":\"SearchAction\",\"target\":{\"@type\":\"EntryPoint\",\"urlTemplate\":\"https:\/\/www.bodegasballesteros.es\/?s={search_term_string}\"},\"query-input\":{\"@type\":\"PropertyValueSpecification\",\"valueRequired\":true,\"valueName\":\"search_term_string\"}}],\"inLanguage\":\"en-US\"},{\"@type\":\"Organization\",\"@id\":\"https:\/\/www.bodegasballesteros.es\/#organization\",\"name\":\"Bodegas Ballesteros\",\"url\":\"https:\/\/www.bodegasballesteros.es\/\",\"logo\":{\"@type\":\"ImageObject\",\"inLanguage\":\"en-US\",\"@id\":\"https:\/\/www.bodegasballesteros.es\/#\/schema\/logo\/image\/\",\"url\":\"https:\/\/www.bodegasballesteros.es\/wp-content\/uploads\/2024\/08\/logo.jpg\",\"contentUrl\":\"https:\/\/www.bodegasballesteros.es\/wp-content\/uploads\/2024\/08\/logo.jpg\",\"width\":630,\"height\":674,\"caption\":\"Bodegas Ballesteros\"},\"image\":{\"@id\":\"https:\/\/www.bodegasballesteros.es\/#\/schema\/logo\/image\/\"}}]}<\/script>\n<!-- \/ Yoast SEO plugin. -->","yoast_head_json":{"title":"Agua Mineral 1,5L pet - Bodegas Ballesteros","description":"Con su sabor puro y fresco, el agua mineral es perfecta para disfrutar sola, acompa\u00f1ar comidas o como base para preparar infusiones y c\u00f3cteles. Su pr\u00e1ctico formato de 1,5 litros en botella PET la hace f\u00e1cil de transportar y adecuada para compartir en familia o en reuniones.","robots":{"index":"index","follow":"follow","max-snippet":"max-snippet:-1","max-image-preview":"max-image-preview:large","max-video-preview":"max-video-preview:-1"},"canonical":"https:\/\/www.bodegasballesteros.es\/en\/tienda\/aguas\/agua-mineral-15l-pet\/","og_locale":"en_US","og_type":"article","og_title":"[:es]Agua Mineral 1,5L pet[:] - Bodegas Ballesteros","og_description":"Con su sabor puro y fresco, el agua mineral es perfecta para disfrutar sola, acompa\u00f1ar comidas o como base para preparar infusiones y c\u00f3cteles. Su pr\u00e1ctico formato de 1,5 litros en botella PET la hace f\u00e1cil de transportar y adecuada para compartir en familia o en reuniones.","og_url":"https:\/\/www.bodegasballesteros.es\/en\/tienda\/aguas\/agua-mineral-15l-pet\/","og_site_name":"Bodegas Ballesteros","og_image":[{"width":768,"height":1024,"url":"https:\/\/www.bodegasballesteros.es\/wp-content\/uploads\/2024\/09\/foto-101-768x1024.png","type":"image\/png"}],"twitter_card":"summary_large_image","twitter_misc":{"Est. reading time":"1 minute"},"schema":{"@context":"https:\/\/schema.org","@graph":[{"@type":"WebPage","@id":"https:\/\/www.bodegasballesteros.es\/tienda\/aguas\/agua-mineral-15l-pet\/","url":"https:\/\/www.bodegasballesteros.es\/tienda\/aguas\/agua-mineral-15l-pet\/","name":"Agua Mineral 1,5L pet","isPartOf":{"@id":"https:\/\/www.bodegasballesteros.es\/#website"},"primaryImageOfPage":{"@id":"https:\/\/www.bodegasballesteros.es\/tienda\/aguas\/agua-mineral-15l-pet\/#primaryimage"},"image":{"@id":"https:\/\/www.bodegasballesteros.es\/tienda\/aguas\/agua-mineral-15l-pet\/#primaryimage"},"thumbnailUrl":"https:\/\/www.bodegasballesteros.es\/wp-content\/uploads\/2024\/09\/foto-101.png","datePublished":"2024-09-05T22:10:45+00:00","dateModified":"2024-09-05T22:10:45+00:00","description":"Con su sabor puro y fresco, el agua mineral es perfecta para disfrutar sola, acompa\u00f1ar comidas o como base para preparar infusiones y c\u00f3cteles. Su pr\u00e1ctico formato de 1,5 litros en botella PET la hace f\u00e1cil de transportar y adecuada para compartir en familia o en reuniones.","breadcrumb":{"@id":"https:\/\/www.bodegasballesteros.es\/tienda\/aguas\/agua-mineral-15l-pet\/#breadcrumb"},"inLanguage":"en-US","potentialAction":[{"@type":"ReadAction","target":["https:\/\/www.bodegasballesteros.es\/tienda\/aguas\/agua-mineral-15l-pet\/"]}]},{"@type":"ImageObject","inLanguage":"en-US","@id":"https:\/\/www.bodegasballesteros.es\/tienda\/aguas\/agua-mineral-15l-pet\/#primaryimage","url":"https:\/\/www.bodegasballesteros.es\/wp-content\/uploads\/2024\/09\/foto-101.png","contentUrl":"https:\/\/www.bodegasballesteros.es\/wp-content\/uploads\/2024\/09\/foto-101.png","width":3000,"height":4000},{"@type":"BreadcrumbList","@id":"https:\/\/www.bodegasballesteros.es\/tienda\/aguas\/agua-mineral-15l-pet\/#breadcrumb","itemListElement":[{"@type":"ListItem","position":1,"name":"Portada","item":"https:\/\/www.bodegasballesteros.es\/"},{"@type":"ListItem","position":2,"name":"Tienda default","item":"https:\/\/www.bodegasballesteros.es\/tienda-default\/"},{"@type":"ListItem","position":3,"name":"Agua Mineral 1,5L pet"}]},{"@type":"WebSite","@id":"https:\/\/www.bodegasballesteros.es\/#website","url":"https:\/\/www.bodegasballesteros.es\/","name":"Bodegas Ballesteros","description":"Bodegas Ballesteros SL desde 1.925","publisher":{"@id":"https:\/\/www.bodegasballesteros.es\/#organization"},"potentialAction":[{"@type":"SearchAction","target":{"@type":"EntryPoint","urlTemplate":"https:\/\/www.bodegasballesteros.es\/?s={search_term_string}"},"query-input":{"@type":"PropertyValueSpecification","valueRequired":true,"valueName":"search_term_string"}}],"inLanguage":"en-US"},{"@type":"Organization","@id":"https:\/\/www.bodegasballesteros.es\/#organization","name":"Bodegas Ballesteros","url":"https:\/\/www.bodegasballesteros.es\/","logo":{"@type":"ImageObject","inLanguage":"en-US","@id":"https:\/\/www.bodegasballesteros.es\/#\/schema\/logo\/image\/","url":"https:\/\/www.bodegasballesteros.es\/wp-content\/uploads\/2024\/08\/logo.jpg","contentUrl":"https:\/\/www.bodegasballesteros.es\/wp-content\/uploads\/2024\/08\/logo.jpg","width":630,"height":674,"caption":"Bodegas Ballesteros"},"image":{"@id":"https:\/\/www.bodegasballesteros.es\/#\/schema\/logo\/image\/"}}]}},"_links":{"self":[{"href":"https:\/\/www.bodegasballesteros.es\/en\/wp-json\/wp\/v2\/product\/397","targetHints":{"allow":["GET"]}}],"collection":[{"href":"https:\/\/www.bodegasballesteros.es\/en\/wp-json\/wp\/v2\/product"}],"about":[{"href":"https:\/\/www.bodegasballesteros.es\/en\/wp-json\/wp\/v2\/types\/product"}],"version-history":[{"count":1,"href":"https:\/\/www.bodegasballesteros.es\/en\/wp-json\/wp\/v2\/product\/397\/revisions"}],"predecessor-version":[{"id":399,"href":"https:\/\/www.bodegasballesteros.es\/en\/wp-json\/wp\/v2\/product\/397\/revisions\/399"}],"wp:featuredmedia":[{"embeddable":true,"href":"https:\/\/www.bodegasballesteros.es\/en\/wp-json\/wp\/v2\/media\/398"}],"wp:attachment":[{"href":"https:\/\/www.bodegasballesteros.es\/en\/wp-json\/wp\/v2\/media?parent=397"}],"wp:term":[{"taxonomy":"product_cat","embeddable":true,"href":"https:\/\/www.bodegasballesteros.es\/en\/wp-json\/wp\/v2\/product_cat?post=397"},{"taxonomy":"product_tag","embeddable":true,"href":"https:\/\/www.bodegasballesteros.es\/en\/wp-json\/wp\/v2\/product_tag?post=397"}],"curies":[{"name":"wp","href":"https:\/\/api.w.org\/{rel}","templated":true}]}}