{"id":385,"date":"2024-09-06T00:10:46","date_gmt":"2024-09-05T22:10:46","guid":{"rendered":"http:\/\/www.bodegasballesteros.es\/?post_type=product&#038;p=385"},"modified":"2024-09-06T00:10:46","modified_gmt":"2024-09-05T22:10:46","slug":"alubia-blanca-1kg","status":"publish","type":"product","link":"https:\/\/www.bodegasballesteros.es\/en\/tienda\/legumbres\/alubia-blanca-1kg\/","title":{"rendered":"Alubia blanca 1kg"},"content":{"rendered":"<p>Las <strong>Alubias Blancas 1 kg<\/strong> son legumbres de color blanco y forma ovalada, conocidas por su sabor suave y cremoso. Son una excelente fuente de prote\u00ednas, fibra y nutrientes esenciales, lo que las convierte en una opci\u00f3n saludable para complementar cualquier dieta.<\/p>\n<p>&nbsp;<\/p>\n","protected":false},"excerpt":{"rendered":"<p>Las <strong>Alubias Blancas 1 kg<\/strong> son un alimento nutritivo y delicioso que aporta una textura y sabor excepcionales a tus comidas. Su versatilidad y f\u00e1cil preparaci\u00f3n las convierten en un ingrediente b\u00e1sico esencial para disfrutar en una variedad de recetas, ideal para familias y para quienes buscan opciones saludables en su alimentaci\u00f3n diaria.<\/p>\n","protected":false},"featured_media":386,"template":"","meta":[],"product_cat":[27],"product_tag":[],"class_list":{"0":"post-385","1":"product","2":"type-product","3":"status-publish","4":"has-post-thumbnail","6":"product_cat-legumbres","8":"first","9":"instock","10":"taxable","11":"shipping-taxable","12":"purchasable","13":"product-type-simple"},"yoast_head":"<!-- This site is optimized with the Yoast SEO plugin v23.9 - https:\/\/yoast.com\/wordpress\/plugins\/seo\/ -->\n<title>Alubia blanca 1kg - Bodegas Ballesteros<\/title>\n<meta name=\"description\" content=\"Estas alubias son vers\u00e1tiles en la cocina y son perfectas para preparar una amplia variedad de platos, como guisos, sopas, ensaladas y platos tradicionales. Su textura tierna y su capacidad para absorber sabores las hacen ideales para cocinar en diferentes recetas.\" \/>\n<meta name=\"robots\" content=\"index, follow, max-snippet:-1, max-image-preview:large, max-video-preview:-1\" \/>\n<link rel=\"canonical\" href=\"https:\/\/www.bodegasballesteros.es\/en\/tienda\/legumbres\/alubia-blanca-1kg\/\" \/>\n<meta property=\"og:locale\" content=\"en_US\" \/>\n<meta property=\"og:locale:alternate\" content=\"es_ES\" \/>\n<meta property=\"og:type\" content=\"article\" \/>\n<meta property=\"og:title\" content=\"Alubia blanca 1kg\" \/>\n<meta property=\"og:description\" content=\"Estas alubias son vers\u00e1tiles en la cocina y son perfectas para preparar una amplia variedad de platos, como guisos, sopas, ensaladas y platos tradicionales. Su textura tierna y su capacidad para absorber sabores las hacen ideales para cocinar en diferentes recetas.\" \/>\n<meta property=\"og:url\" content=\"https:\/\/www.bodegasballesteros.es\/en\/tienda\/legumbres\/alubia-blanca-1kg\/\" \/>\n<meta property=\"og:site_name\" content=\"Bodegas Ballesteros\" \/>\n<meta property=\"og:image\" content=\"https:\/\/www.bodegasballesteros.es\/wp-content\/uploads\/2024\/09\/foto-91.png\" \/>\n\t<meta property=\"og:image:width\" content=\"1500\" \/>\n\t<meta property=\"og:image:height\" content=\"2000\" \/>\n\t<meta property=\"og:image:type\" content=\"image\/png\" \/>\n<meta name=\"twitter:card\" content=\"summary_large_image\" \/>\n<meta name=\"twitter:label1\" content=\"Est. reading time\" \/>\n\t<meta name=\"twitter:data1\" content=\"1 minute\" \/>\n<script type=\"application\/ld+json\" class=\"yoast-schema-graph\">{\"@context\":\"https:\/\/schema.org\",\"@graph\":[{\"@type\":\"WebPage\",\"@id\":\"https:\/\/www.bodegasballesteros.es\/tienda\/legumbres\/alubia-blanca-1kg\/\",\"url\":\"https:\/\/www.bodegasballesteros.es\/tienda\/legumbres\/alubia-blanca-1kg\/\",\"name\":\"Alubia blanca 1kg\",\"isPartOf\":{\"@id\":\"https:\/\/www.bodegasballesteros.es\/#website\"},\"primaryImageOfPage\":{\"@id\":\"https:\/\/www.bodegasballesteros.es\/tienda\/legumbres\/alubia-blanca-1kg\/#primaryimage\"},\"image\":{\"@id\":\"https:\/\/www.bodegasballesteros.es\/tienda\/legumbres\/alubia-blanca-1kg\/#primaryimage\"},\"thumbnailUrl\":\"https:\/\/www.bodegasballesteros.es\/wp-content\/uploads\/2024\/09\/foto-91.png\",\"datePublished\":\"2024-09-05T22:10:46+00:00\",\"dateModified\":\"2024-09-05T22:10:46+00:00\",\"description\":\"Estas alubias son vers\u00e1tiles en la cocina y son perfectas para preparar una amplia variedad de platos, como guisos, sopas, ensaladas y platos tradicionales. Su textura tierna y su capacidad para absorber sabores las hacen ideales para cocinar en diferentes recetas.\",\"breadcrumb\":{\"@id\":\"https:\/\/www.bodegasballesteros.es\/tienda\/legumbres\/alubia-blanca-1kg\/#breadcrumb\"},\"inLanguage\":\"en-US\",\"potentialAction\":[{\"@type\":\"ReadAction\",\"target\":[\"https:\/\/www.bodegasballesteros.es\/tienda\/legumbres\/alubia-blanca-1kg\/\"]}]},{\"@type\":\"ImageObject\",\"inLanguage\":\"en-US\",\"@id\":\"https:\/\/www.bodegasballesteros.es\/tienda\/legumbres\/alubia-blanca-1kg\/#primaryimage\",\"url\":\"https:\/\/www.bodegasballesteros.es\/wp-content\/uploads\/2024\/09\/foto-91.png\",\"contentUrl\":\"https:\/\/www.bodegasballesteros.es\/wp-content\/uploads\/2024\/09\/foto-91.png\",\"width\":1500,\"height\":2000},{\"@type\":\"BreadcrumbList\",\"@id\":\"https:\/\/www.bodegasballesteros.es\/tienda\/legumbres\/alubia-blanca-1kg\/#breadcrumb\",\"itemListElement\":[{\"@type\":\"ListItem\",\"position\":1,\"name\":\"Portada\",\"item\":\"https:\/\/www.bodegasballesteros.es\/\"},{\"@type\":\"ListItem\",\"position\":2,\"name\":\"Tienda default\",\"item\":\"https:\/\/www.bodegasballesteros.es\/tienda-default\/\"},{\"@type\":\"ListItem\",\"position\":3,\"name\":\"Alubia blanca 1kg\"}]},{\"@type\":\"WebSite\",\"@id\":\"https:\/\/www.bodegasballesteros.es\/#website\",\"url\":\"https:\/\/www.bodegasballesteros.es\/\",\"name\":\"Bodegas Ballesteros\",\"description\":\"Bodegas Ballesteros SL desde 1.925\",\"publisher\":{\"@id\":\"https:\/\/www.bodegasballesteros.es\/#organization\"},\"potentialAction\":[{\"@type\":\"SearchAction\",\"target\":{\"@type\":\"EntryPoint\",\"urlTemplate\":\"https:\/\/www.bodegasballesteros.es\/?s={search_term_string}\"},\"query-input\":{\"@type\":\"PropertyValueSpecification\",\"valueRequired\":true,\"valueName\":\"search_term_string\"}}],\"inLanguage\":\"en-US\"},{\"@type\":\"Organization\",\"@id\":\"https:\/\/www.bodegasballesteros.es\/#organization\",\"name\":\"Bodegas Ballesteros\",\"url\":\"https:\/\/www.bodegasballesteros.es\/\",\"logo\":{\"@type\":\"ImageObject\",\"inLanguage\":\"en-US\",\"@id\":\"https:\/\/www.bodegasballesteros.es\/#\/schema\/logo\/image\/\",\"url\":\"https:\/\/www.bodegasballesteros.es\/wp-content\/uploads\/2024\/08\/logo.jpg\",\"contentUrl\":\"https:\/\/www.bodegasballesteros.es\/wp-content\/uploads\/2024\/08\/logo.jpg\",\"width\":630,\"height\":674,\"caption\":\"Bodegas Ballesteros\"},\"image\":{\"@id\":\"https:\/\/www.bodegasballesteros.es\/#\/schema\/logo\/image\/\"}}]}<\/script>\n<!-- \/ Yoast SEO plugin. -->","yoast_head_json":{"title":"Alubia blanca 1kg - Bodegas Ballesteros","description":"Estas alubias son vers\u00e1tiles en la cocina y son perfectas para preparar una amplia variedad de platos, como guisos, sopas, ensaladas y platos tradicionales. Su textura tierna y su capacidad para absorber sabores las hacen ideales para cocinar en diferentes recetas.","robots":{"index":"index","follow":"follow","max-snippet":"max-snippet:-1","max-image-preview":"max-image-preview:large","max-video-preview":"max-video-preview:-1"},"canonical":"https:\/\/www.bodegasballesteros.es\/en\/tienda\/legumbres\/alubia-blanca-1kg\/","og_locale":"en_US","og_type":"article","og_title":"[:es]Alubia blanca 1kg[:] - Bodegas Ballesteros","og_description":"Estas alubias son vers\u00e1tiles en la cocina y son perfectas para preparar una amplia variedad de platos, como guisos, sopas, ensaladas y platos tradicionales. Su textura tierna y su capacidad para absorber sabores las hacen ideales para cocinar en diferentes recetas.","og_url":"https:\/\/www.bodegasballesteros.es\/en\/tienda\/legumbres\/alubia-blanca-1kg\/","og_site_name":"Bodegas Ballesteros","og_image":[{"width":1500,"height":2000,"url":"https:\/\/www.bodegasballesteros.es\/wp-content\/uploads\/2024\/09\/foto-91.png","type":"image\/png"}],"twitter_card":"summary_large_image","twitter_misc":{"Est. reading time":"1 minute"},"schema":{"@context":"https:\/\/schema.org","@graph":[{"@type":"WebPage","@id":"https:\/\/www.bodegasballesteros.es\/tienda\/legumbres\/alubia-blanca-1kg\/","url":"https:\/\/www.bodegasballesteros.es\/tienda\/legumbres\/alubia-blanca-1kg\/","name":"Alubia blanca 1kg","isPartOf":{"@id":"https:\/\/www.bodegasballesteros.es\/#website"},"primaryImageOfPage":{"@id":"https:\/\/www.bodegasballesteros.es\/tienda\/legumbres\/alubia-blanca-1kg\/#primaryimage"},"image":{"@id":"https:\/\/www.bodegasballesteros.es\/tienda\/legumbres\/alubia-blanca-1kg\/#primaryimage"},"thumbnailUrl":"https:\/\/www.bodegasballesteros.es\/wp-content\/uploads\/2024\/09\/foto-91.png","datePublished":"2024-09-05T22:10:46+00:00","dateModified":"2024-09-05T22:10:46+00:00","description":"Estas alubias son vers\u00e1tiles en la cocina y son perfectas para preparar una amplia variedad de platos, como guisos, sopas, ensaladas y platos tradicionales. Su textura tierna y su capacidad para absorber sabores las hacen ideales para cocinar en diferentes recetas.","breadcrumb":{"@id":"https:\/\/www.bodegasballesteros.es\/tienda\/legumbres\/alubia-blanca-1kg\/#breadcrumb"},"inLanguage":"en-US","potentialAction":[{"@type":"ReadAction","target":["https:\/\/www.bodegasballesteros.es\/tienda\/legumbres\/alubia-blanca-1kg\/"]}]},{"@type":"ImageObject","inLanguage":"en-US","@id":"https:\/\/www.bodegasballesteros.es\/tienda\/legumbres\/alubia-blanca-1kg\/#primaryimage","url":"https:\/\/www.bodegasballesteros.es\/wp-content\/uploads\/2024\/09\/foto-91.png","contentUrl":"https:\/\/www.bodegasballesteros.es\/wp-content\/uploads\/2024\/09\/foto-91.png","width":1500,"height":2000},{"@type":"BreadcrumbList","@id":"https:\/\/www.bodegasballesteros.es\/tienda\/legumbres\/alubia-blanca-1kg\/#breadcrumb","itemListElement":[{"@type":"ListItem","position":1,"name":"Portada","item":"https:\/\/www.bodegasballesteros.es\/"},{"@type":"ListItem","position":2,"name":"Tienda default","item":"https:\/\/www.bodegasballesteros.es\/tienda-default\/"},{"@type":"ListItem","position":3,"name":"Alubia blanca 1kg"}]},{"@type":"WebSite","@id":"https:\/\/www.bodegasballesteros.es\/#website","url":"https:\/\/www.bodegasballesteros.es\/","name":"Bodegas Ballesteros","description":"Bodegas Ballesteros SL desde 1.925","publisher":{"@id":"https:\/\/www.bodegasballesteros.es\/#organization"},"potentialAction":[{"@type":"SearchAction","target":{"@type":"EntryPoint","urlTemplate":"https:\/\/www.bodegasballesteros.es\/?s={search_term_string}"},"query-input":{"@type":"PropertyValueSpecification","valueRequired":true,"valueName":"search_term_string"}}],"inLanguage":"en-US"},{"@type":"Organization","@id":"https:\/\/www.bodegasballesteros.es\/#organization","name":"Bodegas Ballesteros","url":"https:\/\/www.bodegasballesteros.es\/","logo":{"@type":"ImageObject","inLanguage":"en-US","@id":"https:\/\/www.bodegasballesteros.es\/#\/schema\/logo\/image\/","url":"https:\/\/www.bodegasballesteros.es\/wp-content\/uploads\/2024\/08\/logo.jpg","contentUrl":"https:\/\/www.bodegasballesteros.es\/wp-content\/uploads\/2024\/08\/logo.jpg","width":630,"height":674,"caption":"Bodegas Ballesteros"},"image":{"@id":"https:\/\/www.bodegasballesteros.es\/#\/schema\/logo\/image\/"}}]}},"_links":{"self":[{"href":"https:\/\/www.bodegasballesteros.es\/en\/wp-json\/wp\/v2\/product\/385","targetHints":{"allow":["GET"]}}],"collection":[{"href":"https:\/\/www.bodegasballesteros.es\/en\/wp-json\/wp\/v2\/product"}],"about":[{"href":"https:\/\/www.bodegasballesteros.es\/en\/wp-json\/wp\/v2\/types\/product"}],"version-history":[{"count":1,"href":"https:\/\/www.bodegasballesteros.es\/en\/wp-json\/wp\/v2\/product\/385\/revisions"}],"predecessor-version":[{"id":387,"href":"https:\/\/www.bodegasballesteros.es\/en\/wp-json\/wp\/v2\/product\/385\/revisions\/387"}],"wp:featuredmedia":[{"embeddable":true,"href":"https:\/\/www.bodegasballesteros.es\/en\/wp-json\/wp\/v2\/media\/386"}],"wp:attachment":[{"href":"https:\/\/www.bodegasballesteros.es\/en\/wp-json\/wp\/v2\/media?parent=385"}],"wp:term":[{"taxonomy":"product_cat","embeddable":true,"href":"https:\/\/www.bodegasballesteros.es\/en\/wp-json\/wp\/v2\/product_cat?post=385"},{"taxonomy":"product_tag","embeddable":true,"href":"https:\/\/www.bodegasballesteros.es\/en\/wp-json\/wp\/v2\/product_tag?post=385"}],"curies":[{"name":"wp","href":"https:\/\/api.w.org\/{rel}","templated":true}]}}