{"id":379,"date":"2024-09-06T00:10:46","date_gmt":"2024-09-05T22:10:46","guid":{"rendered":"http:\/\/www.bodegasballesteros.es\/?post_type=product&#038;p=379"},"modified":"2024-09-06T00:10:47","modified_gmt":"2024-09-05T22:10:47","slug":"con-un-diseno-atractivo-y-compacto-este-estuche-es-perfecto-para-compartir-en-reuniones-celebraciones-o-para-disfrutar-en-momentos-de-relax-cada-miniatura-resalta-la-calidad-de-los-ingredientes-uti","status":"publish","type":"product","link":"https:\/\/www.bodegasballesteros.es\/en\/tienda\/licores\/con-un-diseno-atractivo-y-compacto-este-estuche-es-perfecto-para-compartir-en-reuniones-celebraciones-o-para-disfrutar-en-momentos-de-relax-cada-miniatura-resalta-la-calidad-de-los-ingredientes-uti\/","title":{"rendered":"Estuche de Licor Miniaturas 3\u00ba"},"content":{"rendered":"<p>El <strong>Estuche de Licor Miniaturas 3\u00ba<\/strong> es una elegante colecci\u00f3n de licores en formato miniatura, dise\u00f1ada para aquellos que desean explorar una variedad de sabores en un solo paquete. Este estuche incluye tres mini botellas de licores selectos, cada una con su propio car\u00e1cter y aroma, ideal para degustar, regalar o como parte de una experiencia de cata.<\/p>\n<p>&nbsp;<\/p>\n","protected":false},"excerpt":{"rendered":"<p>El <strong>Estuche de Licor Miniaturas 3\u00ba<\/strong> es la opci\u00f3n perfecta para los amantes de los licores que buscan una experiencia variada y deliciosa. Su presentaci\u00f3n atractiva y su versatilidad lo convierten en un regalo ideal o en una adici\u00f3n perfecta a cualquier colecci\u00f3n de licores, permitiendo disfrutar de sabores \u00fanicos en cada sorbo.<\/p>\n","protected":false},"featured_media":380,"template":"","meta":[],"product_cat":[26],"product_tag":[],"class_list":{"0":"post-379","1":"product","2":"type-product","3":"status-publish","4":"has-post-thumbnail","6":"product_cat-licores","8":"first","9":"instock","10":"taxable","11":"shipping-taxable","12":"purchasable","13":"product-type-simple"},"yoast_head":"<!-- This site is optimized with the Yoast SEO plugin v23.9 - https:\/\/yoast.com\/wordpress\/plugins\/seo\/ -->\n<title>Estuche de Licor Miniaturas 3\u00ba - Bodegas Ballesteros<\/title>\n<meta name=\"robots\" content=\"index, follow, max-snippet:-1, max-image-preview:large, max-video-preview:-1\" \/>\n<link rel=\"canonical\" href=\"https:\/\/www.bodegasballesteros.es\/en\/tienda\/licores\/con-un-diseno-atractivo-y-compacto-este-estuche-es-perfecto-para-compartir-en-reuniones-celebraciones-o-para-disfrutar-en-momentos-de-relax-cada-miniatura-resalta-la-calidad-de-los-ingredientes-uti\/\" \/>\n<meta property=\"og:locale\" content=\"en_US\" \/>\n<meta property=\"og:locale:alternate\" content=\"es_ES\" \/>\n<meta property=\"og:type\" content=\"article\" \/>\n<meta property=\"og:title\" content=\"Estuche de Licor Miniaturas 3\u00ba\" \/>\n<meta property=\"og:description\" content=\"El Estuche de Licor Miniaturas 3\u00ba es la opci\u00f3n perfecta para los amantes de los licores que buscan una experiencia variada y deliciosa. Su presentaci\u00f3n atractiva y su versatilidad lo convierten en un regalo ideal o en una adici\u00f3n perfecta a cualquier colecci\u00f3n de licores, permitiendo disfrutar de sabores \u00fanicos en cada sorbo.\" \/>\n<meta property=\"og:url\" content=\"https:\/\/www.bodegasballesteros.es\/en\/tienda\/licores\/con-un-diseno-atractivo-y-compacto-este-estuche-es-perfecto-para-compartir-en-reuniones-celebraciones-o-para-disfrutar-en-momentos-de-relax-cada-miniatura-resalta-la-calidad-de-los-ingredientes-uti\/\" \/>\n<meta property=\"og:site_name\" content=\"Bodegas Ballesteros\" \/>\n<meta property=\"article:modified_time\" content=\"2024-09-05T22:10:47+00:00\" \/>\n<meta property=\"og:image\" content=\"https:\/\/www.bodegasballesteros.es\/wp-content\/uploads\/2024\/09\/foto-83-1.png\" \/>\n\t<meta property=\"og:image:width\" content=\"1500\" \/>\n\t<meta property=\"og:image:height\" content=\"2000\" \/>\n\t<meta property=\"og:image:type\" content=\"image\/png\" \/>\n<meta name=\"twitter:card\" content=\"summary_large_image\" \/>\n<meta name=\"twitter:label1\" content=\"Est. reading time\" \/>\n\t<meta name=\"twitter:data1\" content=\"1 minute\" \/>\n<script type=\"application\/ld+json\" class=\"yoast-schema-graph\">{\"@context\":\"https:\/\/schema.org\",\"@graph\":[{\"@type\":\"WebPage\",\"@id\":\"https:\/\/www.bodegasballesteros.es\/tienda\/licores\/con-un-diseno-atractivo-y-compacto-este-estuche-es-perfecto-para-compartir-en-reuniones-celebraciones-o-para-disfrutar-en-momentos-de-relax-cada-miniatura-resalta-la-calidad-de-los-ingredientes-uti\/\",\"url\":\"https:\/\/www.bodegasballesteros.es\/tienda\/licores\/con-un-diseno-atractivo-y-compacto-este-estuche-es-perfecto-para-compartir-en-reuniones-celebraciones-o-para-disfrutar-en-momentos-de-relax-cada-miniatura-resalta-la-calidad-de-los-ingredientes-uti\/\",\"name\":\"Estuche de Licor Miniaturas 3\u00ba\",\"isPartOf\":{\"@id\":\"https:\/\/www.bodegasballesteros.es\/#website\"},\"primaryImageOfPage\":{\"@id\":\"https:\/\/www.bodegasballesteros.es\/tienda\/licores\/con-un-diseno-atractivo-y-compacto-este-estuche-es-perfecto-para-compartir-en-reuniones-celebraciones-o-para-disfrutar-en-momentos-de-relax-cada-miniatura-resalta-la-calidad-de-los-ingredientes-uti\/#primaryimage\"},\"image\":{\"@id\":\"https:\/\/www.bodegasballesteros.es\/tienda\/licores\/con-un-diseno-atractivo-y-compacto-este-estuche-es-perfecto-para-compartir-en-reuniones-celebraciones-o-para-disfrutar-en-momentos-de-relax-cada-miniatura-resalta-la-calidad-de-los-ingredientes-uti\/#primaryimage\"},\"thumbnailUrl\":\"https:\/\/www.bodegasballesteros.es\/wp-content\/uploads\/2024\/09\/foto-83-1.png\",\"datePublished\":\"2024-09-05T22:10:46+00:00\",\"dateModified\":\"2024-09-05T22:10:47+00:00\",\"breadcrumb\":{\"@id\":\"https:\/\/www.bodegasballesteros.es\/tienda\/licores\/con-un-diseno-atractivo-y-compacto-este-estuche-es-perfecto-para-compartir-en-reuniones-celebraciones-o-para-disfrutar-en-momentos-de-relax-cada-miniatura-resalta-la-calidad-de-los-ingredientes-uti\/#breadcrumb\"},\"inLanguage\":\"en-US\",\"potentialAction\":[{\"@type\":\"ReadAction\",\"target\":[\"https:\/\/www.bodegasballesteros.es\/tienda\/licores\/con-un-diseno-atractivo-y-compacto-este-estuche-es-perfecto-para-compartir-en-reuniones-celebraciones-o-para-disfrutar-en-momentos-de-relax-cada-miniatura-resalta-la-calidad-de-los-ingredientes-uti\/\"]}]},{\"@type\":\"ImageObject\",\"inLanguage\":\"en-US\",\"@id\":\"https:\/\/www.bodegasballesteros.es\/tienda\/licores\/con-un-diseno-atractivo-y-compacto-este-estuche-es-perfecto-para-compartir-en-reuniones-celebraciones-o-para-disfrutar-en-momentos-de-relax-cada-miniatura-resalta-la-calidad-de-los-ingredientes-uti\/#primaryimage\",\"url\":\"https:\/\/www.bodegasballesteros.es\/wp-content\/uploads\/2024\/09\/foto-83-1.png\",\"contentUrl\":\"https:\/\/www.bodegasballesteros.es\/wp-content\/uploads\/2024\/09\/foto-83-1.png\",\"width\":1500,\"height\":2000},{\"@type\":\"BreadcrumbList\",\"@id\":\"https:\/\/www.bodegasballesteros.es\/tienda\/licores\/con-un-diseno-atractivo-y-compacto-este-estuche-es-perfecto-para-compartir-en-reuniones-celebraciones-o-para-disfrutar-en-momentos-de-relax-cada-miniatura-resalta-la-calidad-de-los-ingredientes-uti\/#breadcrumb\",\"itemListElement\":[{\"@type\":\"ListItem\",\"position\":1,\"name\":\"Portada\",\"item\":\"https:\/\/www.bodegasballesteros.es\/\"},{\"@type\":\"ListItem\",\"position\":2,\"name\":\"Tienda default\",\"item\":\"https:\/\/www.bodegasballesteros.es\/tienda-default\/\"},{\"@type\":\"ListItem\",\"position\":3,\"name\":\"Estuche de Licor Miniaturas 3\u00ba\"}]},{\"@type\":\"WebSite\",\"@id\":\"https:\/\/www.bodegasballesteros.es\/#website\",\"url\":\"https:\/\/www.bodegasballesteros.es\/\",\"name\":\"Bodegas Ballesteros\",\"description\":\"Bodegas Ballesteros SL desde 1.925\",\"publisher\":{\"@id\":\"https:\/\/www.bodegasballesteros.es\/#organization\"},\"potentialAction\":[{\"@type\":\"SearchAction\",\"target\":{\"@type\":\"EntryPoint\",\"urlTemplate\":\"https:\/\/www.bodegasballesteros.es\/?s={search_term_string}\"},\"query-input\":{\"@type\":\"PropertyValueSpecification\",\"valueRequired\":true,\"valueName\":\"search_term_string\"}}],\"inLanguage\":\"en-US\"},{\"@type\":\"Organization\",\"@id\":\"https:\/\/www.bodegasballesteros.es\/#organization\",\"name\":\"Bodegas Ballesteros\",\"url\":\"https:\/\/www.bodegasballesteros.es\/\",\"logo\":{\"@type\":\"ImageObject\",\"inLanguage\":\"en-US\",\"@id\":\"https:\/\/www.bodegasballesteros.es\/#\/schema\/logo\/image\/\",\"url\":\"https:\/\/www.bodegasballesteros.es\/wp-content\/uploads\/2024\/08\/logo.jpg\",\"contentUrl\":\"https:\/\/www.bodegasballesteros.es\/wp-content\/uploads\/2024\/08\/logo.jpg\",\"width\":630,\"height\":674,\"caption\":\"Bodegas Ballesteros\"},\"image\":{\"@id\":\"https:\/\/www.bodegasballesteros.es\/#\/schema\/logo\/image\/\"}}]}<\/script>\n<!-- \/ Yoast SEO plugin. -->","yoast_head_json":{"title":"Estuche de Licor Miniaturas 3\u00ba - Bodegas Ballesteros","robots":{"index":"index","follow":"follow","max-snippet":"max-snippet:-1","max-image-preview":"max-image-preview:large","max-video-preview":"max-video-preview:-1"},"canonical":"https:\/\/www.bodegasballesteros.es\/en\/tienda\/licores\/con-un-diseno-atractivo-y-compacto-este-estuche-es-perfecto-para-compartir-en-reuniones-celebraciones-o-para-disfrutar-en-momentos-de-relax-cada-miniatura-resalta-la-calidad-de-los-ingredientes-uti\/","og_locale":"en_US","og_type":"article","og_title":"[:es]Estuche de Licor Miniaturas 3\u00ba[:] - Bodegas Ballesteros","og_description":"El Estuche de Licor Miniaturas 3\u00ba es la opci\u00f3n perfecta para los amantes de los licores que buscan una experiencia variada y deliciosa. Su presentaci\u00f3n atractiva y su versatilidad lo convierten en un regalo ideal o en una adici\u00f3n perfecta a cualquier colecci\u00f3n de licores, permitiendo disfrutar de sabores \u00fanicos en cada sorbo.","og_url":"https:\/\/www.bodegasballesteros.es\/en\/tienda\/licores\/con-un-diseno-atractivo-y-compacto-este-estuche-es-perfecto-para-compartir-en-reuniones-celebraciones-o-para-disfrutar-en-momentos-de-relax-cada-miniatura-resalta-la-calidad-de-los-ingredientes-uti\/","og_site_name":"Bodegas Ballesteros","article_modified_time":"2024-09-05T22:10:47+00:00","og_image":[{"width":1500,"height":2000,"url":"https:\/\/www.bodegasballesteros.es\/wp-content\/uploads\/2024\/09\/foto-83-1.png","type":"image\/png"}],"twitter_card":"summary_large_image","twitter_misc":{"Est. reading time":"1 minute"},"schema":{"@context":"https:\/\/schema.org","@graph":[{"@type":"WebPage","@id":"https:\/\/www.bodegasballesteros.es\/tienda\/licores\/con-un-diseno-atractivo-y-compacto-este-estuche-es-perfecto-para-compartir-en-reuniones-celebraciones-o-para-disfrutar-en-momentos-de-relax-cada-miniatura-resalta-la-calidad-de-los-ingredientes-uti\/","url":"https:\/\/www.bodegasballesteros.es\/tienda\/licores\/con-un-diseno-atractivo-y-compacto-este-estuche-es-perfecto-para-compartir-en-reuniones-celebraciones-o-para-disfrutar-en-momentos-de-relax-cada-miniatura-resalta-la-calidad-de-los-ingredientes-uti\/","name":"Estuche de Licor Miniaturas 3\u00ba","isPartOf":{"@id":"https:\/\/www.bodegasballesteros.es\/#website"},"primaryImageOfPage":{"@id":"https:\/\/www.bodegasballesteros.es\/tienda\/licores\/con-un-diseno-atractivo-y-compacto-este-estuche-es-perfecto-para-compartir-en-reuniones-celebraciones-o-para-disfrutar-en-momentos-de-relax-cada-miniatura-resalta-la-calidad-de-los-ingredientes-uti\/#primaryimage"},"image":{"@id":"https:\/\/www.bodegasballesteros.es\/tienda\/licores\/con-un-diseno-atractivo-y-compacto-este-estuche-es-perfecto-para-compartir-en-reuniones-celebraciones-o-para-disfrutar-en-momentos-de-relax-cada-miniatura-resalta-la-calidad-de-los-ingredientes-uti\/#primaryimage"},"thumbnailUrl":"https:\/\/www.bodegasballesteros.es\/wp-content\/uploads\/2024\/09\/foto-83-1.png","datePublished":"2024-09-05T22:10:46+00:00","dateModified":"2024-09-05T22:10:47+00:00","breadcrumb":{"@id":"https:\/\/www.bodegasballesteros.es\/tienda\/licores\/con-un-diseno-atractivo-y-compacto-este-estuche-es-perfecto-para-compartir-en-reuniones-celebraciones-o-para-disfrutar-en-momentos-de-relax-cada-miniatura-resalta-la-calidad-de-los-ingredientes-uti\/#breadcrumb"},"inLanguage":"en-US","potentialAction":[{"@type":"ReadAction","target":["https:\/\/www.bodegasballesteros.es\/tienda\/licores\/con-un-diseno-atractivo-y-compacto-este-estuche-es-perfecto-para-compartir-en-reuniones-celebraciones-o-para-disfrutar-en-momentos-de-relax-cada-miniatura-resalta-la-calidad-de-los-ingredientes-uti\/"]}]},{"@type":"ImageObject","inLanguage":"en-US","@id":"https:\/\/www.bodegasballesteros.es\/tienda\/licores\/con-un-diseno-atractivo-y-compacto-este-estuche-es-perfecto-para-compartir-en-reuniones-celebraciones-o-para-disfrutar-en-momentos-de-relax-cada-miniatura-resalta-la-calidad-de-los-ingredientes-uti\/#primaryimage","url":"https:\/\/www.bodegasballesteros.es\/wp-content\/uploads\/2024\/09\/foto-83-1.png","contentUrl":"https:\/\/www.bodegasballesteros.es\/wp-content\/uploads\/2024\/09\/foto-83-1.png","width":1500,"height":2000},{"@type":"BreadcrumbList","@id":"https:\/\/www.bodegasballesteros.es\/tienda\/licores\/con-un-diseno-atractivo-y-compacto-este-estuche-es-perfecto-para-compartir-en-reuniones-celebraciones-o-para-disfrutar-en-momentos-de-relax-cada-miniatura-resalta-la-calidad-de-los-ingredientes-uti\/#breadcrumb","itemListElement":[{"@type":"ListItem","position":1,"name":"Portada","item":"https:\/\/www.bodegasballesteros.es\/"},{"@type":"ListItem","position":2,"name":"Tienda default","item":"https:\/\/www.bodegasballesteros.es\/tienda-default\/"},{"@type":"ListItem","position":3,"name":"Estuche de Licor Miniaturas 3\u00ba"}]},{"@type":"WebSite","@id":"https:\/\/www.bodegasballesteros.es\/#website","url":"https:\/\/www.bodegasballesteros.es\/","name":"Bodegas Ballesteros","description":"Bodegas Ballesteros SL desde 1.925","publisher":{"@id":"https:\/\/www.bodegasballesteros.es\/#organization"},"potentialAction":[{"@type":"SearchAction","target":{"@type":"EntryPoint","urlTemplate":"https:\/\/www.bodegasballesteros.es\/?s={search_term_string}"},"query-input":{"@type":"PropertyValueSpecification","valueRequired":true,"valueName":"search_term_string"}}],"inLanguage":"en-US"},{"@type":"Organization","@id":"https:\/\/www.bodegasballesteros.es\/#organization","name":"Bodegas Ballesteros","url":"https:\/\/www.bodegasballesteros.es\/","logo":{"@type":"ImageObject","inLanguage":"en-US","@id":"https:\/\/www.bodegasballesteros.es\/#\/schema\/logo\/image\/","url":"https:\/\/www.bodegasballesteros.es\/wp-content\/uploads\/2024\/08\/logo.jpg","contentUrl":"https:\/\/www.bodegasballesteros.es\/wp-content\/uploads\/2024\/08\/logo.jpg","width":630,"height":674,"caption":"Bodegas Ballesteros"},"image":{"@id":"https:\/\/www.bodegasballesteros.es\/#\/schema\/logo\/image\/"}}]}},"_links":{"self":[{"href":"https:\/\/www.bodegasballesteros.es\/en\/wp-json\/wp\/v2\/product\/379","targetHints":{"allow":["GET"]}}],"collection":[{"href":"https:\/\/www.bodegasballesteros.es\/en\/wp-json\/wp\/v2\/product"}],"about":[{"href":"https:\/\/www.bodegasballesteros.es\/en\/wp-json\/wp\/v2\/types\/product"}],"version-history":[{"count":1,"href":"https:\/\/www.bodegasballesteros.es\/en\/wp-json\/wp\/v2\/product\/379\/revisions"}],"predecessor-version":[{"id":381,"href":"https:\/\/www.bodegasballesteros.es\/en\/wp-json\/wp\/v2\/product\/379\/revisions\/381"}],"wp:featuredmedia":[{"embeddable":true,"href":"https:\/\/www.bodegasballesteros.es\/en\/wp-json\/wp\/v2\/media\/380"}],"wp:attachment":[{"href":"https:\/\/www.bodegasballesteros.es\/en\/wp-json\/wp\/v2\/media?parent=379"}],"wp:term":[{"taxonomy":"product_cat","embeddable":true,"href":"https:\/\/www.bodegasballesteros.es\/en\/wp-json\/wp\/v2\/product_cat?post=379"},{"taxonomy":"product_tag","embeddable":true,"href":"https:\/\/www.bodegasballesteros.es\/en\/wp-json\/wp\/v2\/product_tag?post=379"}],"curies":[{"name":"wp","href":"https:\/\/api.w.org\/{rel}","templated":true}]}}