{"id":376,"date":"2024-09-06T00:10:47","date_gmt":"2024-09-05T22:10:47","guid":{"rendered":"http:\/\/www.bodegasballesteros.es\/?post_type=product&#038;p=376"},"modified":"2024-09-06T00:10:47","modified_gmt":"2024-09-05T22:10:47","slug":"frasca-de-crema-070-cl","status":"publish","type":"product","link":"https:\/\/www.bodegasballesteros.es\/en\/tienda\/licores\/frasca-de-crema-070-cl\/","title":{"rendered":"Frasca de Crema 0,70 cl."},"content":{"rendered":"<p>La <strong>Frasca de Crema 0,70 cl<\/strong> es un delicioso licor cremoso que combina la suavidad de la nata con una mezcla de sabores irresistibles. Este licor es ideal para los amantes de las bebidas dulces, ofreciendo una experiencia indulgente que puede disfrutarse solo, con hielo o como ingrediente en una variedad de c\u00f3cteles y postres.<\/p>\n<p>&nbsp;<\/p>\n","protected":false},"excerpt":{"rendered":"<p>La <strong>Frasca de Crema 0,70 cl<\/strong> es la elecci\u00f3n perfecta para quienes buscan un licor delicioso y vers\u00e1til que complemente cualquier ocasi\u00f3n. Su perfil de sabor indulgente y su formato pr\u00e1ctico la convierten en un elemento esencial para cualquier colecci\u00f3n de licores, ideal para disfrutar con amigos y familiares en celebraciones o momentos especiales.<\/p>\n","protected":false},"featured_media":377,"template":"","meta":[],"product_cat":[26],"product_tag":[],"class_list":{"0":"post-376","1":"product","2":"type-product","3":"status-publish","4":"has-post-thumbnail","6":"product_cat-licores","8":"first","9":"instock","10":"taxable","11":"shipping-taxable","12":"purchasable","13":"product-type-simple"},"yoast_head":"<!-- This site is optimized with the Yoast SEO plugin v23.9 - https:\/\/yoast.com\/wordpress\/plugins\/seo\/ -->\n<title>Frasca de Crema 0,70 cl. - Bodegas Ballesteros<\/title>\n<meta name=\"description\" content=\"Con su color suave y cremoso y un aroma dulce y envolvente, esta frasca de crema es perfecta para a\u00f1adir un toque de sofisticaci\u00f3n a tus reuniones y celebraciones. Su pr\u00e1ctico formato de 0,70 cl la convierte en una opci\u00f3n ideal para compartir o disfrutar en momentos de relax.\" \/>\n<meta name=\"robots\" content=\"index, follow, max-snippet:-1, max-image-preview:large, max-video-preview:-1\" \/>\n<link rel=\"canonical\" href=\"https:\/\/www.bodegasballesteros.es\/en\/tienda\/licores\/frasca-de-crema-070-cl\/\" \/>\n<meta property=\"og:locale\" content=\"en_US\" \/>\n<meta property=\"og:locale:alternate\" content=\"es_ES\" \/>\n<meta property=\"og:type\" content=\"article\" \/>\n<meta property=\"og:title\" content=\"Frasca de Crema 0,70 cl.\" \/>\n<meta property=\"og:description\" content=\"Con su color suave y cremoso y un aroma dulce y envolvente, esta frasca de crema es perfecta para a\u00f1adir un toque de sofisticaci\u00f3n a tus reuniones y celebraciones. Su pr\u00e1ctico formato de 0,70 cl la convierte en una opci\u00f3n ideal para compartir o disfrutar en momentos de relax.\" \/>\n<meta property=\"og:url\" content=\"https:\/\/www.bodegasballesteros.es\/en\/tienda\/licores\/frasca-de-crema-070-cl\/\" \/>\n<meta property=\"og:site_name\" content=\"Bodegas Ballesteros\" \/>\n<meta property=\"og:image\" content=\"https:\/\/www.bodegasballesteros.es\/wp-content\/uploads\/2024\/09\/foto-83.png\" \/>\n\t<meta property=\"og:image:width\" content=\"1500\" \/>\n\t<meta property=\"og:image:height\" content=\"2000\" \/>\n\t<meta property=\"og:image:type\" content=\"image\/png\" \/>\n<meta name=\"twitter:card\" content=\"summary_large_image\" \/>\n<meta name=\"twitter:label1\" content=\"Est. reading time\" \/>\n\t<meta name=\"twitter:data1\" content=\"1 minute\" \/>\n<script type=\"application\/ld+json\" class=\"yoast-schema-graph\">{\"@context\":\"https:\/\/schema.org\",\"@graph\":[{\"@type\":\"WebPage\",\"@id\":\"https:\/\/www.bodegasballesteros.es\/tienda\/licores\/frasca-de-crema-070-cl\/\",\"url\":\"https:\/\/www.bodegasballesteros.es\/tienda\/licores\/frasca-de-crema-070-cl\/\",\"name\":\"Frasca de Crema 0,70 cl.\",\"isPartOf\":{\"@id\":\"https:\/\/www.bodegasballesteros.es\/#website\"},\"primaryImageOfPage\":{\"@id\":\"https:\/\/www.bodegasballesteros.es\/tienda\/licores\/frasca-de-crema-070-cl\/#primaryimage\"},\"image\":{\"@id\":\"https:\/\/www.bodegasballesteros.es\/tienda\/licores\/frasca-de-crema-070-cl\/#primaryimage\"},\"thumbnailUrl\":\"https:\/\/www.bodegasballesteros.es\/wp-content\/uploads\/2024\/09\/foto-83.png\",\"datePublished\":\"2024-09-05T22:10:47+00:00\",\"dateModified\":\"2024-09-05T22:10:47+00:00\",\"description\":\"Con su color suave y cremoso y un aroma dulce y envolvente, esta frasca de crema es perfecta para a\u00f1adir un toque de sofisticaci\u00f3n a tus reuniones y celebraciones. Su pr\u00e1ctico formato de 0,70 cl la convierte en una opci\u00f3n ideal para compartir o disfrutar en momentos de relax.\",\"breadcrumb\":{\"@id\":\"https:\/\/www.bodegasballesteros.es\/tienda\/licores\/frasca-de-crema-070-cl\/#breadcrumb\"},\"inLanguage\":\"en-US\",\"potentialAction\":[{\"@type\":\"ReadAction\",\"target\":[\"https:\/\/www.bodegasballesteros.es\/tienda\/licores\/frasca-de-crema-070-cl\/\"]}]},{\"@type\":\"ImageObject\",\"inLanguage\":\"en-US\",\"@id\":\"https:\/\/www.bodegasballesteros.es\/tienda\/licores\/frasca-de-crema-070-cl\/#primaryimage\",\"url\":\"https:\/\/www.bodegasballesteros.es\/wp-content\/uploads\/2024\/09\/foto-83.png\",\"contentUrl\":\"https:\/\/www.bodegasballesteros.es\/wp-content\/uploads\/2024\/09\/foto-83.png\",\"width\":1500,\"height\":2000},{\"@type\":\"BreadcrumbList\",\"@id\":\"https:\/\/www.bodegasballesteros.es\/tienda\/licores\/frasca-de-crema-070-cl\/#breadcrumb\",\"itemListElement\":[{\"@type\":\"ListItem\",\"position\":1,\"name\":\"Portada\",\"item\":\"https:\/\/www.bodegasballesteros.es\/\"},{\"@type\":\"ListItem\",\"position\":2,\"name\":\"Tienda default\",\"item\":\"https:\/\/www.bodegasballesteros.es\/tienda-default\/\"},{\"@type\":\"ListItem\",\"position\":3,\"name\":\"Frasca de Crema 0,70 cl.\"}]},{\"@type\":\"WebSite\",\"@id\":\"https:\/\/www.bodegasballesteros.es\/#website\",\"url\":\"https:\/\/www.bodegasballesteros.es\/\",\"name\":\"Bodegas Ballesteros\",\"description\":\"Bodegas Ballesteros SL desde 1.925\",\"publisher\":{\"@id\":\"https:\/\/www.bodegasballesteros.es\/#organization\"},\"potentialAction\":[{\"@type\":\"SearchAction\",\"target\":{\"@type\":\"EntryPoint\",\"urlTemplate\":\"https:\/\/www.bodegasballesteros.es\/?s={search_term_string}\"},\"query-input\":{\"@type\":\"PropertyValueSpecification\",\"valueRequired\":true,\"valueName\":\"search_term_string\"}}],\"inLanguage\":\"en-US\"},{\"@type\":\"Organization\",\"@id\":\"https:\/\/www.bodegasballesteros.es\/#organization\",\"name\":\"Bodegas Ballesteros\",\"url\":\"https:\/\/www.bodegasballesteros.es\/\",\"logo\":{\"@type\":\"ImageObject\",\"inLanguage\":\"en-US\",\"@id\":\"https:\/\/www.bodegasballesteros.es\/#\/schema\/logo\/image\/\",\"url\":\"https:\/\/www.bodegasballesteros.es\/wp-content\/uploads\/2024\/08\/logo.jpg\",\"contentUrl\":\"https:\/\/www.bodegasballesteros.es\/wp-content\/uploads\/2024\/08\/logo.jpg\",\"width\":630,\"height\":674,\"caption\":\"Bodegas Ballesteros\"},\"image\":{\"@id\":\"https:\/\/www.bodegasballesteros.es\/#\/schema\/logo\/image\/\"}}]}<\/script>\n<!-- \/ Yoast SEO plugin. -->","yoast_head_json":{"title":"Frasca de Crema 0,70 cl. - Bodegas Ballesteros","description":"Con su color suave y cremoso y un aroma dulce y envolvente, esta frasca de crema es perfecta para a\u00f1adir un toque de sofisticaci\u00f3n a tus reuniones y celebraciones. Su pr\u00e1ctico formato de 0,70 cl la convierte en una opci\u00f3n ideal para compartir o disfrutar en momentos de relax.","robots":{"index":"index","follow":"follow","max-snippet":"max-snippet:-1","max-image-preview":"max-image-preview:large","max-video-preview":"max-video-preview:-1"},"canonical":"https:\/\/www.bodegasballesteros.es\/en\/tienda\/licores\/frasca-de-crema-070-cl\/","og_locale":"en_US","og_type":"article","og_title":"[:es]Frasca de Crema 0,70 cl.[:] - Bodegas Ballesteros","og_description":"Con su color suave y cremoso y un aroma dulce y envolvente, esta frasca de crema es perfecta para a\u00f1adir un toque de sofisticaci\u00f3n a tus reuniones y celebraciones. Su pr\u00e1ctico formato de 0,70 cl la convierte en una opci\u00f3n ideal para compartir o disfrutar en momentos de relax.","og_url":"https:\/\/www.bodegasballesteros.es\/en\/tienda\/licores\/frasca-de-crema-070-cl\/","og_site_name":"Bodegas Ballesteros","og_image":[{"width":1500,"height":2000,"url":"https:\/\/www.bodegasballesteros.es\/wp-content\/uploads\/2024\/09\/foto-83.png","type":"image\/png"}],"twitter_card":"summary_large_image","twitter_misc":{"Est. reading time":"1 minute"},"schema":{"@context":"https:\/\/schema.org","@graph":[{"@type":"WebPage","@id":"https:\/\/www.bodegasballesteros.es\/tienda\/licores\/frasca-de-crema-070-cl\/","url":"https:\/\/www.bodegasballesteros.es\/tienda\/licores\/frasca-de-crema-070-cl\/","name":"Frasca de Crema 0,70 cl.","isPartOf":{"@id":"https:\/\/www.bodegasballesteros.es\/#website"},"primaryImageOfPage":{"@id":"https:\/\/www.bodegasballesteros.es\/tienda\/licores\/frasca-de-crema-070-cl\/#primaryimage"},"image":{"@id":"https:\/\/www.bodegasballesteros.es\/tienda\/licores\/frasca-de-crema-070-cl\/#primaryimage"},"thumbnailUrl":"https:\/\/www.bodegasballesteros.es\/wp-content\/uploads\/2024\/09\/foto-83.png","datePublished":"2024-09-05T22:10:47+00:00","dateModified":"2024-09-05T22:10:47+00:00","description":"Con su color suave y cremoso y un aroma dulce y envolvente, esta frasca de crema es perfecta para a\u00f1adir un toque de sofisticaci\u00f3n a tus reuniones y celebraciones. Su pr\u00e1ctico formato de 0,70 cl la convierte en una opci\u00f3n ideal para compartir o disfrutar en momentos de relax.","breadcrumb":{"@id":"https:\/\/www.bodegasballesteros.es\/tienda\/licores\/frasca-de-crema-070-cl\/#breadcrumb"},"inLanguage":"en-US","potentialAction":[{"@type":"ReadAction","target":["https:\/\/www.bodegasballesteros.es\/tienda\/licores\/frasca-de-crema-070-cl\/"]}]},{"@type":"ImageObject","inLanguage":"en-US","@id":"https:\/\/www.bodegasballesteros.es\/tienda\/licores\/frasca-de-crema-070-cl\/#primaryimage","url":"https:\/\/www.bodegasballesteros.es\/wp-content\/uploads\/2024\/09\/foto-83.png","contentUrl":"https:\/\/www.bodegasballesteros.es\/wp-content\/uploads\/2024\/09\/foto-83.png","width":1500,"height":2000},{"@type":"BreadcrumbList","@id":"https:\/\/www.bodegasballesteros.es\/tienda\/licores\/frasca-de-crema-070-cl\/#breadcrumb","itemListElement":[{"@type":"ListItem","position":1,"name":"Portada","item":"https:\/\/www.bodegasballesteros.es\/"},{"@type":"ListItem","position":2,"name":"Tienda default","item":"https:\/\/www.bodegasballesteros.es\/tienda-default\/"},{"@type":"ListItem","position":3,"name":"Frasca de Crema 0,70 cl."}]},{"@type":"WebSite","@id":"https:\/\/www.bodegasballesteros.es\/#website","url":"https:\/\/www.bodegasballesteros.es\/","name":"Bodegas Ballesteros","description":"Bodegas Ballesteros SL desde 1.925","publisher":{"@id":"https:\/\/www.bodegasballesteros.es\/#organization"},"potentialAction":[{"@type":"SearchAction","target":{"@type":"EntryPoint","urlTemplate":"https:\/\/www.bodegasballesteros.es\/?s={search_term_string}"},"query-input":{"@type":"PropertyValueSpecification","valueRequired":true,"valueName":"search_term_string"}}],"inLanguage":"en-US"},{"@type":"Organization","@id":"https:\/\/www.bodegasballesteros.es\/#organization","name":"Bodegas Ballesteros","url":"https:\/\/www.bodegasballesteros.es\/","logo":{"@type":"ImageObject","inLanguage":"en-US","@id":"https:\/\/www.bodegasballesteros.es\/#\/schema\/logo\/image\/","url":"https:\/\/www.bodegasballesteros.es\/wp-content\/uploads\/2024\/08\/logo.jpg","contentUrl":"https:\/\/www.bodegasballesteros.es\/wp-content\/uploads\/2024\/08\/logo.jpg","width":630,"height":674,"caption":"Bodegas Ballesteros"},"image":{"@id":"https:\/\/www.bodegasballesteros.es\/#\/schema\/logo\/image\/"}}]}},"_links":{"self":[{"href":"https:\/\/www.bodegasballesteros.es\/en\/wp-json\/wp\/v2\/product\/376","targetHints":{"allow":["GET"]}}],"collection":[{"href":"https:\/\/www.bodegasballesteros.es\/en\/wp-json\/wp\/v2\/product"}],"about":[{"href":"https:\/\/www.bodegasballesteros.es\/en\/wp-json\/wp\/v2\/types\/product"}],"version-history":[{"count":1,"href":"https:\/\/www.bodegasballesteros.es\/en\/wp-json\/wp\/v2\/product\/376\/revisions"}],"predecessor-version":[{"id":378,"href":"https:\/\/www.bodegasballesteros.es\/en\/wp-json\/wp\/v2\/product\/376\/revisions\/378"}],"wp:featuredmedia":[{"embeddable":true,"href":"https:\/\/www.bodegasballesteros.es\/en\/wp-json\/wp\/v2\/media\/377"}],"wp:attachment":[{"href":"https:\/\/www.bodegasballesteros.es\/en\/wp-json\/wp\/v2\/media?parent=376"}],"wp:term":[{"taxonomy":"product_cat","embeddable":true,"href":"https:\/\/www.bodegasballesteros.es\/en\/wp-json\/wp\/v2\/product_cat?post=376"},{"taxonomy":"product_tag","embeddable":true,"href":"https:\/\/www.bodegasballesteros.es\/en\/wp-json\/wp\/v2\/product_tag?post=376"}],"curies":[{"name":"wp","href":"https:\/\/api.w.org\/{rel}","templated":true}]}}