{"id":373,"date":"2024-09-06T00:10:47","date_gmt":"2024-09-05T22:10:47","guid":{"rendered":"http:\/\/www.bodegasballesteros.es\/?post_type=product&#038;p=373"},"modified":"2024-09-06T00:10:47","modified_gmt":"2024-09-05T22:10:47","slug":"frasca-aguardiente-de-orujo-070-cl","status":"publish","type":"product","link":"https:\/\/www.bodegasballesteros.es\/en\/tienda\/licores\/frasca-aguardiente-de-orujo-070-cl\/","title":{"rendered":"Frasca Aguardiente de Orujo 0,70 cl."},"content":{"rendered":"<p>La <strong>Frasca de Aguardiente de Orujo 0,70 cl<\/strong> es un licor tradicional espa\u00f1ol, destilado a partir de los restos de uvas, como pieles y pulpas, que captura la esencia de la viticultura en cada sorbo. Este aguardiente de orujo destaca por su car\u00e1cter fuerte y su sabor aut\u00e9ntico, convirti\u00e9ndolo en una elecci\u00f3n ideal para los amantes de los licores con personalidad.<\/p>\n<p>&nbsp;<\/p>\n","protected":false},"excerpt":{"rendered":"<p>La <strong>Frasca de Aguardiente de Orujo 0,70 cl<\/strong> es la opci\u00f3n perfecta para quienes buscan un licor que refleje la tradici\u00f3n y la riqueza de la destilaci\u00f3n de uvas. Su perfil de sabor distintivo y su versatilidad la convierten en un elemento esencial en cualquier colecci\u00f3n de licores, ideal para disfrutar en ocasiones especiales o momentos de celebraci\u00f3n.<\/p>\n","protected":false},"featured_media":374,"template":"","meta":[],"product_cat":[26],"product_tag":[],"class_list":{"0":"post-373","1":"product","2":"type-product","3":"status-publish","4":"has-post-thumbnail","6":"product_cat-licores","8":"first","9":"instock","10":"taxable","11":"shipping-taxable","12":"purchasable","13":"product-type-simple"},"yoast_head":"<!-- This site is optimized with the Yoast SEO plugin v23.9 - https:\/\/yoast.com\/wordpress\/plugins\/seo\/ -->\n<title>Frasca Aguardiente de Orujo 0,70 cl. - Bodegas Ballesteros<\/title>\n<meta name=\"description\" content=\"Con un color cristalino y un aroma intenso y afrutado, la frasca de aguardiente de orujo es perfecta para disfrutar solo, en chupitos, o como base para c\u00f3cteles. Su formato de 0,70 cl es ideal para compartir en reuniones o disfrutar en momentos de relax, ofreciendo una experiencia de degustaci\u00f3n \u00fanica.\" \/>\n<meta name=\"robots\" content=\"index, follow, max-snippet:-1, max-image-preview:large, max-video-preview:-1\" \/>\n<link rel=\"canonical\" href=\"https:\/\/www.bodegasballesteros.es\/en\/tienda\/licores\/frasca-aguardiente-de-orujo-070-cl\/\" \/>\n<meta property=\"og:locale\" content=\"en_US\" \/>\n<meta property=\"og:locale:alternate\" content=\"es_ES\" \/>\n<meta property=\"og:type\" content=\"article\" \/>\n<meta property=\"og:title\" content=\"Frasca Aguardiente de Orujo 0,70 cl.\" \/>\n<meta property=\"og:description\" content=\"Con un color cristalino y un aroma intenso y afrutado, la frasca de aguardiente de orujo es perfecta para disfrutar solo, en chupitos, o como base para c\u00f3cteles. Su formato de 0,70 cl es ideal para compartir en reuniones o disfrutar en momentos de relax, ofreciendo una experiencia de degustaci\u00f3n \u00fanica.\" \/>\n<meta property=\"og:url\" content=\"https:\/\/www.bodegasballesteros.es\/en\/tienda\/licores\/frasca-aguardiente-de-orujo-070-cl\/\" \/>\n<meta property=\"og:site_name\" content=\"Bodegas Ballesteros\" \/>\n<meta property=\"og:image\" content=\"https:\/\/www.bodegasballesteros.es\/wp-content\/uploads\/2024\/09\/foto-82.png\" \/>\n\t<meta property=\"og:image:width\" content=\"1500\" \/>\n\t<meta property=\"og:image:height\" content=\"2000\" \/>\n\t<meta property=\"og:image:type\" content=\"image\/png\" \/>\n<meta name=\"twitter:card\" content=\"summary_large_image\" \/>\n<meta name=\"twitter:label1\" content=\"Est. reading time\" \/>\n\t<meta name=\"twitter:data1\" content=\"1 minute\" \/>\n<script type=\"application\/ld+json\" class=\"yoast-schema-graph\">{\"@context\":\"https:\/\/schema.org\",\"@graph\":[{\"@type\":\"WebPage\",\"@id\":\"https:\/\/www.bodegasballesteros.es\/tienda\/licores\/frasca-aguardiente-de-orujo-070-cl\/\",\"url\":\"https:\/\/www.bodegasballesteros.es\/tienda\/licores\/frasca-aguardiente-de-orujo-070-cl\/\",\"name\":\"Frasca Aguardiente de Orujo 0,70 cl.\",\"isPartOf\":{\"@id\":\"https:\/\/www.bodegasballesteros.es\/#website\"},\"primaryImageOfPage\":{\"@id\":\"https:\/\/www.bodegasballesteros.es\/tienda\/licores\/frasca-aguardiente-de-orujo-070-cl\/#primaryimage\"},\"image\":{\"@id\":\"https:\/\/www.bodegasballesteros.es\/tienda\/licores\/frasca-aguardiente-de-orujo-070-cl\/#primaryimage\"},\"thumbnailUrl\":\"https:\/\/www.bodegasballesteros.es\/wp-content\/uploads\/2024\/09\/foto-82.png\",\"datePublished\":\"2024-09-05T22:10:47+00:00\",\"dateModified\":\"2024-09-05T22:10:47+00:00\",\"description\":\"Con un color cristalino y un aroma intenso y afrutado, la frasca de aguardiente de orujo es perfecta para disfrutar solo, en chupitos, o como base para c\u00f3cteles. Su formato de 0,70 cl es ideal para compartir en reuniones o disfrutar en momentos de relax, ofreciendo una experiencia de degustaci\u00f3n \u00fanica.\",\"breadcrumb\":{\"@id\":\"https:\/\/www.bodegasballesteros.es\/tienda\/licores\/frasca-aguardiente-de-orujo-070-cl\/#breadcrumb\"},\"inLanguage\":\"en-US\",\"potentialAction\":[{\"@type\":\"ReadAction\",\"target\":[\"https:\/\/www.bodegasballesteros.es\/tienda\/licores\/frasca-aguardiente-de-orujo-070-cl\/\"]}]},{\"@type\":\"ImageObject\",\"inLanguage\":\"en-US\",\"@id\":\"https:\/\/www.bodegasballesteros.es\/tienda\/licores\/frasca-aguardiente-de-orujo-070-cl\/#primaryimage\",\"url\":\"https:\/\/www.bodegasballesteros.es\/wp-content\/uploads\/2024\/09\/foto-82.png\",\"contentUrl\":\"https:\/\/www.bodegasballesteros.es\/wp-content\/uploads\/2024\/09\/foto-82.png\",\"width\":1500,\"height\":2000},{\"@type\":\"BreadcrumbList\",\"@id\":\"https:\/\/www.bodegasballesteros.es\/tienda\/licores\/frasca-aguardiente-de-orujo-070-cl\/#breadcrumb\",\"itemListElement\":[{\"@type\":\"ListItem\",\"position\":1,\"name\":\"Portada\",\"item\":\"https:\/\/www.bodegasballesteros.es\/\"},{\"@type\":\"ListItem\",\"position\":2,\"name\":\"Tienda default\",\"item\":\"https:\/\/www.bodegasballesteros.es\/tienda-default\/\"},{\"@type\":\"ListItem\",\"position\":3,\"name\":\"Frasca Aguardiente de Orujo 0,70 cl.\"}]},{\"@type\":\"WebSite\",\"@id\":\"https:\/\/www.bodegasballesteros.es\/#website\",\"url\":\"https:\/\/www.bodegasballesteros.es\/\",\"name\":\"Bodegas Ballesteros\",\"description\":\"Bodegas Ballesteros SL desde 1.925\",\"publisher\":{\"@id\":\"https:\/\/www.bodegasballesteros.es\/#organization\"},\"potentialAction\":[{\"@type\":\"SearchAction\",\"target\":{\"@type\":\"EntryPoint\",\"urlTemplate\":\"https:\/\/www.bodegasballesteros.es\/?s={search_term_string}\"},\"query-input\":{\"@type\":\"PropertyValueSpecification\",\"valueRequired\":true,\"valueName\":\"search_term_string\"}}],\"inLanguage\":\"en-US\"},{\"@type\":\"Organization\",\"@id\":\"https:\/\/www.bodegasballesteros.es\/#organization\",\"name\":\"Bodegas Ballesteros\",\"url\":\"https:\/\/www.bodegasballesteros.es\/\",\"logo\":{\"@type\":\"ImageObject\",\"inLanguage\":\"en-US\",\"@id\":\"https:\/\/www.bodegasballesteros.es\/#\/schema\/logo\/image\/\",\"url\":\"https:\/\/www.bodegasballesteros.es\/wp-content\/uploads\/2024\/08\/logo.jpg\",\"contentUrl\":\"https:\/\/www.bodegasballesteros.es\/wp-content\/uploads\/2024\/08\/logo.jpg\",\"width\":630,\"height\":674,\"caption\":\"Bodegas Ballesteros\"},\"image\":{\"@id\":\"https:\/\/www.bodegasballesteros.es\/#\/schema\/logo\/image\/\"}}]}<\/script>\n<!-- \/ Yoast SEO plugin. -->","yoast_head_json":{"title":"Frasca Aguardiente de Orujo 0,70 cl. - Bodegas Ballesteros","description":"Con un color cristalino y un aroma intenso y afrutado, la frasca de aguardiente de orujo es perfecta para disfrutar solo, en chupitos, o como base para c\u00f3cteles. Su formato de 0,70 cl es ideal para compartir en reuniones o disfrutar en momentos de relax, ofreciendo una experiencia de degustaci\u00f3n \u00fanica.","robots":{"index":"index","follow":"follow","max-snippet":"max-snippet:-1","max-image-preview":"max-image-preview:large","max-video-preview":"max-video-preview:-1"},"canonical":"https:\/\/www.bodegasballesteros.es\/en\/tienda\/licores\/frasca-aguardiente-de-orujo-070-cl\/","og_locale":"en_US","og_type":"article","og_title":"[:es]Frasca Aguardiente de Orujo 0,70 cl.[:] - Bodegas Ballesteros","og_description":"Con un color cristalino y un aroma intenso y afrutado, la frasca de aguardiente de orujo es perfecta para disfrutar solo, en chupitos, o como base para c\u00f3cteles. Su formato de 0,70 cl es ideal para compartir en reuniones o disfrutar en momentos de relax, ofreciendo una experiencia de degustaci\u00f3n \u00fanica.","og_url":"https:\/\/www.bodegasballesteros.es\/en\/tienda\/licores\/frasca-aguardiente-de-orujo-070-cl\/","og_site_name":"Bodegas Ballesteros","og_image":[{"width":1500,"height":2000,"url":"https:\/\/www.bodegasballesteros.es\/wp-content\/uploads\/2024\/09\/foto-82.png","type":"image\/png"}],"twitter_card":"summary_large_image","twitter_misc":{"Est. reading time":"1 minute"},"schema":{"@context":"https:\/\/schema.org","@graph":[{"@type":"WebPage","@id":"https:\/\/www.bodegasballesteros.es\/tienda\/licores\/frasca-aguardiente-de-orujo-070-cl\/","url":"https:\/\/www.bodegasballesteros.es\/tienda\/licores\/frasca-aguardiente-de-orujo-070-cl\/","name":"Frasca Aguardiente de Orujo 0,70 cl.","isPartOf":{"@id":"https:\/\/www.bodegasballesteros.es\/#website"},"primaryImageOfPage":{"@id":"https:\/\/www.bodegasballesteros.es\/tienda\/licores\/frasca-aguardiente-de-orujo-070-cl\/#primaryimage"},"image":{"@id":"https:\/\/www.bodegasballesteros.es\/tienda\/licores\/frasca-aguardiente-de-orujo-070-cl\/#primaryimage"},"thumbnailUrl":"https:\/\/www.bodegasballesteros.es\/wp-content\/uploads\/2024\/09\/foto-82.png","datePublished":"2024-09-05T22:10:47+00:00","dateModified":"2024-09-05T22:10:47+00:00","description":"Con un color cristalino y un aroma intenso y afrutado, la frasca de aguardiente de orujo es perfecta para disfrutar solo, en chupitos, o como base para c\u00f3cteles. Su formato de 0,70 cl es ideal para compartir en reuniones o disfrutar en momentos de relax, ofreciendo una experiencia de degustaci\u00f3n \u00fanica.","breadcrumb":{"@id":"https:\/\/www.bodegasballesteros.es\/tienda\/licores\/frasca-aguardiente-de-orujo-070-cl\/#breadcrumb"},"inLanguage":"en-US","potentialAction":[{"@type":"ReadAction","target":["https:\/\/www.bodegasballesteros.es\/tienda\/licores\/frasca-aguardiente-de-orujo-070-cl\/"]}]},{"@type":"ImageObject","inLanguage":"en-US","@id":"https:\/\/www.bodegasballesteros.es\/tienda\/licores\/frasca-aguardiente-de-orujo-070-cl\/#primaryimage","url":"https:\/\/www.bodegasballesteros.es\/wp-content\/uploads\/2024\/09\/foto-82.png","contentUrl":"https:\/\/www.bodegasballesteros.es\/wp-content\/uploads\/2024\/09\/foto-82.png","width":1500,"height":2000},{"@type":"BreadcrumbList","@id":"https:\/\/www.bodegasballesteros.es\/tienda\/licores\/frasca-aguardiente-de-orujo-070-cl\/#breadcrumb","itemListElement":[{"@type":"ListItem","position":1,"name":"Portada","item":"https:\/\/www.bodegasballesteros.es\/"},{"@type":"ListItem","position":2,"name":"Tienda default","item":"https:\/\/www.bodegasballesteros.es\/tienda-default\/"},{"@type":"ListItem","position":3,"name":"Frasca Aguardiente de Orujo 0,70 cl."}]},{"@type":"WebSite","@id":"https:\/\/www.bodegasballesteros.es\/#website","url":"https:\/\/www.bodegasballesteros.es\/","name":"Bodegas Ballesteros","description":"Bodegas Ballesteros SL desde 1.925","publisher":{"@id":"https:\/\/www.bodegasballesteros.es\/#organization"},"potentialAction":[{"@type":"SearchAction","target":{"@type":"EntryPoint","urlTemplate":"https:\/\/www.bodegasballesteros.es\/?s={search_term_string}"},"query-input":{"@type":"PropertyValueSpecification","valueRequired":true,"valueName":"search_term_string"}}],"inLanguage":"en-US"},{"@type":"Organization","@id":"https:\/\/www.bodegasballesteros.es\/#organization","name":"Bodegas Ballesteros","url":"https:\/\/www.bodegasballesteros.es\/","logo":{"@type":"ImageObject","inLanguage":"en-US","@id":"https:\/\/www.bodegasballesteros.es\/#\/schema\/logo\/image\/","url":"https:\/\/www.bodegasballesteros.es\/wp-content\/uploads\/2024\/08\/logo.jpg","contentUrl":"https:\/\/www.bodegasballesteros.es\/wp-content\/uploads\/2024\/08\/logo.jpg","width":630,"height":674,"caption":"Bodegas Ballesteros"},"image":{"@id":"https:\/\/www.bodegasballesteros.es\/#\/schema\/logo\/image\/"}}]}},"_links":{"self":[{"href":"https:\/\/www.bodegasballesteros.es\/en\/wp-json\/wp\/v2\/product\/373","targetHints":{"allow":["GET"]}}],"collection":[{"href":"https:\/\/www.bodegasballesteros.es\/en\/wp-json\/wp\/v2\/product"}],"about":[{"href":"https:\/\/www.bodegasballesteros.es\/en\/wp-json\/wp\/v2\/types\/product"}],"version-history":[{"count":1,"href":"https:\/\/www.bodegasballesteros.es\/en\/wp-json\/wp\/v2\/product\/373\/revisions"}],"predecessor-version":[{"id":375,"href":"https:\/\/www.bodegasballesteros.es\/en\/wp-json\/wp\/v2\/product\/373\/revisions\/375"}],"wp:featuredmedia":[{"embeddable":true,"href":"https:\/\/www.bodegasballesteros.es\/en\/wp-json\/wp\/v2\/media\/374"}],"wp:attachment":[{"href":"https:\/\/www.bodegasballesteros.es\/en\/wp-json\/wp\/v2\/media?parent=373"}],"wp:term":[{"taxonomy":"product_cat","embeddable":true,"href":"https:\/\/www.bodegasballesteros.es\/en\/wp-json\/wp\/v2\/product_cat?post=373"},{"taxonomy":"product_tag","embeddable":true,"href":"https:\/\/www.bodegasballesteros.es\/en\/wp-json\/wp\/v2\/product_tag?post=373"}],"curies":[{"name":"wp","href":"https:\/\/api.w.org\/{rel}","templated":true}]}}