{"id":370,"date":"2024-09-06T00:10:47","date_gmt":"2024-09-05T22:10:47","guid":{"rendered":"http:\/\/www.bodegasballesteros.es\/?post_type=product&#038;p=370"},"modified":"2024-09-06T00:10:47","modified_gmt":"2024-09-05T22:10:47","slug":"garrafa-de-cafe-3l","status":"publish","type":"product","link":"https:\/\/www.bodegasballesteros.es\/en\/tienda\/licores\/garrafa-de-cafe-3l\/","title":{"rendered":"Garrafa de Cafe 3L"},"content":{"rendered":"<p>La <strong>Garrafa de Caf\u00e9 3L<\/strong> es un exquisito licor elaborado con caf\u00e9 de alta calidad, que combina el intenso sabor del caf\u00e9 tostado con un toque de dulzura. Este delicioso licor es ideal para los amantes del caf\u00e9 que buscan una experiencia \u00fanica y placentera, perfecta para disfrutar solo, con hielo o como ingrediente en c\u00f3cteles y postres.<\/p>\n<p>&nbsp;<\/p>\n","protected":false},"excerpt":{"rendered":"<p>La <strong>Garrafa de Caf\u00e9 3L<\/strong> es la opci\u00f3n perfecta para quienes buscan un licor reconfortante y lleno de sabor que complemente sus comidas y ocasiones especiales. Su versatilidad y su formato generoso la convierten en un elemento esencial en cualquier colecci\u00f3n de licores, ideal para disfrutar en momentos de celebraci\u00f3n y compa\u00f1erismo.<\/p>\n","protected":false},"featured_media":371,"template":"","meta":[],"product_cat":[26],"product_tag":[],"class_list":{"0":"post-370","1":"product","2":"type-product","3":"status-publish","4":"has-post-thumbnail","6":"product_cat-licores","8":"first","9":"instock","10":"taxable","11":"shipping-taxable","12":"purchasable","13":"product-type-simple"},"yoast_head":"<!-- This site is optimized with the Yoast SEO plugin v23.9 - https:\/\/yoast.com\/wordpress\/plugins\/seo\/ -->\n<title>Garrafa de Cafe 3L - Bodegas Ballesteros<\/title>\n<meta name=\"description\" content=\"Con un color oscuro y brillante y un aroma envolvente y arom\u00e1tico, la garrafa de caf\u00e9 es ideal como digestivo despu\u00e9s de las comidas o para acompa\u00f1ar una buena charla con amigos. Su formato generoso de 3 litros la convierte en la opci\u00f3n perfecta para compartir en celebraciones y reuniones, asegurando que todos puedan disfrutar de esta deliciosa bebida.\" \/>\n<meta name=\"robots\" content=\"index, follow, max-snippet:-1, max-image-preview:large, max-video-preview:-1\" \/>\n<link rel=\"canonical\" href=\"https:\/\/www.bodegasballesteros.es\/en\/tienda\/licores\/garrafa-de-cafe-3l\/\" \/>\n<meta property=\"og:locale\" content=\"en_US\" \/>\n<meta property=\"og:locale:alternate\" content=\"es_ES\" \/>\n<meta property=\"og:type\" content=\"article\" \/>\n<meta property=\"og:title\" content=\"Garrafa de Cafe 3L\" \/>\n<meta property=\"og:description\" content=\"Con un color oscuro y brillante y un aroma envolvente y arom\u00e1tico, la garrafa de caf\u00e9 es ideal como digestivo despu\u00e9s de las comidas o para acompa\u00f1ar una buena charla con amigos. Su formato generoso de 3 litros la convierte en la opci\u00f3n perfecta para compartir en celebraciones y reuniones, asegurando que todos puedan disfrutar de esta deliciosa bebida.\" \/>\n<meta property=\"og:url\" content=\"https:\/\/www.bodegasballesteros.es\/en\/tienda\/licores\/garrafa-de-cafe-3l\/\" \/>\n<meta property=\"og:site_name\" content=\"Bodegas Ballesteros\" \/>\n<meta property=\"og:image\" content=\"https:\/\/www.bodegasballesteros.es\/wp-content\/uploads\/2024\/09\/foto-81.png\" \/>\n\t<meta property=\"og:image:width\" content=\"1500\" \/>\n\t<meta property=\"og:image:height\" content=\"2000\" \/>\n\t<meta property=\"og:image:type\" content=\"image\/png\" \/>\n<meta name=\"twitter:card\" content=\"summary_large_image\" \/>\n<meta name=\"twitter:label1\" content=\"Est. reading time\" \/>\n\t<meta name=\"twitter:data1\" content=\"1 minute\" \/>\n<script type=\"application\/ld+json\" class=\"yoast-schema-graph\">{\"@context\":\"https:\/\/schema.org\",\"@graph\":[{\"@type\":\"WebPage\",\"@id\":\"https:\/\/www.bodegasballesteros.es\/tienda\/licores\/garrafa-de-cafe-3l\/\",\"url\":\"https:\/\/www.bodegasballesteros.es\/tienda\/licores\/garrafa-de-cafe-3l\/\",\"name\":\"Garrafa de Cafe 3L\",\"isPartOf\":{\"@id\":\"https:\/\/www.bodegasballesteros.es\/#website\"},\"primaryImageOfPage\":{\"@id\":\"https:\/\/www.bodegasballesteros.es\/tienda\/licores\/garrafa-de-cafe-3l\/#primaryimage\"},\"image\":{\"@id\":\"https:\/\/www.bodegasballesteros.es\/tienda\/licores\/garrafa-de-cafe-3l\/#primaryimage\"},\"thumbnailUrl\":\"https:\/\/www.bodegasballesteros.es\/wp-content\/uploads\/2024\/09\/foto-81.png\",\"datePublished\":\"2024-09-05T22:10:47+00:00\",\"dateModified\":\"2024-09-05T22:10:47+00:00\",\"description\":\"Con un color oscuro y brillante y un aroma envolvente y arom\u00e1tico, la garrafa de caf\u00e9 es ideal como digestivo despu\u00e9s de las comidas o para acompa\u00f1ar una buena charla con amigos. Su formato generoso de 3 litros la convierte en la opci\u00f3n perfecta para compartir en celebraciones y reuniones, asegurando que todos puedan disfrutar de esta deliciosa bebida.\",\"breadcrumb\":{\"@id\":\"https:\/\/www.bodegasballesteros.es\/tienda\/licores\/garrafa-de-cafe-3l\/#breadcrumb\"},\"inLanguage\":\"en-US\",\"potentialAction\":[{\"@type\":\"ReadAction\",\"target\":[\"https:\/\/www.bodegasballesteros.es\/tienda\/licores\/garrafa-de-cafe-3l\/\"]}]},{\"@type\":\"ImageObject\",\"inLanguage\":\"en-US\",\"@id\":\"https:\/\/www.bodegasballesteros.es\/tienda\/licores\/garrafa-de-cafe-3l\/#primaryimage\",\"url\":\"https:\/\/www.bodegasballesteros.es\/wp-content\/uploads\/2024\/09\/foto-81.png\",\"contentUrl\":\"https:\/\/www.bodegasballesteros.es\/wp-content\/uploads\/2024\/09\/foto-81.png\",\"width\":1500,\"height\":2000},{\"@type\":\"BreadcrumbList\",\"@id\":\"https:\/\/www.bodegasballesteros.es\/tienda\/licores\/garrafa-de-cafe-3l\/#breadcrumb\",\"itemListElement\":[{\"@type\":\"ListItem\",\"position\":1,\"name\":\"Portada\",\"item\":\"https:\/\/www.bodegasballesteros.es\/\"},{\"@type\":\"ListItem\",\"position\":2,\"name\":\"Tienda default\",\"item\":\"https:\/\/www.bodegasballesteros.es\/tienda-default\/\"},{\"@type\":\"ListItem\",\"position\":3,\"name\":\"Garrafa de Cafe 3L\"}]},{\"@type\":\"WebSite\",\"@id\":\"https:\/\/www.bodegasballesteros.es\/#website\",\"url\":\"https:\/\/www.bodegasballesteros.es\/\",\"name\":\"Bodegas Ballesteros\",\"description\":\"Bodegas Ballesteros SL desde 1.925\",\"publisher\":{\"@id\":\"https:\/\/www.bodegasballesteros.es\/#organization\"},\"potentialAction\":[{\"@type\":\"SearchAction\",\"target\":{\"@type\":\"EntryPoint\",\"urlTemplate\":\"https:\/\/www.bodegasballesteros.es\/?s={search_term_string}\"},\"query-input\":{\"@type\":\"PropertyValueSpecification\",\"valueRequired\":true,\"valueName\":\"search_term_string\"}}],\"inLanguage\":\"en-US\"},{\"@type\":\"Organization\",\"@id\":\"https:\/\/www.bodegasballesteros.es\/#organization\",\"name\":\"Bodegas Ballesteros\",\"url\":\"https:\/\/www.bodegasballesteros.es\/\",\"logo\":{\"@type\":\"ImageObject\",\"inLanguage\":\"en-US\",\"@id\":\"https:\/\/www.bodegasballesteros.es\/#\/schema\/logo\/image\/\",\"url\":\"https:\/\/www.bodegasballesteros.es\/wp-content\/uploads\/2024\/08\/logo.jpg\",\"contentUrl\":\"https:\/\/www.bodegasballesteros.es\/wp-content\/uploads\/2024\/08\/logo.jpg\",\"width\":630,\"height\":674,\"caption\":\"Bodegas Ballesteros\"},\"image\":{\"@id\":\"https:\/\/www.bodegasballesteros.es\/#\/schema\/logo\/image\/\"}}]}<\/script>\n<!-- \/ Yoast SEO plugin. -->","yoast_head_json":{"title":"Garrafa de Cafe 3L - Bodegas Ballesteros","description":"Con un color oscuro y brillante y un aroma envolvente y arom\u00e1tico, la garrafa de caf\u00e9 es ideal como digestivo despu\u00e9s de las comidas o para acompa\u00f1ar una buena charla con amigos. Su formato generoso de 3 litros la convierte en la opci\u00f3n perfecta para compartir en celebraciones y reuniones, asegurando que todos puedan disfrutar de esta deliciosa bebida.","robots":{"index":"index","follow":"follow","max-snippet":"max-snippet:-1","max-image-preview":"max-image-preview:large","max-video-preview":"max-video-preview:-1"},"canonical":"https:\/\/www.bodegasballesteros.es\/en\/tienda\/licores\/garrafa-de-cafe-3l\/","og_locale":"en_US","og_type":"article","og_title":"[:es]Garrafa de Cafe 3L[:] - Bodegas Ballesteros","og_description":"Con un color oscuro y brillante y un aroma envolvente y arom\u00e1tico, la garrafa de caf\u00e9 es ideal como digestivo despu\u00e9s de las comidas o para acompa\u00f1ar una buena charla con amigos. Su formato generoso de 3 litros la convierte en la opci\u00f3n perfecta para compartir en celebraciones y reuniones, asegurando que todos puedan disfrutar de esta deliciosa bebida.","og_url":"https:\/\/www.bodegasballesteros.es\/en\/tienda\/licores\/garrafa-de-cafe-3l\/","og_site_name":"Bodegas Ballesteros","og_image":[{"width":1500,"height":2000,"url":"https:\/\/www.bodegasballesteros.es\/wp-content\/uploads\/2024\/09\/foto-81.png","type":"image\/png"}],"twitter_card":"summary_large_image","twitter_misc":{"Est. reading time":"1 minute"},"schema":{"@context":"https:\/\/schema.org","@graph":[{"@type":"WebPage","@id":"https:\/\/www.bodegasballesteros.es\/tienda\/licores\/garrafa-de-cafe-3l\/","url":"https:\/\/www.bodegasballesteros.es\/tienda\/licores\/garrafa-de-cafe-3l\/","name":"Garrafa de Cafe 3L","isPartOf":{"@id":"https:\/\/www.bodegasballesteros.es\/#website"},"primaryImageOfPage":{"@id":"https:\/\/www.bodegasballesteros.es\/tienda\/licores\/garrafa-de-cafe-3l\/#primaryimage"},"image":{"@id":"https:\/\/www.bodegasballesteros.es\/tienda\/licores\/garrafa-de-cafe-3l\/#primaryimage"},"thumbnailUrl":"https:\/\/www.bodegasballesteros.es\/wp-content\/uploads\/2024\/09\/foto-81.png","datePublished":"2024-09-05T22:10:47+00:00","dateModified":"2024-09-05T22:10:47+00:00","description":"Con un color oscuro y brillante y un aroma envolvente y arom\u00e1tico, la garrafa de caf\u00e9 es ideal como digestivo despu\u00e9s de las comidas o para acompa\u00f1ar una buena charla con amigos. Su formato generoso de 3 litros la convierte en la opci\u00f3n perfecta para compartir en celebraciones y reuniones, asegurando que todos puedan disfrutar de esta deliciosa bebida.","breadcrumb":{"@id":"https:\/\/www.bodegasballesteros.es\/tienda\/licores\/garrafa-de-cafe-3l\/#breadcrumb"},"inLanguage":"en-US","potentialAction":[{"@type":"ReadAction","target":["https:\/\/www.bodegasballesteros.es\/tienda\/licores\/garrafa-de-cafe-3l\/"]}]},{"@type":"ImageObject","inLanguage":"en-US","@id":"https:\/\/www.bodegasballesteros.es\/tienda\/licores\/garrafa-de-cafe-3l\/#primaryimage","url":"https:\/\/www.bodegasballesteros.es\/wp-content\/uploads\/2024\/09\/foto-81.png","contentUrl":"https:\/\/www.bodegasballesteros.es\/wp-content\/uploads\/2024\/09\/foto-81.png","width":1500,"height":2000},{"@type":"BreadcrumbList","@id":"https:\/\/www.bodegasballesteros.es\/tienda\/licores\/garrafa-de-cafe-3l\/#breadcrumb","itemListElement":[{"@type":"ListItem","position":1,"name":"Portada","item":"https:\/\/www.bodegasballesteros.es\/"},{"@type":"ListItem","position":2,"name":"Tienda default","item":"https:\/\/www.bodegasballesteros.es\/tienda-default\/"},{"@type":"ListItem","position":3,"name":"Garrafa de Cafe 3L"}]},{"@type":"WebSite","@id":"https:\/\/www.bodegasballesteros.es\/#website","url":"https:\/\/www.bodegasballesteros.es\/","name":"Bodegas Ballesteros","description":"Bodegas Ballesteros SL desde 1.925","publisher":{"@id":"https:\/\/www.bodegasballesteros.es\/#organization"},"potentialAction":[{"@type":"SearchAction","target":{"@type":"EntryPoint","urlTemplate":"https:\/\/www.bodegasballesteros.es\/?s={search_term_string}"},"query-input":{"@type":"PropertyValueSpecification","valueRequired":true,"valueName":"search_term_string"}}],"inLanguage":"en-US"},{"@type":"Organization","@id":"https:\/\/www.bodegasballesteros.es\/#organization","name":"Bodegas Ballesteros","url":"https:\/\/www.bodegasballesteros.es\/","logo":{"@type":"ImageObject","inLanguage":"en-US","@id":"https:\/\/www.bodegasballesteros.es\/#\/schema\/logo\/image\/","url":"https:\/\/www.bodegasballesteros.es\/wp-content\/uploads\/2024\/08\/logo.jpg","contentUrl":"https:\/\/www.bodegasballesteros.es\/wp-content\/uploads\/2024\/08\/logo.jpg","width":630,"height":674,"caption":"Bodegas Ballesteros"},"image":{"@id":"https:\/\/www.bodegasballesteros.es\/#\/schema\/logo\/image\/"}}]}},"_links":{"self":[{"href":"https:\/\/www.bodegasballesteros.es\/en\/wp-json\/wp\/v2\/product\/370","targetHints":{"allow":["GET"]}}],"collection":[{"href":"https:\/\/www.bodegasballesteros.es\/en\/wp-json\/wp\/v2\/product"}],"about":[{"href":"https:\/\/www.bodegasballesteros.es\/en\/wp-json\/wp\/v2\/types\/product"}],"version-history":[{"count":1,"href":"https:\/\/www.bodegasballesteros.es\/en\/wp-json\/wp\/v2\/product\/370\/revisions"}],"predecessor-version":[{"id":372,"href":"https:\/\/www.bodegasballesteros.es\/en\/wp-json\/wp\/v2\/product\/370\/revisions\/372"}],"wp:featuredmedia":[{"embeddable":true,"href":"https:\/\/www.bodegasballesteros.es\/en\/wp-json\/wp\/v2\/media\/371"}],"wp:attachment":[{"href":"https:\/\/www.bodegasballesteros.es\/en\/wp-json\/wp\/v2\/media?parent=370"}],"wp:term":[{"taxonomy":"product_cat","embeddable":true,"href":"https:\/\/www.bodegasballesteros.es\/en\/wp-json\/wp\/v2\/product_cat?post=370"},{"taxonomy":"product_tag","embeddable":true,"href":"https:\/\/www.bodegasballesteros.es\/en\/wp-json\/wp\/v2\/product_tag?post=370"}],"curies":[{"name":"wp","href":"https:\/\/api.w.org\/{rel}","templated":true}]}}