{"id":364,"date":"2024-09-06T00:10:48","date_gmt":"2024-09-05T22:10:48","guid":{"rendered":"http:\/\/www.bodegasballesteros.es\/?post_type=product&#038;p=364"},"modified":"2024-09-06T00:10:48","modified_gmt":"2024-09-05T22:10:48","slug":"garrafa-de-crema-3l","status":"publish","type":"product","link":"https:\/\/www.bodegasballesteros.es\/en\/tienda\/licores\/garrafa-de-crema-3l\/","title":{"rendered":"Garrafa de Crema 3L"},"content":{"rendered":"<p>La <strong>Garrafa de Crema 3L<\/strong> es un exquisito licor cremoso que combina la suavidad de la nata con sabores deliciosos, creando una experiencia de degustaci\u00f3n \u00fanica y placentera. Este licor es ideal para disfrutar solo, con hielo o como ingrediente en una variedad de c\u00f3cteles y postres.<\/p>\n<p>&nbsp;<\/p>\n","protected":false},"excerpt":{"rendered":"<p>La <strong>Garrafa de Crema 3L<\/strong> es la elecci\u00f3n perfecta para quienes buscan un licor vers\u00e1til y delicioso que complemente cualquier ocasi\u00f3n. Su perfil de sabor indulgente y su formato generoso la convierten en un elemento esencial para cualquier colecci\u00f3n de licores, ideal para disfrutar con amigos y familiares en celebraciones y momentos especiales.<\/p>\n","protected":false},"featured_media":365,"template":"","meta":[],"product_cat":[26],"product_tag":[],"class_list":{"0":"post-364","1":"product","2":"type-product","3":"status-publish","4":"has-post-thumbnail","6":"product_cat-licores","8":"first","9":"instock","10":"taxable","11":"shipping-taxable","12":"purchasable","13":"product-type-simple"},"yoast_head":"<!-- This site is optimized with the Yoast SEO plugin v23.9 - https:\/\/yoast.com\/wordpress\/plugins\/seo\/ -->\n<title>Garrafa de Crema 3L - Bodegas Ballesteros<\/title>\n<meta name=\"description\" content=\"Con un color suave y cremoso y un aroma dulce y envolvente, la garrafa de crema es perfecta para a\u00f1adir un toque de indulgencia a tus celebraciones o momentos de relax. Su generoso formato de 3 litros la convierte en una opci\u00f3n ideal para compartir en reuniones y fiestas, garantizando que siempre haya suficiente para todos.\" \/>\n<meta name=\"robots\" content=\"index, follow, max-snippet:-1, max-image-preview:large, max-video-preview:-1\" \/>\n<link rel=\"canonical\" href=\"https:\/\/www.bodegasballesteros.es\/en\/tienda\/licores\/garrafa-de-crema-3l\/\" \/>\n<meta property=\"og:locale\" content=\"en_US\" \/>\n<meta property=\"og:locale:alternate\" content=\"es_ES\" \/>\n<meta property=\"og:type\" content=\"article\" \/>\n<meta property=\"og:title\" content=\"Garrafa de Crema 3L\" \/>\n<meta property=\"og:description\" content=\"Con un color suave y cremoso y un aroma dulce y envolvente, la garrafa de crema es perfecta para a\u00f1adir un toque de indulgencia a tus celebraciones o momentos de relax. Su generoso formato de 3 litros la convierte en una opci\u00f3n ideal para compartir en reuniones y fiestas, garantizando que siempre haya suficiente para todos.\" \/>\n<meta property=\"og:url\" content=\"https:\/\/www.bodegasballesteros.es\/en\/tienda\/licores\/garrafa-de-crema-3l\/\" \/>\n<meta property=\"og:site_name\" content=\"Bodegas Ballesteros\" \/>\n<meta property=\"og:image\" content=\"https:\/\/www.bodegasballesteros.es\/wp-content\/uploads\/2024\/09\/foto-79.png\" \/>\n\t<meta property=\"og:image:width\" content=\"1500\" \/>\n\t<meta property=\"og:image:height\" content=\"2000\" \/>\n\t<meta property=\"og:image:type\" content=\"image\/png\" \/>\n<meta name=\"twitter:card\" content=\"summary_large_image\" \/>\n<meta name=\"twitter:label1\" content=\"Est. reading time\" \/>\n\t<meta name=\"twitter:data1\" content=\"1 minute\" \/>\n<script type=\"application\/ld+json\" class=\"yoast-schema-graph\">{\"@context\":\"https:\/\/schema.org\",\"@graph\":[{\"@type\":\"WebPage\",\"@id\":\"https:\/\/www.bodegasballesteros.es\/tienda\/licores\/garrafa-de-crema-3l\/\",\"url\":\"https:\/\/www.bodegasballesteros.es\/tienda\/licores\/garrafa-de-crema-3l\/\",\"name\":\"Garrafa de Crema 3L\",\"isPartOf\":{\"@id\":\"https:\/\/www.bodegasballesteros.es\/#website\"},\"primaryImageOfPage\":{\"@id\":\"https:\/\/www.bodegasballesteros.es\/tienda\/licores\/garrafa-de-crema-3l\/#primaryimage\"},\"image\":{\"@id\":\"https:\/\/www.bodegasballesteros.es\/tienda\/licores\/garrafa-de-crema-3l\/#primaryimage\"},\"thumbnailUrl\":\"https:\/\/www.bodegasballesteros.es\/wp-content\/uploads\/2024\/09\/foto-79.png\",\"datePublished\":\"2024-09-05T22:10:48+00:00\",\"dateModified\":\"2024-09-05T22:10:48+00:00\",\"description\":\"Con un color suave y cremoso y un aroma dulce y envolvente, la garrafa de crema es perfecta para a\u00f1adir un toque de indulgencia a tus celebraciones o momentos de relax. Su generoso formato de 3 litros la convierte en una opci\u00f3n ideal para compartir en reuniones y fiestas, garantizando que siempre haya suficiente para todos.\",\"breadcrumb\":{\"@id\":\"https:\/\/www.bodegasballesteros.es\/tienda\/licores\/garrafa-de-crema-3l\/#breadcrumb\"},\"inLanguage\":\"en-US\",\"potentialAction\":[{\"@type\":\"ReadAction\",\"target\":[\"https:\/\/www.bodegasballesteros.es\/tienda\/licores\/garrafa-de-crema-3l\/\"]}]},{\"@type\":\"ImageObject\",\"inLanguage\":\"en-US\",\"@id\":\"https:\/\/www.bodegasballesteros.es\/tienda\/licores\/garrafa-de-crema-3l\/#primaryimage\",\"url\":\"https:\/\/www.bodegasballesteros.es\/wp-content\/uploads\/2024\/09\/foto-79.png\",\"contentUrl\":\"https:\/\/www.bodegasballesteros.es\/wp-content\/uploads\/2024\/09\/foto-79.png\",\"width\":1500,\"height\":2000},{\"@type\":\"BreadcrumbList\",\"@id\":\"https:\/\/www.bodegasballesteros.es\/tienda\/licores\/garrafa-de-crema-3l\/#breadcrumb\",\"itemListElement\":[{\"@type\":\"ListItem\",\"position\":1,\"name\":\"Portada\",\"item\":\"https:\/\/www.bodegasballesteros.es\/\"},{\"@type\":\"ListItem\",\"position\":2,\"name\":\"Tienda default\",\"item\":\"https:\/\/www.bodegasballesteros.es\/tienda-default\/\"},{\"@type\":\"ListItem\",\"position\":3,\"name\":\"Garrafa de Crema 3L\"}]},{\"@type\":\"WebSite\",\"@id\":\"https:\/\/www.bodegasballesteros.es\/#website\",\"url\":\"https:\/\/www.bodegasballesteros.es\/\",\"name\":\"Bodegas Ballesteros\",\"description\":\"Bodegas Ballesteros SL desde 1.925\",\"publisher\":{\"@id\":\"https:\/\/www.bodegasballesteros.es\/#organization\"},\"potentialAction\":[{\"@type\":\"SearchAction\",\"target\":{\"@type\":\"EntryPoint\",\"urlTemplate\":\"https:\/\/www.bodegasballesteros.es\/?s={search_term_string}\"},\"query-input\":{\"@type\":\"PropertyValueSpecification\",\"valueRequired\":true,\"valueName\":\"search_term_string\"}}],\"inLanguage\":\"en-US\"},{\"@type\":\"Organization\",\"@id\":\"https:\/\/www.bodegasballesteros.es\/#organization\",\"name\":\"Bodegas Ballesteros\",\"url\":\"https:\/\/www.bodegasballesteros.es\/\",\"logo\":{\"@type\":\"ImageObject\",\"inLanguage\":\"en-US\",\"@id\":\"https:\/\/www.bodegasballesteros.es\/#\/schema\/logo\/image\/\",\"url\":\"https:\/\/www.bodegasballesteros.es\/wp-content\/uploads\/2024\/08\/logo.jpg\",\"contentUrl\":\"https:\/\/www.bodegasballesteros.es\/wp-content\/uploads\/2024\/08\/logo.jpg\",\"width\":630,\"height\":674,\"caption\":\"Bodegas Ballesteros\"},\"image\":{\"@id\":\"https:\/\/www.bodegasballesteros.es\/#\/schema\/logo\/image\/\"}}]}<\/script>\n<!-- \/ Yoast SEO plugin. -->","yoast_head_json":{"title":"Garrafa de Crema 3L - Bodegas Ballesteros","description":"Con un color suave y cremoso y un aroma dulce y envolvente, la garrafa de crema es perfecta para a\u00f1adir un toque de indulgencia a tus celebraciones o momentos de relax. Su generoso formato de 3 litros la convierte en una opci\u00f3n ideal para compartir en reuniones y fiestas, garantizando que siempre haya suficiente para todos.","robots":{"index":"index","follow":"follow","max-snippet":"max-snippet:-1","max-image-preview":"max-image-preview:large","max-video-preview":"max-video-preview:-1"},"canonical":"https:\/\/www.bodegasballesteros.es\/en\/tienda\/licores\/garrafa-de-crema-3l\/","og_locale":"en_US","og_type":"article","og_title":"[:es]Garrafa de Crema 3L[:] - Bodegas Ballesteros","og_description":"Con un color suave y cremoso y un aroma dulce y envolvente, la garrafa de crema es perfecta para a\u00f1adir un toque de indulgencia a tus celebraciones o momentos de relax. Su generoso formato de 3 litros la convierte en una opci\u00f3n ideal para compartir en reuniones y fiestas, garantizando que siempre haya suficiente para todos.","og_url":"https:\/\/www.bodegasballesteros.es\/en\/tienda\/licores\/garrafa-de-crema-3l\/","og_site_name":"Bodegas Ballesteros","og_image":[{"width":1500,"height":2000,"url":"https:\/\/www.bodegasballesteros.es\/wp-content\/uploads\/2024\/09\/foto-79.png","type":"image\/png"}],"twitter_card":"summary_large_image","twitter_misc":{"Est. reading time":"1 minute"},"schema":{"@context":"https:\/\/schema.org","@graph":[{"@type":"WebPage","@id":"https:\/\/www.bodegasballesteros.es\/tienda\/licores\/garrafa-de-crema-3l\/","url":"https:\/\/www.bodegasballesteros.es\/tienda\/licores\/garrafa-de-crema-3l\/","name":"Garrafa de Crema 3L","isPartOf":{"@id":"https:\/\/www.bodegasballesteros.es\/#website"},"primaryImageOfPage":{"@id":"https:\/\/www.bodegasballesteros.es\/tienda\/licores\/garrafa-de-crema-3l\/#primaryimage"},"image":{"@id":"https:\/\/www.bodegasballesteros.es\/tienda\/licores\/garrafa-de-crema-3l\/#primaryimage"},"thumbnailUrl":"https:\/\/www.bodegasballesteros.es\/wp-content\/uploads\/2024\/09\/foto-79.png","datePublished":"2024-09-05T22:10:48+00:00","dateModified":"2024-09-05T22:10:48+00:00","description":"Con un color suave y cremoso y un aroma dulce y envolvente, la garrafa de crema es perfecta para a\u00f1adir un toque de indulgencia a tus celebraciones o momentos de relax. Su generoso formato de 3 litros la convierte en una opci\u00f3n ideal para compartir en reuniones y fiestas, garantizando que siempre haya suficiente para todos.","breadcrumb":{"@id":"https:\/\/www.bodegasballesteros.es\/tienda\/licores\/garrafa-de-crema-3l\/#breadcrumb"},"inLanguage":"en-US","potentialAction":[{"@type":"ReadAction","target":["https:\/\/www.bodegasballesteros.es\/tienda\/licores\/garrafa-de-crema-3l\/"]}]},{"@type":"ImageObject","inLanguage":"en-US","@id":"https:\/\/www.bodegasballesteros.es\/tienda\/licores\/garrafa-de-crema-3l\/#primaryimage","url":"https:\/\/www.bodegasballesteros.es\/wp-content\/uploads\/2024\/09\/foto-79.png","contentUrl":"https:\/\/www.bodegasballesteros.es\/wp-content\/uploads\/2024\/09\/foto-79.png","width":1500,"height":2000},{"@type":"BreadcrumbList","@id":"https:\/\/www.bodegasballesteros.es\/tienda\/licores\/garrafa-de-crema-3l\/#breadcrumb","itemListElement":[{"@type":"ListItem","position":1,"name":"Portada","item":"https:\/\/www.bodegasballesteros.es\/"},{"@type":"ListItem","position":2,"name":"Tienda default","item":"https:\/\/www.bodegasballesteros.es\/tienda-default\/"},{"@type":"ListItem","position":3,"name":"Garrafa de Crema 3L"}]},{"@type":"WebSite","@id":"https:\/\/www.bodegasballesteros.es\/#website","url":"https:\/\/www.bodegasballesteros.es\/","name":"Bodegas Ballesteros","description":"Bodegas Ballesteros SL desde 1.925","publisher":{"@id":"https:\/\/www.bodegasballesteros.es\/#organization"},"potentialAction":[{"@type":"SearchAction","target":{"@type":"EntryPoint","urlTemplate":"https:\/\/www.bodegasballesteros.es\/?s={search_term_string}"},"query-input":{"@type":"PropertyValueSpecification","valueRequired":true,"valueName":"search_term_string"}}],"inLanguage":"en-US"},{"@type":"Organization","@id":"https:\/\/www.bodegasballesteros.es\/#organization","name":"Bodegas Ballesteros","url":"https:\/\/www.bodegasballesteros.es\/","logo":{"@type":"ImageObject","inLanguage":"en-US","@id":"https:\/\/www.bodegasballesteros.es\/#\/schema\/logo\/image\/","url":"https:\/\/www.bodegasballesteros.es\/wp-content\/uploads\/2024\/08\/logo.jpg","contentUrl":"https:\/\/www.bodegasballesteros.es\/wp-content\/uploads\/2024\/08\/logo.jpg","width":630,"height":674,"caption":"Bodegas Ballesteros"},"image":{"@id":"https:\/\/www.bodegasballesteros.es\/#\/schema\/logo\/image\/"}}]}},"_links":{"self":[{"href":"https:\/\/www.bodegasballesteros.es\/en\/wp-json\/wp\/v2\/product\/364","targetHints":{"allow":["GET"]}}],"collection":[{"href":"https:\/\/www.bodegasballesteros.es\/en\/wp-json\/wp\/v2\/product"}],"about":[{"href":"https:\/\/www.bodegasballesteros.es\/en\/wp-json\/wp\/v2\/types\/product"}],"version-history":[{"count":1,"href":"https:\/\/www.bodegasballesteros.es\/en\/wp-json\/wp\/v2\/product\/364\/revisions"}],"predecessor-version":[{"id":366,"href":"https:\/\/www.bodegasballesteros.es\/en\/wp-json\/wp\/v2\/product\/364\/revisions\/366"}],"wp:featuredmedia":[{"embeddable":true,"href":"https:\/\/www.bodegasballesteros.es\/en\/wp-json\/wp\/v2\/media\/365"}],"wp:attachment":[{"href":"https:\/\/www.bodegasballesteros.es\/en\/wp-json\/wp\/v2\/media?parent=364"}],"wp:term":[{"taxonomy":"product_cat","embeddable":true,"href":"https:\/\/www.bodegasballesteros.es\/en\/wp-json\/wp\/v2\/product_cat?post=364"},{"taxonomy":"product_tag","embeddable":true,"href":"https:\/\/www.bodegasballesteros.es\/en\/wp-json\/wp\/v2\/product_tag?post=364"}],"curies":[{"name":"wp","href":"https:\/\/api.w.org\/{rel}","templated":true}]}}