{"id":361,"date":"2024-09-06T00:10:48","date_gmt":"2024-09-05T22:10:48","guid":{"rendered":"http:\/\/www.bodegasballesteros.es\/?post_type=product&#038;p=361"},"modified":"2024-09-06T00:10:48","modified_gmt":"2024-09-05T22:10:48","slug":"garrafa-de-pacharan-3l","status":"publish","type":"product","link":"https:\/\/www.bodegasballesteros.es\/en\/tienda\/licores\/garrafa-de-pacharan-3l\/","title":{"rendered":"Garrafa de Pacharan 3L"},"content":{"rendered":"<p>La <strong>Garrafa de Pachar\u00e1n 3L<\/strong> es un licor t\u00edpico de Espa\u00f1a, elaborado a partir de la maceraci\u00f3n de endrinas (frutos del endrino) en an\u00eds, lo que le confiere su caracter\u00edstico sabor afrutado y dulce. Este pachar\u00e1n destaca por su suavidad y profundidad de sabor, convirti\u00e9ndose en una elecci\u00f3n ideal para disfrutar solo o como base para c\u00f3cteles creativos.<\/p>\n<p>&nbsp;<\/p>\n","protected":false},"excerpt":{"rendered":"<div class=\"flex max-w-full flex-col flex-grow\">\n<div class=\"min-h-[20px] text-message flex w-full flex-col items-end gap-2 break-words [.text-message+&#038;]:mt-5 overflow-x-auto whitespace-normal\" dir=\"auto\" data-message-author-role=\"assistant\" data-message-id=\"5e09880c-0de8-48b1-a978-3685a8e00a5f\">\n<div class=\"flex w-full flex-col gap-1 empty:hidden first:pt-[3px]\">\n<div class=\"markdown prose w-full break-words dark:prose-invert light\">\n<p>La <strong>Garrafa de Pachar\u00e1n 3L<\/strong> es la opci\u00f3n perfecta para quienes buscan un licor aut\u00e9ntico y lleno de sabor que complemente sus comidas y momentos de celebraci\u00f3n. Su versatilidad y formato generoso la convierten en un elemento esencial en cualquier colecci\u00f3n de licores, ideal para disfrutar con amigos y familiares en ocasiones especiales.<\/p>\n<\/div>\n<\/div>\n<\/div>\n<\/div>\n<div class=\"mt-1 flex gap-3 empty:hidden -ml-2\">\n<div class=\"items-center justify-start rounded-xl p-1 flex\">\n<div class=\"flex items-center\"><button class=\"rounded-lg text-token-text-secondary hover:bg-token-main-surface-secondary\" aria-label=\"Read Aloud\"><\/button><button class=\"rounded-lg text-token-text-secondary hover:bg-token-main-surface-secondary\" aria-label=\"Copy\"><\/button><button class=\"rounded-lg text-token-text-secondary hover:bg-token-main-surface-secondary\" aria-label=\"Regenerate\"><\/button><\/p>\n<div class=\"flex\"><\/div>\n<div class=\"flex items-center pb-0\">\n<div class=\"[&#038;_svg]:h-full [&#038;_svg]:w-full icon-md h-4 w-4\"><\/div>\n<p><span class=\"overflow-hidden text-clip whitespace-nowrap text-sm\">4o mini<\/span><\/div>\n<\/div>\n<\/div>\n<\/div>\n","protected":false},"featured_media":362,"template":"","meta":[],"product_cat":[26],"product_tag":[],"class_list":{"0":"post-361","1":"product","2":"type-product","3":"status-publish","4":"has-post-thumbnail","6":"product_cat-licores","8":"first","9":"instock","10":"taxable","11":"shipping-taxable","12":"purchasable","13":"product-type-simple"},"yoast_head":"<!-- This site is optimized with the Yoast SEO plugin v23.9 - https:\/\/yoast.com\/wordpress\/plugins\/seo\/ -->\n<title>Garrafa de Pacharan 3L - Bodegas Ballesteros<\/title>\n<meta name=\"description\" content=\"Con un color rojo intenso y un aroma frutal y especiado, esta garrafa es perfecta como digestivo despu\u00e9s de las comidas o para acompa\u00f1ar postres. Su generoso formato de 3 litros es ideal para compartir en celebraciones, reuniones familiares o eventos especiales, asegurando que todos puedan disfrutar de esta deliciosa bebida.\" \/>\n<meta name=\"robots\" content=\"index, follow, max-snippet:-1, max-image-preview:large, max-video-preview:-1\" \/>\n<link rel=\"canonical\" href=\"https:\/\/www.bodegasballesteros.es\/en\/tienda\/licores\/garrafa-de-pacharan-3l\/\" \/>\n<meta property=\"og:locale\" content=\"en_US\" \/>\n<meta property=\"og:locale:alternate\" content=\"es_ES\" \/>\n<meta property=\"og:type\" content=\"article\" \/>\n<meta property=\"og:title\" content=\"Garrafa de Pacharan 3L\" \/>\n<meta property=\"og:description\" content=\"Con un color rojo intenso y un aroma frutal y especiado, esta garrafa es perfecta como digestivo despu\u00e9s de las comidas o para acompa\u00f1ar postres. Su generoso formato de 3 litros es ideal para compartir en celebraciones, reuniones familiares o eventos especiales, asegurando que todos puedan disfrutar de esta deliciosa bebida.\" \/>\n<meta property=\"og:url\" content=\"https:\/\/www.bodegasballesteros.es\/en\/tienda\/licores\/garrafa-de-pacharan-3l\/\" \/>\n<meta property=\"og:site_name\" content=\"Bodegas Ballesteros\" \/>\n<meta property=\"og:image\" content=\"https:\/\/www.bodegasballesteros.es\/wp-content\/uploads\/2024\/09\/foto-78.png\" \/>\n\t<meta property=\"og:image:width\" content=\"1500\" \/>\n\t<meta property=\"og:image:height\" content=\"2000\" \/>\n\t<meta property=\"og:image:type\" content=\"image\/png\" \/>\n<meta name=\"twitter:card\" content=\"summary_large_image\" \/>\n<meta name=\"twitter:label1\" content=\"Est. reading time\" \/>\n\t<meta name=\"twitter:data1\" content=\"1 minute\" \/>\n<script type=\"application\/ld+json\" class=\"yoast-schema-graph\">{\"@context\":\"https:\/\/schema.org\",\"@graph\":[{\"@type\":\"WebPage\",\"@id\":\"https:\/\/www.bodegasballesteros.es\/tienda\/licores\/garrafa-de-pacharan-3l\/\",\"url\":\"https:\/\/www.bodegasballesteros.es\/tienda\/licores\/garrafa-de-pacharan-3l\/\",\"name\":\"Garrafa de Pacharan 3L\",\"isPartOf\":{\"@id\":\"https:\/\/www.bodegasballesteros.es\/#website\"},\"primaryImageOfPage\":{\"@id\":\"https:\/\/www.bodegasballesteros.es\/tienda\/licores\/garrafa-de-pacharan-3l\/#primaryimage\"},\"image\":{\"@id\":\"https:\/\/www.bodegasballesteros.es\/tienda\/licores\/garrafa-de-pacharan-3l\/#primaryimage\"},\"thumbnailUrl\":\"https:\/\/www.bodegasballesteros.es\/wp-content\/uploads\/2024\/09\/foto-78.png\",\"datePublished\":\"2024-09-05T22:10:48+00:00\",\"dateModified\":\"2024-09-05T22:10:48+00:00\",\"description\":\"Con un color rojo intenso y un aroma frutal y especiado, esta garrafa es perfecta como digestivo despu\u00e9s de las comidas o para acompa\u00f1ar postres. Su generoso formato de 3 litros es ideal para compartir en celebraciones, reuniones familiares o eventos especiales, asegurando que todos puedan disfrutar de esta deliciosa bebida.\",\"breadcrumb\":{\"@id\":\"https:\/\/www.bodegasballesteros.es\/tienda\/licores\/garrafa-de-pacharan-3l\/#breadcrumb\"},\"inLanguage\":\"en-US\",\"potentialAction\":[{\"@type\":\"ReadAction\",\"target\":[\"https:\/\/www.bodegasballesteros.es\/tienda\/licores\/garrafa-de-pacharan-3l\/\"]}]},{\"@type\":\"ImageObject\",\"inLanguage\":\"en-US\",\"@id\":\"https:\/\/www.bodegasballesteros.es\/tienda\/licores\/garrafa-de-pacharan-3l\/#primaryimage\",\"url\":\"https:\/\/www.bodegasballesteros.es\/wp-content\/uploads\/2024\/09\/foto-78.png\",\"contentUrl\":\"https:\/\/www.bodegasballesteros.es\/wp-content\/uploads\/2024\/09\/foto-78.png\",\"width\":1500,\"height\":2000},{\"@type\":\"BreadcrumbList\",\"@id\":\"https:\/\/www.bodegasballesteros.es\/tienda\/licores\/garrafa-de-pacharan-3l\/#breadcrumb\",\"itemListElement\":[{\"@type\":\"ListItem\",\"position\":1,\"name\":\"Portada\",\"item\":\"https:\/\/www.bodegasballesteros.es\/\"},{\"@type\":\"ListItem\",\"position\":2,\"name\":\"Tienda default\",\"item\":\"https:\/\/www.bodegasballesteros.es\/tienda-default\/\"},{\"@type\":\"ListItem\",\"position\":3,\"name\":\"Garrafa de Pacharan 3L\"}]},{\"@type\":\"WebSite\",\"@id\":\"https:\/\/www.bodegasballesteros.es\/#website\",\"url\":\"https:\/\/www.bodegasballesteros.es\/\",\"name\":\"Bodegas Ballesteros\",\"description\":\"Bodegas Ballesteros SL desde 1.925\",\"publisher\":{\"@id\":\"https:\/\/www.bodegasballesteros.es\/#organization\"},\"potentialAction\":[{\"@type\":\"SearchAction\",\"target\":{\"@type\":\"EntryPoint\",\"urlTemplate\":\"https:\/\/www.bodegasballesteros.es\/?s={search_term_string}\"},\"query-input\":{\"@type\":\"PropertyValueSpecification\",\"valueRequired\":true,\"valueName\":\"search_term_string\"}}],\"inLanguage\":\"en-US\"},{\"@type\":\"Organization\",\"@id\":\"https:\/\/www.bodegasballesteros.es\/#organization\",\"name\":\"Bodegas Ballesteros\",\"url\":\"https:\/\/www.bodegasballesteros.es\/\",\"logo\":{\"@type\":\"ImageObject\",\"inLanguage\":\"en-US\",\"@id\":\"https:\/\/www.bodegasballesteros.es\/#\/schema\/logo\/image\/\",\"url\":\"https:\/\/www.bodegasballesteros.es\/wp-content\/uploads\/2024\/08\/logo.jpg\",\"contentUrl\":\"https:\/\/www.bodegasballesteros.es\/wp-content\/uploads\/2024\/08\/logo.jpg\",\"width\":630,\"height\":674,\"caption\":\"Bodegas Ballesteros\"},\"image\":{\"@id\":\"https:\/\/www.bodegasballesteros.es\/#\/schema\/logo\/image\/\"}}]}<\/script>\n<!-- \/ Yoast SEO plugin. -->","yoast_head_json":{"title":"Garrafa de Pacharan 3L - Bodegas Ballesteros","description":"Con un color rojo intenso y un aroma frutal y especiado, esta garrafa es perfecta como digestivo despu\u00e9s de las comidas o para acompa\u00f1ar postres. Su generoso formato de 3 litros es ideal para compartir en celebraciones, reuniones familiares o eventos especiales, asegurando que todos puedan disfrutar de esta deliciosa bebida.","robots":{"index":"index","follow":"follow","max-snippet":"max-snippet:-1","max-image-preview":"max-image-preview:large","max-video-preview":"max-video-preview:-1"},"canonical":"https:\/\/www.bodegasballesteros.es\/en\/tienda\/licores\/garrafa-de-pacharan-3l\/","og_locale":"en_US","og_type":"article","og_title":"[:es]Garrafa de Pacharan 3L[:] - Bodegas Ballesteros","og_description":"Con un color rojo intenso y un aroma frutal y especiado, esta garrafa es perfecta como digestivo despu\u00e9s de las comidas o para acompa\u00f1ar postres. Su generoso formato de 3 litros es ideal para compartir en celebraciones, reuniones familiares o eventos especiales, asegurando que todos puedan disfrutar de esta deliciosa bebida.","og_url":"https:\/\/www.bodegasballesteros.es\/en\/tienda\/licores\/garrafa-de-pacharan-3l\/","og_site_name":"Bodegas Ballesteros","og_image":[{"width":1500,"height":2000,"url":"https:\/\/www.bodegasballesteros.es\/wp-content\/uploads\/2024\/09\/foto-78.png","type":"image\/png"}],"twitter_card":"summary_large_image","twitter_misc":{"Est. reading time":"1 minute"},"schema":{"@context":"https:\/\/schema.org","@graph":[{"@type":"WebPage","@id":"https:\/\/www.bodegasballesteros.es\/tienda\/licores\/garrafa-de-pacharan-3l\/","url":"https:\/\/www.bodegasballesteros.es\/tienda\/licores\/garrafa-de-pacharan-3l\/","name":"Garrafa de Pacharan 3L","isPartOf":{"@id":"https:\/\/www.bodegasballesteros.es\/#website"},"primaryImageOfPage":{"@id":"https:\/\/www.bodegasballesteros.es\/tienda\/licores\/garrafa-de-pacharan-3l\/#primaryimage"},"image":{"@id":"https:\/\/www.bodegasballesteros.es\/tienda\/licores\/garrafa-de-pacharan-3l\/#primaryimage"},"thumbnailUrl":"https:\/\/www.bodegasballesteros.es\/wp-content\/uploads\/2024\/09\/foto-78.png","datePublished":"2024-09-05T22:10:48+00:00","dateModified":"2024-09-05T22:10:48+00:00","description":"Con un color rojo intenso y un aroma frutal y especiado, esta garrafa es perfecta como digestivo despu\u00e9s de las comidas o para acompa\u00f1ar postres. Su generoso formato de 3 litros es ideal para compartir en celebraciones, reuniones familiares o eventos especiales, asegurando que todos puedan disfrutar de esta deliciosa bebida.","breadcrumb":{"@id":"https:\/\/www.bodegasballesteros.es\/tienda\/licores\/garrafa-de-pacharan-3l\/#breadcrumb"},"inLanguage":"en-US","potentialAction":[{"@type":"ReadAction","target":["https:\/\/www.bodegasballesteros.es\/tienda\/licores\/garrafa-de-pacharan-3l\/"]}]},{"@type":"ImageObject","inLanguage":"en-US","@id":"https:\/\/www.bodegasballesteros.es\/tienda\/licores\/garrafa-de-pacharan-3l\/#primaryimage","url":"https:\/\/www.bodegasballesteros.es\/wp-content\/uploads\/2024\/09\/foto-78.png","contentUrl":"https:\/\/www.bodegasballesteros.es\/wp-content\/uploads\/2024\/09\/foto-78.png","width":1500,"height":2000},{"@type":"BreadcrumbList","@id":"https:\/\/www.bodegasballesteros.es\/tienda\/licores\/garrafa-de-pacharan-3l\/#breadcrumb","itemListElement":[{"@type":"ListItem","position":1,"name":"Portada","item":"https:\/\/www.bodegasballesteros.es\/"},{"@type":"ListItem","position":2,"name":"Tienda default","item":"https:\/\/www.bodegasballesteros.es\/tienda-default\/"},{"@type":"ListItem","position":3,"name":"Garrafa de Pacharan 3L"}]},{"@type":"WebSite","@id":"https:\/\/www.bodegasballesteros.es\/#website","url":"https:\/\/www.bodegasballesteros.es\/","name":"Bodegas Ballesteros","description":"Bodegas Ballesteros SL desde 1.925","publisher":{"@id":"https:\/\/www.bodegasballesteros.es\/#organization"},"potentialAction":[{"@type":"SearchAction","target":{"@type":"EntryPoint","urlTemplate":"https:\/\/www.bodegasballesteros.es\/?s={search_term_string}"},"query-input":{"@type":"PropertyValueSpecification","valueRequired":true,"valueName":"search_term_string"}}],"inLanguage":"en-US"},{"@type":"Organization","@id":"https:\/\/www.bodegasballesteros.es\/#organization","name":"Bodegas Ballesteros","url":"https:\/\/www.bodegasballesteros.es\/","logo":{"@type":"ImageObject","inLanguage":"en-US","@id":"https:\/\/www.bodegasballesteros.es\/#\/schema\/logo\/image\/","url":"https:\/\/www.bodegasballesteros.es\/wp-content\/uploads\/2024\/08\/logo.jpg","contentUrl":"https:\/\/www.bodegasballesteros.es\/wp-content\/uploads\/2024\/08\/logo.jpg","width":630,"height":674,"caption":"Bodegas Ballesteros"},"image":{"@id":"https:\/\/www.bodegasballesteros.es\/#\/schema\/logo\/image\/"}}]}},"_links":{"self":[{"href":"https:\/\/www.bodegasballesteros.es\/en\/wp-json\/wp\/v2\/product\/361","targetHints":{"allow":["GET"]}}],"collection":[{"href":"https:\/\/www.bodegasballesteros.es\/en\/wp-json\/wp\/v2\/product"}],"about":[{"href":"https:\/\/www.bodegasballesteros.es\/en\/wp-json\/wp\/v2\/types\/product"}],"version-history":[{"count":1,"href":"https:\/\/www.bodegasballesteros.es\/en\/wp-json\/wp\/v2\/product\/361\/revisions"}],"predecessor-version":[{"id":363,"href":"https:\/\/www.bodegasballesteros.es\/en\/wp-json\/wp\/v2\/product\/361\/revisions\/363"}],"wp:featuredmedia":[{"embeddable":true,"href":"https:\/\/www.bodegasballesteros.es\/en\/wp-json\/wp\/v2\/media\/362"}],"wp:attachment":[{"href":"https:\/\/www.bodegasballesteros.es\/en\/wp-json\/wp\/v2\/media?parent=361"}],"wp:term":[{"taxonomy":"product_cat","embeddable":true,"href":"https:\/\/www.bodegasballesteros.es\/en\/wp-json\/wp\/v2\/product_cat?post=361"},{"taxonomy":"product_tag","embeddable":true,"href":"https:\/\/www.bodegasballesteros.es\/en\/wp-json\/wp\/v2\/product_tag?post=361"}],"curies":[{"name":"wp","href":"https:\/\/api.w.org\/{rel}","templated":true}]}}