{"id":349,"date":"2024-09-06T00:11:16","date_gmt":"2024-09-05T22:11:16","guid":{"rendered":"http:\/\/www.bodegasballesteros.es\/?post_type=product&#038;p=349"},"modified":"2024-09-06T00:11:16","modified_gmt":"2024-09-05T22:11:16","slug":"frasca-de-pacharan-070-cl","status":"publish","type":"product","link":"https:\/\/www.bodegasballesteros.es\/en\/tienda\/licores\/frasca-de-pacharan-070-cl\/","title":{"rendered":"Frasca de Pacharan 0,70 cl."},"content":{"rendered":"<p>La <strong>Frasca de Pachar\u00e1n 0,70 cl<\/strong> es un licor tradicional espa\u00f1ol, elaborado a partir de la maceraci\u00f3n de endrinas (frutos del endrino) en an\u00eds. Este exquisito pachar\u00e1n captura la esencia de la fruta, ofreciendo un sabor dulce y afrutado, perfecto para disfrutar en cualquier ocasi\u00f3n.<\/p>\n<p>&nbsp;<\/p>\n","protected":false},"excerpt":{"rendered":"<p>La <strong>Frasca de Pachar\u00e1n 0,70 cl<\/strong> es una opci\u00f3n perfecta para quienes buscan un licor con sabor aut\u00e9ntico y una rica tradici\u00f3n. Su perfil de sabor distintivo y su versatilidad lo convierten en un elemento esencial en cualquier colecci\u00f3n de licores, ideal para disfrutar en celebraciones o momentos de relajaci\u00f3n.<\/p>\n","protected":false},"featured_media":350,"template":"","meta":[],"product_cat":[26],"product_tag":[],"class_list":{"0":"post-349","1":"product","2":"type-product","3":"status-publish","4":"has-post-thumbnail","6":"product_cat-licores","8":"first","9":"instock","10":"taxable","11":"shipping-taxable","12":"purchasable","13":"product-type-simple"},"yoast_head":"<!-- This site is optimized with the Yoast SEO plugin v23.9 - https:\/\/yoast.com\/wordpress\/plugins\/seo\/ -->\n<title>Frasca de Pacharan 0,70 cl. - Bodegas Ballesteros<\/title>\n<meta name=\"description\" content=\"Con su color rojo profundo y su aroma frutal y especiado, el pachar\u00e1n es ideal como digestivo despu\u00e9s de las comidas o como base para c\u00f3cteles refrescantes. Su formato de 0,70 cl lo hace perfecto para compartir entre amigos o para disfrutar en momentos especiales.\" \/>\n<meta name=\"robots\" content=\"index, follow, max-snippet:-1, max-image-preview:large, max-video-preview:-1\" \/>\n<link rel=\"canonical\" href=\"https:\/\/www.bodegasballesteros.es\/en\/tienda\/licores\/frasca-de-pacharan-070-cl\/\" \/>\n<meta property=\"og:locale\" content=\"en_US\" \/>\n<meta property=\"og:locale:alternate\" content=\"es_ES\" \/>\n<meta property=\"og:type\" content=\"article\" \/>\n<meta property=\"og:title\" content=\"Frasca de Pacharan 0,70 cl.\" \/>\n<meta property=\"og:description\" content=\"Con su color rojo profundo y su aroma frutal y especiado, el pachar\u00e1n es ideal como digestivo despu\u00e9s de las comidas o como base para c\u00f3cteles refrescantes. Su formato de 0,70 cl lo hace perfecto para compartir entre amigos o para disfrutar en momentos especiales.\" \/>\n<meta property=\"og:url\" content=\"https:\/\/www.bodegasballesteros.es\/en\/tienda\/licores\/frasca-de-pacharan-070-cl\/\" \/>\n<meta property=\"og:site_name\" content=\"Bodegas Ballesteros\" \/>\n<meta property=\"og:image\" content=\"https:\/\/www.bodegasballesteros.es\/wp-content\/uploads\/2024\/09\/foto-74.png\" \/>\n\t<meta property=\"og:image:width\" content=\"1500\" \/>\n\t<meta property=\"og:image:height\" content=\"2000\" \/>\n\t<meta property=\"og:image:type\" content=\"image\/png\" \/>\n<meta name=\"twitter:card\" content=\"summary_large_image\" \/>\n<meta name=\"twitter:label1\" content=\"Est. reading time\" \/>\n\t<meta name=\"twitter:data1\" content=\"1 minute\" \/>\n<script type=\"application\/ld+json\" class=\"yoast-schema-graph\">{\"@context\":\"https:\/\/schema.org\",\"@graph\":[{\"@type\":\"WebPage\",\"@id\":\"https:\/\/www.bodegasballesteros.es\/tienda\/licores\/frasca-de-pacharan-070-cl\/\",\"url\":\"https:\/\/www.bodegasballesteros.es\/tienda\/licores\/frasca-de-pacharan-070-cl\/\",\"name\":\"Frasca de Pacharan 0,70 cl.\",\"isPartOf\":{\"@id\":\"https:\/\/www.bodegasballesteros.es\/#website\"},\"primaryImageOfPage\":{\"@id\":\"https:\/\/www.bodegasballesteros.es\/tienda\/licores\/frasca-de-pacharan-070-cl\/#primaryimage\"},\"image\":{\"@id\":\"https:\/\/www.bodegasballesteros.es\/tienda\/licores\/frasca-de-pacharan-070-cl\/#primaryimage\"},\"thumbnailUrl\":\"https:\/\/www.bodegasballesteros.es\/wp-content\/uploads\/2024\/09\/foto-74.png\",\"datePublished\":\"2024-09-05T22:11:16+00:00\",\"dateModified\":\"2024-09-05T22:11:16+00:00\",\"description\":\"Con su color rojo profundo y su aroma frutal y especiado, el pachar\u00e1n es ideal como digestivo despu\u00e9s de las comidas o como base para c\u00f3cteles refrescantes. Su formato de 0,70 cl lo hace perfecto para compartir entre amigos o para disfrutar en momentos especiales.\",\"breadcrumb\":{\"@id\":\"https:\/\/www.bodegasballesteros.es\/tienda\/licores\/frasca-de-pacharan-070-cl\/#breadcrumb\"},\"inLanguage\":\"en-US\",\"potentialAction\":[{\"@type\":\"ReadAction\",\"target\":[\"https:\/\/www.bodegasballesteros.es\/tienda\/licores\/frasca-de-pacharan-070-cl\/\"]}]},{\"@type\":\"ImageObject\",\"inLanguage\":\"en-US\",\"@id\":\"https:\/\/www.bodegasballesteros.es\/tienda\/licores\/frasca-de-pacharan-070-cl\/#primaryimage\",\"url\":\"https:\/\/www.bodegasballesteros.es\/wp-content\/uploads\/2024\/09\/foto-74.png\",\"contentUrl\":\"https:\/\/www.bodegasballesteros.es\/wp-content\/uploads\/2024\/09\/foto-74.png\",\"width\":1500,\"height\":2000},{\"@type\":\"BreadcrumbList\",\"@id\":\"https:\/\/www.bodegasballesteros.es\/tienda\/licores\/frasca-de-pacharan-070-cl\/#breadcrumb\",\"itemListElement\":[{\"@type\":\"ListItem\",\"position\":1,\"name\":\"Portada\",\"item\":\"https:\/\/www.bodegasballesteros.es\/\"},{\"@type\":\"ListItem\",\"position\":2,\"name\":\"Tienda default\",\"item\":\"https:\/\/www.bodegasballesteros.es\/tienda-default\/\"},{\"@type\":\"ListItem\",\"position\":3,\"name\":\"Frasca de Pacharan 0,70 cl.\"}]},{\"@type\":\"WebSite\",\"@id\":\"https:\/\/www.bodegasballesteros.es\/#website\",\"url\":\"https:\/\/www.bodegasballesteros.es\/\",\"name\":\"Bodegas Ballesteros\",\"description\":\"Bodegas Ballesteros SL desde 1.925\",\"publisher\":{\"@id\":\"https:\/\/www.bodegasballesteros.es\/#organization\"},\"potentialAction\":[{\"@type\":\"SearchAction\",\"target\":{\"@type\":\"EntryPoint\",\"urlTemplate\":\"https:\/\/www.bodegasballesteros.es\/?s={search_term_string}\"},\"query-input\":{\"@type\":\"PropertyValueSpecification\",\"valueRequired\":true,\"valueName\":\"search_term_string\"}}],\"inLanguage\":\"en-US\"},{\"@type\":\"Organization\",\"@id\":\"https:\/\/www.bodegasballesteros.es\/#organization\",\"name\":\"Bodegas Ballesteros\",\"url\":\"https:\/\/www.bodegasballesteros.es\/\",\"logo\":{\"@type\":\"ImageObject\",\"inLanguage\":\"en-US\",\"@id\":\"https:\/\/www.bodegasballesteros.es\/#\/schema\/logo\/image\/\",\"url\":\"https:\/\/www.bodegasballesteros.es\/wp-content\/uploads\/2024\/08\/logo.jpg\",\"contentUrl\":\"https:\/\/www.bodegasballesteros.es\/wp-content\/uploads\/2024\/08\/logo.jpg\",\"width\":630,\"height\":674,\"caption\":\"Bodegas Ballesteros\"},\"image\":{\"@id\":\"https:\/\/www.bodegasballesteros.es\/#\/schema\/logo\/image\/\"}}]}<\/script>\n<!-- \/ Yoast SEO plugin. -->","yoast_head_json":{"title":"Frasca de Pacharan 0,70 cl. - Bodegas Ballesteros","description":"Con su color rojo profundo y su aroma frutal y especiado, el pachar\u00e1n es ideal como digestivo despu\u00e9s de las comidas o como base para c\u00f3cteles refrescantes. Su formato de 0,70 cl lo hace perfecto para compartir entre amigos o para disfrutar en momentos especiales.","robots":{"index":"index","follow":"follow","max-snippet":"max-snippet:-1","max-image-preview":"max-image-preview:large","max-video-preview":"max-video-preview:-1"},"canonical":"https:\/\/www.bodegasballesteros.es\/en\/tienda\/licores\/frasca-de-pacharan-070-cl\/","og_locale":"en_US","og_type":"article","og_title":"[:es]Frasca de Pacharan 0,70 cl.[:] - Bodegas Ballesteros","og_description":"Con su color rojo profundo y su aroma frutal y especiado, el pachar\u00e1n es ideal como digestivo despu\u00e9s de las comidas o como base para c\u00f3cteles refrescantes. Su formato de 0,70 cl lo hace perfecto para compartir entre amigos o para disfrutar en momentos especiales.","og_url":"https:\/\/www.bodegasballesteros.es\/en\/tienda\/licores\/frasca-de-pacharan-070-cl\/","og_site_name":"Bodegas Ballesteros","og_image":[{"width":1500,"height":2000,"url":"https:\/\/www.bodegasballesteros.es\/wp-content\/uploads\/2024\/09\/foto-74.png","type":"image\/png"}],"twitter_card":"summary_large_image","twitter_misc":{"Est. reading time":"1 minute"},"schema":{"@context":"https:\/\/schema.org","@graph":[{"@type":"WebPage","@id":"https:\/\/www.bodegasballesteros.es\/tienda\/licores\/frasca-de-pacharan-070-cl\/","url":"https:\/\/www.bodegasballesteros.es\/tienda\/licores\/frasca-de-pacharan-070-cl\/","name":"Frasca de Pacharan 0,70 cl.","isPartOf":{"@id":"https:\/\/www.bodegasballesteros.es\/#website"},"primaryImageOfPage":{"@id":"https:\/\/www.bodegasballesteros.es\/tienda\/licores\/frasca-de-pacharan-070-cl\/#primaryimage"},"image":{"@id":"https:\/\/www.bodegasballesteros.es\/tienda\/licores\/frasca-de-pacharan-070-cl\/#primaryimage"},"thumbnailUrl":"https:\/\/www.bodegasballesteros.es\/wp-content\/uploads\/2024\/09\/foto-74.png","datePublished":"2024-09-05T22:11:16+00:00","dateModified":"2024-09-05T22:11:16+00:00","description":"Con su color rojo profundo y su aroma frutal y especiado, el pachar\u00e1n es ideal como digestivo despu\u00e9s de las comidas o como base para c\u00f3cteles refrescantes. Su formato de 0,70 cl lo hace perfecto para compartir entre amigos o para disfrutar en momentos especiales.","breadcrumb":{"@id":"https:\/\/www.bodegasballesteros.es\/tienda\/licores\/frasca-de-pacharan-070-cl\/#breadcrumb"},"inLanguage":"en-US","potentialAction":[{"@type":"ReadAction","target":["https:\/\/www.bodegasballesteros.es\/tienda\/licores\/frasca-de-pacharan-070-cl\/"]}]},{"@type":"ImageObject","inLanguage":"en-US","@id":"https:\/\/www.bodegasballesteros.es\/tienda\/licores\/frasca-de-pacharan-070-cl\/#primaryimage","url":"https:\/\/www.bodegasballesteros.es\/wp-content\/uploads\/2024\/09\/foto-74.png","contentUrl":"https:\/\/www.bodegasballesteros.es\/wp-content\/uploads\/2024\/09\/foto-74.png","width":1500,"height":2000},{"@type":"BreadcrumbList","@id":"https:\/\/www.bodegasballesteros.es\/tienda\/licores\/frasca-de-pacharan-070-cl\/#breadcrumb","itemListElement":[{"@type":"ListItem","position":1,"name":"Portada","item":"https:\/\/www.bodegasballesteros.es\/"},{"@type":"ListItem","position":2,"name":"Tienda default","item":"https:\/\/www.bodegasballesteros.es\/tienda-default\/"},{"@type":"ListItem","position":3,"name":"Frasca de Pacharan 0,70 cl."}]},{"@type":"WebSite","@id":"https:\/\/www.bodegasballesteros.es\/#website","url":"https:\/\/www.bodegasballesteros.es\/","name":"Bodegas Ballesteros","description":"Bodegas Ballesteros SL desde 1.925","publisher":{"@id":"https:\/\/www.bodegasballesteros.es\/#organization"},"potentialAction":[{"@type":"SearchAction","target":{"@type":"EntryPoint","urlTemplate":"https:\/\/www.bodegasballesteros.es\/?s={search_term_string}"},"query-input":{"@type":"PropertyValueSpecification","valueRequired":true,"valueName":"search_term_string"}}],"inLanguage":"en-US"},{"@type":"Organization","@id":"https:\/\/www.bodegasballesteros.es\/#organization","name":"Bodegas Ballesteros","url":"https:\/\/www.bodegasballesteros.es\/","logo":{"@type":"ImageObject","inLanguage":"en-US","@id":"https:\/\/www.bodegasballesteros.es\/#\/schema\/logo\/image\/","url":"https:\/\/www.bodegasballesteros.es\/wp-content\/uploads\/2024\/08\/logo.jpg","contentUrl":"https:\/\/www.bodegasballesteros.es\/wp-content\/uploads\/2024\/08\/logo.jpg","width":630,"height":674,"caption":"Bodegas Ballesteros"},"image":{"@id":"https:\/\/www.bodegasballesteros.es\/#\/schema\/logo\/image\/"}}]}},"_links":{"self":[{"href":"https:\/\/www.bodegasballesteros.es\/en\/wp-json\/wp\/v2\/product\/349","targetHints":{"allow":["GET"]}}],"collection":[{"href":"https:\/\/www.bodegasballesteros.es\/en\/wp-json\/wp\/v2\/product"}],"about":[{"href":"https:\/\/www.bodegasballesteros.es\/en\/wp-json\/wp\/v2\/types\/product"}],"version-history":[{"count":1,"href":"https:\/\/www.bodegasballesteros.es\/en\/wp-json\/wp\/v2\/product\/349\/revisions"}],"predecessor-version":[{"id":351,"href":"https:\/\/www.bodegasballesteros.es\/en\/wp-json\/wp\/v2\/product\/349\/revisions\/351"}],"wp:featuredmedia":[{"embeddable":true,"href":"https:\/\/www.bodegasballesteros.es\/en\/wp-json\/wp\/v2\/media\/350"}],"wp:attachment":[{"href":"https:\/\/www.bodegasballesteros.es\/en\/wp-json\/wp\/v2\/media?parent=349"}],"wp:term":[{"taxonomy":"product_cat","embeddable":true,"href":"https:\/\/www.bodegasballesteros.es\/en\/wp-json\/wp\/v2\/product_cat?post=349"},{"taxonomy":"product_tag","embeddable":true,"href":"https:\/\/www.bodegasballesteros.es\/en\/wp-json\/wp\/v2\/product_tag?post=349"}],"curies":[{"name":"wp","href":"https:\/\/api.w.org\/{rel}","templated":true}]}}