{"id":329,"date":"2024-09-06T00:11:18","date_gmt":"2024-09-05T22:11:18","guid":{"rendered":"http:\/\/www.bodegasballesteros.es\/?post_type=product&#038;p=329"},"modified":"2024-09-06T00:11:18","modified_gmt":"2024-09-05T22:11:18","slug":"aceite-de-oliva-suave-04","status":"publish","type":"product","link":"https:\/\/www.bodegasballesteros.es\/en\/tienda\/aceites\/aceite-de-oliva-suave-04\/","title":{"rendered":"Aceite de Oliva Suave 04"},"content":{"rendered":"<p>El <strong>Aceite de Oliva Suave 04<\/strong> es un aceite de oliva de calidad superior, dise\u00f1ado para quienes prefieren un sabor m\u00e1s ligero y delicado. Este aceite es el resultado de una cuidadosa selecci\u00f3n de aceitunas, que se someten a un proceso de extracci\u00f3n en fr\u00edo para preservar su frescura y propiedades.<\/p>\n","protected":false},"excerpt":{"rendered":"<p>El <strong>Aceite de Oliva Suave 04<\/strong> es la elecci\u00f3n perfecta para aquellos que buscan un aceite vers\u00e1til que realce el sabor de sus platos sin dominar. Su sabor delicado y su alta calidad lo convierten en un elemento esencial en cualquier cocina, proporcionando un toque de elegancia a tus preparaciones diarias.<\/p>\n","protected":false},"featured_media":330,"template":"","meta":[],"product_cat":[25],"product_tag":[],"class_list":{"0":"post-329","1":"product","2":"type-product","3":"status-publish","4":"has-post-thumbnail","6":"product_cat-aceites","8":"first","9":"instock","10":"taxable","11":"shipping-taxable","12":"purchasable","13":"product-type-simple"},"yoast_head":"<!-- This site is optimized with the Yoast SEO plugin v23.9 - https:\/\/yoast.com\/wordpress\/plugins\/seo\/ -->\n<title>Aceite de Oliva Suave 04 - Bodegas Ballesteros<\/title>\n<meta name=\"description\" content=\"Con un color dorado claro y un aroma suave, este aceite destaca por su sabor neutro y agradable, lo que lo convierte en una opci\u00f3n ideal para aderezar ensaladas, preparar salsas y marinar carnes y pescados sin abrumar los sabores naturales de los ingredientes.\" \/>\n<meta name=\"robots\" content=\"index, follow, max-snippet:-1, max-image-preview:large, max-video-preview:-1\" \/>\n<link rel=\"canonical\" href=\"https:\/\/www.bodegasballesteros.es\/en\/tienda\/aceites\/aceite-de-oliva-suave-04\/\" \/>\n<meta property=\"og:locale\" content=\"en_US\" \/>\n<meta property=\"og:locale:alternate\" content=\"es_ES\" \/>\n<meta property=\"og:type\" content=\"article\" \/>\n<meta property=\"og:title\" content=\"Aceite de Oliva Suave 04\" \/>\n<meta property=\"og:description\" content=\"Con un color dorado claro y un aroma suave, este aceite destaca por su sabor neutro y agradable, lo que lo convierte en una opci\u00f3n ideal para aderezar ensaladas, preparar salsas y marinar carnes y pescados sin abrumar los sabores naturales de los ingredientes.\" \/>\n<meta property=\"og:url\" content=\"https:\/\/www.bodegasballesteros.es\/en\/tienda\/aceites\/aceite-de-oliva-suave-04\/\" \/>\n<meta property=\"og:site_name\" content=\"Bodegas Ballesteros\" \/>\n<meta property=\"og:image\" content=\"https:\/\/www.bodegasballesteros.es\/wp-content\/uploads\/2024\/09\/foto-69b.png\" \/>\n\t<meta property=\"og:image:width\" content=\"1500\" \/>\n\t<meta property=\"og:image:height\" content=\"2000\" \/>\n\t<meta property=\"og:image:type\" content=\"image\/png\" \/>\n<meta name=\"twitter:card\" content=\"summary_large_image\" \/>\n<meta name=\"twitter:label1\" content=\"Est. reading time\" \/>\n\t<meta name=\"twitter:data1\" content=\"1 minute\" \/>\n<script type=\"application\/ld+json\" class=\"yoast-schema-graph\">{\"@context\":\"https:\/\/schema.org\",\"@graph\":[{\"@type\":\"WebPage\",\"@id\":\"https:\/\/www.bodegasballesteros.es\/tienda\/aceites\/aceite-de-oliva-suave-04\/\",\"url\":\"https:\/\/www.bodegasballesteros.es\/tienda\/aceites\/aceite-de-oliva-suave-04\/\",\"name\":\"Aceite de Oliva Suave 04\",\"isPartOf\":{\"@id\":\"https:\/\/www.bodegasballesteros.es\/#website\"},\"primaryImageOfPage\":{\"@id\":\"https:\/\/www.bodegasballesteros.es\/tienda\/aceites\/aceite-de-oliva-suave-04\/#primaryimage\"},\"image\":{\"@id\":\"https:\/\/www.bodegasballesteros.es\/tienda\/aceites\/aceite-de-oliva-suave-04\/#primaryimage\"},\"thumbnailUrl\":\"https:\/\/www.bodegasballesteros.es\/wp-content\/uploads\/2024\/09\/foto-69b.png\",\"datePublished\":\"2024-09-05T22:11:18+00:00\",\"dateModified\":\"2024-09-05T22:11:18+00:00\",\"description\":\"Con un color dorado claro y un aroma suave, este aceite destaca por su sabor neutro y agradable, lo que lo convierte en una opci\u00f3n ideal para aderezar ensaladas, preparar salsas y marinar carnes y pescados sin abrumar los sabores naturales de los ingredientes.\",\"breadcrumb\":{\"@id\":\"https:\/\/www.bodegasballesteros.es\/tienda\/aceites\/aceite-de-oliva-suave-04\/#breadcrumb\"},\"inLanguage\":\"en-US\",\"potentialAction\":[{\"@type\":\"ReadAction\",\"target\":[\"https:\/\/www.bodegasballesteros.es\/tienda\/aceites\/aceite-de-oliva-suave-04\/\"]}]},{\"@type\":\"ImageObject\",\"inLanguage\":\"en-US\",\"@id\":\"https:\/\/www.bodegasballesteros.es\/tienda\/aceites\/aceite-de-oliva-suave-04\/#primaryimage\",\"url\":\"https:\/\/www.bodegasballesteros.es\/wp-content\/uploads\/2024\/09\/foto-69b.png\",\"contentUrl\":\"https:\/\/www.bodegasballesteros.es\/wp-content\/uploads\/2024\/09\/foto-69b.png\",\"width\":1500,\"height\":2000},{\"@type\":\"BreadcrumbList\",\"@id\":\"https:\/\/www.bodegasballesteros.es\/tienda\/aceites\/aceite-de-oliva-suave-04\/#breadcrumb\",\"itemListElement\":[{\"@type\":\"ListItem\",\"position\":1,\"name\":\"Portada\",\"item\":\"https:\/\/www.bodegasballesteros.es\/\"},{\"@type\":\"ListItem\",\"position\":2,\"name\":\"Tienda default\",\"item\":\"https:\/\/www.bodegasballesteros.es\/tienda-default\/\"},{\"@type\":\"ListItem\",\"position\":3,\"name\":\"Aceite de Oliva Suave 04\"}]},{\"@type\":\"WebSite\",\"@id\":\"https:\/\/www.bodegasballesteros.es\/#website\",\"url\":\"https:\/\/www.bodegasballesteros.es\/\",\"name\":\"Bodegas Ballesteros\",\"description\":\"Bodegas Ballesteros SL desde 1.925\",\"publisher\":{\"@id\":\"https:\/\/www.bodegasballesteros.es\/#organization\"},\"potentialAction\":[{\"@type\":\"SearchAction\",\"target\":{\"@type\":\"EntryPoint\",\"urlTemplate\":\"https:\/\/www.bodegasballesteros.es\/?s={search_term_string}\"},\"query-input\":{\"@type\":\"PropertyValueSpecification\",\"valueRequired\":true,\"valueName\":\"search_term_string\"}}],\"inLanguage\":\"en-US\"},{\"@type\":\"Organization\",\"@id\":\"https:\/\/www.bodegasballesteros.es\/#organization\",\"name\":\"Bodegas Ballesteros\",\"url\":\"https:\/\/www.bodegasballesteros.es\/\",\"logo\":{\"@type\":\"ImageObject\",\"inLanguage\":\"en-US\",\"@id\":\"https:\/\/www.bodegasballesteros.es\/#\/schema\/logo\/image\/\",\"url\":\"https:\/\/www.bodegasballesteros.es\/wp-content\/uploads\/2024\/08\/logo.jpg\",\"contentUrl\":\"https:\/\/www.bodegasballesteros.es\/wp-content\/uploads\/2024\/08\/logo.jpg\",\"width\":630,\"height\":674,\"caption\":\"Bodegas Ballesteros\"},\"image\":{\"@id\":\"https:\/\/www.bodegasballesteros.es\/#\/schema\/logo\/image\/\"}}]}<\/script>\n<!-- \/ Yoast SEO plugin. -->","yoast_head_json":{"title":"Aceite de Oliva Suave 04 - Bodegas Ballesteros","description":"Con un color dorado claro y un aroma suave, este aceite destaca por su sabor neutro y agradable, lo que lo convierte en una opci\u00f3n ideal para aderezar ensaladas, preparar salsas y marinar carnes y pescados sin abrumar los sabores naturales de los ingredientes.","robots":{"index":"index","follow":"follow","max-snippet":"max-snippet:-1","max-image-preview":"max-image-preview:large","max-video-preview":"max-video-preview:-1"},"canonical":"https:\/\/www.bodegasballesteros.es\/en\/tienda\/aceites\/aceite-de-oliva-suave-04\/","og_locale":"en_US","og_type":"article","og_title":"[:es]Aceite de Oliva Suave 04[:] - Bodegas Ballesteros","og_description":"Con un color dorado claro y un aroma suave, este aceite destaca por su sabor neutro y agradable, lo que lo convierte en una opci\u00f3n ideal para aderezar ensaladas, preparar salsas y marinar carnes y pescados sin abrumar los sabores naturales de los ingredientes.","og_url":"https:\/\/www.bodegasballesteros.es\/en\/tienda\/aceites\/aceite-de-oliva-suave-04\/","og_site_name":"Bodegas Ballesteros","og_image":[{"width":1500,"height":2000,"url":"https:\/\/www.bodegasballesteros.es\/wp-content\/uploads\/2024\/09\/foto-69b.png","type":"image\/png"}],"twitter_card":"summary_large_image","twitter_misc":{"Est. reading time":"1 minute"},"schema":{"@context":"https:\/\/schema.org","@graph":[{"@type":"WebPage","@id":"https:\/\/www.bodegasballesteros.es\/tienda\/aceites\/aceite-de-oliva-suave-04\/","url":"https:\/\/www.bodegasballesteros.es\/tienda\/aceites\/aceite-de-oliva-suave-04\/","name":"Aceite de Oliva Suave 04","isPartOf":{"@id":"https:\/\/www.bodegasballesteros.es\/#website"},"primaryImageOfPage":{"@id":"https:\/\/www.bodegasballesteros.es\/tienda\/aceites\/aceite-de-oliva-suave-04\/#primaryimage"},"image":{"@id":"https:\/\/www.bodegasballesteros.es\/tienda\/aceites\/aceite-de-oliva-suave-04\/#primaryimage"},"thumbnailUrl":"https:\/\/www.bodegasballesteros.es\/wp-content\/uploads\/2024\/09\/foto-69b.png","datePublished":"2024-09-05T22:11:18+00:00","dateModified":"2024-09-05T22:11:18+00:00","description":"Con un color dorado claro y un aroma suave, este aceite destaca por su sabor neutro y agradable, lo que lo convierte en una opci\u00f3n ideal para aderezar ensaladas, preparar salsas y marinar carnes y pescados sin abrumar los sabores naturales de los ingredientes.","breadcrumb":{"@id":"https:\/\/www.bodegasballesteros.es\/tienda\/aceites\/aceite-de-oliva-suave-04\/#breadcrumb"},"inLanguage":"en-US","potentialAction":[{"@type":"ReadAction","target":["https:\/\/www.bodegasballesteros.es\/tienda\/aceites\/aceite-de-oliva-suave-04\/"]}]},{"@type":"ImageObject","inLanguage":"en-US","@id":"https:\/\/www.bodegasballesteros.es\/tienda\/aceites\/aceite-de-oliva-suave-04\/#primaryimage","url":"https:\/\/www.bodegasballesteros.es\/wp-content\/uploads\/2024\/09\/foto-69b.png","contentUrl":"https:\/\/www.bodegasballesteros.es\/wp-content\/uploads\/2024\/09\/foto-69b.png","width":1500,"height":2000},{"@type":"BreadcrumbList","@id":"https:\/\/www.bodegasballesteros.es\/tienda\/aceites\/aceite-de-oliva-suave-04\/#breadcrumb","itemListElement":[{"@type":"ListItem","position":1,"name":"Portada","item":"https:\/\/www.bodegasballesteros.es\/"},{"@type":"ListItem","position":2,"name":"Tienda default","item":"https:\/\/www.bodegasballesteros.es\/tienda-default\/"},{"@type":"ListItem","position":3,"name":"Aceite de Oliva Suave 04"}]},{"@type":"WebSite","@id":"https:\/\/www.bodegasballesteros.es\/#website","url":"https:\/\/www.bodegasballesteros.es\/","name":"Bodegas Ballesteros","description":"Bodegas Ballesteros SL desde 1.925","publisher":{"@id":"https:\/\/www.bodegasballesteros.es\/#organization"},"potentialAction":[{"@type":"SearchAction","target":{"@type":"EntryPoint","urlTemplate":"https:\/\/www.bodegasballesteros.es\/?s={search_term_string}"},"query-input":{"@type":"PropertyValueSpecification","valueRequired":true,"valueName":"search_term_string"}}],"inLanguage":"en-US"},{"@type":"Organization","@id":"https:\/\/www.bodegasballesteros.es\/#organization","name":"Bodegas Ballesteros","url":"https:\/\/www.bodegasballesteros.es\/","logo":{"@type":"ImageObject","inLanguage":"en-US","@id":"https:\/\/www.bodegasballesteros.es\/#\/schema\/logo\/image\/","url":"https:\/\/www.bodegasballesteros.es\/wp-content\/uploads\/2024\/08\/logo.jpg","contentUrl":"https:\/\/www.bodegasballesteros.es\/wp-content\/uploads\/2024\/08\/logo.jpg","width":630,"height":674,"caption":"Bodegas Ballesteros"},"image":{"@id":"https:\/\/www.bodegasballesteros.es\/#\/schema\/logo\/image\/"}}]}},"_links":{"self":[{"href":"https:\/\/www.bodegasballesteros.es\/en\/wp-json\/wp\/v2\/product\/329","targetHints":{"allow":["GET"]}}],"collection":[{"href":"https:\/\/www.bodegasballesteros.es\/en\/wp-json\/wp\/v2\/product"}],"about":[{"href":"https:\/\/www.bodegasballesteros.es\/en\/wp-json\/wp\/v2\/types\/product"}],"version-history":[{"count":1,"href":"https:\/\/www.bodegasballesteros.es\/en\/wp-json\/wp\/v2\/product\/329\/revisions"}],"predecessor-version":[{"id":331,"href":"https:\/\/www.bodegasballesteros.es\/en\/wp-json\/wp\/v2\/product\/329\/revisions\/331"}],"wp:featuredmedia":[{"embeddable":true,"href":"https:\/\/www.bodegasballesteros.es\/en\/wp-json\/wp\/v2\/media\/330"}],"wp:attachment":[{"href":"https:\/\/www.bodegasballesteros.es\/en\/wp-json\/wp\/v2\/media?parent=329"}],"wp:term":[{"taxonomy":"product_cat","embeddable":true,"href":"https:\/\/www.bodegasballesteros.es\/en\/wp-json\/wp\/v2\/product_cat?post=329"},{"taxonomy":"product_tag","embeddable":true,"href":"https:\/\/www.bodegasballesteros.es\/en\/wp-json\/wp\/v2\/product_tag?post=329"}],"curies":[{"name":"wp","href":"https:\/\/api.w.org\/{rel}","templated":true}]}}