{"id":326,"date":"2024-09-06T00:11:18","date_gmt":"2024-09-05T22:11:18","guid":{"rendered":"http:\/\/www.bodegasballesteros.es\/?post_type=product&#038;p=326"},"modified":"2024-09-06T00:11:18","modified_gmt":"2024-09-05T22:11:18","slug":"aceite-virgen-extra-5l","status":"publish","type":"product","link":"https:\/\/www.bodegasballesteros.es\/en\/tienda\/aceites\/aceite-virgen-extra-5l\/","title":{"rendered":"Aceite Virgen Extra 5L"},"content":{"rendered":"<p>El <strong>Aceite Virgen Extra 5L<\/strong> es un aceite de oliva de la m\u00e1s alta calidad, obtenido mediante la primera presi\u00f3n en fr\u00edo de aceitunas seleccionadas. Su cuidadoso proceso de extracci\u00f3n garantiza la conservaci\u00f3n de todos los nutrientes y sabores, ofreciendo un aceite con un perfil organol\u00e9ptico excepcional.<\/p>\n","protected":false},"excerpt":{"rendered":"<p>El <strong>Aceite Virgen Extra 5L<\/strong> es la opci\u00f3n ideal para aquellos que buscan un aceite de oliva de alta calidad en un formato conveniente. Su versatilidad en la cocina lo convierte en un ingrediente esencial, elevando el sabor de cada preparaci\u00f3n y brindando un toque gourmet a tus comidas diarias.<\/p>\n","protected":false},"featured_media":327,"template":"","meta":[],"product_cat":[25],"product_tag":[],"class_list":{"0":"post-326","1":"product","2":"type-product","3":"status-publish","4":"has-post-thumbnail","6":"product_cat-aceites","8":"first","9":"instock","10":"taxable","11":"shipping-taxable","12":"purchasable","13":"product-type-simple"},"yoast_head":"<!-- This site is optimized with the Yoast SEO plugin v23.9 - https:\/\/yoast.com\/wordpress\/plugins\/seo\/ -->\n<title>Aceite Virgen Extra 5L - Bodegas Ballesteros<\/title>\n<meta name=\"description\" content=\"Con un color verde dorado y un aroma intenso y afrutado, este aceite virgen extra destaca por sus notas de hierbas frescas, almendra y un ligero toque picante. Su sabor robusto y equilibrado lo convierte en el complemento ideal para una amplia variedad de platos, desde ensaladas y pescados hasta carnes y guisos.\" \/>\n<meta name=\"robots\" content=\"index, follow, max-snippet:-1, max-image-preview:large, max-video-preview:-1\" \/>\n<link rel=\"canonical\" href=\"https:\/\/www.bodegasballesteros.es\/en\/tienda\/aceites\/aceite-virgen-extra-5l\/\" \/>\n<meta property=\"og:locale\" content=\"en_US\" \/>\n<meta property=\"og:locale:alternate\" content=\"es_ES\" \/>\n<meta property=\"og:type\" content=\"article\" \/>\n<meta property=\"og:title\" content=\"Aceite Virgen Extra 5L\" \/>\n<meta property=\"og:description\" content=\"Con un color verde dorado y un aroma intenso y afrutado, este aceite virgen extra destaca por sus notas de hierbas frescas, almendra y un ligero toque picante. Su sabor robusto y equilibrado lo convierte en el complemento ideal para una amplia variedad de platos, desde ensaladas y pescados hasta carnes y guisos.\" \/>\n<meta property=\"og:url\" content=\"https:\/\/www.bodegasballesteros.es\/en\/tienda\/aceites\/aceite-virgen-extra-5l\/\" \/>\n<meta property=\"og:site_name\" content=\"Bodegas Ballesteros\" \/>\n<meta property=\"og:image\" content=\"https:\/\/www.bodegasballesteros.es\/wp-content\/uploads\/2024\/09\/foto-69a.png\" \/>\n\t<meta property=\"og:image:width\" content=\"1500\" \/>\n\t<meta property=\"og:image:height\" content=\"2000\" \/>\n\t<meta property=\"og:image:type\" content=\"image\/png\" \/>\n<meta name=\"twitter:card\" content=\"summary_large_image\" \/>\n<meta name=\"twitter:label1\" content=\"Est. reading time\" \/>\n\t<meta name=\"twitter:data1\" content=\"1 minute\" \/>\n<script type=\"application\/ld+json\" class=\"yoast-schema-graph\">{\"@context\":\"https:\/\/schema.org\",\"@graph\":[{\"@type\":\"WebPage\",\"@id\":\"https:\/\/www.bodegasballesteros.es\/tienda\/aceites\/aceite-virgen-extra-5l\/\",\"url\":\"https:\/\/www.bodegasballesteros.es\/tienda\/aceites\/aceite-virgen-extra-5l\/\",\"name\":\"Aceite Virgen Extra 5L\",\"isPartOf\":{\"@id\":\"https:\/\/www.bodegasballesteros.es\/#website\"},\"primaryImageOfPage\":{\"@id\":\"https:\/\/www.bodegasballesteros.es\/tienda\/aceites\/aceite-virgen-extra-5l\/#primaryimage\"},\"image\":{\"@id\":\"https:\/\/www.bodegasballesteros.es\/tienda\/aceites\/aceite-virgen-extra-5l\/#primaryimage\"},\"thumbnailUrl\":\"https:\/\/www.bodegasballesteros.es\/wp-content\/uploads\/2024\/09\/foto-69a.png\",\"datePublished\":\"2024-09-05T22:11:18+00:00\",\"dateModified\":\"2024-09-05T22:11:18+00:00\",\"description\":\"Con un color verde dorado y un aroma intenso y afrutado, este aceite virgen extra destaca por sus notas de hierbas frescas, almendra y un ligero toque picante. Su sabor robusto y equilibrado lo convierte en el complemento ideal para una amplia variedad de platos, desde ensaladas y pescados hasta carnes y guisos.\",\"breadcrumb\":{\"@id\":\"https:\/\/www.bodegasballesteros.es\/tienda\/aceites\/aceite-virgen-extra-5l\/#breadcrumb\"},\"inLanguage\":\"en-US\",\"potentialAction\":[{\"@type\":\"ReadAction\",\"target\":[\"https:\/\/www.bodegasballesteros.es\/tienda\/aceites\/aceite-virgen-extra-5l\/\"]}]},{\"@type\":\"ImageObject\",\"inLanguage\":\"en-US\",\"@id\":\"https:\/\/www.bodegasballesteros.es\/tienda\/aceites\/aceite-virgen-extra-5l\/#primaryimage\",\"url\":\"https:\/\/www.bodegasballesteros.es\/wp-content\/uploads\/2024\/09\/foto-69a.png\",\"contentUrl\":\"https:\/\/www.bodegasballesteros.es\/wp-content\/uploads\/2024\/09\/foto-69a.png\",\"width\":1500,\"height\":2000},{\"@type\":\"BreadcrumbList\",\"@id\":\"https:\/\/www.bodegasballesteros.es\/tienda\/aceites\/aceite-virgen-extra-5l\/#breadcrumb\",\"itemListElement\":[{\"@type\":\"ListItem\",\"position\":1,\"name\":\"Portada\",\"item\":\"https:\/\/www.bodegasballesteros.es\/\"},{\"@type\":\"ListItem\",\"position\":2,\"name\":\"Tienda default\",\"item\":\"https:\/\/www.bodegasballesteros.es\/tienda-default\/\"},{\"@type\":\"ListItem\",\"position\":3,\"name\":\"Aceite Virgen Extra 5L\"}]},{\"@type\":\"WebSite\",\"@id\":\"https:\/\/www.bodegasballesteros.es\/#website\",\"url\":\"https:\/\/www.bodegasballesteros.es\/\",\"name\":\"Bodegas Ballesteros\",\"description\":\"Bodegas Ballesteros SL desde 1.925\",\"publisher\":{\"@id\":\"https:\/\/www.bodegasballesteros.es\/#organization\"},\"potentialAction\":[{\"@type\":\"SearchAction\",\"target\":{\"@type\":\"EntryPoint\",\"urlTemplate\":\"https:\/\/www.bodegasballesteros.es\/?s={search_term_string}\"},\"query-input\":{\"@type\":\"PropertyValueSpecification\",\"valueRequired\":true,\"valueName\":\"search_term_string\"}}],\"inLanguage\":\"en-US\"},{\"@type\":\"Organization\",\"@id\":\"https:\/\/www.bodegasballesteros.es\/#organization\",\"name\":\"Bodegas Ballesteros\",\"url\":\"https:\/\/www.bodegasballesteros.es\/\",\"logo\":{\"@type\":\"ImageObject\",\"inLanguage\":\"en-US\",\"@id\":\"https:\/\/www.bodegasballesteros.es\/#\/schema\/logo\/image\/\",\"url\":\"https:\/\/www.bodegasballesteros.es\/wp-content\/uploads\/2024\/08\/logo.jpg\",\"contentUrl\":\"https:\/\/www.bodegasballesteros.es\/wp-content\/uploads\/2024\/08\/logo.jpg\",\"width\":630,\"height\":674,\"caption\":\"Bodegas Ballesteros\"},\"image\":{\"@id\":\"https:\/\/www.bodegasballesteros.es\/#\/schema\/logo\/image\/\"}}]}<\/script>\n<!-- \/ Yoast SEO plugin. -->","yoast_head_json":{"title":"Aceite Virgen Extra 5L - Bodegas Ballesteros","description":"Con un color verde dorado y un aroma intenso y afrutado, este aceite virgen extra destaca por sus notas de hierbas frescas, almendra y un ligero toque picante. Su sabor robusto y equilibrado lo convierte en el complemento ideal para una amplia variedad de platos, desde ensaladas y pescados hasta carnes y guisos.","robots":{"index":"index","follow":"follow","max-snippet":"max-snippet:-1","max-image-preview":"max-image-preview:large","max-video-preview":"max-video-preview:-1"},"canonical":"https:\/\/www.bodegasballesteros.es\/en\/tienda\/aceites\/aceite-virgen-extra-5l\/","og_locale":"en_US","og_type":"article","og_title":"[:es]Aceite Virgen Extra 5L[:] - Bodegas Ballesteros","og_description":"Con un color verde dorado y un aroma intenso y afrutado, este aceite virgen extra destaca por sus notas de hierbas frescas, almendra y un ligero toque picante. Su sabor robusto y equilibrado lo convierte en el complemento ideal para una amplia variedad de platos, desde ensaladas y pescados hasta carnes y guisos.","og_url":"https:\/\/www.bodegasballesteros.es\/en\/tienda\/aceites\/aceite-virgen-extra-5l\/","og_site_name":"Bodegas Ballesteros","og_image":[{"width":1500,"height":2000,"url":"https:\/\/www.bodegasballesteros.es\/wp-content\/uploads\/2024\/09\/foto-69a.png","type":"image\/png"}],"twitter_card":"summary_large_image","twitter_misc":{"Est. reading time":"1 minute"},"schema":{"@context":"https:\/\/schema.org","@graph":[{"@type":"WebPage","@id":"https:\/\/www.bodegasballesteros.es\/tienda\/aceites\/aceite-virgen-extra-5l\/","url":"https:\/\/www.bodegasballesteros.es\/tienda\/aceites\/aceite-virgen-extra-5l\/","name":"Aceite Virgen Extra 5L","isPartOf":{"@id":"https:\/\/www.bodegasballesteros.es\/#website"},"primaryImageOfPage":{"@id":"https:\/\/www.bodegasballesteros.es\/tienda\/aceites\/aceite-virgen-extra-5l\/#primaryimage"},"image":{"@id":"https:\/\/www.bodegasballesteros.es\/tienda\/aceites\/aceite-virgen-extra-5l\/#primaryimage"},"thumbnailUrl":"https:\/\/www.bodegasballesteros.es\/wp-content\/uploads\/2024\/09\/foto-69a.png","datePublished":"2024-09-05T22:11:18+00:00","dateModified":"2024-09-05T22:11:18+00:00","description":"Con un color verde dorado y un aroma intenso y afrutado, este aceite virgen extra destaca por sus notas de hierbas frescas, almendra y un ligero toque picante. Su sabor robusto y equilibrado lo convierte en el complemento ideal para una amplia variedad de platos, desde ensaladas y pescados hasta carnes y guisos.","breadcrumb":{"@id":"https:\/\/www.bodegasballesteros.es\/tienda\/aceites\/aceite-virgen-extra-5l\/#breadcrumb"},"inLanguage":"en-US","potentialAction":[{"@type":"ReadAction","target":["https:\/\/www.bodegasballesteros.es\/tienda\/aceites\/aceite-virgen-extra-5l\/"]}]},{"@type":"ImageObject","inLanguage":"en-US","@id":"https:\/\/www.bodegasballesteros.es\/tienda\/aceites\/aceite-virgen-extra-5l\/#primaryimage","url":"https:\/\/www.bodegasballesteros.es\/wp-content\/uploads\/2024\/09\/foto-69a.png","contentUrl":"https:\/\/www.bodegasballesteros.es\/wp-content\/uploads\/2024\/09\/foto-69a.png","width":1500,"height":2000},{"@type":"BreadcrumbList","@id":"https:\/\/www.bodegasballesteros.es\/tienda\/aceites\/aceite-virgen-extra-5l\/#breadcrumb","itemListElement":[{"@type":"ListItem","position":1,"name":"Portada","item":"https:\/\/www.bodegasballesteros.es\/"},{"@type":"ListItem","position":2,"name":"Tienda default","item":"https:\/\/www.bodegasballesteros.es\/tienda-default\/"},{"@type":"ListItem","position":3,"name":"Aceite Virgen Extra 5L"}]},{"@type":"WebSite","@id":"https:\/\/www.bodegasballesteros.es\/#website","url":"https:\/\/www.bodegasballesteros.es\/","name":"Bodegas Ballesteros","description":"Bodegas Ballesteros SL desde 1.925","publisher":{"@id":"https:\/\/www.bodegasballesteros.es\/#organization"},"potentialAction":[{"@type":"SearchAction","target":{"@type":"EntryPoint","urlTemplate":"https:\/\/www.bodegasballesteros.es\/?s={search_term_string}"},"query-input":{"@type":"PropertyValueSpecification","valueRequired":true,"valueName":"search_term_string"}}],"inLanguage":"en-US"},{"@type":"Organization","@id":"https:\/\/www.bodegasballesteros.es\/#organization","name":"Bodegas Ballesteros","url":"https:\/\/www.bodegasballesteros.es\/","logo":{"@type":"ImageObject","inLanguage":"en-US","@id":"https:\/\/www.bodegasballesteros.es\/#\/schema\/logo\/image\/","url":"https:\/\/www.bodegasballesteros.es\/wp-content\/uploads\/2024\/08\/logo.jpg","contentUrl":"https:\/\/www.bodegasballesteros.es\/wp-content\/uploads\/2024\/08\/logo.jpg","width":630,"height":674,"caption":"Bodegas Ballesteros"},"image":{"@id":"https:\/\/www.bodegasballesteros.es\/#\/schema\/logo\/image\/"}}]}},"_links":{"self":[{"href":"https:\/\/www.bodegasballesteros.es\/en\/wp-json\/wp\/v2\/product\/326","targetHints":{"allow":["GET"]}}],"collection":[{"href":"https:\/\/www.bodegasballesteros.es\/en\/wp-json\/wp\/v2\/product"}],"about":[{"href":"https:\/\/www.bodegasballesteros.es\/en\/wp-json\/wp\/v2\/types\/product"}],"version-history":[{"count":1,"href":"https:\/\/www.bodegasballesteros.es\/en\/wp-json\/wp\/v2\/product\/326\/revisions"}],"predecessor-version":[{"id":328,"href":"https:\/\/www.bodegasballesteros.es\/en\/wp-json\/wp\/v2\/product\/326\/revisions\/328"}],"wp:featuredmedia":[{"embeddable":true,"href":"https:\/\/www.bodegasballesteros.es\/en\/wp-json\/wp\/v2\/media\/327"}],"wp:attachment":[{"href":"https:\/\/www.bodegasballesteros.es\/en\/wp-json\/wp\/v2\/media?parent=326"}],"wp:term":[{"taxonomy":"product_cat","embeddable":true,"href":"https:\/\/www.bodegasballesteros.es\/en\/wp-json\/wp\/v2\/product_cat?post=326"},{"taxonomy":"product_tag","embeddable":true,"href":"https:\/\/www.bodegasballesteros.es\/en\/wp-json\/wp\/v2\/product_tag?post=326"}],"curies":[{"name":"wp","href":"https:\/\/api.w.org\/{rel}","templated":true}]}}