{"id":323,"date":"2024-09-06T00:11:19","date_gmt":"2024-09-05T22:11:19","guid":{"rendered":"http:\/\/www.bodegasballesteros.es\/?post_type=product&#038;p=323"},"modified":"2025-09-23T01:50:09","modified_gmt":"2025-09-22T23:50:09","slug":"aceite-altoleico-80-garrafa-25l","status":"publish","type":"product","link":"https:\/\/www.bodegasballesteros.es\/en\/tienda\/aceites\/aceite-altoleico-80-garrafa-25l\/","title":{"rendered":"Aceite Altoleico 80%  Garrafa 25L."},"content":{"rendered":"<p>El <strong>Aceite Altoleico 80% Garrafa 25L<\/strong> es un aceite de alta calidad, elaborado a partir de semillas de girasol alto oleico, conocido por su excelente perfil de \u00e1cidos grasos. Con un contenido del 80% de \u00e1cido oleico, este aceite se destaca por su estabilidad a altas temperaturas, lo que lo convierte en una opci\u00f3n ideal para fre\u00edr y cocinar.<\/p>\n","protected":false},"excerpt":{"rendered":"<p>El <strong>Aceite Altoleico 80% Garrafa 25L<\/strong> es la elecci\u00f3n perfecta para cocinas profesionales y hogares que buscan un aceite de alta calidad y rendimiento. Su formato econ\u00f3mico y vers\u00e1til lo convierte en un producto indispensable, ideal para quienes valoran la salud y el sabor en su cocina.<\/p>\n","protected":false},"featured_media":324,"template":"","meta":[],"product_cat":[25],"product_tag":[],"class_list":{"0":"post-323","1":"product","2":"type-product","3":"status-publish","4":"has-post-thumbnail","6":"product_cat-aceites","8":"first","9":"instock","10":"taxable","11":"shipping-taxable","12":"purchasable","13":"product-type-simple"},"yoast_head":"<!-- This site is optimized with the Yoast SEO plugin v23.9 - https:\/\/yoast.com\/wordpress\/plugins\/seo\/ -->\n<title>Aceite Altoleico 80% Garrafa 25L. - Bodegas Ballesteros<\/title>\n<meta name=\"description\" content=\"Con un color dorado claro y un sabor suave y neutro, el aceite altoleico es vers\u00e1til en la cocina, permitiendo que los sabores de los ingredientes resalten sin alterarlos. Su alto punto de humo lo hace perfecto para todo tipo de preparaciones, desde frituras crujientes hasta salteados, adem\u00e1s de ser una opci\u00f3n saludable para una alimentaci\u00f3n equilibrada.\" \/>\n<meta name=\"robots\" content=\"index, follow, max-snippet:-1, max-image-preview:large, max-video-preview:-1\" \/>\n<link rel=\"canonical\" href=\"https:\/\/www.bodegasballesteros.es\/en\/tienda\/aceites\/aceite-altoleico-80-garrafa-25l\/\" \/>\n<meta property=\"og:locale\" content=\"en_US\" \/>\n<meta property=\"og:locale:alternate\" content=\"es_ES\" \/>\n<meta property=\"og:type\" content=\"article\" \/>\n<meta property=\"og:title\" content=\"Aceite Altoleico 80% Garrafa 25L.\" \/>\n<meta property=\"og:description\" content=\"Con un color dorado claro y un sabor suave y neutro, el aceite altoleico es vers\u00e1til en la cocina, permitiendo que los sabores de los ingredientes resalten sin alterarlos. Su alto punto de humo lo hace perfecto para todo tipo de preparaciones, desde frituras crujientes hasta salteados, adem\u00e1s de ser una opci\u00f3n saludable para una alimentaci\u00f3n equilibrada.\" \/>\n<meta property=\"og:url\" content=\"https:\/\/www.bodegasballesteros.es\/en\/tienda\/aceites\/aceite-altoleico-80-garrafa-25l\/\" \/>\n<meta property=\"og:site_name\" content=\"Bodegas Ballesteros\" \/>\n<meta property=\"article:modified_time\" content=\"2025-09-22T23:50:09+00:00\" \/>\n<meta property=\"og:image\" content=\"http:\/\/www.bodegasballesteros.es\/wp-content\/uploads\/2024\/09\/foto-67.png\" \/>\n\t<meta property=\"og:image:width\" content=\"1500\" \/>\n\t<meta property=\"og:image:height\" content=\"2000\" \/>\n\t<meta property=\"og:image:type\" content=\"image\/png\" \/>\n<meta name=\"twitter:card\" content=\"summary_large_image\" \/>\n<meta name=\"twitter:label1\" content=\"Est. reading time\" \/>\n\t<meta name=\"twitter:data1\" content=\"1 minute\" \/>\n<script type=\"application\/ld+json\" class=\"yoast-schema-graph\">{\"@context\":\"https:\/\/schema.org\",\"@graph\":[{\"@type\":\"WebPage\",\"@id\":\"https:\/\/www.bodegasballesteros.es\/tienda\/aceites\/aceite-altoleico-80-garrafa-25l\/\",\"url\":\"https:\/\/www.bodegasballesteros.es\/tienda\/aceites\/aceite-altoleico-80-garrafa-25l\/\",\"name\":\"Aceite Altoleico 80% Garrafa 25L.\",\"isPartOf\":{\"@id\":\"https:\/\/www.bodegasballesteros.es\/#website\"},\"primaryImageOfPage\":{\"@id\":\"https:\/\/www.bodegasballesteros.es\/tienda\/aceites\/aceite-altoleico-80-garrafa-25l\/#primaryimage\"},\"image\":{\"@id\":\"https:\/\/www.bodegasballesteros.es\/tienda\/aceites\/aceite-altoleico-80-garrafa-25l\/#primaryimage\"},\"thumbnailUrl\":\"https:\/\/www.bodegasballesteros.es\/wp-content\/uploads\/2024\/09\/foto-67.png\",\"datePublished\":\"2024-09-05T22:11:19+00:00\",\"dateModified\":\"2025-09-22T23:50:09+00:00\",\"description\":\"Con un color dorado claro y un sabor suave y neutro, el aceite altoleico es vers\u00e1til en la cocina, permitiendo que los sabores de los ingredientes resalten sin alterarlos. Su alto punto de humo lo hace perfecto para todo tipo de preparaciones, desde frituras crujientes hasta salteados, adem\u00e1s de ser una opci\u00f3n saludable para una alimentaci\u00f3n equilibrada.\",\"breadcrumb\":{\"@id\":\"https:\/\/www.bodegasballesteros.es\/tienda\/aceites\/aceite-altoleico-80-garrafa-25l\/#breadcrumb\"},\"inLanguage\":\"en-US\",\"potentialAction\":[{\"@type\":\"ReadAction\",\"target\":[\"https:\/\/www.bodegasballesteros.es\/tienda\/aceites\/aceite-altoleico-80-garrafa-25l\/\"]}]},{\"@type\":\"ImageObject\",\"inLanguage\":\"en-US\",\"@id\":\"https:\/\/www.bodegasballesteros.es\/tienda\/aceites\/aceite-altoleico-80-garrafa-25l\/#primaryimage\",\"url\":\"https:\/\/www.bodegasballesteros.es\/wp-content\/uploads\/2024\/09\/foto-67.png\",\"contentUrl\":\"https:\/\/www.bodegasballesteros.es\/wp-content\/uploads\/2024\/09\/foto-67.png\",\"width\":1500,\"height\":2000},{\"@type\":\"BreadcrumbList\",\"@id\":\"https:\/\/www.bodegasballesteros.es\/tienda\/aceites\/aceite-altoleico-80-garrafa-25l\/#breadcrumb\",\"itemListElement\":[{\"@type\":\"ListItem\",\"position\":1,\"name\":\"Portada\",\"item\":\"https:\/\/www.bodegasballesteros.es\/\"},{\"@type\":\"ListItem\",\"position\":2,\"name\":\"Tienda default\",\"item\":\"https:\/\/www.bodegasballesteros.es\/tienda-default\/\"},{\"@type\":\"ListItem\",\"position\":3,\"name\":\"Aceite Altoleico 80% Garrafa 25L.\"}]},{\"@type\":\"WebSite\",\"@id\":\"https:\/\/www.bodegasballesteros.es\/#website\",\"url\":\"https:\/\/www.bodegasballesteros.es\/\",\"name\":\"Bodegas Ballesteros\",\"description\":\"Bodegas Ballesteros SL desde 1.925\",\"publisher\":{\"@id\":\"https:\/\/www.bodegasballesteros.es\/#organization\"},\"potentialAction\":[{\"@type\":\"SearchAction\",\"target\":{\"@type\":\"EntryPoint\",\"urlTemplate\":\"https:\/\/www.bodegasballesteros.es\/?s={search_term_string}\"},\"query-input\":{\"@type\":\"PropertyValueSpecification\",\"valueRequired\":true,\"valueName\":\"search_term_string\"}}],\"inLanguage\":\"en-US\"},{\"@type\":\"Organization\",\"@id\":\"https:\/\/www.bodegasballesteros.es\/#organization\",\"name\":\"Bodegas Ballesteros\",\"url\":\"https:\/\/www.bodegasballesteros.es\/\",\"logo\":{\"@type\":\"ImageObject\",\"inLanguage\":\"en-US\",\"@id\":\"https:\/\/www.bodegasballesteros.es\/#\/schema\/logo\/image\/\",\"url\":\"https:\/\/www.bodegasballesteros.es\/wp-content\/uploads\/2024\/08\/logo.jpg\",\"contentUrl\":\"https:\/\/www.bodegasballesteros.es\/wp-content\/uploads\/2024\/08\/logo.jpg\",\"width\":630,\"height\":674,\"caption\":\"Bodegas Ballesteros\"},\"image\":{\"@id\":\"https:\/\/www.bodegasballesteros.es\/#\/schema\/logo\/image\/\"}}]}<\/script>\n<!-- \/ Yoast SEO plugin. -->","yoast_head_json":{"title":"Aceite Altoleico 80% Garrafa 25L. - Bodegas Ballesteros","description":"Con un color dorado claro y un sabor suave y neutro, el aceite altoleico es vers\u00e1til en la cocina, permitiendo que los sabores de los ingredientes resalten sin alterarlos. Su alto punto de humo lo hace perfecto para todo tipo de preparaciones, desde frituras crujientes hasta salteados, adem\u00e1s de ser una opci\u00f3n saludable para una alimentaci\u00f3n equilibrada.","robots":{"index":"index","follow":"follow","max-snippet":"max-snippet:-1","max-image-preview":"max-image-preview:large","max-video-preview":"max-video-preview:-1"},"canonical":"https:\/\/www.bodegasballesteros.es\/en\/tienda\/aceites\/aceite-altoleico-80-garrafa-25l\/","og_locale":"en_US","og_type":"article","og_title":"[:es]Aceite Altoleico 80% Garrafa 25L.[:] - Bodegas Ballesteros","og_description":"[:es]Con un color dorado claro y un sabor suave y neutro, el aceite altoleico es vers\u00e1til en la cocina, permitiendo que los sabores de los ingredientes resalten sin alterarlos. Su alto punto de humo lo hace perfecto para todo tipo de preparaciones, desde frituras crujientes hasta salteados, adem\u00e1s de ser una opci\u00f3n saludable para una alimentaci\u00f3n equilibrada.[:]","og_url":"https:\/\/www.bodegasballesteros.es\/en\/tienda\/aceites\/aceite-altoleico-80-garrafa-25l\/","og_site_name":"Bodegas Ballesteros","article_modified_time":"2025-09-22T23:50:09+00:00","og_image":[{"width":1500,"height":2000,"url":"http:\/\/www.bodegasballesteros.es\/wp-content\/uploads\/2024\/09\/foto-67.png","type":"image\/png"}],"twitter_card":"summary_large_image","twitter_misc":{"Est. reading time":"1 minute"},"schema":{"@context":"https:\/\/schema.org","@graph":[{"@type":"WebPage","@id":"https:\/\/www.bodegasballesteros.es\/tienda\/aceites\/aceite-altoleico-80-garrafa-25l\/","url":"https:\/\/www.bodegasballesteros.es\/tienda\/aceites\/aceite-altoleico-80-garrafa-25l\/","name":"Aceite Altoleico 80% Garrafa 25L.","isPartOf":{"@id":"https:\/\/www.bodegasballesteros.es\/#website"},"primaryImageOfPage":{"@id":"https:\/\/www.bodegasballesteros.es\/tienda\/aceites\/aceite-altoleico-80-garrafa-25l\/#primaryimage"},"image":{"@id":"https:\/\/www.bodegasballesteros.es\/tienda\/aceites\/aceite-altoleico-80-garrafa-25l\/#primaryimage"},"thumbnailUrl":"https:\/\/www.bodegasballesteros.es\/wp-content\/uploads\/2024\/09\/foto-67.png","datePublished":"2024-09-05T22:11:19+00:00","dateModified":"2025-09-22T23:50:09+00:00","description":"Con un color dorado claro y un sabor suave y neutro, el aceite altoleico es vers\u00e1til en la cocina, permitiendo que los sabores de los ingredientes resalten sin alterarlos. Su alto punto de humo lo hace perfecto para todo tipo de preparaciones, desde frituras crujientes hasta salteados, adem\u00e1s de ser una opci\u00f3n saludable para una alimentaci\u00f3n equilibrada.","breadcrumb":{"@id":"https:\/\/www.bodegasballesteros.es\/tienda\/aceites\/aceite-altoleico-80-garrafa-25l\/#breadcrumb"},"inLanguage":"en-US","potentialAction":[{"@type":"ReadAction","target":["https:\/\/www.bodegasballesteros.es\/tienda\/aceites\/aceite-altoleico-80-garrafa-25l\/"]}]},{"@type":"ImageObject","inLanguage":"en-US","@id":"https:\/\/www.bodegasballesteros.es\/tienda\/aceites\/aceite-altoleico-80-garrafa-25l\/#primaryimage","url":"https:\/\/www.bodegasballesteros.es\/wp-content\/uploads\/2024\/09\/foto-67.png","contentUrl":"https:\/\/www.bodegasballesteros.es\/wp-content\/uploads\/2024\/09\/foto-67.png","width":1500,"height":2000},{"@type":"BreadcrumbList","@id":"https:\/\/www.bodegasballesteros.es\/tienda\/aceites\/aceite-altoleico-80-garrafa-25l\/#breadcrumb","itemListElement":[{"@type":"ListItem","position":1,"name":"Portada","item":"https:\/\/www.bodegasballesteros.es\/"},{"@type":"ListItem","position":2,"name":"Tienda default","item":"https:\/\/www.bodegasballesteros.es\/tienda-default\/"},{"@type":"ListItem","position":3,"name":"Aceite Altoleico 80% Garrafa 25L."}]},{"@type":"WebSite","@id":"https:\/\/www.bodegasballesteros.es\/#website","url":"https:\/\/www.bodegasballesteros.es\/","name":"Bodegas Ballesteros","description":"Bodegas Ballesteros SL desde 1.925","publisher":{"@id":"https:\/\/www.bodegasballesteros.es\/#organization"},"potentialAction":[{"@type":"SearchAction","target":{"@type":"EntryPoint","urlTemplate":"https:\/\/www.bodegasballesteros.es\/?s={search_term_string}"},"query-input":{"@type":"PropertyValueSpecification","valueRequired":true,"valueName":"search_term_string"}}],"inLanguage":"en-US"},{"@type":"Organization","@id":"https:\/\/www.bodegasballesteros.es\/#organization","name":"Bodegas Ballesteros","url":"https:\/\/www.bodegasballesteros.es\/","logo":{"@type":"ImageObject","inLanguage":"en-US","@id":"https:\/\/www.bodegasballesteros.es\/#\/schema\/logo\/image\/","url":"https:\/\/www.bodegasballesteros.es\/wp-content\/uploads\/2024\/08\/logo.jpg","contentUrl":"https:\/\/www.bodegasballesteros.es\/wp-content\/uploads\/2024\/08\/logo.jpg","width":630,"height":674,"caption":"Bodegas Ballesteros"},"image":{"@id":"https:\/\/www.bodegasballesteros.es\/#\/schema\/logo\/image\/"}}]}},"_links":{"self":[{"href":"https:\/\/www.bodegasballesteros.es\/en\/wp-json\/wp\/v2\/product\/323","targetHints":{"allow":["GET"]}}],"collection":[{"href":"https:\/\/www.bodegasballesteros.es\/en\/wp-json\/wp\/v2\/product"}],"about":[{"href":"https:\/\/www.bodegasballesteros.es\/en\/wp-json\/wp\/v2\/types\/product"}],"version-history":[{"count":1,"href":"https:\/\/www.bodegasballesteros.es\/en\/wp-json\/wp\/v2\/product\/323\/revisions"}],"predecessor-version":[{"id":325,"href":"https:\/\/www.bodegasballesteros.es\/en\/wp-json\/wp\/v2\/product\/323\/revisions\/325"}],"wp:featuredmedia":[{"embeddable":true,"href":"https:\/\/www.bodegasballesteros.es\/en\/wp-json\/wp\/v2\/media\/324"}],"wp:attachment":[{"href":"https:\/\/www.bodegasballesteros.es\/en\/wp-json\/wp\/v2\/media?parent=323"}],"wp:term":[{"taxonomy":"product_cat","embeddable":true,"href":"https:\/\/www.bodegasballesteros.es\/en\/wp-json\/wp\/v2\/product_cat?post=323"},{"taxonomy":"product_tag","embeddable":true,"href":"https:\/\/www.bodegasballesteros.es\/en\/wp-json\/wp\/v2\/product_tag?post=323"}],"curies":[{"name":"wp","href":"https:\/\/api.w.org\/{rel}","templated":true}]}}