{"id":317,"date":"2024-09-06T00:11:19","date_gmt":"2024-09-05T22:11:19","guid":{"rendered":"http:\/\/www.bodegasballesteros.es\/?post_type=product&#038;p=317"},"modified":"2024-09-06T00:11:19","modified_gmt":"2024-09-05T22:11:19","slug":"expositor-vinagre-de-vino-168-und","status":"publish","type":"product","link":"https:\/\/www.bodegasballesteros.es\/en\/tienda\/aceites\/expositor-vinagre-de-vino-168-und\/","title":{"rendered":"Expositor Vinagre de Vino 168 und."},"content":{"rendered":"<p>El <strong>Expositor de Vinagre de Vino 168 und<\/strong> es la soluci\u00f3n perfecta para comerciantes y restaurantes que desean presentar de manera atractiva una variedad de vinagres de vino de alta calidad. Este expositor incluye 168 unidades de vinagre de vino, cada una elaborada con ingredientes seleccionados que garantizan un sabor aut\u00e9ntico y equilibrado.<\/p>\n","protected":false},"excerpt":{"rendered":"<p>El <strong>Expositor de Vinagre de Vino 168 und<\/strong> es la elecci\u00f3n ideal para quienes buscan optimizar la presentaci\u00f3n de sus productos en tiendas o restaurantes. Su amplia variedad asegura que los clientes encuentren el vinagre perfecto para realzar el sabor de sus platos, convirti\u00e9ndolo en un elemento esencial en cualquier establecimiento gastron\u00f3mico.<\/p>\n","protected":false},"featured_media":318,"template":"","meta":[],"product_cat":[25],"product_tag":[],"class_list":{"0":"post-317","1":"product","2":"type-product","3":"status-publish","4":"has-post-thumbnail","6":"product_cat-aceites","8":"first","9":"instock","10":"taxable","11":"shipping-taxable","12":"purchasable","13":"product-type-simple"},"yoast_head":"<!-- This site is optimized with the Yoast SEO plugin v23.9 - https:\/\/yoast.com\/wordpress\/plugins\/seo\/ -->\n<title>Expositor Vinagre de Vino 168 und. - Bodegas Ballesteros<\/title>\n<meta name=\"description\" content=\"Con un dise\u00f1o elegante y funcional, el expositor permite una f\u00e1cil visualizaci\u00f3n y acceso a los diferentes tipos de vinagre, facilitando a los clientes la elecci\u00f3n del producto ideal para sus necesidades culinarias. Cada botella destaca por su color \u00e1mbar claro y su aroma fresco y afrutado, con un sabor \u00e1cido pero bien equilibrado que complementa una variedad de platos.\" \/>\n<meta name=\"robots\" content=\"index, follow, max-snippet:-1, max-image-preview:large, max-video-preview:-1\" \/>\n<link rel=\"canonical\" href=\"https:\/\/www.bodegasballesteros.es\/en\/tienda\/aceites\/expositor-vinagre-de-vino-168-und\/\" \/>\n<meta property=\"og:locale\" content=\"en_US\" \/>\n<meta property=\"og:locale:alternate\" content=\"es_ES\" \/>\n<meta property=\"og:type\" content=\"article\" \/>\n<meta property=\"og:title\" content=\"Expositor Vinagre de Vino 168 und.\" \/>\n<meta property=\"og:description\" content=\"Con un dise\u00f1o elegante y funcional, el expositor permite una f\u00e1cil visualizaci\u00f3n y acceso a los diferentes tipos de vinagre, facilitando a los clientes la elecci\u00f3n del producto ideal para sus necesidades culinarias. Cada botella destaca por su color \u00e1mbar claro y su aroma fresco y afrutado, con un sabor \u00e1cido pero bien equilibrado que complementa una variedad de platos.\" \/>\n<meta property=\"og:url\" content=\"https:\/\/www.bodegasballesteros.es\/en\/tienda\/aceites\/expositor-vinagre-de-vino-168-und\/\" \/>\n<meta property=\"og:site_name\" content=\"Bodegas Ballesteros\" \/>\n<meta property=\"og:image\" content=\"https:\/\/www.bodegasballesteros.es\/wp-content\/uploads\/2024\/09\/foto-66.png\" \/>\n\t<meta property=\"og:image:width\" content=\"1500\" \/>\n\t<meta property=\"og:image:height\" content=\"2000\" \/>\n\t<meta property=\"og:image:type\" content=\"image\/png\" \/>\n<meta name=\"twitter:card\" content=\"summary_large_image\" \/>\n<meta name=\"twitter:label1\" content=\"Est. reading time\" \/>\n\t<meta name=\"twitter:data1\" content=\"1 minute\" \/>\n<script type=\"application\/ld+json\" class=\"yoast-schema-graph\">{\"@context\":\"https:\/\/schema.org\",\"@graph\":[{\"@type\":\"WebPage\",\"@id\":\"https:\/\/www.bodegasballesteros.es\/tienda\/aceites\/expositor-vinagre-de-vino-168-und\/\",\"url\":\"https:\/\/www.bodegasballesteros.es\/tienda\/aceites\/expositor-vinagre-de-vino-168-und\/\",\"name\":\"Expositor Vinagre de Vino 168 und.\",\"isPartOf\":{\"@id\":\"https:\/\/www.bodegasballesteros.es\/#website\"},\"primaryImageOfPage\":{\"@id\":\"https:\/\/www.bodegasballesteros.es\/tienda\/aceites\/expositor-vinagre-de-vino-168-und\/#primaryimage\"},\"image\":{\"@id\":\"https:\/\/www.bodegasballesteros.es\/tienda\/aceites\/expositor-vinagre-de-vino-168-und\/#primaryimage\"},\"thumbnailUrl\":\"https:\/\/www.bodegasballesteros.es\/wp-content\/uploads\/2024\/09\/foto-66.png\",\"datePublished\":\"2024-09-05T22:11:19+00:00\",\"dateModified\":\"2024-09-05T22:11:19+00:00\",\"description\":\"Con un dise\u00f1o elegante y funcional, el expositor permite una f\u00e1cil visualizaci\u00f3n y acceso a los diferentes tipos de vinagre, facilitando a los clientes la elecci\u00f3n del producto ideal para sus necesidades culinarias. Cada botella destaca por su color \u00e1mbar claro y su aroma fresco y afrutado, con un sabor \u00e1cido pero bien equilibrado que complementa una variedad de platos.\",\"breadcrumb\":{\"@id\":\"https:\/\/www.bodegasballesteros.es\/tienda\/aceites\/expositor-vinagre-de-vino-168-und\/#breadcrumb\"},\"inLanguage\":\"en-US\",\"potentialAction\":[{\"@type\":\"ReadAction\",\"target\":[\"https:\/\/www.bodegasballesteros.es\/tienda\/aceites\/expositor-vinagre-de-vino-168-und\/\"]}]},{\"@type\":\"ImageObject\",\"inLanguage\":\"en-US\",\"@id\":\"https:\/\/www.bodegasballesteros.es\/tienda\/aceites\/expositor-vinagre-de-vino-168-und\/#primaryimage\",\"url\":\"https:\/\/www.bodegasballesteros.es\/wp-content\/uploads\/2024\/09\/foto-66.png\",\"contentUrl\":\"https:\/\/www.bodegasballesteros.es\/wp-content\/uploads\/2024\/09\/foto-66.png\",\"width\":1500,\"height\":2000},{\"@type\":\"BreadcrumbList\",\"@id\":\"https:\/\/www.bodegasballesteros.es\/tienda\/aceites\/expositor-vinagre-de-vino-168-und\/#breadcrumb\",\"itemListElement\":[{\"@type\":\"ListItem\",\"position\":1,\"name\":\"Portada\",\"item\":\"https:\/\/www.bodegasballesteros.es\/\"},{\"@type\":\"ListItem\",\"position\":2,\"name\":\"Tienda default\",\"item\":\"https:\/\/www.bodegasballesteros.es\/tienda-default\/\"},{\"@type\":\"ListItem\",\"position\":3,\"name\":\"Expositor Vinagre de Vino 168 und.\"}]},{\"@type\":\"WebSite\",\"@id\":\"https:\/\/www.bodegasballesteros.es\/#website\",\"url\":\"https:\/\/www.bodegasballesteros.es\/\",\"name\":\"Bodegas Ballesteros\",\"description\":\"Bodegas Ballesteros SL desde 1.925\",\"publisher\":{\"@id\":\"https:\/\/www.bodegasballesteros.es\/#organization\"},\"potentialAction\":[{\"@type\":\"SearchAction\",\"target\":{\"@type\":\"EntryPoint\",\"urlTemplate\":\"https:\/\/www.bodegasballesteros.es\/?s={search_term_string}\"},\"query-input\":{\"@type\":\"PropertyValueSpecification\",\"valueRequired\":true,\"valueName\":\"search_term_string\"}}],\"inLanguage\":\"en-US\"},{\"@type\":\"Organization\",\"@id\":\"https:\/\/www.bodegasballesteros.es\/#organization\",\"name\":\"Bodegas Ballesteros\",\"url\":\"https:\/\/www.bodegasballesteros.es\/\",\"logo\":{\"@type\":\"ImageObject\",\"inLanguage\":\"en-US\",\"@id\":\"https:\/\/www.bodegasballesteros.es\/#\/schema\/logo\/image\/\",\"url\":\"https:\/\/www.bodegasballesteros.es\/wp-content\/uploads\/2024\/08\/logo.jpg\",\"contentUrl\":\"https:\/\/www.bodegasballesteros.es\/wp-content\/uploads\/2024\/08\/logo.jpg\",\"width\":630,\"height\":674,\"caption\":\"Bodegas Ballesteros\"},\"image\":{\"@id\":\"https:\/\/www.bodegasballesteros.es\/#\/schema\/logo\/image\/\"}}]}<\/script>\n<!-- \/ Yoast SEO plugin. -->","yoast_head_json":{"title":"Expositor Vinagre de Vino 168 und. - Bodegas Ballesteros","description":"Con un dise\u00f1o elegante y funcional, el expositor permite una f\u00e1cil visualizaci\u00f3n y acceso a los diferentes tipos de vinagre, facilitando a los clientes la elecci\u00f3n del producto ideal para sus necesidades culinarias. Cada botella destaca por su color \u00e1mbar claro y su aroma fresco y afrutado, con un sabor \u00e1cido pero bien equilibrado que complementa una variedad de platos.","robots":{"index":"index","follow":"follow","max-snippet":"max-snippet:-1","max-image-preview":"max-image-preview:large","max-video-preview":"max-video-preview:-1"},"canonical":"https:\/\/www.bodegasballesteros.es\/en\/tienda\/aceites\/expositor-vinagre-de-vino-168-und\/","og_locale":"en_US","og_type":"article","og_title":"[:es]Expositor Vinagre de Vino 168 und.[:] - Bodegas Ballesteros","og_description":"Con un dise\u00f1o elegante y funcional, el expositor permite una f\u00e1cil visualizaci\u00f3n y acceso a los diferentes tipos de vinagre, facilitando a los clientes la elecci\u00f3n del producto ideal para sus necesidades culinarias. Cada botella destaca por su color \u00e1mbar claro y su aroma fresco y afrutado, con un sabor \u00e1cido pero bien equilibrado que complementa una variedad de platos.","og_url":"https:\/\/www.bodegasballesteros.es\/en\/tienda\/aceites\/expositor-vinagre-de-vino-168-und\/","og_site_name":"Bodegas Ballesteros","og_image":[{"width":1500,"height":2000,"url":"https:\/\/www.bodegasballesteros.es\/wp-content\/uploads\/2024\/09\/foto-66.png","type":"image\/png"}],"twitter_card":"summary_large_image","twitter_misc":{"Est. reading time":"1 minute"},"schema":{"@context":"https:\/\/schema.org","@graph":[{"@type":"WebPage","@id":"https:\/\/www.bodegasballesteros.es\/tienda\/aceites\/expositor-vinagre-de-vino-168-und\/","url":"https:\/\/www.bodegasballesteros.es\/tienda\/aceites\/expositor-vinagre-de-vino-168-und\/","name":"Expositor Vinagre de Vino 168 und.","isPartOf":{"@id":"https:\/\/www.bodegasballesteros.es\/#website"},"primaryImageOfPage":{"@id":"https:\/\/www.bodegasballesteros.es\/tienda\/aceites\/expositor-vinagre-de-vino-168-und\/#primaryimage"},"image":{"@id":"https:\/\/www.bodegasballesteros.es\/tienda\/aceites\/expositor-vinagre-de-vino-168-und\/#primaryimage"},"thumbnailUrl":"https:\/\/www.bodegasballesteros.es\/wp-content\/uploads\/2024\/09\/foto-66.png","datePublished":"2024-09-05T22:11:19+00:00","dateModified":"2024-09-05T22:11:19+00:00","description":"Con un dise\u00f1o elegante y funcional, el expositor permite una f\u00e1cil visualizaci\u00f3n y acceso a los diferentes tipos de vinagre, facilitando a los clientes la elecci\u00f3n del producto ideal para sus necesidades culinarias. Cada botella destaca por su color \u00e1mbar claro y su aroma fresco y afrutado, con un sabor \u00e1cido pero bien equilibrado que complementa una variedad de platos.","breadcrumb":{"@id":"https:\/\/www.bodegasballesteros.es\/tienda\/aceites\/expositor-vinagre-de-vino-168-und\/#breadcrumb"},"inLanguage":"en-US","potentialAction":[{"@type":"ReadAction","target":["https:\/\/www.bodegasballesteros.es\/tienda\/aceites\/expositor-vinagre-de-vino-168-und\/"]}]},{"@type":"ImageObject","inLanguage":"en-US","@id":"https:\/\/www.bodegasballesteros.es\/tienda\/aceites\/expositor-vinagre-de-vino-168-und\/#primaryimage","url":"https:\/\/www.bodegasballesteros.es\/wp-content\/uploads\/2024\/09\/foto-66.png","contentUrl":"https:\/\/www.bodegasballesteros.es\/wp-content\/uploads\/2024\/09\/foto-66.png","width":1500,"height":2000},{"@type":"BreadcrumbList","@id":"https:\/\/www.bodegasballesteros.es\/tienda\/aceites\/expositor-vinagre-de-vino-168-und\/#breadcrumb","itemListElement":[{"@type":"ListItem","position":1,"name":"Portada","item":"https:\/\/www.bodegasballesteros.es\/"},{"@type":"ListItem","position":2,"name":"Tienda default","item":"https:\/\/www.bodegasballesteros.es\/tienda-default\/"},{"@type":"ListItem","position":3,"name":"Expositor Vinagre de Vino 168 und."}]},{"@type":"WebSite","@id":"https:\/\/www.bodegasballesteros.es\/#website","url":"https:\/\/www.bodegasballesteros.es\/","name":"Bodegas Ballesteros","description":"Bodegas Ballesteros SL desde 1.925","publisher":{"@id":"https:\/\/www.bodegasballesteros.es\/#organization"},"potentialAction":[{"@type":"SearchAction","target":{"@type":"EntryPoint","urlTemplate":"https:\/\/www.bodegasballesteros.es\/?s={search_term_string}"},"query-input":{"@type":"PropertyValueSpecification","valueRequired":true,"valueName":"search_term_string"}}],"inLanguage":"en-US"},{"@type":"Organization","@id":"https:\/\/www.bodegasballesteros.es\/#organization","name":"Bodegas Ballesteros","url":"https:\/\/www.bodegasballesteros.es\/","logo":{"@type":"ImageObject","inLanguage":"en-US","@id":"https:\/\/www.bodegasballesteros.es\/#\/schema\/logo\/image\/","url":"https:\/\/www.bodegasballesteros.es\/wp-content\/uploads\/2024\/08\/logo.jpg","contentUrl":"https:\/\/www.bodegasballesteros.es\/wp-content\/uploads\/2024\/08\/logo.jpg","width":630,"height":674,"caption":"Bodegas Ballesteros"},"image":{"@id":"https:\/\/www.bodegasballesteros.es\/#\/schema\/logo\/image\/"}}]}},"_links":{"self":[{"href":"https:\/\/www.bodegasballesteros.es\/en\/wp-json\/wp\/v2\/product\/317","targetHints":{"allow":["GET"]}}],"collection":[{"href":"https:\/\/www.bodegasballesteros.es\/en\/wp-json\/wp\/v2\/product"}],"about":[{"href":"https:\/\/www.bodegasballesteros.es\/en\/wp-json\/wp\/v2\/types\/product"}],"version-history":[{"count":1,"href":"https:\/\/www.bodegasballesteros.es\/en\/wp-json\/wp\/v2\/product\/317\/revisions"}],"predecessor-version":[{"id":319,"href":"https:\/\/www.bodegasballesteros.es\/en\/wp-json\/wp\/v2\/product\/317\/revisions\/319"}],"wp:featuredmedia":[{"embeddable":true,"href":"https:\/\/www.bodegasballesteros.es\/en\/wp-json\/wp\/v2\/media\/318"}],"wp:attachment":[{"href":"https:\/\/www.bodegasballesteros.es\/en\/wp-json\/wp\/v2\/media?parent=317"}],"wp:term":[{"taxonomy":"product_cat","embeddable":true,"href":"https:\/\/www.bodegasballesteros.es\/en\/wp-json\/wp\/v2\/product_cat?post=317"},{"taxonomy":"product_tag","embeddable":true,"href":"https:\/\/www.bodegasballesteros.es\/en\/wp-json\/wp\/v2\/product_tag?post=317"}],"curies":[{"name":"wp","href":"https:\/\/api.w.org\/{rel}","templated":true}]}}