{"id":314,"date":"2024-09-06T00:11:19","date_gmt":"2024-09-05T22:11:19","guid":{"rendered":"http:\/\/www.bodegasballesteros.es\/?post_type=product&#038;p=314"},"modified":"2024-09-06T00:11:20","modified_gmt":"2024-09-05T22:11:20","slug":"aceite-de-orujo","status":"publish","type":"product","link":"https:\/\/www.bodegasballesteros.es\/en\/tienda\/aceites\/aceite-de-orujo\/","title":{"rendered":"Aceite de Orujo"},"content":{"rendered":"<p>El <strong>Aceite de Orujo<\/strong> es un aceite vegetal de alta calidad, obtenido a partir del orujo de aceitunas, que son los restos de la prensa despu\u00e9s de extraer el aceite de oliva. Este proceso de extracci\u00f3n permite obtener un aceite con un sabor caracter\u00edstico y vers\u00e1til, ideal para diferentes aplicaciones culinarias.<\/p>\n","protected":false},"excerpt":{"rendered":"<p>El <strong>Aceite de Orujo<\/strong> es una excelente opci\u00f3n para quienes buscan un aceite vers\u00e1til y de calidad en la cocina. Su capacidad para soportar altas temperaturas lo hace ideal para fre\u00edr, mientras que su sabor neutro permite que resalten los sabores de los ingredientes, convirti\u00e9ndolo en un aliado indispensable para chefs y cocineros caseros por igual.<\/p>\n","protected":false},"featured_media":315,"template":"","meta":[],"product_cat":[25],"product_tag":[],"class_list":{"0":"post-314","1":"product","2":"type-product","3":"status-publish","4":"has-post-thumbnail","6":"product_cat-aceites","8":"first","9":"instock","10":"taxable","11":"shipping-taxable","12":"product-type-simple"},"yoast_head":"<!-- This site is optimized with the Yoast SEO plugin v23.9 - https:\/\/yoast.com\/wordpress\/plugins\/seo\/ -->\n<title>Aceite de Orujo - Bodegas Ballesteros<\/title>\n<meta name=\"description\" content=\"Con un color dorado y un aroma suave, el aceite de orujo presenta un sabor neutro, lo que lo convierte en una opci\u00f3n ideal para fre\u00edr, hornear y para la preparaci\u00f3n de salsas y aderezos. Su punto de humo elevado lo hace resistente a altas temperaturas, asegurando que los alimentos conserven su sabor y textura.\" \/>\n<meta name=\"robots\" content=\"index, follow, max-snippet:-1, max-image-preview:large, max-video-preview:-1\" \/>\n<link rel=\"canonical\" href=\"https:\/\/www.bodegasballesteros.es\/en\/tienda\/aceites\/aceite-de-orujo\/\" \/>\n<meta property=\"og:locale\" content=\"en_US\" \/>\n<meta property=\"og:locale:alternate\" content=\"es_ES\" \/>\n<meta property=\"og:type\" content=\"article\" \/>\n<meta property=\"og:title\" content=\"Aceite de Orujo\" \/>\n<meta property=\"og:description\" content=\"Con un color dorado y un aroma suave, el aceite de orujo presenta un sabor neutro, lo que lo convierte en una opci\u00f3n ideal para fre\u00edr, hornear y para la preparaci\u00f3n de salsas y aderezos. Su punto de humo elevado lo hace resistente a altas temperaturas, asegurando que los alimentos conserven su sabor y textura.\" \/>\n<meta property=\"og:url\" content=\"https:\/\/www.bodegasballesteros.es\/en\/tienda\/aceites\/aceite-de-orujo\/\" \/>\n<meta property=\"og:site_name\" content=\"Bodegas Ballesteros\" \/>\n<meta property=\"article:modified_time\" content=\"2024-09-05T22:11:20+00:00\" \/>\n<meta property=\"og:image\" content=\"https:\/\/www.bodegasballesteros.es\/wp-content\/uploads\/2024\/09\/foto-65.png\" \/>\n\t<meta property=\"og:image:width\" content=\"1500\" \/>\n\t<meta property=\"og:image:height\" content=\"2000\" \/>\n\t<meta property=\"og:image:type\" content=\"image\/png\" \/>\n<meta name=\"twitter:card\" content=\"summary_large_image\" \/>\n<meta name=\"twitter:label1\" content=\"Est. reading time\" \/>\n\t<meta name=\"twitter:data1\" content=\"1 minute\" \/>\n<script type=\"application\/ld+json\" class=\"yoast-schema-graph\">{\"@context\":\"https:\/\/schema.org\",\"@graph\":[{\"@type\":\"WebPage\",\"@id\":\"https:\/\/www.bodegasballesteros.es\/tienda\/aceites\/aceite-de-orujo\/\",\"url\":\"https:\/\/www.bodegasballesteros.es\/tienda\/aceites\/aceite-de-orujo\/\",\"name\":\"Aceite de Orujo\",\"isPartOf\":{\"@id\":\"https:\/\/www.bodegasballesteros.es\/#website\"},\"primaryImageOfPage\":{\"@id\":\"https:\/\/www.bodegasballesteros.es\/tienda\/aceites\/aceite-de-orujo\/#primaryimage\"},\"image\":{\"@id\":\"https:\/\/www.bodegasballesteros.es\/tienda\/aceites\/aceite-de-orujo\/#primaryimage\"},\"thumbnailUrl\":\"https:\/\/www.bodegasballesteros.es\/wp-content\/uploads\/2024\/09\/foto-65.png\",\"datePublished\":\"2024-09-05T22:11:19+00:00\",\"dateModified\":\"2024-09-05T22:11:20+00:00\",\"description\":\"Con un color dorado y un aroma suave, el aceite de orujo presenta un sabor neutro, lo que lo convierte en una opci\u00f3n ideal para fre\u00edr, hornear y para la preparaci\u00f3n de salsas y aderezos. Su punto de humo elevado lo hace resistente a altas temperaturas, asegurando que los alimentos conserven su sabor y textura.\",\"breadcrumb\":{\"@id\":\"https:\/\/www.bodegasballesteros.es\/tienda\/aceites\/aceite-de-orujo\/#breadcrumb\"},\"inLanguage\":\"en-US\",\"potentialAction\":[{\"@type\":\"ReadAction\",\"target\":[\"https:\/\/www.bodegasballesteros.es\/tienda\/aceites\/aceite-de-orujo\/\"]}]},{\"@type\":\"ImageObject\",\"inLanguage\":\"en-US\",\"@id\":\"https:\/\/www.bodegasballesteros.es\/tienda\/aceites\/aceite-de-orujo\/#primaryimage\",\"url\":\"https:\/\/www.bodegasballesteros.es\/wp-content\/uploads\/2024\/09\/foto-65.png\",\"contentUrl\":\"https:\/\/www.bodegasballesteros.es\/wp-content\/uploads\/2024\/09\/foto-65.png\",\"width\":1500,\"height\":2000},{\"@type\":\"BreadcrumbList\",\"@id\":\"https:\/\/www.bodegasballesteros.es\/tienda\/aceites\/aceite-de-orujo\/#breadcrumb\",\"itemListElement\":[{\"@type\":\"ListItem\",\"position\":1,\"name\":\"Portada\",\"item\":\"https:\/\/www.bodegasballesteros.es\/\"},{\"@type\":\"ListItem\",\"position\":2,\"name\":\"Tienda default\",\"item\":\"https:\/\/www.bodegasballesteros.es\/tienda-default\/\"},{\"@type\":\"ListItem\",\"position\":3,\"name\":\"Aceite de Orujo\"}]},{\"@type\":\"WebSite\",\"@id\":\"https:\/\/www.bodegasballesteros.es\/#website\",\"url\":\"https:\/\/www.bodegasballesteros.es\/\",\"name\":\"Bodegas Ballesteros\",\"description\":\"Bodegas Ballesteros SL desde 1.925\",\"publisher\":{\"@id\":\"https:\/\/www.bodegasballesteros.es\/#organization\"},\"potentialAction\":[{\"@type\":\"SearchAction\",\"target\":{\"@type\":\"EntryPoint\",\"urlTemplate\":\"https:\/\/www.bodegasballesteros.es\/?s={search_term_string}\"},\"query-input\":{\"@type\":\"PropertyValueSpecification\",\"valueRequired\":true,\"valueName\":\"search_term_string\"}}],\"inLanguage\":\"en-US\"},{\"@type\":\"Organization\",\"@id\":\"https:\/\/www.bodegasballesteros.es\/#organization\",\"name\":\"Bodegas Ballesteros\",\"url\":\"https:\/\/www.bodegasballesteros.es\/\",\"logo\":{\"@type\":\"ImageObject\",\"inLanguage\":\"en-US\",\"@id\":\"https:\/\/www.bodegasballesteros.es\/#\/schema\/logo\/image\/\",\"url\":\"https:\/\/www.bodegasballesteros.es\/wp-content\/uploads\/2024\/08\/logo.jpg\",\"contentUrl\":\"https:\/\/www.bodegasballesteros.es\/wp-content\/uploads\/2024\/08\/logo.jpg\",\"width\":630,\"height\":674,\"caption\":\"Bodegas Ballesteros\"},\"image\":{\"@id\":\"https:\/\/www.bodegasballesteros.es\/#\/schema\/logo\/image\/\"}}]}<\/script>\n<!-- \/ Yoast SEO plugin. -->","yoast_head_json":{"title":"Aceite de Orujo - Bodegas Ballesteros","description":"Con un color dorado y un aroma suave, el aceite de orujo presenta un sabor neutro, lo que lo convierte en una opci\u00f3n ideal para fre\u00edr, hornear y para la preparaci\u00f3n de salsas y aderezos. Su punto de humo elevado lo hace resistente a altas temperaturas, asegurando que los alimentos conserven su sabor y textura.","robots":{"index":"index","follow":"follow","max-snippet":"max-snippet:-1","max-image-preview":"max-image-preview:large","max-video-preview":"max-video-preview:-1"},"canonical":"https:\/\/www.bodegasballesteros.es\/en\/tienda\/aceites\/aceite-de-orujo\/","og_locale":"en_US","og_type":"article","og_title":"[:es]Aceite de Orujo[:] - Bodegas Ballesteros","og_description":"Con un color dorado y un aroma suave, el aceite de orujo presenta un sabor neutro, lo que lo convierte en una opci\u00f3n ideal para fre\u00edr, hornear y para la preparaci\u00f3n de salsas y aderezos. Su punto de humo elevado lo hace resistente a altas temperaturas, asegurando que los alimentos conserven su sabor y textura.","og_url":"https:\/\/www.bodegasballesteros.es\/en\/tienda\/aceites\/aceite-de-orujo\/","og_site_name":"Bodegas Ballesteros","article_modified_time":"2024-09-05T22:11:20+00:00","og_image":[{"width":1500,"height":2000,"url":"https:\/\/www.bodegasballesteros.es\/wp-content\/uploads\/2024\/09\/foto-65.png","type":"image\/png"}],"twitter_card":"summary_large_image","twitter_misc":{"Est. reading time":"1 minute"},"schema":{"@context":"https:\/\/schema.org","@graph":[{"@type":"WebPage","@id":"https:\/\/www.bodegasballesteros.es\/tienda\/aceites\/aceite-de-orujo\/","url":"https:\/\/www.bodegasballesteros.es\/tienda\/aceites\/aceite-de-orujo\/","name":"Aceite de Orujo","isPartOf":{"@id":"https:\/\/www.bodegasballesteros.es\/#website"},"primaryImageOfPage":{"@id":"https:\/\/www.bodegasballesteros.es\/tienda\/aceites\/aceite-de-orujo\/#primaryimage"},"image":{"@id":"https:\/\/www.bodegasballesteros.es\/tienda\/aceites\/aceite-de-orujo\/#primaryimage"},"thumbnailUrl":"https:\/\/www.bodegasballesteros.es\/wp-content\/uploads\/2024\/09\/foto-65.png","datePublished":"2024-09-05T22:11:19+00:00","dateModified":"2024-09-05T22:11:20+00:00","description":"Con un color dorado y un aroma suave, el aceite de orujo presenta un sabor neutro, lo que lo convierte en una opci\u00f3n ideal para fre\u00edr, hornear y para la preparaci\u00f3n de salsas y aderezos. Su punto de humo elevado lo hace resistente a altas temperaturas, asegurando que los alimentos conserven su sabor y textura.","breadcrumb":{"@id":"https:\/\/www.bodegasballesteros.es\/tienda\/aceites\/aceite-de-orujo\/#breadcrumb"},"inLanguage":"en-US","potentialAction":[{"@type":"ReadAction","target":["https:\/\/www.bodegasballesteros.es\/tienda\/aceites\/aceite-de-orujo\/"]}]},{"@type":"ImageObject","inLanguage":"en-US","@id":"https:\/\/www.bodegasballesteros.es\/tienda\/aceites\/aceite-de-orujo\/#primaryimage","url":"https:\/\/www.bodegasballesteros.es\/wp-content\/uploads\/2024\/09\/foto-65.png","contentUrl":"https:\/\/www.bodegasballesteros.es\/wp-content\/uploads\/2024\/09\/foto-65.png","width":1500,"height":2000},{"@type":"BreadcrumbList","@id":"https:\/\/www.bodegasballesteros.es\/tienda\/aceites\/aceite-de-orujo\/#breadcrumb","itemListElement":[{"@type":"ListItem","position":1,"name":"Portada","item":"https:\/\/www.bodegasballesteros.es\/"},{"@type":"ListItem","position":2,"name":"Tienda default","item":"https:\/\/www.bodegasballesteros.es\/tienda-default\/"},{"@type":"ListItem","position":3,"name":"Aceite de Orujo"}]},{"@type":"WebSite","@id":"https:\/\/www.bodegasballesteros.es\/#website","url":"https:\/\/www.bodegasballesteros.es\/","name":"Bodegas Ballesteros","description":"Bodegas Ballesteros SL desde 1.925","publisher":{"@id":"https:\/\/www.bodegasballesteros.es\/#organization"},"potentialAction":[{"@type":"SearchAction","target":{"@type":"EntryPoint","urlTemplate":"https:\/\/www.bodegasballesteros.es\/?s={search_term_string}"},"query-input":{"@type":"PropertyValueSpecification","valueRequired":true,"valueName":"search_term_string"}}],"inLanguage":"en-US"},{"@type":"Organization","@id":"https:\/\/www.bodegasballesteros.es\/#organization","name":"Bodegas Ballesteros","url":"https:\/\/www.bodegasballesteros.es\/","logo":{"@type":"ImageObject","inLanguage":"en-US","@id":"https:\/\/www.bodegasballesteros.es\/#\/schema\/logo\/image\/","url":"https:\/\/www.bodegasballesteros.es\/wp-content\/uploads\/2024\/08\/logo.jpg","contentUrl":"https:\/\/www.bodegasballesteros.es\/wp-content\/uploads\/2024\/08\/logo.jpg","width":630,"height":674,"caption":"Bodegas Ballesteros"},"image":{"@id":"https:\/\/www.bodegasballesteros.es\/#\/schema\/logo\/image\/"}}]}},"_links":{"self":[{"href":"https:\/\/www.bodegasballesteros.es\/en\/wp-json\/wp\/v2\/product\/314","targetHints":{"allow":["GET"]}}],"collection":[{"href":"https:\/\/www.bodegasballesteros.es\/en\/wp-json\/wp\/v2\/product"}],"about":[{"href":"https:\/\/www.bodegasballesteros.es\/en\/wp-json\/wp\/v2\/types\/product"}],"version-history":[{"count":1,"href":"https:\/\/www.bodegasballesteros.es\/en\/wp-json\/wp\/v2\/product\/314\/revisions"}],"predecessor-version":[{"id":316,"href":"https:\/\/www.bodegasballesteros.es\/en\/wp-json\/wp\/v2\/product\/314\/revisions\/316"}],"wp:featuredmedia":[{"embeddable":true,"href":"https:\/\/www.bodegasballesteros.es\/en\/wp-json\/wp\/v2\/media\/315"}],"wp:attachment":[{"href":"https:\/\/www.bodegasballesteros.es\/en\/wp-json\/wp\/v2\/media?parent=314"}],"wp:term":[{"taxonomy":"product_cat","embeddable":true,"href":"https:\/\/www.bodegasballesteros.es\/en\/wp-json\/wp\/v2\/product_cat?post=314"},{"taxonomy":"product_tag","embeddable":true,"href":"https:\/\/www.bodegasballesteros.es\/en\/wp-json\/wp\/v2\/product_tag?post=314"}],"curies":[{"name":"wp","href":"https:\/\/api.w.org\/{rel}","templated":true}]}}