{"id":305,"date":"2024-09-06T00:11:20","date_gmt":"2024-09-05T22:11:20","guid":{"rendered":"http:\/\/www.bodegasballesteros.es\/?post_type=product&#038;p=305"},"modified":"2024-09-06T00:11:21","modified_gmt":"2024-09-05T22:11:21","slug":"vinagre-balsamico-250-cl","status":"publish","type":"product","link":"https:\/\/www.bodegasballesteros.es\/en\/tienda\/aceites\/vinagre-balsamico-250-cl\/","title":{"rendered":"Vinagre Balsamico 250 cl."},"content":{"rendered":"<p>El <strong>Vinagre Bals\u00e1mico 250 cl<\/strong> es un vinagre de alta calidad, elaborado a partir de la fermentaci\u00f3n del mosto de uva y envejecido en barricas de madera, lo que le confiere su caracter\u00edstico sabor dulce y \u00e1cido. Este vinagre es ideal para realzar el sabor de tus platos, aportando un toque gourmet a tus recetas.<\/p>\n","protected":false},"excerpt":{"rendered":"<p>El <strong>Vinagre Bals\u00e1mico 250 cl<\/strong> es un ingrediente esencial en la cocina de aquellos que buscan calidad y sabor. Su presentaci\u00f3n en una elegante botella lo convierte en un excelente regalo para los amantes de la gastronom\u00eda o en un elemento indispensable para cualquier cocina, a\u00f1adiendo un toque especial a cada plato.<\/p>\n","protected":false},"featured_media":306,"template":"","meta":[],"product_cat":[25],"product_tag":[],"class_list":{"0":"post-305","1":"product","2":"type-product","3":"status-publish","4":"has-post-thumbnail","6":"product_cat-aceites","8":"first","9":"instock","10":"taxable","11":"shipping-taxable","12":"purchasable","13":"product-type-simple"},"yoast_head":"<!-- This site is optimized with the Yoast SEO plugin v23.9 - https:\/\/yoast.com\/wordpress\/plugins\/seo\/ -->\n<title>Vinagre Balsamico 250 cl. - Bodegas Ballesteros<\/title>\n<meta name=\"description\" content=\"Con un color oscuro y brillante, su aroma es intenso y afrutado, con notas de madera que reflejan su proceso de envejecimiento. En boca, el vinagre bals\u00e1mico presenta un equilibrio perfecto entre acidez y dulzura, con un sabor suave y persistente que complementa ensaladas, carnes, pescados y postres.\" \/>\n<meta name=\"robots\" content=\"index, follow, max-snippet:-1, max-image-preview:large, max-video-preview:-1\" \/>\n<link rel=\"canonical\" href=\"https:\/\/www.bodegasballesteros.es\/en\/tienda\/aceites\/vinagre-balsamico-250-cl\/\" \/>\n<meta property=\"og:locale\" content=\"en_US\" \/>\n<meta property=\"og:locale:alternate\" content=\"es_ES\" \/>\n<meta property=\"og:type\" content=\"article\" \/>\n<meta property=\"og:title\" content=\"Vinagre Balsamico 250 cl.\" \/>\n<meta property=\"og:description\" content=\"Con un color oscuro y brillante, su aroma es intenso y afrutado, con notas de madera que reflejan su proceso de envejecimiento. En boca, el vinagre bals\u00e1mico presenta un equilibrio perfecto entre acidez y dulzura, con un sabor suave y persistente que complementa ensaladas, carnes, pescados y postres.\" \/>\n<meta property=\"og:url\" content=\"https:\/\/www.bodegasballesteros.es\/en\/tienda\/aceites\/vinagre-balsamico-250-cl\/\" \/>\n<meta property=\"og:site_name\" content=\"Bodegas Ballesteros\" \/>\n<meta property=\"article:modified_time\" content=\"2024-09-05T22:11:21+00:00\" \/>\n<meta property=\"og:image\" content=\"https:\/\/www.bodegasballesteros.es\/wp-content\/uploads\/2024\/09\/foto-63.png\" \/>\n\t<meta property=\"og:image:width\" content=\"1500\" \/>\n\t<meta property=\"og:image:height\" content=\"2000\" \/>\n\t<meta property=\"og:image:type\" content=\"image\/png\" \/>\n<meta name=\"twitter:card\" content=\"summary_large_image\" \/>\n<meta name=\"twitter:label1\" content=\"Est. reading time\" \/>\n\t<meta name=\"twitter:data1\" content=\"1 minute\" \/>\n<script type=\"application\/ld+json\" class=\"yoast-schema-graph\">{\"@context\":\"https:\/\/schema.org\",\"@graph\":[{\"@type\":\"WebPage\",\"@id\":\"https:\/\/www.bodegasballesteros.es\/tienda\/aceites\/vinagre-balsamico-250-cl\/\",\"url\":\"https:\/\/www.bodegasballesteros.es\/tienda\/aceites\/vinagre-balsamico-250-cl\/\",\"name\":\"Vinagre Balsamico 250 cl.\",\"isPartOf\":{\"@id\":\"https:\/\/www.bodegasballesteros.es\/#website\"},\"primaryImageOfPage\":{\"@id\":\"https:\/\/www.bodegasballesteros.es\/tienda\/aceites\/vinagre-balsamico-250-cl\/#primaryimage\"},\"image\":{\"@id\":\"https:\/\/www.bodegasballesteros.es\/tienda\/aceites\/vinagre-balsamico-250-cl\/#primaryimage\"},\"thumbnailUrl\":\"https:\/\/www.bodegasballesteros.es\/wp-content\/uploads\/2024\/09\/foto-63.png\",\"datePublished\":\"2024-09-05T22:11:20+00:00\",\"dateModified\":\"2024-09-05T22:11:21+00:00\",\"description\":\"Con un color oscuro y brillante, su aroma es intenso y afrutado, con notas de madera que reflejan su proceso de envejecimiento. En boca, el vinagre bals\u00e1mico presenta un equilibrio perfecto entre acidez y dulzura, con un sabor suave y persistente que complementa ensaladas, carnes, pescados y postres.\",\"breadcrumb\":{\"@id\":\"https:\/\/www.bodegasballesteros.es\/tienda\/aceites\/vinagre-balsamico-250-cl\/#breadcrumb\"},\"inLanguage\":\"en-US\",\"potentialAction\":[{\"@type\":\"ReadAction\",\"target\":[\"https:\/\/www.bodegasballesteros.es\/tienda\/aceites\/vinagre-balsamico-250-cl\/\"]}]},{\"@type\":\"ImageObject\",\"inLanguage\":\"en-US\",\"@id\":\"https:\/\/www.bodegasballesteros.es\/tienda\/aceites\/vinagre-balsamico-250-cl\/#primaryimage\",\"url\":\"https:\/\/www.bodegasballesteros.es\/wp-content\/uploads\/2024\/09\/foto-63.png\",\"contentUrl\":\"https:\/\/www.bodegasballesteros.es\/wp-content\/uploads\/2024\/09\/foto-63.png\",\"width\":1500,\"height\":2000},{\"@type\":\"BreadcrumbList\",\"@id\":\"https:\/\/www.bodegasballesteros.es\/tienda\/aceites\/vinagre-balsamico-250-cl\/#breadcrumb\",\"itemListElement\":[{\"@type\":\"ListItem\",\"position\":1,\"name\":\"Portada\",\"item\":\"https:\/\/www.bodegasballesteros.es\/\"},{\"@type\":\"ListItem\",\"position\":2,\"name\":\"Tienda default\",\"item\":\"https:\/\/www.bodegasballesteros.es\/tienda-default\/\"},{\"@type\":\"ListItem\",\"position\":3,\"name\":\"Vinagre Balsamico 250 cl.\"}]},{\"@type\":\"WebSite\",\"@id\":\"https:\/\/www.bodegasballesteros.es\/#website\",\"url\":\"https:\/\/www.bodegasballesteros.es\/\",\"name\":\"Bodegas Ballesteros\",\"description\":\"Bodegas Ballesteros SL desde 1.925\",\"publisher\":{\"@id\":\"https:\/\/www.bodegasballesteros.es\/#organization\"},\"potentialAction\":[{\"@type\":\"SearchAction\",\"target\":{\"@type\":\"EntryPoint\",\"urlTemplate\":\"https:\/\/www.bodegasballesteros.es\/?s={search_term_string}\"},\"query-input\":{\"@type\":\"PropertyValueSpecification\",\"valueRequired\":true,\"valueName\":\"search_term_string\"}}],\"inLanguage\":\"en-US\"},{\"@type\":\"Organization\",\"@id\":\"https:\/\/www.bodegasballesteros.es\/#organization\",\"name\":\"Bodegas Ballesteros\",\"url\":\"https:\/\/www.bodegasballesteros.es\/\",\"logo\":{\"@type\":\"ImageObject\",\"inLanguage\":\"en-US\",\"@id\":\"https:\/\/www.bodegasballesteros.es\/#\/schema\/logo\/image\/\",\"url\":\"https:\/\/www.bodegasballesteros.es\/wp-content\/uploads\/2024\/08\/logo.jpg\",\"contentUrl\":\"https:\/\/www.bodegasballesteros.es\/wp-content\/uploads\/2024\/08\/logo.jpg\",\"width\":630,\"height\":674,\"caption\":\"Bodegas Ballesteros\"},\"image\":{\"@id\":\"https:\/\/www.bodegasballesteros.es\/#\/schema\/logo\/image\/\"}}]}<\/script>\n<!-- \/ Yoast SEO plugin. -->","yoast_head_json":{"title":"Vinagre Balsamico 250 cl. - Bodegas Ballesteros","description":"Con un color oscuro y brillante, su aroma es intenso y afrutado, con notas de madera que reflejan su proceso de envejecimiento. En boca, el vinagre bals\u00e1mico presenta un equilibrio perfecto entre acidez y dulzura, con un sabor suave y persistente que complementa ensaladas, carnes, pescados y postres.","robots":{"index":"index","follow":"follow","max-snippet":"max-snippet:-1","max-image-preview":"max-image-preview:large","max-video-preview":"max-video-preview:-1"},"canonical":"https:\/\/www.bodegasballesteros.es\/en\/tienda\/aceites\/vinagre-balsamico-250-cl\/","og_locale":"en_US","og_type":"article","og_title":"[:es]Vinagre Balsamico 250 cl.[:] - Bodegas Ballesteros","og_description":"Con un color oscuro y brillante, su aroma es intenso y afrutado, con notas de madera que reflejan su proceso de envejecimiento. En boca, el vinagre bals\u00e1mico presenta un equilibrio perfecto entre acidez y dulzura, con un sabor suave y persistente que complementa ensaladas, carnes, pescados y postres.","og_url":"https:\/\/www.bodegasballesteros.es\/en\/tienda\/aceites\/vinagre-balsamico-250-cl\/","og_site_name":"Bodegas Ballesteros","article_modified_time":"2024-09-05T22:11:21+00:00","og_image":[{"width":1500,"height":2000,"url":"https:\/\/www.bodegasballesteros.es\/wp-content\/uploads\/2024\/09\/foto-63.png","type":"image\/png"}],"twitter_card":"summary_large_image","twitter_misc":{"Est. reading time":"1 minute"},"schema":{"@context":"https:\/\/schema.org","@graph":[{"@type":"WebPage","@id":"https:\/\/www.bodegasballesteros.es\/tienda\/aceites\/vinagre-balsamico-250-cl\/","url":"https:\/\/www.bodegasballesteros.es\/tienda\/aceites\/vinagre-balsamico-250-cl\/","name":"Vinagre Balsamico 250 cl.","isPartOf":{"@id":"https:\/\/www.bodegasballesteros.es\/#website"},"primaryImageOfPage":{"@id":"https:\/\/www.bodegasballesteros.es\/tienda\/aceites\/vinagre-balsamico-250-cl\/#primaryimage"},"image":{"@id":"https:\/\/www.bodegasballesteros.es\/tienda\/aceites\/vinagre-balsamico-250-cl\/#primaryimage"},"thumbnailUrl":"https:\/\/www.bodegasballesteros.es\/wp-content\/uploads\/2024\/09\/foto-63.png","datePublished":"2024-09-05T22:11:20+00:00","dateModified":"2024-09-05T22:11:21+00:00","description":"Con un color oscuro y brillante, su aroma es intenso y afrutado, con notas de madera que reflejan su proceso de envejecimiento. En boca, el vinagre bals\u00e1mico presenta un equilibrio perfecto entre acidez y dulzura, con un sabor suave y persistente que complementa ensaladas, carnes, pescados y postres.","breadcrumb":{"@id":"https:\/\/www.bodegasballesteros.es\/tienda\/aceites\/vinagre-balsamico-250-cl\/#breadcrumb"},"inLanguage":"en-US","potentialAction":[{"@type":"ReadAction","target":["https:\/\/www.bodegasballesteros.es\/tienda\/aceites\/vinagre-balsamico-250-cl\/"]}]},{"@type":"ImageObject","inLanguage":"en-US","@id":"https:\/\/www.bodegasballesteros.es\/tienda\/aceites\/vinagre-balsamico-250-cl\/#primaryimage","url":"https:\/\/www.bodegasballesteros.es\/wp-content\/uploads\/2024\/09\/foto-63.png","contentUrl":"https:\/\/www.bodegasballesteros.es\/wp-content\/uploads\/2024\/09\/foto-63.png","width":1500,"height":2000},{"@type":"BreadcrumbList","@id":"https:\/\/www.bodegasballesteros.es\/tienda\/aceites\/vinagre-balsamico-250-cl\/#breadcrumb","itemListElement":[{"@type":"ListItem","position":1,"name":"Portada","item":"https:\/\/www.bodegasballesteros.es\/"},{"@type":"ListItem","position":2,"name":"Tienda default","item":"https:\/\/www.bodegasballesteros.es\/tienda-default\/"},{"@type":"ListItem","position":3,"name":"Vinagre Balsamico 250 cl."}]},{"@type":"WebSite","@id":"https:\/\/www.bodegasballesteros.es\/#website","url":"https:\/\/www.bodegasballesteros.es\/","name":"Bodegas Ballesteros","description":"Bodegas Ballesteros SL desde 1.925","publisher":{"@id":"https:\/\/www.bodegasballesteros.es\/#organization"},"potentialAction":[{"@type":"SearchAction","target":{"@type":"EntryPoint","urlTemplate":"https:\/\/www.bodegasballesteros.es\/?s={search_term_string}"},"query-input":{"@type":"PropertyValueSpecification","valueRequired":true,"valueName":"search_term_string"}}],"inLanguage":"en-US"},{"@type":"Organization","@id":"https:\/\/www.bodegasballesteros.es\/#organization","name":"Bodegas Ballesteros","url":"https:\/\/www.bodegasballesteros.es\/","logo":{"@type":"ImageObject","inLanguage":"en-US","@id":"https:\/\/www.bodegasballesteros.es\/#\/schema\/logo\/image\/","url":"https:\/\/www.bodegasballesteros.es\/wp-content\/uploads\/2024\/08\/logo.jpg","contentUrl":"https:\/\/www.bodegasballesteros.es\/wp-content\/uploads\/2024\/08\/logo.jpg","width":630,"height":674,"caption":"Bodegas Ballesteros"},"image":{"@id":"https:\/\/www.bodegasballesteros.es\/#\/schema\/logo\/image\/"}}]}},"_links":{"self":[{"href":"https:\/\/www.bodegasballesteros.es\/en\/wp-json\/wp\/v2\/product\/305","targetHints":{"allow":["GET"]}}],"collection":[{"href":"https:\/\/www.bodegasballesteros.es\/en\/wp-json\/wp\/v2\/product"}],"about":[{"href":"https:\/\/www.bodegasballesteros.es\/en\/wp-json\/wp\/v2\/types\/product"}],"version-history":[{"count":1,"href":"https:\/\/www.bodegasballesteros.es\/en\/wp-json\/wp\/v2\/product\/305\/revisions"}],"predecessor-version":[{"id":307,"href":"https:\/\/www.bodegasballesteros.es\/en\/wp-json\/wp\/v2\/product\/305\/revisions\/307"}],"wp:featuredmedia":[{"embeddable":true,"href":"https:\/\/www.bodegasballesteros.es\/en\/wp-json\/wp\/v2\/media\/306"}],"wp:attachment":[{"href":"https:\/\/www.bodegasballesteros.es\/en\/wp-json\/wp\/v2\/media?parent=305"}],"wp:term":[{"taxonomy":"product_cat","embeddable":true,"href":"https:\/\/www.bodegasballesteros.es\/en\/wp-json\/wp\/v2\/product_cat?post=305"},{"taxonomy":"product_tag","embeddable":true,"href":"https:\/\/www.bodegasballesteros.es\/en\/wp-json\/wp\/v2\/product_tag?post=305"}],"curies":[{"name":"wp","href":"https:\/\/api.w.org\/{rel}","templated":true}]}}