{"id":301,"date":"2024-09-06T00:11:20","date_gmt":"2024-09-05T22:11:20","guid":{"rendered":"http:\/\/www.bodegasballesteros.es\/?post_type=product&#038;p=301"},"modified":"2024-09-06T00:11:20","modified_gmt":"2024-09-05T22:11:20","slug":"aceite-virgen-extra-250-cl","status":"publish","type":"product","link":"https:\/\/www.bodegasballesteros.es\/en\/tienda\/aceites\/aceite-virgen-extra-250-cl\/","title":{"rendered":"Aceite Virgen Extra 250 cl."},"content":{"rendered":"<p>El <strong>Aceite Virgen Extra 250 cl<\/strong> es un aceite de oliva de m\u00e1xima calidad, obtenido de la primera presi\u00f3n en fr\u00edo de aceitunas seleccionadas. Este aceite destaca por su sabor intenso y afrutado, convirti\u00e9ndolo en el complemento perfecto para realzar el sabor de tus platos favoritos.<\/p>\n","protected":false},"excerpt":{"rendered":"<p>El <strong>Aceite Virgen Extra 250 cl<\/strong> es la opci\u00f3n perfecta para aquellos que valoran la calidad y el sabor en su cocina. Su elegante botella lo convierte en un regalo ideal para amantes de la gastronom\u00eda o en un producto esencial para el d\u00eda a d\u00eda, realzando el sabor de cada comida con su perfil de sabor excepcional.<\/p>\n","protected":false},"featured_media":303,"template":"","meta":[],"product_cat":[25],"product_tag":[],"class_list":{"0":"post-301","1":"product","2":"type-product","3":"status-publish","4":"has-post-thumbnail","6":"product_cat-aceites","8":"first","9":"instock","10":"taxable","11":"shipping-taxable","12":"purchasable","13":"product-type-simple"},"yoast_head":"<!-- This site is optimized with the Yoast SEO plugin v23.9 - https:\/\/yoast.com\/wordpress\/plugins\/seo\/ -->\n<title>Aceite Virgen Extra 250 cl. - Bodegas Ballesteros<\/title>\n<meta name=\"description\" content=\"Con un color verde dorado y un aroma fresco y frutal, el Aceite Virgen Extra aporta una riqueza y complejidad \u00fanicas. Su perfil de sabor incluye notas de aceituna madura y un ligero toque de amargor y picante, caracter\u00edstico de los aceites de alta calidad. Este aceite es ideal para usar en crudo, en ensaladas, como aderezo para pan, o para dar un toque especial a platos cocinados.\" \/>\n<meta name=\"robots\" content=\"index, follow, max-snippet:-1, max-image-preview:large, max-video-preview:-1\" \/>\n<link rel=\"canonical\" href=\"https:\/\/www.bodegasballesteros.es\/en\/tienda\/aceites\/aceite-virgen-extra-250-cl\/\" \/>\n<meta property=\"og:locale\" content=\"en_US\" \/>\n<meta property=\"og:locale:alternate\" content=\"es_ES\" \/>\n<meta property=\"og:type\" content=\"article\" \/>\n<meta property=\"og:title\" content=\"Aceite Virgen Extra 250 cl.\" \/>\n<meta property=\"og:description\" content=\"Con un color verde dorado y un aroma fresco y frutal, el Aceite Virgen Extra aporta una riqueza y complejidad \u00fanicas. Su perfil de sabor incluye notas de aceituna madura y un ligero toque de amargor y picante, caracter\u00edstico de los aceites de alta calidad. Este aceite es ideal para usar en crudo, en ensaladas, como aderezo para pan, o para dar un toque especial a platos cocinados.\" \/>\n<meta property=\"og:url\" content=\"https:\/\/www.bodegasballesteros.es\/en\/tienda\/aceites\/aceite-virgen-extra-250-cl\/\" \/>\n<meta property=\"og:site_name\" content=\"Bodegas Ballesteros\" \/>\n<meta property=\"og:image\" content=\"https:\/\/www.bodegasballesteros.es\/wp-content\/uploads\/2024\/09\/foto-62.png\" \/>\n\t<meta property=\"og:image:width\" content=\"1500\" \/>\n\t<meta property=\"og:image:height\" content=\"2000\" \/>\n\t<meta property=\"og:image:type\" content=\"image\/png\" \/>\n<meta name=\"twitter:card\" content=\"summary_large_image\" \/>\n<meta name=\"twitter:label1\" content=\"Est. reading time\" \/>\n\t<meta name=\"twitter:data1\" content=\"1 minute\" \/>\n<script type=\"application\/ld+json\" class=\"yoast-schema-graph\">{\"@context\":\"https:\/\/schema.org\",\"@graph\":[{\"@type\":\"WebPage\",\"@id\":\"https:\/\/www.bodegasballesteros.es\/tienda\/aceites\/aceite-virgen-extra-250-cl\/\",\"url\":\"https:\/\/www.bodegasballesteros.es\/tienda\/aceites\/aceite-virgen-extra-250-cl\/\",\"name\":\"Aceite Virgen Extra 250 cl.\",\"isPartOf\":{\"@id\":\"https:\/\/www.bodegasballesteros.es\/#website\"},\"primaryImageOfPage\":{\"@id\":\"https:\/\/www.bodegasballesteros.es\/tienda\/aceites\/aceite-virgen-extra-250-cl\/#primaryimage\"},\"image\":{\"@id\":\"https:\/\/www.bodegasballesteros.es\/tienda\/aceites\/aceite-virgen-extra-250-cl\/#primaryimage\"},\"thumbnailUrl\":\"https:\/\/www.bodegasballesteros.es\/wp-content\/uploads\/2024\/09\/foto-62.png\",\"datePublished\":\"2024-09-05T22:11:20+00:00\",\"dateModified\":\"2024-09-05T22:11:20+00:00\",\"description\":\"Con un color verde dorado y un aroma fresco y frutal, el Aceite Virgen Extra aporta una riqueza y complejidad \u00fanicas. Su perfil de sabor incluye notas de aceituna madura y un ligero toque de amargor y picante, caracter\u00edstico de los aceites de alta calidad. Este aceite es ideal para usar en crudo, en ensaladas, como aderezo para pan, o para dar un toque especial a platos cocinados.\",\"breadcrumb\":{\"@id\":\"https:\/\/www.bodegasballesteros.es\/tienda\/aceites\/aceite-virgen-extra-250-cl\/#breadcrumb\"},\"inLanguage\":\"en-US\",\"potentialAction\":[{\"@type\":\"ReadAction\",\"target\":[\"https:\/\/www.bodegasballesteros.es\/tienda\/aceites\/aceite-virgen-extra-250-cl\/\"]}]},{\"@type\":\"ImageObject\",\"inLanguage\":\"en-US\",\"@id\":\"https:\/\/www.bodegasballesteros.es\/tienda\/aceites\/aceite-virgen-extra-250-cl\/#primaryimage\",\"url\":\"https:\/\/www.bodegasballesteros.es\/wp-content\/uploads\/2024\/09\/foto-62.png\",\"contentUrl\":\"https:\/\/www.bodegasballesteros.es\/wp-content\/uploads\/2024\/09\/foto-62.png\",\"width\":1500,\"height\":2000},{\"@type\":\"BreadcrumbList\",\"@id\":\"https:\/\/www.bodegasballesteros.es\/tienda\/aceites\/aceite-virgen-extra-250-cl\/#breadcrumb\",\"itemListElement\":[{\"@type\":\"ListItem\",\"position\":1,\"name\":\"Portada\",\"item\":\"https:\/\/www.bodegasballesteros.es\/\"},{\"@type\":\"ListItem\",\"position\":2,\"name\":\"Tienda default\",\"item\":\"https:\/\/www.bodegasballesteros.es\/tienda-default\/\"},{\"@type\":\"ListItem\",\"position\":3,\"name\":\"Aceite Virgen Extra 250 cl.\"}]},{\"@type\":\"WebSite\",\"@id\":\"https:\/\/www.bodegasballesteros.es\/#website\",\"url\":\"https:\/\/www.bodegasballesteros.es\/\",\"name\":\"Bodegas Ballesteros\",\"description\":\"Bodegas Ballesteros SL desde 1.925\",\"publisher\":{\"@id\":\"https:\/\/www.bodegasballesteros.es\/#organization\"},\"potentialAction\":[{\"@type\":\"SearchAction\",\"target\":{\"@type\":\"EntryPoint\",\"urlTemplate\":\"https:\/\/www.bodegasballesteros.es\/?s={search_term_string}\"},\"query-input\":{\"@type\":\"PropertyValueSpecification\",\"valueRequired\":true,\"valueName\":\"search_term_string\"}}],\"inLanguage\":\"en-US\"},{\"@type\":\"Organization\",\"@id\":\"https:\/\/www.bodegasballesteros.es\/#organization\",\"name\":\"Bodegas Ballesteros\",\"url\":\"https:\/\/www.bodegasballesteros.es\/\",\"logo\":{\"@type\":\"ImageObject\",\"inLanguage\":\"en-US\",\"@id\":\"https:\/\/www.bodegasballesteros.es\/#\/schema\/logo\/image\/\",\"url\":\"https:\/\/www.bodegasballesteros.es\/wp-content\/uploads\/2024\/08\/logo.jpg\",\"contentUrl\":\"https:\/\/www.bodegasballesteros.es\/wp-content\/uploads\/2024\/08\/logo.jpg\",\"width\":630,\"height\":674,\"caption\":\"Bodegas Ballesteros\"},\"image\":{\"@id\":\"https:\/\/www.bodegasballesteros.es\/#\/schema\/logo\/image\/\"}}]}<\/script>\n<!-- \/ Yoast SEO plugin. -->","yoast_head_json":{"title":"Aceite Virgen Extra 250 cl. - Bodegas Ballesteros","description":"Con un color verde dorado y un aroma fresco y frutal, el Aceite Virgen Extra aporta una riqueza y complejidad \u00fanicas. Su perfil de sabor incluye notas de aceituna madura y un ligero toque de amargor y picante, caracter\u00edstico de los aceites de alta calidad. Este aceite es ideal para usar en crudo, en ensaladas, como aderezo para pan, o para dar un toque especial a platos cocinados.","robots":{"index":"index","follow":"follow","max-snippet":"max-snippet:-1","max-image-preview":"max-image-preview:large","max-video-preview":"max-video-preview:-1"},"canonical":"https:\/\/www.bodegasballesteros.es\/en\/tienda\/aceites\/aceite-virgen-extra-250-cl\/","og_locale":"en_US","og_type":"article","og_title":"[:es]Aceite Virgen Extra 250 cl.[:] - Bodegas Ballesteros","og_description":"Con un color verde dorado y un aroma fresco y frutal, el Aceite Virgen Extra aporta una riqueza y complejidad \u00fanicas. Su perfil de sabor incluye notas de aceituna madura y un ligero toque de amargor y picante, caracter\u00edstico de los aceites de alta calidad. Este aceite es ideal para usar en crudo, en ensaladas, como aderezo para pan, o para dar un toque especial a platos cocinados.","og_url":"https:\/\/www.bodegasballesteros.es\/en\/tienda\/aceites\/aceite-virgen-extra-250-cl\/","og_site_name":"Bodegas Ballesteros","og_image":[{"width":1500,"height":2000,"url":"https:\/\/www.bodegasballesteros.es\/wp-content\/uploads\/2024\/09\/foto-62.png","type":"image\/png"}],"twitter_card":"summary_large_image","twitter_misc":{"Est. reading time":"1 minute"},"schema":{"@context":"https:\/\/schema.org","@graph":[{"@type":"WebPage","@id":"https:\/\/www.bodegasballesteros.es\/tienda\/aceites\/aceite-virgen-extra-250-cl\/","url":"https:\/\/www.bodegasballesteros.es\/tienda\/aceites\/aceite-virgen-extra-250-cl\/","name":"Aceite Virgen Extra 250 cl.","isPartOf":{"@id":"https:\/\/www.bodegasballesteros.es\/#website"},"primaryImageOfPage":{"@id":"https:\/\/www.bodegasballesteros.es\/tienda\/aceites\/aceite-virgen-extra-250-cl\/#primaryimage"},"image":{"@id":"https:\/\/www.bodegasballesteros.es\/tienda\/aceites\/aceite-virgen-extra-250-cl\/#primaryimage"},"thumbnailUrl":"https:\/\/www.bodegasballesteros.es\/wp-content\/uploads\/2024\/09\/foto-62.png","datePublished":"2024-09-05T22:11:20+00:00","dateModified":"2024-09-05T22:11:20+00:00","description":"Con un color verde dorado y un aroma fresco y frutal, el Aceite Virgen Extra aporta una riqueza y complejidad \u00fanicas. Su perfil de sabor incluye notas de aceituna madura y un ligero toque de amargor y picante, caracter\u00edstico de los aceites de alta calidad. Este aceite es ideal para usar en crudo, en ensaladas, como aderezo para pan, o para dar un toque especial a platos cocinados.","breadcrumb":{"@id":"https:\/\/www.bodegasballesteros.es\/tienda\/aceites\/aceite-virgen-extra-250-cl\/#breadcrumb"},"inLanguage":"en-US","potentialAction":[{"@type":"ReadAction","target":["https:\/\/www.bodegasballesteros.es\/tienda\/aceites\/aceite-virgen-extra-250-cl\/"]}]},{"@type":"ImageObject","inLanguage":"en-US","@id":"https:\/\/www.bodegasballesteros.es\/tienda\/aceites\/aceite-virgen-extra-250-cl\/#primaryimage","url":"https:\/\/www.bodegasballesteros.es\/wp-content\/uploads\/2024\/09\/foto-62.png","contentUrl":"https:\/\/www.bodegasballesteros.es\/wp-content\/uploads\/2024\/09\/foto-62.png","width":1500,"height":2000},{"@type":"BreadcrumbList","@id":"https:\/\/www.bodegasballesteros.es\/tienda\/aceites\/aceite-virgen-extra-250-cl\/#breadcrumb","itemListElement":[{"@type":"ListItem","position":1,"name":"Portada","item":"https:\/\/www.bodegasballesteros.es\/"},{"@type":"ListItem","position":2,"name":"Tienda default","item":"https:\/\/www.bodegasballesteros.es\/tienda-default\/"},{"@type":"ListItem","position":3,"name":"Aceite Virgen Extra 250 cl."}]},{"@type":"WebSite","@id":"https:\/\/www.bodegasballesteros.es\/#website","url":"https:\/\/www.bodegasballesteros.es\/","name":"Bodegas Ballesteros","description":"Bodegas Ballesteros SL desde 1.925","publisher":{"@id":"https:\/\/www.bodegasballesteros.es\/#organization"},"potentialAction":[{"@type":"SearchAction","target":{"@type":"EntryPoint","urlTemplate":"https:\/\/www.bodegasballesteros.es\/?s={search_term_string}"},"query-input":{"@type":"PropertyValueSpecification","valueRequired":true,"valueName":"search_term_string"}}],"inLanguage":"en-US"},{"@type":"Organization","@id":"https:\/\/www.bodegasballesteros.es\/#organization","name":"Bodegas Ballesteros","url":"https:\/\/www.bodegasballesteros.es\/","logo":{"@type":"ImageObject","inLanguage":"en-US","@id":"https:\/\/www.bodegasballesteros.es\/#\/schema\/logo\/image\/","url":"https:\/\/www.bodegasballesteros.es\/wp-content\/uploads\/2024\/08\/logo.jpg","contentUrl":"https:\/\/www.bodegasballesteros.es\/wp-content\/uploads\/2024\/08\/logo.jpg","width":630,"height":674,"caption":"Bodegas Ballesteros"},"image":{"@id":"https:\/\/www.bodegasballesteros.es\/#\/schema\/logo\/image\/"}}]}},"_links":{"self":[{"href":"https:\/\/www.bodegasballesteros.es\/en\/wp-json\/wp\/v2\/product\/301","targetHints":{"allow":["GET"]}}],"collection":[{"href":"https:\/\/www.bodegasballesteros.es\/en\/wp-json\/wp\/v2\/product"}],"about":[{"href":"https:\/\/www.bodegasballesteros.es\/en\/wp-json\/wp\/v2\/types\/product"}],"version-history":[{"count":1,"href":"https:\/\/www.bodegasballesteros.es\/en\/wp-json\/wp\/v2\/product\/301\/revisions"}],"predecessor-version":[{"id":304,"href":"https:\/\/www.bodegasballesteros.es\/en\/wp-json\/wp\/v2\/product\/301\/revisions\/304"}],"wp:featuredmedia":[{"embeddable":true,"href":"https:\/\/www.bodegasballesteros.es\/en\/wp-json\/wp\/v2\/media\/303"}],"wp:attachment":[{"href":"https:\/\/www.bodegasballesteros.es\/en\/wp-json\/wp\/v2\/media?parent=301"}],"wp:term":[{"taxonomy":"product_cat","embeddable":true,"href":"https:\/\/www.bodegasballesteros.es\/en\/wp-json\/wp\/v2\/product_cat?post=301"},{"taxonomy":"product_tag","embeddable":true,"href":"https:\/\/www.bodegasballesteros.es\/en\/wp-json\/wp\/v2\/product_tag?post=301"}],"curies":[{"name":"wp","href":"https:\/\/api.w.org\/{rel}","templated":true}]}}