{"id":266,"date":"2024-09-06T00:11:39","date_gmt":"2024-09-05T22:11:39","guid":{"rendered":"http:\/\/www.bodegasballesteros.es\/?post_type=product&#038;p=266"},"modified":"2024-09-06T00:11:40","modified_gmt":"2024-09-05T22:11:40","slug":"ribera-del-duero-tierra-de-aranda-joven","status":"publish","type":"product","link":"https:\/\/www.bodegasballesteros.es\/en\/tienda\/otros-vinos\/ribera-del-duero-tierra-de-aranda-joven\/","title":{"rendered":"Ribera del Duero Tierra de Aranda Joven"},"content":{"rendered":"<p>El <strong>Ribera del Duero Tierra de Aranda Joven<\/strong> es un vino tinto vibrante y fresco, elaborado con la variedad de uva <strong>Tempranillo<\/strong> sin envejecimiento en barrica, lo que permite disfrutar de su car\u00e1cter frutal y aut\u00e9ntico. Este vino, perteneciente a la Denominaci\u00f3n de Origen Ribera del Duero, es una expresi\u00f3n joven y desenfadada de la Tempranillo, ideal para quienes buscan un vino fresco y directo.<\/p>\n","protected":false},"excerpt":{"rendered":"<p>Aroma de frutas rojas frescas, con toques florales, sabor ligero, equilibrado y fresco, con acidez viva y un final suave. Ideal para acompa\u00f1ar tapas, embutidos, carnes blancas, pastas y quesos suaves.<\/p>\n","protected":false},"featured_media":267,"template":"","meta":[],"product_cat":[24],"product_tag":[],"class_list":{"0":"post-266","1":"product","2":"type-product","3":"status-publish","4":"has-post-thumbnail","6":"product_cat-otros-vinos","8":"first","9":"instock","10":"taxable","11":"shipping-taxable","12":"purchasable","13":"product-type-simple"},"yoast_head":"<!-- This site is optimized with the Yoast SEO plugin v23.9 - https:\/\/yoast.com\/wordpress\/plugins\/seo\/ -->\n<title>Ribera del Duero Tierra de Aranda Joven - Bodegas Ballesteros<\/title>\n<meta name=\"description\" content=\"El Ribera del Duero Tierra de Aranda Joven es perfecto para aquellos que prefieren un vino tinto f\u00e1cil de beber y lleno de frescura. Ideal para disfrutar en una comida informal, celebraciones o como acompa\u00f1amiento de aperitivos, siendo una excelente opci\u00f3n para compartir con amigos y familiares.\" \/>\n<meta name=\"robots\" content=\"index, follow, max-snippet:-1, max-image-preview:large, max-video-preview:-1\" \/>\n<link rel=\"canonical\" href=\"https:\/\/www.bodegasballesteros.es\/en\/tienda\/otros-vinos\/ribera-del-duero-tierra-de-aranda-joven\/\" \/>\n<meta property=\"og:locale\" content=\"en_US\" \/>\n<meta property=\"og:locale:alternate\" content=\"es_ES\" \/>\n<meta property=\"og:type\" content=\"article\" \/>\n<meta property=\"og:title\" content=\"Ribera del Duero Tierra de Aranda Joven\" \/>\n<meta property=\"og:description\" content=\"El Ribera del Duero Tierra de Aranda Joven es perfecto para aquellos que prefieren un vino tinto f\u00e1cil de beber y lleno de frescura. Ideal para disfrutar en una comida informal, celebraciones o como acompa\u00f1amiento de aperitivos, siendo una excelente opci\u00f3n para compartir con amigos y familiares.\" \/>\n<meta property=\"og:url\" content=\"https:\/\/www.bodegasballesteros.es\/en\/tienda\/otros-vinos\/ribera-del-duero-tierra-de-aranda-joven\/\" \/>\n<meta property=\"og:site_name\" content=\"Bodegas Ballesteros\" \/>\n<meta property=\"article:modified_time\" content=\"2024-09-05T22:11:40+00:00\" \/>\n<meta property=\"og:image\" content=\"https:\/\/www.bodegasballesteros.es\/wp-content\/uploads\/2024\/09\/foto-42.png\" \/>\n\t<meta property=\"og:image:width\" content=\"1500\" \/>\n\t<meta property=\"og:image:height\" content=\"2000\" \/>\n\t<meta property=\"og:image:type\" content=\"image\/png\" \/>\n<meta name=\"twitter:card\" content=\"summary_large_image\" \/>\n<meta name=\"twitter:label1\" content=\"Est. reading time\" \/>\n\t<meta name=\"twitter:data1\" content=\"1 minute\" \/>\n<script type=\"application\/ld+json\" class=\"yoast-schema-graph\">{\"@context\":\"https:\/\/schema.org\",\"@graph\":[{\"@type\":\"WebPage\",\"@id\":\"https:\/\/www.bodegasballesteros.es\/tienda\/otros-vinos\/ribera-del-duero-tierra-de-aranda-joven\/\",\"url\":\"https:\/\/www.bodegasballesteros.es\/tienda\/otros-vinos\/ribera-del-duero-tierra-de-aranda-joven\/\",\"name\":\"Ribera del Duero Tierra de Aranda Joven\",\"isPartOf\":{\"@id\":\"https:\/\/www.bodegasballesteros.es\/#website\"},\"primaryImageOfPage\":{\"@id\":\"https:\/\/www.bodegasballesteros.es\/tienda\/otros-vinos\/ribera-del-duero-tierra-de-aranda-joven\/#primaryimage\"},\"image\":{\"@id\":\"https:\/\/www.bodegasballesteros.es\/tienda\/otros-vinos\/ribera-del-duero-tierra-de-aranda-joven\/#primaryimage\"},\"thumbnailUrl\":\"https:\/\/www.bodegasballesteros.es\/wp-content\/uploads\/2024\/09\/foto-42.png\",\"datePublished\":\"2024-09-05T22:11:39+00:00\",\"dateModified\":\"2024-09-05T22:11:40+00:00\",\"description\":\"El Ribera del Duero Tierra de Aranda Joven es perfecto para aquellos que prefieren un vino tinto f\u00e1cil de beber y lleno de frescura. Ideal para disfrutar en una comida informal, celebraciones o como acompa\u00f1amiento de aperitivos, siendo una excelente opci\u00f3n para compartir con amigos y familiares.\",\"breadcrumb\":{\"@id\":\"https:\/\/www.bodegasballesteros.es\/tienda\/otros-vinos\/ribera-del-duero-tierra-de-aranda-joven\/#breadcrumb\"},\"inLanguage\":\"en-US\",\"potentialAction\":[{\"@type\":\"ReadAction\",\"target\":[\"https:\/\/www.bodegasballesteros.es\/tienda\/otros-vinos\/ribera-del-duero-tierra-de-aranda-joven\/\"]}]},{\"@type\":\"ImageObject\",\"inLanguage\":\"en-US\",\"@id\":\"https:\/\/www.bodegasballesteros.es\/tienda\/otros-vinos\/ribera-del-duero-tierra-de-aranda-joven\/#primaryimage\",\"url\":\"https:\/\/www.bodegasballesteros.es\/wp-content\/uploads\/2024\/09\/foto-42.png\",\"contentUrl\":\"https:\/\/www.bodegasballesteros.es\/wp-content\/uploads\/2024\/09\/foto-42.png\",\"width\":1500,\"height\":2000},{\"@type\":\"BreadcrumbList\",\"@id\":\"https:\/\/www.bodegasballesteros.es\/tienda\/otros-vinos\/ribera-del-duero-tierra-de-aranda-joven\/#breadcrumb\",\"itemListElement\":[{\"@type\":\"ListItem\",\"position\":1,\"name\":\"Portada\",\"item\":\"https:\/\/www.bodegasballesteros.es\/\"},{\"@type\":\"ListItem\",\"position\":2,\"name\":\"Tienda default\",\"item\":\"https:\/\/www.bodegasballesteros.es\/tienda-default\/\"},{\"@type\":\"ListItem\",\"position\":3,\"name\":\"Ribera del Duero Tierra de Aranda Joven\"}]},{\"@type\":\"WebSite\",\"@id\":\"https:\/\/www.bodegasballesteros.es\/#website\",\"url\":\"https:\/\/www.bodegasballesteros.es\/\",\"name\":\"Bodegas Ballesteros\",\"description\":\"Bodegas Ballesteros SL desde 1.925\",\"publisher\":{\"@id\":\"https:\/\/www.bodegasballesteros.es\/#organization\"},\"potentialAction\":[{\"@type\":\"SearchAction\",\"target\":{\"@type\":\"EntryPoint\",\"urlTemplate\":\"https:\/\/www.bodegasballesteros.es\/?s={search_term_string}\"},\"query-input\":{\"@type\":\"PropertyValueSpecification\",\"valueRequired\":true,\"valueName\":\"search_term_string\"}}],\"inLanguage\":\"en-US\"},{\"@type\":\"Organization\",\"@id\":\"https:\/\/www.bodegasballesteros.es\/#organization\",\"name\":\"Bodegas Ballesteros\",\"url\":\"https:\/\/www.bodegasballesteros.es\/\",\"logo\":{\"@type\":\"ImageObject\",\"inLanguage\":\"en-US\",\"@id\":\"https:\/\/www.bodegasballesteros.es\/#\/schema\/logo\/image\/\",\"url\":\"https:\/\/www.bodegasballesteros.es\/wp-content\/uploads\/2024\/08\/logo.jpg\",\"contentUrl\":\"https:\/\/www.bodegasballesteros.es\/wp-content\/uploads\/2024\/08\/logo.jpg\",\"width\":630,\"height\":674,\"caption\":\"Bodegas Ballesteros\"},\"image\":{\"@id\":\"https:\/\/www.bodegasballesteros.es\/#\/schema\/logo\/image\/\"}}]}<\/script>\n<!-- \/ Yoast SEO plugin. -->","yoast_head_json":{"title":"Ribera del Duero Tierra de Aranda Joven - Bodegas Ballesteros","description":"El Ribera del Duero Tierra de Aranda Joven es perfecto para aquellos que prefieren un vino tinto f\u00e1cil de beber y lleno de frescura. Ideal para disfrutar en una comida informal, celebraciones o como acompa\u00f1amiento de aperitivos, siendo una excelente opci\u00f3n para compartir con amigos y familiares.","robots":{"index":"index","follow":"follow","max-snippet":"max-snippet:-1","max-image-preview":"max-image-preview:large","max-video-preview":"max-video-preview:-1"},"canonical":"https:\/\/www.bodegasballesteros.es\/en\/tienda\/otros-vinos\/ribera-del-duero-tierra-de-aranda-joven\/","og_locale":"en_US","og_type":"article","og_title":"[:es]Ribera del Duero Tierra de Aranda Joven[:] - Bodegas Ballesteros","og_description":"El Ribera del Duero Tierra de Aranda Joven es perfecto para aquellos que prefieren un vino tinto f\u00e1cil de beber y lleno de frescura. Ideal para disfrutar en una comida informal, celebraciones o como acompa\u00f1amiento de aperitivos, siendo una excelente opci\u00f3n para compartir con amigos y familiares.","og_url":"https:\/\/www.bodegasballesteros.es\/en\/tienda\/otros-vinos\/ribera-del-duero-tierra-de-aranda-joven\/","og_site_name":"Bodegas Ballesteros","article_modified_time":"2024-09-05T22:11:40+00:00","og_image":[{"width":1500,"height":2000,"url":"https:\/\/www.bodegasballesteros.es\/wp-content\/uploads\/2024\/09\/foto-42.png","type":"image\/png"}],"twitter_card":"summary_large_image","twitter_misc":{"Est. reading time":"1 minute"},"schema":{"@context":"https:\/\/schema.org","@graph":[{"@type":"WebPage","@id":"https:\/\/www.bodegasballesteros.es\/tienda\/otros-vinos\/ribera-del-duero-tierra-de-aranda-joven\/","url":"https:\/\/www.bodegasballesteros.es\/tienda\/otros-vinos\/ribera-del-duero-tierra-de-aranda-joven\/","name":"Ribera del Duero Tierra de Aranda Joven","isPartOf":{"@id":"https:\/\/www.bodegasballesteros.es\/#website"},"primaryImageOfPage":{"@id":"https:\/\/www.bodegasballesteros.es\/tienda\/otros-vinos\/ribera-del-duero-tierra-de-aranda-joven\/#primaryimage"},"image":{"@id":"https:\/\/www.bodegasballesteros.es\/tienda\/otros-vinos\/ribera-del-duero-tierra-de-aranda-joven\/#primaryimage"},"thumbnailUrl":"https:\/\/www.bodegasballesteros.es\/wp-content\/uploads\/2024\/09\/foto-42.png","datePublished":"2024-09-05T22:11:39+00:00","dateModified":"2024-09-05T22:11:40+00:00","description":"El Ribera del Duero Tierra de Aranda Joven es perfecto para aquellos que prefieren un vino tinto f\u00e1cil de beber y lleno de frescura. Ideal para disfrutar en una comida informal, celebraciones o como acompa\u00f1amiento de aperitivos, siendo una excelente opci\u00f3n para compartir con amigos y familiares.","breadcrumb":{"@id":"https:\/\/www.bodegasballesteros.es\/tienda\/otros-vinos\/ribera-del-duero-tierra-de-aranda-joven\/#breadcrumb"},"inLanguage":"en-US","potentialAction":[{"@type":"ReadAction","target":["https:\/\/www.bodegasballesteros.es\/tienda\/otros-vinos\/ribera-del-duero-tierra-de-aranda-joven\/"]}]},{"@type":"ImageObject","inLanguage":"en-US","@id":"https:\/\/www.bodegasballesteros.es\/tienda\/otros-vinos\/ribera-del-duero-tierra-de-aranda-joven\/#primaryimage","url":"https:\/\/www.bodegasballesteros.es\/wp-content\/uploads\/2024\/09\/foto-42.png","contentUrl":"https:\/\/www.bodegasballesteros.es\/wp-content\/uploads\/2024\/09\/foto-42.png","width":1500,"height":2000},{"@type":"BreadcrumbList","@id":"https:\/\/www.bodegasballesteros.es\/tienda\/otros-vinos\/ribera-del-duero-tierra-de-aranda-joven\/#breadcrumb","itemListElement":[{"@type":"ListItem","position":1,"name":"Portada","item":"https:\/\/www.bodegasballesteros.es\/"},{"@type":"ListItem","position":2,"name":"Tienda default","item":"https:\/\/www.bodegasballesteros.es\/tienda-default\/"},{"@type":"ListItem","position":3,"name":"Ribera del Duero Tierra de Aranda Joven"}]},{"@type":"WebSite","@id":"https:\/\/www.bodegasballesteros.es\/#website","url":"https:\/\/www.bodegasballesteros.es\/","name":"Bodegas Ballesteros","description":"Bodegas Ballesteros SL desde 1.925","publisher":{"@id":"https:\/\/www.bodegasballesteros.es\/#organization"},"potentialAction":[{"@type":"SearchAction","target":{"@type":"EntryPoint","urlTemplate":"https:\/\/www.bodegasballesteros.es\/?s={search_term_string}"},"query-input":{"@type":"PropertyValueSpecification","valueRequired":true,"valueName":"search_term_string"}}],"inLanguage":"en-US"},{"@type":"Organization","@id":"https:\/\/www.bodegasballesteros.es\/#organization","name":"Bodegas Ballesteros","url":"https:\/\/www.bodegasballesteros.es\/","logo":{"@type":"ImageObject","inLanguage":"en-US","@id":"https:\/\/www.bodegasballesteros.es\/#\/schema\/logo\/image\/","url":"https:\/\/www.bodegasballesteros.es\/wp-content\/uploads\/2024\/08\/logo.jpg","contentUrl":"https:\/\/www.bodegasballesteros.es\/wp-content\/uploads\/2024\/08\/logo.jpg","width":630,"height":674,"caption":"Bodegas Ballesteros"},"image":{"@id":"https:\/\/www.bodegasballesteros.es\/#\/schema\/logo\/image\/"}}]}},"_links":{"self":[{"href":"https:\/\/www.bodegasballesteros.es\/en\/wp-json\/wp\/v2\/product\/266","targetHints":{"allow":["GET"]}}],"collection":[{"href":"https:\/\/www.bodegasballesteros.es\/en\/wp-json\/wp\/v2\/product"}],"about":[{"href":"https:\/\/www.bodegasballesteros.es\/en\/wp-json\/wp\/v2\/types\/product"}],"version-history":[{"count":1,"href":"https:\/\/www.bodegasballesteros.es\/en\/wp-json\/wp\/v2\/product\/266\/revisions"}],"predecessor-version":[{"id":268,"href":"https:\/\/www.bodegasballesteros.es\/en\/wp-json\/wp\/v2\/product\/266\/revisions\/268"}],"wp:featuredmedia":[{"embeddable":true,"href":"https:\/\/www.bodegasballesteros.es\/en\/wp-json\/wp\/v2\/media\/267"}],"wp:attachment":[{"href":"https:\/\/www.bodegasballesteros.es\/en\/wp-json\/wp\/v2\/media?parent=266"}],"wp:term":[{"taxonomy":"product_cat","embeddable":true,"href":"https:\/\/www.bodegasballesteros.es\/en\/wp-json\/wp\/v2\/product_cat?post=266"},{"taxonomy":"product_tag","embeddable":true,"href":"https:\/\/www.bodegasballesteros.es\/en\/wp-json\/wp\/v2\/product_tag?post=266"}],"curies":[{"name":"wp","href":"https:\/\/api.w.org\/{rel}","templated":true}]}}