{"id":260,"date":"2024-09-06T00:11:40","date_gmt":"2024-09-05T22:11:40","guid":{"rendered":"http:\/\/www.bodegasballesteros.es\/?post_type=product&#038;p=260"},"modified":"2024-09-06T00:11:40","modified_gmt":"2024-09-05T22:11:40","slug":"ribera-del-duero-valdebodega-tempranillo","status":"publish","type":"product","link":"https:\/\/www.bodegasballesteros.es\/en\/tienda\/otros-vinos\/ribera-del-duero-valdebodega-tempranillo\/","title":{"rendered":"Ribera del Duero Valdebodega Tempranillo"},"content":{"rendered":"<p>El <strong>Ribera del Duero Valdebodega Tempranillo<\/strong> es un vino tinto de calidad superior, elaborado con la uva <strong>Tempranillo<\/strong>, la variedad emblem\u00e1tica de la Denominaci\u00f3n de Origen Ribera del Duero. Este vino destaca por su complejidad y elegancia, siendo una fiel expresi\u00f3n del terru\u00f1o castellano.<\/p>\n","protected":false},"excerpt":{"rendered":"<p>Aroma de frutas negras maduras, toques especiados y notas de roble, sabor: Potente, estructurado y equilibrado, con taninos redondos y un final largo. Ideal para acompa\u00f1ar carnes rojas, platos de caza, guisos, y quesos curados.<\/p>\n","protected":false},"featured_media":261,"template":"","meta":[],"product_cat":[24],"product_tag":[],"class_list":{"0":"post-260","1":"product","2":"type-product","3":"status-publish","4":"has-post-thumbnail","6":"product_cat-otros-vinos","8":"first","9":"instock","10":"taxable","11":"shipping-taxable","12":"purchasable","13":"product-type-simple"},"yoast_head":"<!-- This site is optimized with the Yoast SEO plugin v23.9 - https:\/\/yoast.com\/wordpress\/plugins\/seo\/ -->\n<title>Ribera del Duero Valdebodega Tempranillo - Bodegas Ballesteros<\/title>\n<meta name=\"description\" content=\"El Ribera del Duero Valdebodega Tempranillo es perfecto para aquellos que buscan un vino tinto con car\u00e1cter y profundidad, ideal para disfrutar en ocasiones especiales o como acompa\u00f1amiento de una comida robusta, ofreciendo una experiencia completa de la tradici\u00f3n vitivin\u00edcola de Ribera del Duero.\" \/>\n<meta name=\"robots\" content=\"index, follow, max-snippet:-1, max-image-preview:large, max-video-preview:-1\" \/>\n<link rel=\"canonical\" href=\"https:\/\/www.bodegasballesteros.es\/en\/tienda\/otros-vinos\/ribera-del-duero-valdebodega-tempranillo\/\" \/>\n<meta property=\"og:locale\" content=\"en_US\" \/>\n<meta property=\"og:locale:alternate\" content=\"es_ES\" \/>\n<meta property=\"og:type\" content=\"article\" \/>\n<meta property=\"og:title\" content=\"Ribera del Duero Valdebodega Tempranillo\" \/>\n<meta property=\"og:description\" content=\"El Ribera del Duero Valdebodega Tempranillo es perfecto para aquellos que buscan un vino tinto con car\u00e1cter y profundidad, ideal para disfrutar en ocasiones especiales o como acompa\u00f1amiento de una comida robusta, ofreciendo una experiencia completa de la tradici\u00f3n vitivin\u00edcola de Ribera del Duero.\" \/>\n<meta property=\"og:url\" content=\"https:\/\/www.bodegasballesteros.es\/en\/tienda\/otros-vinos\/ribera-del-duero-valdebodega-tempranillo\/\" \/>\n<meta property=\"og:site_name\" content=\"Bodegas Ballesteros\" \/>\n<meta property=\"og:image\" content=\"https:\/\/www.bodegasballesteros.es\/wp-content\/uploads\/2024\/09\/foto-40.png\" \/>\n\t<meta property=\"og:image:width\" content=\"1500\" \/>\n\t<meta property=\"og:image:height\" content=\"2000\" \/>\n\t<meta property=\"og:image:type\" content=\"image\/png\" \/>\n<meta name=\"twitter:card\" content=\"summary_large_image\" \/>\n<meta name=\"twitter:label1\" content=\"Est. reading time\" \/>\n\t<meta name=\"twitter:data1\" content=\"1 minute\" \/>\n<script type=\"application\/ld+json\" class=\"yoast-schema-graph\">{\"@context\":\"https:\/\/schema.org\",\"@graph\":[{\"@type\":\"WebPage\",\"@id\":\"https:\/\/www.bodegasballesteros.es\/tienda\/otros-vinos\/ribera-del-duero-valdebodega-tempranillo\/\",\"url\":\"https:\/\/www.bodegasballesteros.es\/tienda\/otros-vinos\/ribera-del-duero-valdebodega-tempranillo\/\",\"name\":\"Ribera del Duero Valdebodega Tempranillo\",\"isPartOf\":{\"@id\":\"https:\/\/www.bodegasballesteros.es\/#website\"},\"primaryImageOfPage\":{\"@id\":\"https:\/\/www.bodegasballesteros.es\/tienda\/otros-vinos\/ribera-del-duero-valdebodega-tempranillo\/#primaryimage\"},\"image\":{\"@id\":\"https:\/\/www.bodegasballesteros.es\/tienda\/otros-vinos\/ribera-del-duero-valdebodega-tempranillo\/#primaryimage\"},\"thumbnailUrl\":\"https:\/\/www.bodegasballesteros.es\/wp-content\/uploads\/2024\/09\/foto-40.png\",\"datePublished\":\"2024-09-05T22:11:40+00:00\",\"dateModified\":\"2024-09-05T22:11:40+00:00\",\"description\":\"El Ribera del Duero Valdebodega Tempranillo es perfecto para aquellos que buscan un vino tinto con car\u00e1cter y profundidad, ideal para disfrutar en ocasiones especiales o como acompa\u00f1amiento de una comida robusta, ofreciendo una experiencia completa de la tradici\u00f3n vitivin\u00edcola de Ribera del Duero.\",\"breadcrumb\":{\"@id\":\"https:\/\/www.bodegasballesteros.es\/tienda\/otros-vinos\/ribera-del-duero-valdebodega-tempranillo\/#breadcrumb\"},\"inLanguage\":\"en-US\",\"potentialAction\":[{\"@type\":\"ReadAction\",\"target\":[\"https:\/\/www.bodegasballesteros.es\/tienda\/otros-vinos\/ribera-del-duero-valdebodega-tempranillo\/\"]}]},{\"@type\":\"ImageObject\",\"inLanguage\":\"en-US\",\"@id\":\"https:\/\/www.bodegasballesteros.es\/tienda\/otros-vinos\/ribera-del-duero-valdebodega-tempranillo\/#primaryimage\",\"url\":\"https:\/\/www.bodegasballesteros.es\/wp-content\/uploads\/2024\/09\/foto-40.png\",\"contentUrl\":\"https:\/\/www.bodegasballesteros.es\/wp-content\/uploads\/2024\/09\/foto-40.png\",\"width\":1500,\"height\":2000},{\"@type\":\"BreadcrumbList\",\"@id\":\"https:\/\/www.bodegasballesteros.es\/tienda\/otros-vinos\/ribera-del-duero-valdebodega-tempranillo\/#breadcrumb\",\"itemListElement\":[{\"@type\":\"ListItem\",\"position\":1,\"name\":\"Portada\",\"item\":\"https:\/\/www.bodegasballesteros.es\/\"},{\"@type\":\"ListItem\",\"position\":2,\"name\":\"Tienda default\",\"item\":\"https:\/\/www.bodegasballesteros.es\/tienda-default\/\"},{\"@type\":\"ListItem\",\"position\":3,\"name\":\"Ribera del Duero Valdebodega Tempranillo\"}]},{\"@type\":\"WebSite\",\"@id\":\"https:\/\/www.bodegasballesteros.es\/#website\",\"url\":\"https:\/\/www.bodegasballesteros.es\/\",\"name\":\"Bodegas Ballesteros\",\"description\":\"Bodegas Ballesteros SL desde 1.925\",\"publisher\":{\"@id\":\"https:\/\/www.bodegasballesteros.es\/#organization\"},\"potentialAction\":[{\"@type\":\"SearchAction\",\"target\":{\"@type\":\"EntryPoint\",\"urlTemplate\":\"https:\/\/www.bodegasballesteros.es\/?s={search_term_string}\"},\"query-input\":{\"@type\":\"PropertyValueSpecification\",\"valueRequired\":true,\"valueName\":\"search_term_string\"}}],\"inLanguage\":\"en-US\"},{\"@type\":\"Organization\",\"@id\":\"https:\/\/www.bodegasballesteros.es\/#organization\",\"name\":\"Bodegas Ballesteros\",\"url\":\"https:\/\/www.bodegasballesteros.es\/\",\"logo\":{\"@type\":\"ImageObject\",\"inLanguage\":\"en-US\",\"@id\":\"https:\/\/www.bodegasballesteros.es\/#\/schema\/logo\/image\/\",\"url\":\"https:\/\/www.bodegasballesteros.es\/wp-content\/uploads\/2024\/08\/logo.jpg\",\"contentUrl\":\"https:\/\/www.bodegasballesteros.es\/wp-content\/uploads\/2024\/08\/logo.jpg\",\"width\":630,\"height\":674,\"caption\":\"Bodegas Ballesteros\"},\"image\":{\"@id\":\"https:\/\/www.bodegasballesteros.es\/#\/schema\/logo\/image\/\"}}]}<\/script>\n<!-- \/ Yoast SEO plugin. -->","yoast_head_json":{"title":"Ribera del Duero Valdebodega Tempranillo - Bodegas Ballesteros","description":"El Ribera del Duero Valdebodega Tempranillo es perfecto para aquellos que buscan un vino tinto con car\u00e1cter y profundidad, ideal para disfrutar en ocasiones especiales o como acompa\u00f1amiento de una comida robusta, ofreciendo una experiencia completa de la tradici\u00f3n vitivin\u00edcola de Ribera del Duero.","robots":{"index":"index","follow":"follow","max-snippet":"max-snippet:-1","max-image-preview":"max-image-preview:large","max-video-preview":"max-video-preview:-1"},"canonical":"https:\/\/www.bodegasballesteros.es\/en\/tienda\/otros-vinos\/ribera-del-duero-valdebodega-tempranillo\/","og_locale":"en_US","og_type":"article","og_title":"[:es]Ribera del Duero Valdebodega Tempranillo[:] - Bodegas Ballesteros","og_description":"El Ribera del Duero Valdebodega Tempranillo es perfecto para aquellos que buscan un vino tinto con car\u00e1cter y profundidad, ideal para disfrutar en ocasiones especiales o como acompa\u00f1amiento de una comida robusta, ofreciendo una experiencia completa de la tradici\u00f3n vitivin\u00edcola de Ribera del Duero.","og_url":"https:\/\/www.bodegasballesteros.es\/en\/tienda\/otros-vinos\/ribera-del-duero-valdebodega-tempranillo\/","og_site_name":"Bodegas Ballesteros","og_image":[{"width":1500,"height":2000,"url":"https:\/\/www.bodegasballesteros.es\/wp-content\/uploads\/2024\/09\/foto-40.png","type":"image\/png"}],"twitter_card":"summary_large_image","twitter_misc":{"Est. reading time":"1 minute"},"schema":{"@context":"https:\/\/schema.org","@graph":[{"@type":"WebPage","@id":"https:\/\/www.bodegasballesteros.es\/tienda\/otros-vinos\/ribera-del-duero-valdebodega-tempranillo\/","url":"https:\/\/www.bodegasballesteros.es\/tienda\/otros-vinos\/ribera-del-duero-valdebodega-tempranillo\/","name":"Ribera del Duero Valdebodega Tempranillo","isPartOf":{"@id":"https:\/\/www.bodegasballesteros.es\/#website"},"primaryImageOfPage":{"@id":"https:\/\/www.bodegasballesteros.es\/tienda\/otros-vinos\/ribera-del-duero-valdebodega-tempranillo\/#primaryimage"},"image":{"@id":"https:\/\/www.bodegasballesteros.es\/tienda\/otros-vinos\/ribera-del-duero-valdebodega-tempranillo\/#primaryimage"},"thumbnailUrl":"https:\/\/www.bodegasballesteros.es\/wp-content\/uploads\/2024\/09\/foto-40.png","datePublished":"2024-09-05T22:11:40+00:00","dateModified":"2024-09-05T22:11:40+00:00","description":"El Ribera del Duero Valdebodega Tempranillo es perfecto para aquellos que buscan un vino tinto con car\u00e1cter y profundidad, ideal para disfrutar en ocasiones especiales o como acompa\u00f1amiento de una comida robusta, ofreciendo una experiencia completa de la tradici\u00f3n vitivin\u00edcola de Ribera del Duero.","breadcrumb":{"@id":"https:\/\/www.bodegasballesteros.es\/tienda\/otros-vinos\/ribera-del-duero-valdebodega-tempranillo\/#breadcrumb"},"inLanguage":"en-US","potentialAction":[{"@type":"ReadAction","target":["https:\/\/www.bodegasballesteros.es\/tienda\/otros-vinos\/ribera-del-duero-valdebodega-tempranillo\/"]}]},{"@type":"ImageObject","inLanguage":"en-US","@id":"https:\/\/www.bodegasballesteros.es\/tienda\/otros-vinos\/ribera-del-duero-valdebodega-tempranillo\/#primaryimage","url":"https:\/\/www.bodegasballesteros.es\/wp-content\/uploads\/2024\/09\/foto-40.png","contentUrl":"https:\/\/www.bodegasballesteros.es\/wp-content\/uploads\/2024\/09\/foto-40.png","width":1500,"height":2000},{"@type":"BreadcrumbList","@id":"https:\/\/www.bodegasballesteros.es\/tienda\/otros-vinos\/ribera-del-duero-valdebodega-tempranillo\/#breadcrumb","itemListElement":[{"@type":"ListItem","position":1,"name":"Portada","item":"https:\/\/www.bodegasballesteros.es\/"},{"@type":"ListItem","position":2,"name":"Tienda default","item":"https:\/\/www.bodegasballesteros.es\/tienda-default\/"},{"@type":"ListItem","position":3,"name":"Ribera del Duero Valdebodega Tempranillo"}]},{"@type":"WebSite","@id":"https:\/\/www.bodegasballesteros.es\/#website","url":"https:\/\/www.bodegasballesteros.es\/","name":"Bodegas Ballesteros","description":"Bodegas Ballesteros SL desde 1.925","publisher":{"@id":"https:\/\/www.bodegasballesteros.es\/#organization"},"potentialAction":[{"@type":"SearchAction","target":{"@type":"EntryPoint","urlTemplate":"https:\/\/www.bodegasballesteros.es\/?s={search_term_string}"},"query-input":{"@type":"PropertyValueSpecification","valueRequired":true,"valueName":"search_term_string"}}],"inLanguage":"en-US"},{"@type":"Organization","@id":"https:\/\/www.bodegasballesteros.es\/#organization","name":"Bodegas Ballesteros","url":"https:\/\/www.bodegasballesteros.es\/","logo":{"@type":"ImageObject","inLanguage":"en-US","@id":"https:\/\/www.bodegasballesteros.es\/#\/schema\/logo\/image\/","url":"https:\/\/www.bodegasballesteros.es\/wp-content\/uploads\/2024\/08\/logo.jpg","contentUrl":"https:\/\/www.bodegasballesteros.es\/wp-content\/uploads\/2024\/08\/logo.jpg","width":630,"height":674,"caption":"Bodegas Ballesteros"},"image":{"@id":"https:\/\/www.bodegasballesteros.es\/#\/schema\/logo\/image\/"}}]}},"_links":{"self":[{"href":"https:\/\/www.bodegasballesteros.es\/en\/wp-json\/wp\/v2\/product\/260","targetHints":{"allow":["GET"]}}],"collection":[{"href":"https:\/\/www.bodegasballesteros.es\/en\/wp-json\/wp\/v2\/product"}],"about":[{"href":"https:\/\/www.bodegasballesteros.es\/en\/wp-json\/wp\/v2\/types\/product"}],"version-history":[{"count":1,"href":"https:\/\/www.bodegasballesteros.es\/en\/wp-json\/wp\/v2\/product\/260\/revisions"}],"predecessor-version":[{"id":262,"href":"https:\/\/www.bodegasballesteros.es\/en\/wp-json\/wp\/v2\/product\/260\/revisions\/262"}],"wp:featuredmedia":[{"embeddable":true,"href":"https:\/\/www.bodegasballesteros.es\/en\/wp-json\/wp\/v2\/media\/261"}],"wp:attachment":[{"href":"https:\/\/www.bodegasballesteros.es\/en\/wp-json\/wp\/v2\/media?parent=260"}],"wp:term":[{"taxonomy":"product_cat","embeddable":true,"href":"https:\/\/www.bodegasballesteros.es\/en\/wp-json\/wp\/v2\/product_cat?post=260"},{"taxonomy":"product_tag","embeddable":true,"href":"https:\/\/www.bodegasballesteros.es\/en\/wp-json\/wp\/v2\/product_tag?post=260"}],"curies":[{"name":"wp","href":"https:\/\/api.w.org\/{rel}","templated":true}]}}