{"id":251,"date":"2024-09-06T00:11:41","date_gmt":"2024-09-05T22:11:41","guid":{"rendered":"http:\/\/www.bodegasballesteros.es\/?post_type=product&#038;p=251"},"modified":"2024-09-06T00:11:42","modified_gmt":"2024-09-05T22:11:42","slug":"lara-blanco-godello","status":"publish","type":"product","link":"https:\/\/www.bodegasballesteros.es\/en\/tienda\/otros-vinos\/lara-blanco-godello\/","title":{"rendered":"Lara Blanco Godello"},"content":{"rendered":"<p>El <strong>Lara Blanco Godello<\/strong> es un vino blanco elegante y fresco, elaborado con la variedad de uva <strong>Godello<\/strong>, que destaca en la Denominaci\u00f3n de Origen Valdeorras. Este vino es conocido por su complejidad y su expresi\u00f3n mineral, ofreciendo una experiencia sensorial \u00fanica que refleja la esencia de su terru\u00f1o<\/p>\n","protected":false},"excerpt":{"rendered":"<p>Aroma de frutas blancas, notas c\u00edtricas y florales, sabor Vivo, equilibrado y fresco, con una acidez refrescante y un final mineral. Ideal para acompa\u00f1ar mariscos, pescados, ensaladas y platos de cocina mediterr\u00e1nea.<\/p>\n","protected":false},"featured_media":252,"template":"","meta":[],"product_cat":[24],"product_tag":[],"class_list":{"0":"post-251","1":"product","2":"type-product","3":"status-publish","4":"has-post-thumbnail","6":"product_cat-otros-vinos","8":"first","9":"instock","10":"taxable","11":"shipping-taxable","12":"purchasable","13":"product-type-simple"},"yoast_head":"<!-- This site is optimized with the Yoast SEO plugin v23.9 - https:\/\/yoast.com\/wordpress\/plugins\/seo\/ -->\n<title>Lara Blanco Godello - Bodegas Ballesteros<\/title>\n<meta name=\"description\" content=\"El Lara Blanco Godello es perfecto para quienes buscan un vino blanco con car\u00e1cter y sofisticaci\u00f3n, ideal para disfrutar en cualquier ocasi\u00f3n, desde una comida ligera hasta una celebraci\u00f3n especial, brindando una experiencia aut\u00e9ntica de la riqueza vitivin\u00edcola gallega.\" \/>\n<meta name=\"robots\" content=\"index, follow, max-snippet:-1, max-image-preview:large, max-video-preview:-1\" \/>\n<link rel=\"canonical\" href=\"https:\/\/www.bodegasballesteros.es\/en\/tienda\/otros-vinos\/lara-blanco-godello\/\" \/>\n<meta property=\"og:locale\" content=\"en_US\" \/>\n<meta property=\"og:locale:alternate\" content=\"es_ES\" \/>\n<meta property=\"og:type\" content=\"article\" \/>\n<meta property=\"og:title\" content=\"Lara Blanco Godello\" \/>\n<meta property=\"og:description\" content=\"El Lara Blanco Godello es perfecto para quienes buscan un vino blanco con car\u00e1cter y sofisticaci\u00f3n, ideal para disfrutar en cualquier ocasi\u00f3n, desde una comida ligera hasta una celebraci\u00f3n especial, brindando una experiencia aut\u00e9ntica de la riqueza vitivin\u00edcola gallega.\" \/>\n<meta property=\"og:url\" content=\"https:\/\/www.bodegasballesteros.es\/en\/tienda\/otros-vinos\/lara-blanco-godello\/\" \/>\n<meta property=\"og:site_name\" content=\"Bodegas Ballesteros\" \/>\n<meta property=\"article:modified_time\" content=\"2024-09-05T22:11:42+00:00\" \/>\n<meta property=\"og:image\" content=\"https:\/\/www.bodegasballesteros.es\/wp-content\/uploads\/2024\/09\/foto-34.png\" \/>\n\t<meta property=\"og:image:width\" content=\"1500\" \/>\n\t<meta property=\"og:image:height\" content=\"2000\" \/>\n\t<meta property=\"og:image:type\" content=\"image\/png\" \/>\n<meta name=\"twitter:card\" content=\"summary_large_image\" \/>\n<meta name=\"twitter:label1\" content=\"Est. reading time\" \/>\n\t<meta name=\"twitter:data1\" content=\"1 minute\" \/>\n<script type=\"application\/ld+json\" class=\"yoast-schema-graph\">{\"@context\":\"https:\/\/schema.org\",\"@graph\":[{\"@type\":\"WebPage\",\"@id\":\"https:\/\/www.bodegasballesteros.es\/tienda\/otros-vinos\/lara-blanco-godello\/\",\"url\":\"https:\/\/www.bodegasballesteros.es\/tienda\/otros-vinos\/lara-blanco-godello\/\",\"name\":\"Lara Blanco Godello\",\"isPartOf\":{\"@id\":\"https:\/\/www.bodegasballesteros.es\/#website\"},\"primaryImageOfPage\":{\"@id\":\"https:\/\/www.bodegasballesteros.es\/tienda\/otros-vinos\/lara-blanco-godello\/#primaryimage\"},\"image\":{\"@id\":\"https:\/\/www.bodegasballesteros.es\/tienda\/otros-vinos\/lara-blanco-godello\/#primaryimage\"},\"thumbnailUrl\":\"https:\/\/www.bodegasballesteros.es\/wp-content\/uploads\/2024\/09\/foto-34.png\",\"datePublished\":\"2024-09-05T22:11:41+00:00\",\"dateModified\":\"2024-09-05T22:11:42+00:00\",\"description\":\"El Lara Blanco Godello es perfecto para quienes buscan un vino blanco con car\u00e1cter y sofisticaci\u00f3n, ideal para disfrutar en cualquier ocasi\u00f3n, desde una comida ligera hasta una celebraci\u00f3n especial, brindando una experiencia aut\u00e9ntica de la riqueza vitivin\u00edcola gallega.\",\"breadcrumb\":{\"@id\":\"https:\/\/www.bodegasballesteros.es\/tienda\/otros-vinos\/lara-blanco-godello\/#breadcrumb\"},\"inLanguage\":\"en-US\",\"potentialAction\":[{\"@type\":\"ReadAction\",\"target\":[\"https:\/\/www.bodegasballesteros.es\/tienda\/otros-vinos\/lara-blanco-godello\/\"]}]},{\"@type\":\"ImageObject\",\"inLanguage\":\"en-US\",\"@id\":\"https:\/\/www.bodegasballesteros.es\/tienda\/otros-vinos\/lara-blanco-godello\/#primaryimage\",\"url\":\"https:\/\/www.bodegasballesteros.es\/wp-content\/uploads\/2024\/09\/foto-34.png\",\"contentUrl\":\"https:\/\/www.bodegasballesteros.es\/wp-content\/uploads\/2024\/09\/foto-34.png\",\"width\":1500,\"height\":2000},{\"@type\":\"BreadcrumbList\",\"@id\":\"https:\/\/www.bodegasballesteros.es\/tienda\/otros-vinos\/lara-blanco-godello\/#breadcrumb\",\"itemListElement\":[{\"@type\":\"ListItem\",\"position\":1,\"name\":\"Portada\",\"item\":\"https:\/\/www.bodegasballesteros.es\/\"},{\"@type\":\"ListItem\",\"position\":2,\"name\":\"Tienda default\",\"item\":\"https:\/\/www.bodegasballesteros.es\/tienda-default\/\"},{\"@type\":\"ListItem\",\"position\":3,\"name\":\"Lara Blanco Godello\"}]},{\"@type\":\"WebSite\",\"@id\":\"https:\/\/www.bodegasballesteros.es\/#website\",\"url\":\"https:\/\/www.bodegasballesteros.es\/\",\"name\":\"Bodegas Ballesteros\",\"description\":\"Bodegas Ballesteros SL desde 1.925\",\"publisher\":{\"@id\":\"https:\/\/www.bodegasballesteros.es\/#organization\"},\"potentialAction\":[{\"@type\":\"SearchAction\",\"target\":{\"@type\":\"EntryPoint\",\"urlTemplate\":\"https:\/\/www.bodegasballesteros.es\/?s={search_term_string}\"},\"query-input\":{\"@type\":\"PropertyValueSpecification\",\"valueRequired\":true,\"valueName\":\"search_term_string\"}}],\"inLanguage\":\"en-US\"},{\"@type\":\"Organization\",\"@id\":\"https:\/\/www.bodegasballesteros.es\/#organization\",\"name\":\"Bodegas Ballesteros\",\"url\":\"https:\/\/www.bodegasballesteros.es\/\",\"logo\":{\"@type\":\"ImageObject\",\"inLanguage\":\"en-US\",\"@id\":\"https:\/\/www.bodegasballesteros.es\/#\/schema\/logo\/image\/\",\"url\":\"https:\/\/www.bodegasballesteros.es\/wp-content\/uploads\/2024\/08\/logo.jpg\",\"contentUrl\":\"https:\/\/www.bodegasballesteros.es\/wp-content\/uploads\/2024\/08\/logo.jpg\",\"width\":630,\"height\":674,\"caption\":\"Bodegas Ballesteros\"},\"image\":{\"@id\":\"https:\/\/www.bodegasballesteros.es\/#\/schema\/logo\/image\/\"}}]}<\/script>\n<!-- \/ Yoast SEO plugin. -->","yoast_head_json":{"title":"Lara Blanco Godello - Bodegas Ballesteros","description":"El Lara Blanco Godello es perfecto para quienes buscan un vino blanco con car\u00e1cter y sofisticaci\u00f3n, ideal para disfrutar en cualquier ocasi\u00f3n, desde una comida ligera hasta una celebraci\u00f3n especial, brindando una experiencia aut\u00e9ntica de la riqueza vitivin\u00edcola gallega.","robots":{"index":"index","follow":"follow","max-snippet":"max-snippet:-1","max-image-preview":"max-image-preview:large","max-video-preview":"max-video-preview:-1"},"canonical":"https:\/\/www.bodegasballesteros.es\/en\/tienda\/otros-vinos\/lara-blanco-godello\/","og_locale":"en_US","og_type":"article","og_title":"[:es]Lara Blanco Godello[:] - Bodegas Ballesteros","og_description":"El Lara Blanco Godello es perfecto para quienes buscan un vino blanco con car\u00e1cter y sofisticaci\u00f3n, ideal para disfrutar en cualquier ocasi\u00f3n, desde una comida ligera hasta una celebraci\u00f3n especial, brindando una experiencia aut\u00e9ntica de la riqueza vitivin\u00edcola gallega.","og_url":"https:\/\/www.bodegasballesteros.es\/en\/tienda\/otros-vinos\/lara-blanco-godello\/","og_site_name":"Bodegas Ballesteros","article_modified_time":"2024-09-05T22:11:42+00:00","og_image":[{"width":1500,"height":2000,"url":"https:\/\/www.bodegasballesteros.es\/wp-content\/uploads\/2024\/09\/foto-34.png","type":"image\/png"}],"twitter_card":"summary_large_image","twitter_misc":{"Est. reading time":"1 minute"},"schema":{"@context":"https:\/\/schema.org","@graph":[{"@type":"WebPage","@id":"https:\/\/www.bodegasballesteros.es\/tienda\/otros-vinos\/lara-blanco-godello\/","url":"https:\/\/www.bodegasballesteros.es\/tienda\/otros-vinos\/lara-blanco-godello\/","name":"Lara Blanco Godello","isPartOf":{"@id":"https:\/\/www.bodegasballesteros.es\/#website"},"primaryImageOfPage":{"@id":"https:\/\/www.bodegasballesteros.es\/tienda\/otros-vinos\/lara-blanco-godello\/#primaryimage"},"image":{"@id":"https:\/\/www.bodegasballesteros.es\/tienda\/otros-vinos\/lara-blanco-godello\/#primaryimage"},"thumbnailUrl":"https:\/\/www.bodegasballesteros.es\/wp-content\/uploads\/2024\/09\/foto-34.png","datePublished":"2024-09-05T22:11:41+00:00","dateModified":"2024-09-05T22:11:42+00:00","description":"El Lara Blanco Godello es perfecto para quienes buscan un vino blanco con car\u00e1cter y sofisticaci\u00f3n, ideal para disfrutar en cualquier ocasi\u00f3n, desde una comida ligera hasta una celebraci\u00f3n especial, brindando una experiencia aut\u00e9ntica de la riqueza vitivin\u00edcola gallega.","breadcrumb":{"@id":"https:\/\/www.bodegasballesteros.es\/tienda\/otros-vinos\/lara-blanco-godello\/#breadcrumb"},"inLanguage":"en-US","potentialAction":[{"@type":"ReadAction","target":["https:\/\/www.bodegasballesteros.es\/tienda\/otros-vinos\/lara-blanco-godello\/"]}]},{"@type":"ImageObject","inLanguage":"en-US","@id":"https:\/\/www.bodegasballesteros.es\/tienda\/otros-vinos\/lara-blanco-godello\/#primaryimage","url":"https:\/\/www.bodegasballesteros.es\/wp-content\/uploads\/2024\/09\/foto-34.png","contentUrl":"https:\/\/www.bodegasballesteros.es\/wp-content\/uploads\/2024\/09\/foto-34.png","width":1500,"height":2000},{"@type":"BreadcrumbList","@id":"https:\/\/www.bodegasballesteros.es\/tienda\/otros-vinos\/lara-blanco-godello\/#breadcrumb","itemListElement":[{"@type":"ListItem","position":1,"name":"Portada","item":"https:\/\/www.bodegasballesteros.es\/"},{"@type":"ListItem","position":2,"name":"Tienda default","item":"https:\/\/www.bodegasballesteros.es\/tienda-default\/"},{"@type":"ListItem","position":3,"name":"Lara Blanco Godello"}]},{"@type":"WebSite","@id":"https:\/\/www.bodegasballesteros.es\/#website","url":"https:\/\/www.bodegasballesteros.es\/","name":"Bodegas Ballesteros","description":"Bodegas Ballesteros SL desde 1.925","publisher":{"@id":"https:\/\/www.bodegasballesteros.es\/#organization"},"potentialAction":[{"@type":"SearchAction","target":{"@type":"EntryPoint","urlTemplate":"https:\/\/www.bodegasballesteros.es\/?s={search_term_string}"},"query-input":{"@type":"PropertyValueSpecification","valueRequired":true,"valueName":"search_term_string"}}],"inLanguage":"en-US"},{"@type":"Organization","@id":"https:\/\/www.bodegasballesteros.es\/#organization","name":"Bodegas Ballesteros","url":"https:\/\/www.bodegasballesteros.es\/","logo":{"@type":"ImageObject","inLanguage":"en-US","@id":"https:\/\/www.bodegasballesteros.es\/#\/schema\/logo\/image\/","url":"https:\/\/www.bodegasballesteros.es\/wp-content\/uploads\/2024\/08\/logo.jpg","contentUrl":"https:\/\/www.bodegasballesteros.es\/wp-content\/uploads\/2024\/08\/logo.jpg","width":630,"height":674,"caption":"Bodegas Ballesteros"},"image":{"@id":"https:\/\/www.bodegasballesteros.es\/#\/schema\/logo\/image\/"}}]}},"_links":{"self":[{"href":"https:\/\/www.bodegasballesteros.es\/en\/wp-json\/wp\/v2\/product\/251","targetHints":{"allow":["GET"]}}],"collection":[{"href":"https:\/\/www.bodegasballesteros.es\/en\/wp-json\/wp\/v2\/product"}],"about":[{"href":"https:\/\/www.bodegasballesteros.es\/en\/wp-json\/wp\/v2\/types\/product"}],"version-history":[{"count":1,"href":"https:\/\/www.bodegasballesteros.es\/en\/wp-json\/wp\/v2\/product\/251\/revisions"}],"predecessor-version":[{"id":253,"href":"https:\/\/www.bodegasballesteros.es\/en\/wp-json\/wp\/v2\/product\/251\/revisions\/253"}],"wp:featuredmedia":[{"embeddable":true,"href":"https:\/\/www.bodegasballesteros.es\/en\/wp-json\/wp\/v2\/media\/252"}],"wp:attachment":[{"href":"https:\/\/www.bodegasballesteros.es\/en\/wp-json\/wp\/v2\/media?parent=251"}],"wp:term":[{"taxonomy":"product_cat","embeddable":true,"href":"https:\/\/www.bodegasballesteros.es\/en\/wp-json\/wp\/v2\/product_cat?post=251"},{"taxonomy":"product_tag","embeddable":true,"href":"https:\/\/www.bodegasballesteros.es\/en\/wp-json\/wp\/v2\/product_tag?post=251"}],"curies":[{"name":"wp","href":"https:\/\/api.w.org\/{rel}","templated":true}]}}