{"id":248,"date":"2024-09-06T00:11:42","date_gmt":"2024-09-05T22:11:42","guid":{"rendered":"http:\/\/www.bodegasballesteros.es\/?post_type=product&#038;p=248"},"modified":"2025-07-24T02:15:02","modified_gmt":"2025-07-24T00:15:02","slug":"ribeiro-catro-parroquias-treixadura","status":"publish","type":"product","link":"https:\/\/www.bodegasballesteros.es\/en\/tienda\/otros-vinos\/ribeiro-catro-parroquias-treixadura\/","title":{"rendered":"Ribeiro Catro Parroquias Treixadura"},"content":{"rendered":"<p>El <strong>Ribeiro Catro Parroquias Treixadura<\/strong> es un vino blanco excepcional que refleja la riqueza y diversidad de la Denominaci\u00f3n de Origen Ribeiro, ubicada en Galicia. Elaborado principalmente con la variedad de uva <strong>Treixadura<\/strong>, este vino es conocido por su frescura, complejidad y car\u00e1cter distintivo.<\/p>\n","protected":false},"excerpt":{"rendered":"<p>Aroma de Frutas blancas, notas florales y herb\u00e1ceas, sabor elegante, equilibrado y fresco, con acidez refrescante. Ideal para acompa\u00f1ar mariscos, pescados, arroces, y platos de cocina gallega.<\/p>\n","protected":false},"featured_media":249,"template":"","meta":[],"product_cat":[24],"product_tag":[],"class_list":{"0":"post-248","1":"product","2":"type-product","3":"status-publish","4":"has-post-thumbnail","6":"product_cat-otros-vinos","8":"first","9":"instock","10":"taxable","11":"shipping-taxable","12":"purchasable","13":"product-type-simple"},"yoast_head":"<!-- This site is optimized with the Yoast SEO plugin v23.9 - https:\/\/yoast.com\/wordpress\/plugins\/seo\/ -->\n<title>Ribeiro Catro Parroquias Treixadura - Bodegas Ballesteros<\/title>\n<meta name=\"description\" content=\"El Ribeiro Catro Parroquias Treixadura es perfecto para los amantes de los vinos blancos que buscan una experiencia aut\u00e9ntica y sofisticada. Es ideal para disfrutar en ocasiones especiales, celebraciones o simplemente para deleitarse en una comida con amigos y familiares, ofreciendo un viaje sensorial a trav\u00e9s de la tradici\u00f3n vitivin\u00edcola gallega.\" \/>\n<meta name=\"robots\" content=\"index, follow, max-snippet:-1, max-image-preview:large, max-video-preview:-1\" \/>\n<link rel=\"canonical\" href=\"https:\/\/www.bodegasballesteros.es\/en\/tienda\/otros-vinos\/ribeiro-catro-parroquias-treixadura\/\" \/>\n<meta property=\"og:locale\" content=\"en_US\" \/>\n<meta property=\"og:locale:alternate\" content=\"es_ES\" \/>\n<meta property=\"og:type\" content=\"article\" \/>\n<meta property=\"og:title\" content=\"Ribeiro Catro Parroquias Treixadura\" \/>\n<meta property=\"og:description\" content=\"El Ribeiro Catro Parroquias Treixadura es perfecto para los amantes de los vinos blancos que buscan una experiencia aut\u00e9ntica y sofisticada. Es ideal para disfrutar en ocasiones especiales, celebraciones o simplemente para deleitarse en una comida con amigos y familiares, ofreciendo un viaje sensorial a trav\u00e9s de la tradici\u00f3n vitivin\u00edcola gallega.\" \/>\n<meta property=\"og:url\" content=\"https:\/\/www.bodegasballesteros.es\/en\/tienda\/otros-vinos\/ribeiro-catro-parroquias-treixadura\/\" \/>\n<meta property=\"og:site_name\" content=\"Bodegas Ballesteros\" \/>\n<meta property=\"article:modified_time\" content=\"2025-07-24T00:15:02+00:00\" \/>\n<meta property=\"og:image\" content=\"http:\/\/www.bodegasballesteros.es\/wp-content\/uploads\/2024\/09\/foto-33a.png\" \/>\n\t<meta property=\"og:image:width\" content=\"1500\" \/>\n\t<meta property=\"og:image:height\" content=\"2000\" \/>\n\t<meta property=\"og:image:type\" content=\"image\/png\" \/>\n<meta name=\"twitter:card\" content=\"summary_large_image\" \/>\n<meta name=\"twitter:label1\" content=\"Est. reading time\" \/>\n\t<meta name=\"twitter:data1\" content=\"1 minute\" \/>\n<script type=\"application\/ld+json\" class=\"yoast-schema-graph\">{\"@context\":\"https:\/\/schema.org\",\"@graph\":[{\"@type\":\"WebPage\",\"@id\":\"https:\/\/www.bodegasballesteros.es\/tienda\/otros-vinos\/ribeiro-catro-parroquias-treixadura\/\",\"url\":\"https:\/\/www.bodegasballesteros.es\/tienda\/otros-vinos\/ribeiro-catro-parroquias-treixadura\/\",\"name\":\"Ribeiro Catro Parroquias Treixadura\",\"isPartOf\":{\"@id\":\"https:\/\/www.bodegasballesteros.es\/#website\"},\"primaryImageOfPage\":{\"@id\":\"https:\/\/www.bodegasballesteros.es\/tienda\/otros-vinos\/ribeiro-catro-parroquias-treixadura\/#primaryimage\"},\"image\":{\"@id\":\"https:\/\/www.bodegasballesteros.es\/tienda\/otros-vinos\/ribeiro-catro-parroquias-treixadura\/#primaryimage\"},\"thumbnailUrl\":\"https:\/\/www.bodegasballesteros.es\/wp-content\/uploads\/2024\/09\/foto-33a.png\",\"datePublished\":\"2024-09-05T22:11:42+00:00\",\"dateModified\":\"2025-07-24T00:15:02+00:00\",\"description\":\"El Ribeiro Catro Parroquias Treixadura es perfecto para los amantes de los vinos blancos que buscan una experiencia aut\u00e9ntica y sofisticada. Es ideal para disfrutar en ocasiones especiales, celebraciones o simplemente para deleitarse en una comida con amigos y familiares, ofreciendo un viaje sensorial a trav\u00e9s de la tradici\u00f3n vitivin\u00edcola gallega.\",\"breadcrumb\":{\"@id\":\"https:\/\/www.bodegasballesteros.es\/tienda\/otros-vinos\/ribeiro-catro-parroquias-treixadura\/#breadcrumb\"},\"inLanguage\":\"en-US\",\"potentialAction\":[{\"@type\":\"ReadAction\",\"target\":[\"https:\/\/www.bodegasballesteros.es\/tienda\/otros-vinos\/ribeiro-catro-parroquias-treixadura\/\"]}]},{\"@type\":\"ImageObject\",\"inLanguage\":\"en-US\",\"@id\":\"https:\/\/www.bodegasballesteros.es\/tienda\/otros-vinos\/ribeiro-catro-parroquias-treixadura\/#primaryimage\",\"url\":\"https:\/\/www.bodegasballesteros.es\/wp-content\/uploads\/2024\/09\/foto-33a.png\",\"contentUrl\":\"https:\/\/www.bodegasballesteros.es\/wp-content\/uploads\/2024\/09\/foto-33a.png\",\"width\":1500,\"height\":2000},{\"@type\":\"BreadcrumbList\",\"@id\":\"https:\/\/www.bodegasballesteros.es\/tienda\/otros-vinos\/ribeiro-catro-parroquias-treixadura\/#breadcrumb\",\"itemListElement\":[{\"@type\":\"ListItem\",\"position\":1,\"name\":\"Portada\",\"item\":\"https:\/\/www.bodegasballesteros.es\/\"},{\"@type\":\"ListItem\",\"position\":2,\"name\":\"Tienda default\",\"item\":\"https:\/\/www.bodegasballesteros.es\/tienda-default\/\"},{\"@type\":\"ListItem\",\"position\":3,\"name\":\"Ribeiro Catro Parroquias Treixadura\"}]},{\"@type\":\"WebSite\",\"@id\":\"https:\/\/www.bodegasballesteros.es\/#website\",\"url\":\"https:\/\/www.bodegasballesteros.es\/\",\"name\":\"Bodegas Ballesteros\",\"description\":\"Bodegas Ballesteros SL desde 1.925\",\"publisher\":{\"@id\":\"https:\/\/www.bodegasballesteros.es\/#organization\"},\"potentialAction\":[{\"@type\":\"SearchAction\",\"target\":{\"@type\":\"EntryPoint\",\"urlTemplate\":\"https:\/\/www.bodegasballesteros.es\/?s={search_term_string}\"},\"query-input\":{\"@type\":\"PropertyValueSpecification\",\"valueRequired\":true,\"valueName\":\"search_term_string\"}}],\"inLanguage\":\"en-US\"},{\"@type\":\"Organization\",\"@id\":\"https:\/\/www.bodegasballesteros.es\/#organization\",\"name\":\"Bodegas Ballesteros\",\"url\":\"https:\/\/www.bodegasballesteros.es\/\",\"logo\":{\"@type\":\"ImageObject\",\"inLanguage\":\"en-US\",\"@id\":\"https:\/\/www.bodegasballesteros.es\/#\/schema\/logo\/image\/\",\"url\":\"https:\/\/www.bodegasballesteros.es\/wp-content\/uploads\/2024\/08\/logo.jpg\",\"contentUrl\":\"https:\/\/www.bodegasballesteros.es\/wp-content\/uploads\/2024\/08\/logo.jpg\",\"width\":630,\"height\":674,\"caption\":\"Bodegas Ballesteros\"},\"image\":{\"@id\":\"https:\/\/www.bodegasballesteros.es\/#\/schema\/logo\/image\/\"}}]}<\/script>\n<!-- \/ Yoast SEO plugin. -->","yoast_head_json":{"title":"Ribeiro Catro Parroquias Treixadura - Bodegas Ballesteros","description":"El Ribeiro Catro Parroquias Treixadura es perfecto para los amantes de los vinos blancos que buscan una experiencia aut\u00e9ntica y sofisticada. Es ideal para disfrutar en ocasiones especiales, celebraciones o simplemente para deleitarse en una comida con amigos y familiares, ofreciendo un viaje sensorial a trav\u00e9s de la tradici\u00f3n vitivin\u00edcola gallega.","robots":{"index":"index","follow":"follow","max-snippet":"max-snippet:-1","max-image-preview":"max-image-preview:large","max-video-preview":"max-video-preview:-1"},"canonical":"https:\/\/www.bodegasballesteros.es\/en\/tienda\/otros-vinos\/ribeiro-catro-parroquias-treixadura\/","og_locale":"en_US","og_type":"article","og_title":"[:es]Ribeiro Catro Parroquias Treixadura[:] - Bodegas Ballesteros","og_description":"El Ribeiro Catro Parroquias Treixadura es perfecto para los amantes de los vinos blancos que buscan una experiencia aut\u00e9ntica y sofisticada. Es ideal para disfrutar en ocasiones especiales, celebraciones o simplemente para deleitarse en una comida con amigos y familiares, ofreciendo un viaje sensorial a trav\u00e9s de la tradici\u00f3n vitivin\u00edcola gallega.","og_url":"https:\/\/www.bodegasballesteros.es\/en\/tienda\/otros-vinos\/ribeiro-catro-parroquias-treixadura\/","og_site_name":"Bodegas Ballesteros","article_modified_time":"2025-07-24T00:15:02+00:00","og_image":[{"width":1500,"height":2000,"url":"http:\/\/www.bodegasballesteros.es\/wp-content\/uploads\/2024\/09\/foto-33a.png","type":"image\/png"}],"twitter_card":"summary_large_image","twitter_misc":{"Est. reading time":"1 minute"},"schema":{"@context":"https:\/\/schema.org","@graph":[{"@type":"WebPage","@id":"https:\/\/www.bodegasballesteros.es\/tienda\/otros-vinos\/ribeiro-catro-parroquias-treixadura\/","url":"https:\/\/www.bodegasballesteros.es\/tienda\/otros-vinos\/ribeiro-catro-parroquias-treixadura\/","name":"Ribeiro Catro Parroquias Treixadura","isPartOf":{"@id":"https:\/\/www.bodegasballesteros.es\/#website"},"primaryImageOfPage":{"@id":"https:\/\/www.bodegasballesteros.es\/tienda\/otros-vinos\/ribeiro-catro-parroquias-treixadura\/#primaryimage"},"image":{"@id":"https:\/\/www.bodegasballesteros.es\/tienda\/otros-vinos\/ribeiro-catro-parroquias-treixadura\/#primaryimage"},"thumbnailUrl":"https:\/\/www.bodegasballesteros.es\/wp-content\/uploads\/2024\/09\/foto-33a.png","datePublished":"2024-09-05T22:11:42+00:00","dateModified":"2025-07-24T00:15:02+00:00","description":"El Ribeiro Catro Parroquias Treixadura es perfecto para los amantes de los vinos blancos que buscan una experiencia aut\u00e9ntica y sofisticada. Es ideal para disfrutar en ocasiones especiales, celebraciones o simplemente para deleitarse en una comida con amigos y familiares, ofreciendo un viaje sensorial a trav\u00e9s de la tradici\u00f3n vitivin\u00edcola gallega.","breadcrumb":{"@id":"https:\/\/www.bodegasballesteros.es\/tienda\/otros-vinos\/ribeiro-catro-parroquias-treixadura\/#breadcrumb"},"inLanguage":"en-US","potentialAction":[{"@type":"ReadAction","target":["https:\/\/www.bodegasballesteros.es\/tienda\/otros-vinos\/ribeiro-catro-parroquias-treixadura\/"]}]},{"@type":"ImageObject","inLanguage":"en-US","@id":"https:\/\/www.bodegasballesteros.es\/tienda\/otros-vinos\/ribeiro-catro-parroquias-treixadura\/#primaryimage","url":"https:\/\/www.bodegasballesteros.es\/wp-content\/uploads\/2024\/09\/foto-33a.png","contentUrl":"https:\/\/www.bodegasballesteros.es\/wp-content\/uploads\/2024\/09\/foto-33a.png","width":1500,"height":2000},{"@type":"BreadcrumbList","@id":"https:\/\/www.bodegasballesteros.es\/tienda\/otros-vinos\/ribeiro-catro-parroquias-treixadura\/#breadcrumb","itemListElement":[{"@type":"ListItem","position":1,"name":"Portada","item":"https:\/\/www.bodegasballesteros.es\/"},{"@type":"ListItem","position":2,"name":"Tienda default","item":"https:\/\/www.bodegasballesteros.es\/tienda-default\/"},{"@type":"ListItem","position":3,"name":"Ribeiro Catro Parroquias Treixadura"}]},{"@type":"WebSite","@id":"https:\/\/www.bodegasballesteros.es\/#website","url":"https:\/\/www.bodegasballesteros.es\/","name":"Bodegas Ballesteros","description":"Bodegas Ballesteros SL desde 1.925","publisher":{"@id":"https:\/\/www.bodegasballesteros.es\/#organization"},"potentialAction":[{"@type":"SearchAction","target":{"@type":"EntryPoint","urlTemplate":"https:\/\/www.bodegasballesteros.es\/?s={search_term_string}"},"query-input":{"@type":"PropertyValueSpecification","valueRequired":true,"valueName":"search_term_string"}}],"inLanguage":"en-US"},{"@type":"Organization","@id":"https:\/\/www.bodegasballesteros.es\/#organization","name":"Bodegas Ballesteros","url":"https:\/\/www.bodegasballesteros.es\/","logo":{"@type":"ImageObject","inLanguage":"en-US","@id":"https:\/\/www.bodegasballesteros.es\/#\/schema\/logo\/image\/","url":"https:\/\/www.bodegasballesteros.es\/wp-content\/uploads\/2024\/08\/logo.jpg","contentUrl":"https:\/\/www.bodegasballesteros.es\/wp-content\/uploads\/2024\/08\/logo.jpg","width":630,"height":674,"caption":"Bodegas Ballesteros"},"image":{"@id":"https:\/\/www.bodegasballesteros.es\/#\/schema\/logo\/image\/"}}]}},"_links":{"self":[{"href":"https:\/\/www.bodegasballesteros.es\/en\/wp-json\/wp\/v2\/product\/248","targetHints":{"allow":["GET"]}}],"collection":[{"href":"https:\/\/www.bodegasballesteros.es\/en\/wp-json\/wp\/v2\/product"}],"about":[{"href":"https:\/\/www.bodegasballesteros.es\/en\/wp-json\/wp\/v2\/types\/product"}],"version-history":[{"count":1,"href":"https:\/\/www.bodegasballesteros.es\/en\/wp-json\/wp\/v2\/product\/248\/revisions"}],"predecessor-version":[{"id":250,"href":"https:\/\/www.bodegasballesteros.es\/en\/wp-json\/wp\/v2\/product\/248\/revisions\/250"}],"wp:featuredmedia":[{"embeddable":true,"href":"https:\/\/www.bodegasballesteros.es\/en\/wp-json\/wp\/v2\/media\/249"}],"wp:attachment":[{"href":"https:\/\/www.bodegasballesteros.es\/en\/wp-json\/wp\/v2\/media?parent=248"}],"wp:term":[{"taxonomy":"product_cat","embeddable":true,"href":"https:\/\/www.bodegasballesteros.es\/en\/wp-json\/wp\/v2\/product_cat?post=248"},{"taxonomy":"product_tag","embeddable":true,"href":"https:\/\/www.bodegasballesteros.es\/en\/wp-json\/wp\/v2\/product_tag?post=248"}],"curies":[{"name":"wp","href":"https:\/\/api.w.org\/{rel}","templated":true}]}}