{"id":245,"date":"2024-09-06T00:11:42","date_gmt":"2024-09-05T22:11:42","guid":{"rendered":"http:\/\/www.bodegasballesteros.es\/?post_type=product&#038;p=245"},"modified":"2024-10-09T11:09:57","modified_gmt":"2024-10-09T09:09:57","slug":"albarino-porta-da-ria","status":"publish","type":"product","link":"https:\/\/www.bodegasballesteros.es\/en\/tienda\/otros-vinos\/albarino-porta-da-ria\/","title":{"rendered":"Albari\u00f1o Porta Da Ria"},"content":{"rendered":"<p>El <strong>Albari\u00f1o Porta Da R\u00eda<\/strong> es un vino blanco de calidad superior, elaborado con uvas de la variedad <strong>Albari\u00f1o<\/strong>, que provienen de los vi\u00f1edos situados en la prestigiosa Denominaci\u00f3n de Origen R\u00edas Baixas. Este vino es conocido por su frescura, elegancia y car\u00e1cter, capturando la esencia del paisaje gallego<\/p>\n","protected":false},"excerpt":{"rendered":"<p>aroma de frutas de hueso, notas c\u00edtricas y florales,\u00a0 sabor vivo, equilibrado y refrescante, con una acidez agradable. Ideal para acompa\u00f1ar mariscos, pescados, ceviches, ensaladas y arroces.<\/p>\n","protected":false},"featured_media":246,"template":"","meta":[],"product_cat":[24],"product_tag":[],"class_list":{"0":"post-245","1":"product","2":"type-product","3":"status-publish","4":"has-post-thumbnail","6":"product_cat-otros-vinos","8":"first","9":"instock","10":"taxable","11":"shipping-taxable","12":"purchasable","13":"product-type-simple"},"yoast_head":"<!-- This site is optimized with the Yoast SEO plugin v23.9 - https:\/\/yoast.com\/wordpress\/plugins\/seo\/ -->\n<title>Albari\u00f1o Porta Da Ria - Bodegas Ballesteros<\/title>\n<meta name=\"description\" content=\"El Albari\u00f1o Porta Da R\u00eda es perfecto para aquellos que buscan un vino blanco fresco y arom\u00e1tico, ideal para disfrutar en cualquier ocasi\u00f3n, ya sea como aperitivo o junto a una deliciosa comida, brindando una experiencia que refleja la rica tradici\u00f3n vitivin\u00edcola de Galicia.\" \/>\n<meta name=\"robots\" content=\"index, follow, max-snippet:-1, max-image-preview:large, max-video-preview:-1\" \/>\n<link rel=\"canonical\" href=\"https:\/\/www.bodegasballesteros.es\/en\/tienda\/otros-vinos\/albarino-porta-da-ria\/\" \/>\n<meta property=\"og:locale\" content=\"en_US\" \/>\n<meta property=\"og:locale:alternate\" content=\"es_ES\" \/>\n<meta property=\"og:type\" content=\"article\" \/>\n<meta property=\"og:title\" content=\"Albari\u00f1o Porta Da Ria\" \/>\n<meta property=\"og:description\" content=\"El Albari\u00f1o Porta Da R\u00eda es perfecto para aquellos que buscan un vino blanco fresco y arom\u00e1tico, ideal para disfrutar en cualquier ocasi\u00f3n, ya sea como aperitivo o junto a una deliciosa comida, brindando una experiencia que refleja la rica tradici\u00f3n vitivin\u00edcola de Galicia.\" \/>\n<meta property=\"og:url\" content=\"https:\/\/www.bodegasballesteros.es\/en\/tienda\/otros-vinos\/albarino-porta-da-ria\/\" \/>\n<meta property=\"og:site_name\" content=\"Bodegas Ballesteros\" \/>\n<meta property=\"article:modified_time\" content=\"2024-10-09T09:09:57+00:00\" \/>\n<meta property=\"og:image\" content=\"http:\/\/www.bodegasballesteros.es\/wp-content\/uploads\/2024\/09\/foto-33.png\" \/>\n\t<meta property=\"og:image:width\" content=\"1500\" \/>\n\t<meta property=\"og:image:height\" content=\"1993\" \/>\n\t<meta property=\"og:image:type\" content=\"image\/png\" \/>\n<meta name=\"twitter:card\" content=\"summary_large_image\" \/>\n<meta name=\"twitter:label1\" content=\"Est. reading time\" \/>\n\t<meta name=\"twitter:data1\" content=\"1 minute\" \/>\n<script type=\"application\/ld+json\" class=\"yoast-schema-graph\">{\"@context\":\"https:\/\/schema.org\",\"@graph\":[{\"@type\":\"WebPage\",\"@id\":\"https:\/\/www.bodegasballesteros.es\/tienda\/otros-vinos\/albarino-porta-da-ria\/\",\"url\":\"https:\/\/www.bodegasballesteros.es\/tienda\/otros-vinos\/albarino-porta-da-ria\/\",\"name\":\"Albari\u00f1o Porta Da Ria\",\"isPartOf\":{\"@id\":\"https:\/\/www.bodegasballesteros.es\/#website\"},\"primaryImageOfPage\":{\"@id\":\"https:\/\/www.bodegasballesteros.es\/tienda\/otros-vinos\/albarino-porta-da-ria\/#primaryimage\"},\"image\":{\"@id\":\"https:\/\/www.bodegasballesteros.es\/tienda\/otros-vinos\/albarino-porta-da-ria\/#primaryimage\"},\"thumbnailUrl\":\"https:\/\/www.bodegasballesteros.es\/wp-content\/uploads\/2024\/09\/foto-33.png\",\"datePublished\":\"2024-09-05T22:11:42+00:00\",\"dateModified\":\"2024-10-09T09:09:57+00:00\",\"description\":\"El Albari\u00f1o Porta Da R\u00eda es perfecto para aquellos que buscan un vino blanco fresco y arom\u00e1tico, ideal para disfrutar en cualquier ocasi\u00f3n, ya sea como aperitivo o junto a una deliciosa comida, brindando una experiencia que refleja la rica tradici\u00f3n vitivin\u00edcola de Galicia.\",\"breadcrumb\":{\"@id\":\"https:\/\/www.bodegasballesteros.es\/tienda\/otros-vinos\/albarino-porta-da-ria\/#breadcrumb\"},\"inLanguage\":\"en-US\",\"potentialAction\":[{\"@type\":\"ReadAction\",\"target\":[\"https:\/\/www.bodegasballesteros.es\/tienda\/otros-vinos\/albarino-porta-da-ria\/\"]}]},{\"@type\":\"ImageObject\",\"inLanguage\":\"en-US\",\"@id\":\"https:\/\/www.bodegasballesteros.es\/tienda\/otros-vinos\/albarino-porta-da-ria\/#primaryimage\",\"url\":\"https:\/\/www.bodegasballesteros.es\/wp-content\/uploads\/2024\/09\/foto-33.png\",\"contentUrl\":\"https:\/\/www.bodegasballesteros.es\/wp-content\/uploads\/2024\/09\/foto-33.png\",\"width\":1500,\"height\":1993},{\"@type\":\"BreadcrumbList\",\"@id\":\"https:\/\/www.bodegasballesteros.es\/tienda\/otros-vinos\/albarino-porta-da-ria\/#breadcrumb\",\"itemListElement\":[{\"@type\":\"ListItem\",\"position\":1,\"name\":\"Portada\",\"item\":\"https:\/\/www.bodegasballesteros.es\/\"},{\"@type\":\"ListItem\",\"position\":2,\"name\":\"Tienda default\",\"item\":\"https:\/\/www.bodegasballesteros.es\/tienda-default\/\"},{\"@type\":\"ListItem\",\"position\":3,\"name\":\"Albari\u00f1o Porta Da Ria\"}]},{\"@type\":\"WebSite\",\"@id\":\"https:\/\/www.bodegasballesteros.es\/#website\",\"url\":\"https:\/\/www.bodegasballesteros.es\/\",\"name\":\"Bodegas Ballesteros\",\"description\":\"Bodegas Ballesteros SL desde 1.925\",\"publisher\":{\"@id\":\"https:\/\/www.bodegasballesteros.es\/#organization\"},\"potentialAction\":[{\"@type\":\"SearchAction\",\"target\":{\"@type\":\"EntryPoint\",\"urlTemplate\":\"https:\/\/www.bodegasballesteros.es\/?s={search_term_string}\"},\"query-input\":{\"@type\":\"PropertyValueSpecification\",\"valueRequired\":true,\"valueName\":\"search_term_string\"}}],\"inLanguage\":\"en-US\"},{\"@type\":\"Organization\",\"@id\":\"https:\/\/www.bodegasballesteros.es\/#organization\",\"name\":\"Bodegas Ballesteros\",\"url\":\"https:\/\/www.bodegasballesteros.es\/\",\"logo\":{\"@type\":\"ImageObject\",\"inLanguage\":\"en-US\",\"@id\":\"https:\/\/www.bodegasballesteros.es\/#\/schema\/logo\/image\/\",\"url\":\"https:\/\/www.bodegasballesteros.es\/wp-content\/uploads\/2024\/08\/logo.jpg\",\"contentUrl\":\"https:\/\/www.bodegasballesteros.es\/wp-content\/uploads\/2024\/08\/logo.jpg\",\"width\":630,\"height\":674,\"caption\":\"Bodegas Ballesteros\"},\"image\":{\"@id\":\"https:\/\/www.bodegasballesteros.es\/#\/schema\/logo\/image\/\"}}]}<\/script>\n<!-- \/ Yoast SEO plugin. -->","yoast_head_json":{"title":"Albari\u00f1o Porta Da Ria - Bodegas Ballesteros","description":"El Albari\u00f1o Porta Da R\u00eda es perfecto para aquellos que buscan un vino blanco fresco y arom\u00e1tico, ideal para disfrutar en cualquier ocasi\u00f3n, ya sea como aperitivo o junto a una deliciosa comida, brindando una experiencia que refleja la rica tradici\u00f3n vitivin\u00edcola de Galicia.","robots":{"index":"index","follow":"follow","max-snippet":"max-snippet:-1","max-image-preview":"max-image-preview:large","max-video-preview":"max-video-preview:-1"},"canonical":"https:\/\/www.bodegasballesteros.es\/en\/tienda\/otros-vinos\/albarino-porta-da-ria\/","og_locale":"en_US","og_type":"article","og_title":"[:es]Albari\u00f1o Porta Da Ria[:] - Bodegas Ballesteros","og_description":"[:es]El Albari\u00f1o Porta Da R\u00eda es perfecto para aquellos que buscan un vino blanco fresco y arom\u00e1tico, ideal para disfrutar en cualquier ocasi\u00f3n, ya sea como aperitivo o junto a una deliciosa comida, brindando una experiencia que refleja la rica tradici\u00f3n vitivin\u00edcola de Galicia.[:]","og_url":"https:\/\/www.bodegasballesteros.es\/en\/tienda\/otros-vinos\/albarino-porta-da-ria\/","og_site_name":"Bodegas Ballesteros","article_modified_time":"2024-10-09T09:09:57+00:00","og_image":[{"width":1500,"height":1993,"url":"http:\/\/www.bodegasballesteros.es\/wp-content\/uploads\/2024\/09\/foto-33.png","type":"image\/png"}],"twitter_card":"summary_large_image","twitter_misc":{"Est. reading time":"1 minute"},"schema":{"@context":"https:\/\/schema.org","@graph":[{"@type":"WebPage","@id":"https:\/\/www.bodegasballesteros.es\/tienda\/otros-vinos\/albarino-porta-da-ria\/","url":"https:\/\/www.bodegasballesteros.es\/tienda\/otros-vinos\/albarino-porta-da-ria\/","name":"Albari\u00f1o Porta Da Ria","isPartOf":{"@id":"https:\/\/www.bodegasballesteros.es\/#website"},"primaryImageOfPage":{"@id":"https:\/\/www.bodegasballesteros.es\/tienda\/otros-vinos\/albarino-porta-da-ria\/#primaryimage"},"image":{"@id":"https:\/\/www.bodegasballesteros.es\/tienda\/otros-vinos\/albarino-porta-da-ria\/#primaryimage"},"thumbnailUrl":"https:\/\/www.bodegasballesteros.es\/wp-content\/uploads\/2024\/09\/foto-33.png","datePublished":"2024-09-05T22:11:42+00:00","dateModified":"2024-10-09T09:09:57+00:00","description":"El Albari\u00f1o Porta Da R\u00eda es perfecto para aquellos que buscan un vino blanco fresco y arom\u00e1tico, ideal para disfrutar en cualquier ocasi\u00f3n, ya sea como aperitivo o junto a una deliciosa comida, brindando una experiencia que refleja la rica tradici\u00f3n vitivin\u00edcola de Galicia.","breadcrumb":{"@id":"https:\/\/www.bodegasballesteros.es\/tienda\/otros-vinos\/albarino-porta-da-ria\/#breadcrumb"},"inLanguage":"en-US","potentialAction":[{"@type":"ReadAction","target":["https:\/\/www.bodegasballesteros.es\/tienda\/otros-vinos\/albarino-porta-da-ria\/"]}]},{"@type":"ImageObject","inLanguage":"en-US","@id":"https:\/\/www.bodegasballesteros.es\/tienda\/otros-vinos\/albarino-porta-da-ria\/#primaryimage","url":"https:\/\/www.bodegasballesteros.es\/wp-content\/uploads\/2024\/09\/foto-33.png","contentUrl":"https:\/\/www.bodegasballesteros.es\/wp-content\/uploads\/2024\/09\/foto-33.png","width":1500,"height":1993},{"@type":"BreadcrumbList","@id":"https:\/\/www.bodegasballesteros.es\/tienda\/otros-vinos\/albarino-porta-da-ria\/#breadcrumb","itemListElement":[{"@type":"ListItem","position":1,"name":"Portada","item":"https:\/\/www.bodegasballesteros.es\/"},{"@type":"ListItem","position":2,"name":"Tienda default","item":"https:\/\/www.bodegasballesteros.es\/tienda-default\/"},{"@type":"ListItem","position":3,"name":"Albari\u00f1o Porta Da Ria"}]},{"@type":"WebSite","@id":"https:\/\/www.bodegasballesteros.es\/#website","url":"https:\/\/www.bodegasballesteros.es\/","name":"Bodegas Ballesteros","description":"Bodegas Ballesteros SL desde 1.925","publisher":{"@id":"https:\/\/www.bodegasballesteros.es\/#organization"},"potentialAction":[{"@type":"SearchAction","target":{"@type":"EntryPoint","urlTemplate":"https:\/\/www.bodegasballesteros.es\/?s={search_term_string}"},"query-input":{"@type":"PropertyValueSpecification","valueRequired":true,"valueName":"search_term_string"}}],"inLanguage":"en-US"},{"@type":"Organization","@id":"https:\/\/www.bodegasballesteros.es\/#organization","name":"Bodegas Ballesteros","url":"https:\/\/www.bodegasballesteros.es\/","logo":{"@type":"ImageObject","inLanguage":"en-US","@id":"https:\/\/www.bodegasballesteros.es\/#\/schema\/logo\/image\/","url":"https:\/\/www.bodegasballesteros.es\/wp-content\/uploads\/2024\/08\/logo.jpg","contentUrl":"https:\/\/www.bodegasballesteros.es\/wp-content\/uploads\/2024\/08\/logo.jpg","width":630,"height":674,"caption":"Bodegas Ballesteros"},"image":{"@id":"https:\/\/www.bodegasballesteros.es\/#\/schema\/logo\/image\/"}}]}},"_links":{"self":[{"href":"https:\/\/www.bodegasballesteros.es\/en\/wp-json\/wp\/v2\/product\/245","targetHints":{"allow":["GET"]}}],"collection":[{"href":"https:\/\/www.bodegasballesteros.es\/en\/wp-json\/wp\/v2\/product"}],"about":[{"href":"https:\/\/www.bodegasballesteros.es\/en\/wp-json\/wp\/v2\/types\/product"}],"version-history":[{"count":1,"href":"https:\/\/www.bodegasballesteros.es\/en\/wp-json\/wp\/v2\/product\/245\/revisions"}],"predecessor-version":[{"id":247,"href":"https:\/\/www.bodegasballesteros.es\/en\/wp-json\/wp\/v2\/product\/245\/revisions\/247"}],"wp:featuredmedia":[{"embeddable":true,"href":"https:\/\/www.bodegasballesteros.es\/en\/wp-json\/wp\/v2\/media\/246"}],"wp:attachment":[{"href":"https:\/\/www.bodegasballesteros.es\/en\/wp-json\/wp\/v2\/media?parent=245"}],"wp:term":[{"taxonomy":"product_cat","embeddable":true,"href":"https:\/\/www.bodegasballesteros.es\/en\/wp-json\/wp\/v2\/product_cat?post=245"},{"taxonomy":"product_tag","embeddable":true,"href":"https:\/\/www.bodegasballesteros.es\/en\/wp-json\/wp\/v2\/product_tag?post=245"}],"curies":[{"name":"wp","href":"https:\/\/api.w.org\/{rel}","templated":true}]}}