{"id":236,"date":"2024-09-06T00:11:42","date_gmt":"2024-09-05T22:11:42","guid":{"rendered":"http:\/\/www.bodegasballesteros.es\/?post_type=product&#038;p=236"},"modified":"2024-10-09T11:08:19","modified_gmt":"2024-10-09T09:08:19","slug":"rueda-verdejo-dona-beatriz","status":"publish","type":"product","link":"https:\/\/www.bodegasballesteros.es\/en\/tienda\/otros-vinos\/rueda-verdejo-dona-beatriz\/","title":{"rendered":"Rueda  Verdejo Do\u00f1a Beatriz"},"content":{"rendered":"<p>El <strong>Rueda Verdejo Do\u00f1a Beatriz<\/strong> es un vino blanco fresco y elegante, elaborado con la variedad de uva <strong>Verdejo<\/strong> t\u00edpica de la denominaci\u00f3n de origen Rueda. Este vino destaca por su car\u00e1cter afrutado y su notable frescura, ofreciendo una experiencia sensorial \u00fanica en cada copa.<\/p>\n","protected":false},"excerpt":{"rendered":"<p>Aroma de frutas blancas, notas herb\u00e1ceas y florales, sabor vivo, equilibrado y fresco, con acidez refrescante. Ideal para acompa\u00f1ar mariscos, pescados, ensaladas, y platos de cocina mediterr\u00e1nea<\/p>\n","protected":false},"featured_media":237,"template":"","meta":[],"product_cat":[24],"product_tag":[],"class_list":{"0":"post-236","1":"product","2":"type-product","3":"status-publish","4":"has-post-thumbnail","6":"product_cat-otros-vinos","8":"first","9":"instock","10":"taxable","11":"shipping-taxable","12":"purchasable","13":"product-type-simple"},"yoast_head":"<!-- This site is optimized with the Yoast SEO plugin v23.9 - https:\/\/yoast.com\/wordpress\/plugins\/seo\/ -->\n<title>Rueda Verdejo Do\u00f1a Beatriz - Bodegas Ballesteros<\/title>\n<meta name=\"description\" content=\"El Rueda Verdejo Do\u00f1a Beatriz es perfecto para quienes buscan un vino blanco de calidad que combine frescura y complejidad, ideal para disfrutar en cualquier ocasi\u00f3n, ya sea como aperitivo o acompa\u00f1ado de una deliciosa comida.\" \/>\n<meta name=\"robots\" content=\"index, follow, max-snippet:-1, max-image-preview:large, max-video-preview:-1\" \/>\n<link rel=\"canonical\" href=\"https:\/\/www.bodegasballesteros.es\/en\/tienda\/otros-vinos\/rueda-verdejo-dona-beatriz\/\" \/>\n<meta property=\"og:locale\" content=\"en_US\" \/>\n<meta property=\"og:locale:alternate\" content=\"es_ES\" \/>\n<meta property=\"og:type\" content=\"article\" \/>\n<meta property=\"og:title\" content=\"Rueda Verdejo Do\u00f1a Beatriz\" \/>\n<meta property=\"og:description\" content=\"El Rueda Verdejo Do\u00f1a Beatriz es perfecto para quienes buscan un vino blanco de calidad que combine frescura y complejidad, ideal para disfrutar en cualquier ocasi\u00f3n, ya sea como aperitivo o acompa\u00f1ado de una deliciosa comida.\" \/>\n<meta property=\"og:url\" content=\"https:\/\/www.bodegasballesteros.es\/en\/tienda\/otros-vinos\/rueda-verdejo-dona-beatriz\/\" \/>\n<meta property=\"og:site_name\" content=\"Bodegas Ballesteros\" \/>\n<meta property=\"article:modified_time\" content=\"2024-10-09T09:08:19+00:00\" \/>\n<meta property=\"og:image\" content=\"http:\/\/www.bodegasballesteros.es\/wp-content\/uploads\/2024\/09\/foto-30.png\" \/>\n\t<meta property=\"og:image:width\" content=\"1500\" \/>\n\t<meta property=\"og:image:height\" content=\"2000\" \/>\n\t<meta property=\"og:image:type\" content=\"image\/png\" \/>\n<meta name=\"twitter:card\" content=\"summary_large_image\" \/>\n<meta name=\"twitter:label1\" content=\"Est. reading time\" \/>\n\t<meta name=\"twitter:data1\" content=\"1 minute\" \/>\n<script type=\"application\/ld+json\" class=\"yoast-schema-graph\">{\"@context\":\"https:\/\/schema.org\",\"@graph\":[{\"@type\":\"WebPage\",\"@id\":\"https:\/\/www.bodegasballesteros.es\/tienda\/otros-vinos\/rueda-verdejo-dona-beatriz\/\",\"url\":\"https:\/\/www.bodegasballesteros.es\/tienda\/otros-vinos\/rueda-verdejo-dona-beatriz\/\",\"name\":\"Rueda Verdejo Do\u00f1a Beatriz\",\"isPartOf\":{\"@id\":\"https:\/\/www.bodegasballesteros.es\/#website\"},\"primaryImageOfPage\":{\"@id\":\"https:\/\/www.bodegasballesteros.es\/tienda\/otros-vinos\/rueda-verdejo-dona-beatriz\/#primaryimage\"},\"image\":{\"@id\":\"https:\/\/www.bodegasballesteros.es\/tienda\/otros-vinos\/rueda-verdejo-dona-beatriz\/#primaryimage\"},\"thumbnailUrl\":\"https:\/\/www.bodegasballesteros.es\/wp-content\/uploads\/2024\/09\/foto-30.png\",\"datePublished\":\"2024-09-05T22:11:42+00:00\",\"dateModified\":\"2024-10-09T09:08:19+00:00\",\"description\":\"El Rueda Verdejo Do\u00f1a Beatriz es perfecto para quienes buscan un vino blanco de calidad que combine frescura y complejidad, ideal para disfrutar en cualquier ocasi\u00f3n, ya sea como aperitivo o acompa\u00f1ado de una deliciosa comida.\",\"breadcrumb\":{\"@id\":\"https:\/\/www.bodegasballesteros.es\/tienda\/otros-vinos\/rueda-verdejo-dona-beatriz\/#breadcrumb\"},\"inLanguage\":\"en-US\",\"potentialAction\":[{\"@type\":\"ReadAction\",\"target\":[\"https:\/\/www.bodegasballesteros.es\/tienda\/otros-vinos\/rueda-verdejo-dona-beatriz\/\"]}]},{\"@type\":\"ImageObject\",\"inLanguage\":\"en-US\",\"@id\":\"https:\/\/www.bodegasballesteros.es\/tienda\/otros-vinos\/rueda-verdejo-dona-beatriz\/#primaryimage\",\"url\":\"https:\/\/www.bodegasballesteros.es\/wp-content\/uploads\/2024\/09\/foto-30.png\",\"contentUrl\":\"https:\/\/www.bodegasballesteros.es\/wp-content\/uploads\/2024\/09\/foto-30.png\",\"width\":1500,\"height\":2000},{\"@type\":\"BreadcrumbList\",\"@id\":\"https:\/\/www.bodegasballesteros.es\/tienda\/otros-vinos\/rueda-verdejo-dona-beatriz\/#breadcrumb\",\"itemListElement\":[{\"@type\":\"ListItem\",\"position\":1,\"name\":\"Portada\",\"item\":\"https:\/\/www.bodegasballesteros.es\/\"},{\"@type\":\"ListItem\",\"position\":2,\"name\":\"Tienda default\",\"item\":\"https:\/\/www.bodegasballesteros.es\/tienda-default\/\"},{\"@type\":\"ListItem\",\"position\":3,\"name\":\"Rueda Verdejo Do\u00f1a Beatriz\"}]},{\"@type\":\"WebSite\",\"@id\":\"https:\/\/www.bodegasballesteros.es\/#website\",\"url\":\"https:\/\/www.bodegasballesteros.es\/\",\"name\":\"Bodegas Ballesteros\",\"description\":\"Bodegas Ballesteros SL desde 1.925\",\"publisher\":{\"@id\":\"https:\/\/www.bodegasballesteros.es\/#organization\"},\"potentialAction\":[{\"@type\":\"SearchAction\",\"target\":{\"@type\":\"EntryPoint\",\"urlTemplate\":\"https:\/\/www.bodegasballesteros.es\/?s={search_term_string}\"},\"query-input\":{\"@type\":\"PropertyValueSpecification\",\"valueRequired\":true,\"valueName\":\"search_term_string\"}}],\"inLanguage\":\"en-US\"},{\"@type\":\"Organization\",\"@id\":\"https:\/\/www.bodegasballesteros.es\/#organization\",\"name\":\"Bodegas Ballesteros\",\"url\":\"https:\/\/www.bodegasballesteros.es\/\",\"logo\":{\"@type\":\"ImageObject\",\"inLanguage\":\"en-US\",\"@id\":\"https:\/\/www.bodegasballesteros.es\/#\/schema\/logo\/image\/\",\"url\":\"https:\/\/www.bodegasballesteros.es\/wp-content\/uploads\/2024\/08\/logo.jpg\",\"contentUrl\":\"https:\/\/www.bodegasballesteros.es\/wp-content\/uploads\/2024\/08\/logo.jpg\",\"width\":630,\"height\":674,\"caption\":\"Bodegas Ballesteros\"},\"image\":{\"@id\":\"https:\/\/www.bodegasballesteros.es\/#\/schema\/logo\/image\/\"}}]}<\/script>\n<!-- \/ Yoast SEO plugin. -->","yoast_head_json":{"title":"Rueda Verdejo Do\u00f1a Beatriz - Bodegas Ballesteros","description":"El Rueda Verdejo Do\u00f1a Beatriz es perfecto para quienes buscan un vino blanco de calidad que combine frescura y complejidad, ideal para disfrutar en cualquier ocasi\u00f3n, ya sea como aperitivo o acompa\u00f1ado de una deliciosa comida.","robots":{"index":"index","follow":"follow","max-snippet":"max-snippet:-1","max-image-preview":"max-image-preview:large","max-video-preview":"max-video-preview:-1"},"canonical":"https:\/\/www.bodegasballesteros.es\/en\/tienda\/otros-vinos\/rueda-verdejo-dona-beatriz\/","og_locale":"en_US","og_type":"article","og_title":"[:es]Rueda Verdejo Do\u00f1a Beatriz[:] - Bodegas Ballesteros","og_description":"[:es]El Rueda Verdejo Do\u00f1a Beatriz es perfecto para quienes buscan un vino blanco de calidad que combine frescura y complejidad, ideal para disfrutar en cualquier ocasi\u00f3n, ya sea como aperitivo o acompa\u00f1ado de una deliciosa comida.[:]","og_url":"https:\/\/www.bodegasballesteros.es\/en\/tienda\/otros-vinos\/rueda-verdejo-dona-beatriz\/","og_site_name":"Bodegas Ballesteros","article_modified_time":"2024-10-09T09:08:19+00:00","og_image":[{"width":1500,"height":2000,"url":"http:\/\/www.bodegasballesteros.es\/wp-content\/uploads\/2024\/09\/foto-30.png","type":"image\/png"}],"twitter_card":"summary_large_image","twitter_misc":{"Est. reading time":"1 minute"},"schema":{"@context":"https:\/\/schema.org","@graph":[{"@type":"WebPage","@id":"https:\/\/www.bodegasballesteros.es\/tienda\/otros-vinos\/rueda-verdejo-dona-beatriz\/","url":"https:\/\/www.bodegasballesteros.es\/tienda\/otros-vinos\/rueda-verdejo-dona-beatriz\/","name":"Rueda Verdejo Do\u00f1a Beatriz","isPartOf":{"@id":"https:\/\/www.bodegasballesteros.es\/#website"},"primaryImageOfPage":{"@id":"https:\/\/www.bodegasballesteros.es\/tienda\/otros-vinos\/rueda-verdejo-dona-beatriz\/#primaryimage"},"image":{"@id":"https:\/\/www.bodegasballesteros.es\/tienda\/otros-vinos\/rueda-verdejo-dona-beatriz\/#primaryimage"},"thumbnailUrl":"https:\/\/www.bodegasballesteros.es\/wp-content\/uploads\/2024\/09\/foto-30.png","datePublished":"2024-09-05T22:11:42+00:00","dateModified":"2024-10-09T09:08:19+00:00","description":"El Rueda Verdejo Do\u00f1a Beatriz es perfecto para quienes buscan un vino blanco de calidad que combine frescura y complejidad, ideal para disfrutar en cualquier ocasi\u00f3n, ya sea como aperitivo o acompa\u00f1ado de una deliciosa comida.","breadcrumb":{"@id":"https:\/\/www.bodegasballesteros.es\/tienda\/otros-vinos\/rueda-verdejo-dona-beatriz\/#breadcrumb"},"inLanguage":"en-US","potentialAction":[{"@type":"ReadAction","target":["https:\/\/www.bodegasballesteros.es\/tienda\/otros-vinos\/rueda-verdejo-dona-beatriz\/"]}]},{"@type":"ImageObject","inLanguage":"en-US","@id":"https:\/\/www.bodegasballesteros.es\/tienda\/otros-vinos\/rueda-verdejo-dona-beatriz\/#primaryimage","url":"https:\/\/www.bodegasballesteros.es\/wp-content\/uploads\/2024\/09\/foto-30.png","contentUrl":"https:\/\/www.bodegasballesteros.es\/wp-content\/uploads\/2024\/09\/foto-30.png","width":1500,"height":2000},{"@type":"BreadcrumbList","@id":"https:\/\/www.bodegasballesteros.es\/tienda\/otros-vinos\/rueda-verdejo-dona-beatriz\/#breadcrumb","itemListElement":[{"@type":"ListItem","position":1,"name":"Portada","item":"https:\/\/www.bodegasballesteros.es\/"},{"@type":"ListItem","position":2,"name":"Tienda default","item":"https:\/\/www.bodegasballesteros.es\/tienda-default\/"},{"@type":"ListItem","position":3,"name":"Rueda Verdejo Do\u00f1a Beatriz"}]},{"@type":"WebSite","@id":"https:\/\/www.bodegasballesteros.es\/#website","url":"https:\/\/www.bodegasballesteros.es\/","name":"Bodegas Ballesteros","description":"Bodegas Ballesteros SL desde 1.925","publisher":{"@id":"https:\/\/www.bodegasballesteros.es\/#organization"},"potentialAction":[{"@type":"SearchAction","target":{"@type":"EntryPoint","urlTemplate":"https:\/\/www.bodegasballesteros.es\/?s={search_term_string}"},"query-input":{"@type":"PropertyValueSpecification","valueRequired":true,"valueName":"search_term_string"}}],"inLanguage":"en-US"},{"@type":"Organization","@id":"https:\/\/www.bodegasballesteros.es\/#organization","name":"Bodegas Ballesteros","url":"https:\/\/www.bodegasballesteros.es\/","logo":{"@type":"ImageObject","inLanguage":"en-US","@id":"https:\/\/www.bodegasballesteros.es\/#\/schema\/logo\/image\/","url":"https:\/\/www.bodegasballesteros.es\/wp-content\/uploads\/2024\/08\/logo.jpg","contentUrl":"https:\/\/www.bodegasballesteros.es\/wp-content\/uploads\/2024\/08\/logo.jpg","width":630,"height":674,"caption":"Bodegas Ballesteros"},"image":{"@id":"https:\/\/www.bodegasballesteros.es\/#\/schema\/logo\/image\/"}}]}},"_links":{"self":[{"href":"https:\/\/www.bodegasballesteros.es\/en\/wp-json\/wp\/v2\/product\/236","targetHints":{"allow":["GET"]}}],"collection":[{"href":"https:\/\/www.bodegasballesteros.es\/en\/wp-json\/wp\/v2\/product"}],"about":[{"href":"https:\/\/www.bodegasballesteros.es\/en\/wp-json\/wp\/v2\/types\/product"}],"version-history":[{"count":1,"href":"https:\/\/www.bodegasballesteros.es\/en\/wp-json\/wp\/v2\/product\/236\/revisions"}],"predecessor-version":[{"id":238,"href":"https:\/\/www.bodegasballesteros.es\/en\/wp-json\/wp\/v2\/product\/236\/revisions\/238"}],"wp:featuredmedia":[{"embeddable":true,"href":"https:\/\/www.bodegasballesteros.es\/en\/wp-json\/wp\/v2\/media\/237"}],"wp:attachment":[{"href":"https:\/\/www.bodegasballesteros.es\/en\/wp-json\/wp\/v2\/media?parent=236"}],"wp:term":[{"taxonomy":"product_cat","embeddable":true,"href":"https:\/\/www.bodegasballesteros.es\/en\/wp-json\/wp\/v2\/product_cat?post=236"},{"taxonomy":"product_tag","embeddable":true,"href":"https:\/\/www.bodegasballesteros.es\/en\/wp-json\/wp\/v2\/product_tag?post=236"}],"curies":[{"name":"wp","href":"https:\/\/api.w.org\/{rel}","templated":true}]}}