{"id":230,"date":"2024-09-06T00:11:43","date_gmt":"2024-09-05T22:11:43","guid":{"rendered":"http:\/\/www.bodegasballesteros.es\/?post_type=product&#038;p=230"},"modified":"2024-09-06T00:11:43","modified_gmt":"2024-09-05T22:11:43","slug":"sangria-2l","status":"publish","type":"product","link":"https:\/\/www.bodegasballesteros.es\/en\/tienda\/nuestros-vinos\/sangria-2l\/","title":{"rendered":"Sangria 2l"},"content":{"rendered":"<p>La <strong>Sangr\u00eda 2L<\/strong> es una bebida refrescante y vibrante, perfecta para disfrutar en reuniones, picnics o cualquier celebraci\u00f3n. Esta tradicional bebida espa\u00f1ola se elabora con una mezcla de vino tinto, frutas frescas y un toque de especias, creando un sabor afrutado y equilibrado que evoca el esp\u00edritu del verano.<\/p>\n","protected":false},"excerpt":{"rendered":"<p>Aroma de frutas frescas y especias, sabor suave, afrutado y refrescante, con un equilibrio entre dulzura y acidez, ideal para acompa\u00f1ar tapas, platos de paella, mariscos y aperitivos<\/p>\n","protected":false},"featured_media":231,"template":"","meta":[],"product_cat":[23],"product_tag":[],"class_list":{"0":"post-230","1":"product","2":"type-product","3":"status-publish","4":"has-post-thumbnail","6":"product_cat-nuestros-vinos","8":"first","9":"instock","10":"taxable","11":"shipping-taxable","12":"purchasable","13":"product-type-simple"},"yoast_head":"<!-- This site is optimized with the Yoast SEO plugin v23.9 - https:\/\/yoast.com\/wordpress\/plugins\/seo\/ -->\n<title>Sangria 2l - Bodegas Ballesteros<\/title>\n<meta name=\"description\" content=\"La Sangr\u00eda 2L es la opci\u00f3n perfecta para quienes buscan una bebida festiva y f\u00e1cil de servir, ideal para compartir con amigos y familiares en cualquier ocasi\u00f3n. \u00a1Disfruta de su frescura y sabor en cada vaso!\" \/>\n<meta name=\"robots\" content=\"index, follow, max-snippet:-1, max-image-preview:large, max-video-preview:-1\" \/>\n<link rel=\"canonical\" href=\"https:\/\/www.bodegasballesteros.es\/en\/tienda\/nuestros-vinos\/sangria-2l\/\" \/>\n<meta property=\"og:locale\" content=\"en_US\" \/>\n<meta property=\"og:locale:alternate\" content=\"es_ES\" \/>\n<meta property=\"og:type\" content=\"article\" \/>\n<meta property=\"og:title\" content=\"Sangria 2l\" \/>\n<meta property=\"og:description\" content=\"La Sangr\u00eda 2L es la opci\u00f3n perfecta para quienes buscan una bebida festiva y f\u00e1cil de servir, ideal para compartir con amigos y familiares en cualquier ocasi\u00f3n. \u00a1Disfruta de su frescura y sabor en cada vaso!\" \/>\n<meta property=\"og:url\" content=\"https:\/\/www.bodegasballesteros.es\/en\/tienda\/nuestros-vinos\/sangria-2l\/\" \/>\n<meta property=\"og:site_name\" content=\"Bodegas Ballesteros\" \/>\n<meta property=\"og:image\" content=\"http:\/\/www.bodegasballesteros.es\/wp-content\/uploads\/2024\/09\/foto-17.png\" \/>\n\t<meta property=\"og:image:width\" content=\"1500\" \/>\n\t<meta property=\"og:image:height\" content=\"2000\" \/>\n\t<meta property=\"og:image:type\" content=\"image\/png\" \/>\n<meta name=\"twitter:card\" content=\"summary_large_image\" \/>\n<meta name=\"twitter:label1\" content=\"Est. reading time\" \/>\n\t<meta name=\"twitter:data1\" content=\"1 minute\" \/>\n<script type=\"application\/ld+json\" class=\"yoast-schema-graph\">{\"@context\":\"https:\/\/schema.org\",\"@graph\":[{\"@type\":\"WebPage\",\"@id\":\"https:\/\/www.bodegasballesteros.es\/tienda\/nuestros-vinos\/sangria-2l\/\",\"url\":\"https:\/\/www.bodegasballesteros.es\/tienda\/nuestros-vinos\/sangria-2l\/\",\"name\":\"Sangria 2l\",\"isPartOf\":{\"@id\":\"https:\/\/www.bodegasballesteros.es\/#website\"},\"primaryImageOfPage\":{\"@id\":\"https:\/\/www.bodegasballesteros.es\/tienda\/nuestros-vinos\/sangria-2l\/#primaryimage\"},\"image\":{\"@id\":\"https:\/\/www.bodegasballesteros.es\/tienda\/nuestros-vinos\/sangria-2l\/#primaryimage\"},\"thumbnailUrl\":\"https:\/\/www.bodegasballesteros.es\/wp-content\/uploads\/2024\/09\/foto-17.png\",\"datePublished\":\"2024-09-05T22:11:43+00:00\",\"dateModified\":\"2024-09-05T22:11:43+00:00\",\"description\":\"La Sangr\u00eda 2L es la opci\u00f3n perfecta para quienes buscan una bebida festiva y f\u00e1cil de servir, ideal para compartir con amigos y familiares en cualquier ocasi\u00f3n. \u00a1Disfruta de su frescura y sabor en cada vaso!\",\"breadcrumb\":{\"@id\":\"https:\/\/www.bodegasballesteros.es\/tienda\/nuestros-vinos\/sangria-2l\/#breadcrumb\"},\"inLanguage\":\"en-US\",\"potentialAction\":[{\"@type\":\"ReadAction\",\"target\":[\"https:\/\/www.bodegasballesteros.es\/tienda\/nuestros-vinos\/sangria-2l\/\"]}]},{\"@type\":\"ImageObject\",\"inLanguage\":\"en-US\",\"@id\":\"https:\/\/www.bodegasballesteros.es\/tienda\/nuestros-vinos\/sangria-2l\/#primaryimage\",\"url\":\"https:\/\/www.bodegasballesteros.es\/wp-content\/uploads\/2024\/09\/foto-17.png\",\"contentUrl\":\"https:\/\/www.bodegasballesteros.es\/wp-content\/uploads\/2024\/09\/foto-17.png\",\"width\":1500,\"height\":2000},{\"@type\":\"BreadcrumbList\",\"@id\":\"https:\/\/www.bodegasballesteros.es\/tienda\/nuestros-vinos\/sangria-2l\/#breadcrumb\",\"itemListElement\":[{\"@type\":\"ListItem\",\"position\":1,\"name\":\"Portada\",\"item\":\"https:\/\/www.bodegasballesteros.es\/\"},{\"@type\":\"ListItem\",\"position\":2,\"name\":\"Tienda default\",\"item\":\"https:\/\/www.bodegasballesteros.es\/tienda-default\/\"},{\"@type\":\"ListItem\",\"position\":3,\"name\":\"Sangria 2l\"}]},{\"@type\":\"WebSite\",\"@id\":\"https:\/\/www.bodegasballesteros.es\/#website\",\"url\":\"https:\/\/www.bodegasballesteros.es\/\",\"name\":\"Bodegas Ballesteros\",\"description\":\"Bodegas Ballesteros SL desde 1.925\",\"publisher\":{\"@id\":\"https:\/\/www.bodegasballesteros.es\/#organization\"},\"potentialAction\":[{\"@type\":\"SearchAction\",\"target\":{\"@type\":\"EntryPoint\",\"urlTemplate\":\"https:\/\/www.bodegasballesteros.es\/?s={search_term_string}\"},\"query-input\":{\"@type\":\"PropertyValueSpecification\",\"valueRequired\":true,\"valueName\":\"search_term_string\"}}],\"inLanguage\":\"en-US\"},{\"@type\":\"Organization\",\"@id\":\"https:\/\/www.bodegasballesteros.es\/#organization\",\"name\":\"Bodegas Ballesteros\",\"url\":\"https:\/\/www.bodegasballesteros.es\/\",\"logo\":{\"@type\":\"ImageObject\",\"inLanguage\":\"en-US\",\"@id\":\"https:\/\/www.bodegasballesteros.es\/#\/schema\/logo\/image\/\",\"url\":\"https:\/\/www.bodegasballesteros.es\/wp-content\/uploads\/2024\/08\/logo.jpg\",\"contentUrl\":\"https:\/\/www.bodegasballesteros.es\/wp-content\/uploads\/2024\/08\/logo.jpg\",\"width\":630,\"height\":674,\"caption\":\"Bodegas Ballesteros\"},\"image\":{\"@id\":\"https:\/\/www.bodegasballesteros.es\/#\/schema\/logo\/image\/\"}}]}<\/script>\n<!-- \/ Yoast SEO plugin. -->","yoast_head_json":{"title":"Sangria 2l - Bodegas Ballesteros","description":"La Sangr\u00eda 2L es la opci\u00f3n perfecta para quienes buscan una bebida festiva y f\u00e1cil de servir, ideal para compartir con amigos y familiares en cualquier ocasi\u00f3n. \u00a1Disfruta de su frescura y sabor en cada vaso!","robots":{"index":"index","follow":"follow","max-snippet":"max-snippet:-1","max-image-preview":"max-image-preview:large","max-video-preview":"max-video-preview:-1"},"canonical":"https:\/\/www.bodegasballesteros.es\/en\/tienda\/nuestros-vinos\/sangria-2l\/","og_locale":"en_US","og_type":"article","og_title":"[:es]Sangria 2l[:] - Bodegas Ballesteros","og_description":"La Sangr\u00eda 2L es la opci\u00f3n perfecta para quienes buscan una bebida festiva y f\u00e1cil de servir, ideal para compartir con amigos y familiares en cualquier ocasi\u00f3n. \u00a1Disfruta de su frescura y sabor en cada vaso!","og_url":"https:\/\/www.bodegasballesteros.es\/en\/tienda\/nuestros-vinos\/sangria-2l\/","og_site_name":"Bodegas Ballesteros","og_image":[{"width":1500,"height":2000,"url":"http:\/\/www.bodegasballesteros.es\/wp-content\/uploads\/2024\/09\/foto-17.png","type":"image\/png"}],"twitter_card":"summary_large_image","twitter_misc":{"Est. reading time":"1 minute"},"schema":{"@context":"https:\/\/schema.org","@graph":[{"@type":"WebPage","@id":"https:\/\/www.bodegasballesteros.es\/tienda\/nuestros-vinos\/sangria-2l\/","url":"https:\/\/www.bodegasballesteros.es\/tienda\/nuestros-vinos\/sangria-2l\/","name":"Sangria 2l","isPartOf":{"@id":"https:\/\/www.bodegasballesteros.es\/#website"},"primaryImageOfPage":{"@id":"https:\/\/www.bodegasballesteros.es\/tienda\/nuestros-vinos\/sangria-2l\/#primaryimage"},"image":{"@id":"https:\/\/www.bodegasballesteros.es\/tienda\/nuestros-vinos\/sangria-2l\/#primaryimage"},"thumbnailUrl":"https:\/\/www.bodegasballesteros.es\/wp-content\/uploads\/2024\/09\/foto-17.png","datePublished":"2024-09-05T22:11:43+00:00","dateModified":"2024-09-05T22:11:43+00:00","description":"La Sangr\u00eda 2L es la opci\u00f3n perfecta para quienes buscan una bebida festiva y f\u00e1cil de servir, ideal para compartir con amigos y familiares en cualquier ocasi\u00f3n. \u00a1Disfruta de su frescura y sabor en cada vaso!","breadcrumb":{"@id":"https:\/\/www.bodegasballesteros.es\/tienda\/nuestros-vinos\/sangria-2l\/#breadcrumb"},"inLanguage":"en-US","potentialAction":[{"@type":"ReadAction","target":["https:\/\/www.bodegasballesteros.es\/tienda\/nuestros-vinos\/sangria-2l\/"]}]},{"@type":"ImageObject","inLanguage":"en-US","@id":"https:\/\/www.bodegasballesteros.es\/tienda\/nuestros-vinos\/sangria-2l\/#primaryimage","url":"https:\/\/www.bodegasballesteros.es\/wp-content\/uploads\/2024\/09\/foto-17.png","contentUrl":"https:\/\/www.bodegasballesteros.es\/wp-content\/uploads\/2024\/09\/foto-17.png","width":1500,"height":2000},{"@type":"BreadcrumbList","@id":"https:\/\/www.bodegasballesteros.es\/tienda\/nuestros-vinos\/sangria-2l\/#breadcrumb","itemListElement":[{"@type":"ListItem","position":1,"name":"Portada","item":"https:\/\/www.bodegasballesteros.es\/"},{"@type":"ListItem","position":2,"name":"Tienda default","item":"https:\/\/www.bodegasballesteros.es\/tienda-default\/"},{"@type":"ListItem","position":3,"name":"Sangria 2l"}]},{"@type":"WebSite","@id":"https:\/\/www.bodegasballesteros.es\/#website","url":"https:\/\/www.bodegasballesteros.es\/","name":"Bodegas Ballesteros","description":"Bodegas Ballesteros SL desde 1.925","publisher":{"@id":"https:\/\/www.bodegasballesteros.es\/#organization"},"potentialAction":[{"@type":"SearchAction","target":{"@type":"EntryPoint","urlTemplate":"https:\/\/www.bodegasballesteros.es\/?s={search_term_string}"},"query-input":{"@type":"PropertyValueSpecification","valueRequired":true,"valueName":"search_term_string"}}],"inLanguage":"en-US"},{"@type":"Organization","@id":"https:\/\/www.bodegasballesteros.es\/#organization","name":"Bodegas Ballesteros","url":"https:\/\/www.bodegasballesteros.es\/","logo":{"@type":"ImageObject","inLanguage":"en-US","@id":"https:\/\/www.bodegasballesteros.es\/#\/schema\/logo\/image\/","url":"https:\/\/www.bodegasballesteros.es\/wp-content\/uploads\/2024\/08\/logo.jpg","contentUrl":"https:\/\/www.bodegasballesteros.es\/wp-content\/uploads\/2024\/08\/logo.jpg","width":630,"height":674,"caption":"Bodegas Ballesteros"},"image":{"@id":"https:\/\/www.bodegasballesteros.es\/#\/schema\/logo\/image\/"}}]}},"_links":{"self":[{"href":"https:\/\/www.bodegasballesteros.es\/en\/wp-json\/wp\/v2\/product\/230","targetHints":{"allow":["GET"]}}],"collection":[{"href":"https:\/\/www.bodegasballesteros.es\/en\/wp-json\/wp\/v2\/product"}],"about":[{"href":"https:\/\/www.bodegasballesteros.es\/en\/wp-json\/wp\/v2\/types\/product"}],"version-history":[{"count":1,"href":"https:\/\/www.bodegasballesteros.es\/en\/wp-json\/wp\/v2\/product\/230\/revisions"}],"predecessor-version":[{"id":232,"href":"https:\/\/www.bodegasballesteros.es\/en\/wp-json\/wp\/v2\/product\/230\/revisions\/232"}],"wp:featuredmedia":[{"embeddable":true,"href":"https:\/\/www.bodegasballesteros.es\/en\/wp-json\/wp\/v2\/media\/231"}],"wp:attachment":[{"href":"https:\/\/www.bodegasballesteros.es\/en\/wp-json\/wp\/v2\/media?parent=230"}],"wp:term":[{"taxonomy":"product_cat","embeddable":true,"href":"https:\/\/www.bodegasballesteros.es\/en\/wp-json\/wp\/v2\/product_cat?post=230"},{"taxonomy":"product_tag","embeddable":true,"href":"https:\/\/www.bodegasballesteros.es\/en\/wp-json\/wp\/v2\/product_tag?post=230"}],"curies":[{"name":"wp","href":"https:\/\/api.w.org\/{rel}","templated":true}]}}