{"id":224,"date":"2024-09-06T00:11:43","date_gmt":"2024-09-05T22:11:43","guid":{"rendered":"http:\/\/www.bodegasballesteros.es\/?post_type=product&#038;p=224"},"modified":"2024-09-06T00:11:43","modified_gmt":"2024-09-05T22:11:43","slug":"vermut-rojo-box-5l","status":"publish","type":"product","link":"https:\/\/www.bodegasballesteros.es\/en\/tienda\/nuestros-vinos\/vermut-rojo-box-5l\/","title":{"rendered":"Vermut Rojo Box 5l"},"content":{"rendered":"<p>El <strong>Vermut Rojo Box 5L<\/strong> es una bebida aromatizada a base de vino, perfecta para disfrutar como aperitivo o en c\u00f3cteles. Con su caracter\u00edstico color rojo profundo, este vermut se elabora con una cuidada selecci\u00f3n de vinos y una mezcla de hierbas y especias que le confieren un sabor \u00fanico y complejo.<\/p>\n","protected":false},"excerpt":{"rendered":"<p>El aroma lleva notas de hierbas, especias y toques frutales, sabor suave, equilibrado, dulce y ligeramente amargo.\u00a0Ideal para acompa\u00f1ar aperitivos, tapas y como base en c\u00f3cteles cl\u00e1sicos como el Negroni o el Manhattan<\/p>\n","protected":false},"featured_media":225,"template":"","meta":[],"product_cat":[23],"product_tag":[],"class_list":{"0":"post-224","1":"product","2":"type-product","3":"status-publish","4":"has-post-thumbnail","6":"product_cat-nuestros-vinos","8":"first","9":"instock","10":"taxable","11":"shipping-taxable","12":"purchasable","13":"product-type-simple"},"yoast_head":"<!-- This site is optimized with the Yoast SEO plugin v23.9 - https:\/\/yoast.com\/wordpress\/plugins\/seo\/ -->\n<title>Vermut Rojo Box 5l - Bodegas Ballesteros<\/title>\n<meta name=\"description\" content=\"En nariz, presenta un aroma envolvente donde destacan notas de hierbas arom\u00e1ticas, especias y un toque sutil de frutas. En boca, es suave y equilibrado, con un perfil dulce y ligeramente amargo que realza su frescura. Su final es persistente, lo que lo convierte en una opci\u00f3n ideal para disfrutar solo o como base en una variedad de c\u00f3cteles.\" \/>\n<meta name=\"robots\" content=\"index, follow, max-snippet:-1, max-image-preview:large, max-video-preview:-1\" \/>\n<link rel=\"canonical\" href=\"https:\/\/www.bodegasballesteros.es\/en\/tienda\/nuestros-vinos\/vermut-rojo-box-5l\/\" \/>\n<meta property=\"og:locale\" content=\"en_US\" \/>\n<meta property=\"og:locale:alternate\" content=\"es_ES\" \/>\n<meta property=\"og:type\" content=\"article\" \/>\n<meta property=\"og:title\" content=\"Vermut Rojo Box 5l\" \/>\n<meta property=\"og:description\" content=\"En nariz, presenta un aroma envolvente donde destacan notas de hierbas arom\u00e1ticas, especias y un toque sutil de frutas. En boca, es suave y equilibrado, con un perfil dulce y ligeramente amargo que realza su frescura. Su final es persistente, lo que lo convierte en una opci\u00f3n ideal para disfrutar solo o como base en una variedad de c\u00f3cteles.\" \/>\n<meta property=\"og:url\" content=\"https:\/\/www.bodegasballesteros.es\/en\/tienda\/nuestros-vinos\/vermut-rojo-box-5l\/\" \/>\n<meta property=\"og:site_name\" content=\"Bodegas Ballesteros\" \/>\n<meta property=\"og:image\" content=\"http:\/\/www.bodegasballesteros.es\/wp-content\/uploads\/2024\/09\/foto-15.png\" \/>\n\t<meta property=\"og:image:width\" content=\"1500\" \/>\n\t<meta property=\"og:image:height\" content=\"2000\" \/>\n\t<meta property=\"og:image:type\" content=\"image\/png\" \/>\n<meta name=\"twitter:card\" content=\"summary_large_image\" \/>\n<meta name=\"twitter:label1\" content=\"Est. reading time\" \/>\n\t<meta name=\"twitter:data1\" content=\"1 minute\" \/>\n<script type=\"application\/ld+json\" class=\"yoast-schema-graph\">{\"@context\":\"https:\/\/schema.org\",\"@graph\":[{\"@type\":\"WebPage\",\"@id\":\"https:\/\/www.bodegasballesteros.es\/tienda\/nuestros-vinos\/vermut-rojo-box-5l\/\",\"url\":\"https:\/\/www.bodegasballesteros.es\/tienda\/nuestros-vinos\/vermut-rojo-box-5l\/\",\"name\":\"Vermut Rojo Box 5l\",\"isPartOf\":{\"@id\":\"https:\/\/www.bodegasballesteros.es\/#website\"},\"primaryImageOfPage\":{\"@id\":\"https:\/\/www.bodegasballesteros.es\/tienda\/nuestros-vinos\/vermut-rojo-box-5l\/#primaryimage\"},\"image\":{\"@id\":\"https:\/\/www.bodegasballesteros.es\/tienda\/nuestros-vinos\/vermut-rojo-box-5l\/#primaryimage\"},\"thumbnailUrl\":\"https:\/\/www.bodegasballesteros.es\/wp-content\/uploads\/2024\/09\/foto-15.png\",\"datePublished\":\"2024-09-05T22:11:43+00:00\",\"dateModified\":\"2024-09-05T22:11:43+00:00\",\"description\":\"En nariz, presenta un aroma envolvente donde destacan notas de hierbas arom\u00e1ticas, especias y un toque sutil de frutas. En boca, es suave y equilibrado, con un perfil dulce y ligeramente amargo que realza su frescura. Su final es persistente, lo que lo convierte en una opci\u00f3n ideal para disfrutar solo o como base en una variedad de c\u00f3cteles.\",\"breadcrumb\":{\"@id\":\"https:\/\/www.bodegasballesteros.es\/tienda\/nuestros-vinos\/vermut-rojo-box-5l\/#breadcrumb\"},\"inLanguage\":\"en-US\",\"potentialAction\":[{\"@type\":\"ReadAction\",\"target\":[\"https:\/\/www.bodegasballesteros.es\/tienda\/nuestros-vinos\/vermut-rojo-box-5l\/\"]}]},{\"@type\":\"ImageObject\",\"inLanguage\":\"en-US\",\"@id\":\"https:\/\/www.bodegasballesteros.es\/tienda\/nuestros-vinos\/vermut-rojo-box-5l\/#primaryimage\",\"url\":\"https:\/\/www.bodegasballesteros.es\/wp-content\/uploads\/2024\/09\/foto-15.png\",\"contentUrl\":\"https:\/\/www.bodegasballesteros.es\/wp-content\/uploads\/2024\/09\/foto-15.png\",\"width\":1500,\"height\":2000},{\"@type\":\"BreadcrumbList\",\"@id\":\"https:\/\/www.bodegasballesteros.es\/tienda\/nuestros-vinos\/vermut-rojo-box-5l\/#breadcrumb\",\"itemListElement\":[{\"@type\":\"ListItem\",\"position\":1,\"name\":\"Portada\",\"item\":\"https:\/\/www.bodegasballesteros.es\/\"},{\"@type\":\"ListItem\",\"position\":2,\"name\":\"Tienda default\",\"item\":\"https:\/\/www.bodegasballesteros.es\/tienda-default\/\"},{\"@type\":\"ListItem\",\"position\":3,\"name\":\"Vermut Rojo Box 5l\"}]},{\"@type\":\"WebSite\",\"@id\":\"https:\/\/www.bodegasballesteros.es\/#website\",\"url\":\"https:\/\/www.bodegasballesteros.es\/\",\"name\":\"Bodegas Ballesteros\",\"description\":\"Bodegas Ballesteros SL desde 1.925\",\"publisher\":{\"@id\":\"https:\/\/www.bodegasballesteros.es\/#organization\"},\"potentialAction\":[{\"@type\":\"SearchAction\",\"target\":{\"@type\":\"EntryPoint\",\"urlTemplate\":\"https:\/\/www.bodegasballesteros.es\/?s={search_term_string}\"},\"query-input\":{\"@type\":\"PropertyValueSpecification\",\"valueRequired\":true,\"valueName\":\"search_term_string\"}}],\"inLanguage\":\"en-US\"},{\"@type\":\"Organization\",\"@id\":\"https:\/\/www.bodegasballesteros.es\/#organization\",\"name\":\"Bodegas Ballesteros\",\"url\":\"https:\/\/www.bodegasballesteros.es\/\",\"logo\":{\"@type\":\"ImageObject\",\"inLanguage\":\"en-US\",\"@id\":\"https:\/\/www.bodegasballesteros.es\/#\/schema\/logo\/image\/\",\"url\":\"https:\/\/www.bodegasballesteros.es\/wp-content\/uploads\/2024\/08\/logo.jpg\",\"contentUrl\":\"https:\/\/www.bodegasballesteros.es\/wp-content\/uploads\/2024\/08\/logo.jpg\",\"width\":630,\"height\":674,\"caption\":\"Bodegas Ballesteros\"},\"image\":{\"@id\":\"https:\/\/www.bodegasballesteros.es\/#\/schema\/logo\/image\/\"}}]}<\/script>\n<!-- \/ Yoast SEO plugin. -->","yoast_head_json":{"title":"Vermut Rojo Box 5l - Bodegas Ballesteros","description":"En nariz, presenta un aroma envolvente donde destacan notas de hierbas arom\u00e1ticas, especias y un toque sutil de frutas. En boca, es suave y equilibrado, con un perfil dulce y ligeramente amargo que realza su frescura. Su final es persistente, lo que lo convierte en una opci\u00f3n ideal para disfrutar solo o como base en una variedad de c\u00f3cteles.","robots":{"index":"index","follow":"follow","max-snippet":"max-snippet:-1","max-image-preview":"max-image-preview:large","max-video-preview":"max-video-preview:-1"},"canonical":"https:\/\/www.bodegasballesteros.es\/en\/tienda\/nuestros-vinos\/vermut-rojo-box-5l\/","og_locale":"en_US","og_type":"article","og_title":"[:es]Vermut Rojo Box 5l[:] - Bodegas Ballesteros","og_description":"En nariz, presenta un aroma envolvente donde destacan notas de hierbas arom\u00e1ticas, especias y un toque sutil de frutas. En boca, es suave y equilibrado, con un perfil dulce y ligeramente amargo que realza su frescura. Su final es persistente, lo que lo convierte en una opci\u00f3n ideal para disfrutar solo o como base en una variedad de c\u00f3cteles.","og_url":"https:\/\/www.bodegasballesteros.es\/en\/tienda\/nuestros-vinos\/vermut-rojo-box-5l\/","og_site_name":"Bodegas Ballesteros","og_image":[{"width":1500,"height":2000,"url":"http:\/\/www.bodegasballesteros.es\/wp-content\/uploads\/2024\/09\/foto-15.png","type":"image\/png"}],"twitter_card":"summary_large_image","twitter_misc":{"Est. reading time":"1 minute"},"schema":{"@context":"https:\/\/schema.org","@graph":[{"@type":"WebPage","@id":"https:\/\/www.bodegasballesteros.es\/tienda\/nuestros-vinos\/vermut-rojo-box-5l\/","url":"https:\/\/www.bodegasballesteros.es\/tienda\/nuestros-vinos\/vermut-rojo-box-5l\/","name":"Vermut Rojo Box 5l","isPartOf":{"@id":"https:\/\/www.bodegasballesteros.es\/#website"},"primaryImageOfPage":{"@id":"https:\/\/www.bodegasballesteros.es\/tienda\/nuestros-vinos\/vermut-rojo-box-5l\/#primaryimage"},"image":{"@id":"https:\/\/www.bodegasballesteros.es\/tienda\/nuestros-vinos\/vermut-rojo-box-5l\/#primaryimage"},"thumbnailUrl":"https:\/\/www.bodegasballesteros.es\/wp-content\/uploads\/2024\/09\/foto-15.png","datePublished":"2024-09-05T22:11:43+00:00","dateModified":"2024-09-05T22:11:43+00:00","description":"En nariz, presenta un aroma envolvente donde destacan notas de hierbas arom\u00e1ticas, especias y un toque sutil de frutas. En boca, es suave y equilibrado, con un perfil dulce y ligeramente amargo que realza su frescura. Su final es persistente, lo que lo convierte en una opci\u00f3n ideal para disfrutar solo o como base en una variedad de c\u00f3cteles.","breadcrumb":{"@id":"https:\/\/www.bodegasballesteros.es\/tienda\/nuestros-vinos\/vermut-rojo-box-5l\/#breadcrumb"},"inLanguage":"en-US","potentialAction":[{"@type":"ReadAction","target":["https:\/\/www.bodegasballesteros.es\/tienda\/nuestros-vinos\/vermut-rojo-box-5l\/"]}]},{"@type":"ImageObject","inLanguage":"en-US","@id":"https:\/\/www.bodegasballesteros.es\/tienda\/nuestros-vinos\/vermut-rojo-box-5l\/#primaryimage","url":"https:\/\/www.bodegasballesteros.es\/wp-content\/uploads\/2024\/09\/foto-15.png","contentUrl":"https:\/\/www.bodegasballesteros.es\/wp-content\/uploads\/2024\/09\/foto-15.png","width":1500,"height":2000},{"@type":"BreadcrumbList","@id":"https:\/\/www.bodegasballesteros.es\/tienda\/nuestros-vinos\/vermut-rojo-box-5l\/#breadcrumb","itemListElement":[{"@type":"ListItem","position":1,"name":"Portada","item":"https:\/\/www.bodegasballesteros.es\/"},{"@type":"ListItem","position":2,"name":"Tienda default","item":"https:\/\/www.bodegasballesteros.es\/tienda-default\/"},{"@type":"ListItem","position":3,"name":"Vermut Rojo Box 5l"}]},{"@type":"WebSite","@id":"https:\/\/www.bodegasballesteros.es\/#website","url":"https:\/\/www.bodegasballesteros.es\/","name":"Bodegas Ballesteros","description":"Bodegas Ballesteros SL desde 1.925","publisher":{"@id":"https:\/\/www.bodegasballesteros.es\/#organization"},"potentialAction":[{"@type":"SearchAction","target":{"@type":"EntryPoint","urlTemplate":"https:\/\/www.bodegasballesteros.es\/?s={search_term_string}"},"query-input":{"@type":"PropertyValueSpecification","valueRequired":true,"valueName":"search_term_string"}}],"inLanguage":"en-US"},{"@type":"Organization","@id":"https:\/\/www.bodegasballesteros.es\/#organization","name":"Bodegas Ballesteros","url":"https:\/\/www.bodegasballesteros.es\/","logo":{"@type":"ImageObject","inLanguage":"en-US","@id":"https:\/\/www.bodegasballesteros.es\/#\/schema\/logo\/image\/","url":"https:\/\/www.bodegasballesteros.es\/wp-content\/uploads\/2024\/08\/logo.jpg","contentUrl":"https:\/\/www.bodegasballesteros.es\/wp-content\/uploads\/2024\/08\/logo.jpg","width":630,"height":674,"caption":"Bodegas Ballesteros"},"image":{"@id":"https:\/\/www.bodegasballesteros.es\/#\/schema\/logo\/image\/"}}]}},"_links":{"self":[{"href":"https:\/\/www.bodegasballesteros.es\/en\/wp-json\/wp\/v2\/product\/224","targetHints":{"allow":["GET"]}}],"collection":[{"href":"https:\/\/www.bodegasballesteros.es\/en\/wp-json\/wp\/v2\/product"}],"about":[{"href":"https:\/\/www.bodegasballesteros.es\/en\/wp-json\/wp\/v2\/types\/product"}],"version-history":[{"count":1,"href":"https:\/\/www.bodegasballesteros.es\/en\/wp-json\/wp\/v2\/product\/224\/revisions"}],"predecessor-version":[{"id":226,"href":"https:\/\/www.bodegasballesteros.es\/en\/wp-json\/wp\/v2\/product\/224\/revisions\/226"}],"wp:featuredmedia":[{"embeddable":true,"href":"https:\/\/www.bodegasballesteros.es\/en\/wp-json\/wp\/v2\/media\/225"}],"wp:attachment":[{"href":"https:\/\/www.bodegasballesteros.es\/en\/wp-json\/wp\/v2\/media?parent=224"}],"wp:term":[{"taxonomy":"product_cat","embeddable":true,"href":"https:\/\/www.bodegasballesteros.es\/en\/wp-json\/wp\/v2\/product_cat?post=224"},{"taxonomy":"product_tag","embeddable":true,"href":"https:\/\/www.bodegasballesteros.es\/en\/wp-json\/wp\/v2\/product_tag?post=224"}],"curies":[{"name":"wp","href":"https:\/\/api.w.org\/{rel}","templated":true}]}}