{"id":530,"date":"2024-09-10T11:33:09","date_gmt":"2024-09-10T09:33:09","guid":{"rendered":"https:\/\/www.bodegasballesteros.es\/?page_id=530"},"modified":"2024-09-10T11:37:47","modified_gmt":"2024-09-10T09:37:47","slug":"esaviso-legal","status":"publish","type":"page","link":"https:\/\/www.bodegasballesteros.es\/en\/esaviso-legal\/","title":{"rendered":"Aviso Legal"},"content":{"rendered":"\t\t<div data-elementor-type=\"wp-page\" data-elementor-id=\"530\" class=\"elementor elementor-530\" data-elementor-post-type=\"page\">\n\t\t\t\t<div class=\"elementor-element elementor-element-7d417d8 e-flex e-con-boxed e-con e-parent\" data-id=\"7d417d8\" data-element_type=\"container\">\n\t\t\t\t\t<div class=\"e-con-inner\">\n\t\t\t\t<div class=\"elementor-element elementor-element-cf34ee8 elementor-widget elementor-widget-text-editor\" data-id=\"cf34ee8\" data-element_type=\"widget\" data-widget_type=\"text-editor.default\">\n\t\t\t\t<div class=\"elementor-widget-container\">\n\t\t\t\t\t\t\t<p><strong>AVISO LEGAL<\/strong><\/p><h3>Identificaci\u00f3n del prestador de servicios de la sociedad de la informaci\u00f3n<\/h3><p>Con la finalidad de dar cumplimiento al art\u00edculo 10 de la Ley 34\/2002 de Servicios de la Sociedad de la Informaci\u00f3n y Comercio Electr\u00f3nico, informamos al Usuario de nuestros datos:<\/p><ul><li><strong>Sitio\/s Web:<\/strong> <a href=\"http:\/\/bodegasballesteros.es\" target=\"_new\" rel=\"noopener\">http:\/\/bodegasballesteros.es<\/a>.<\/li><li><strong>Entidad:<\/strong> BODEGAS ANTONIO BALLESTEROS SL<\/li><li><strong>Nombre Comercial:<\/strong> BODEGAS ANTONIO BALLESTEROS<\/li><li><strong>Domicilio:<\/strong> CAMINO VILLATOBAS, 1 &#8211; 45350 &#8211; NOBLEJAS &#8211; TOLEDO<\/li><li><strong>NIF:<\/strong> B45598778<\/li><li><strong>Tel\u00e9fono:<\/strong> 925141479<\/li><li><strong>e-Mail:<\/strong> <a rel=\"noopener\">BODEGASBALLESTEROS@HOTMAIL.ES<\/a><\/li><\/ul><h3>Objeto<\/h3><p>El prestador, responsable del sitio web, pone a disposici\u00f3n de los usuarios el presente documento con el que pretende dar cumplimiento a las obligaciones dispuestas en la Ley 34\/2002, de Servicios de la Sociedad de la Informaci\u00f3n y del Comercio Electr\u00f3nico (LSSI-CE), as\u00ed como informar a todos los usuarios del sitio web respecto a cu\u00e1les son las condiciones de uso del sitio web.<\/p><p>Toda persona que acceda a este sitio web asume el papel de usuario, comprometi\u00e9ndose a la observancia y cumplimiento riguroso de las disposiciones aqu\u00ed dispuestas, as\u00ed como a cualquier otra disposici\u00f3n legal que fuera de aplicaci\u00f3n.<\/p><p>El prestador se reserva el derecho a modificar cualquier tipo de informaci\u00f3n que pudiera aparecer en el sitio web, sin que exista obligaci\u00f3n de preavisar o poner en conocimiento de los usuarios dichas modificaciones, entendi\u00e9ndose como suficiente la publicaci\u00f3n en el sitio web del prestador.<\/p><h3>Responsabilidad<\/h3><p>El prestador se exime de cualquier tipo de responsabilidad derivada de la informaci\u00f3n publicada en su sitio web, siempre que esta informaci\u00f3n haya sido manipulada o introducida por un tercero ajeno al mismo.<\/p><p>En este sitio web es posible que haya enlaces a contenidos de terceros sitios web. Dado que el prestador no puede controlar siempre los contenidos introducidos por los terceros en sus sitios web, \u00e9ste no asume ning\u00fan tipo de responsabilidad respecto a dichos contenidos. En todo caso, el prestador manifiesta que proceder\u00e1 a la retirada inmediata de cualquier contenido que pudiera contravenir la legislaci\u00f3n nacional o internacional, la moral o el orden p\u00fablico, procediendo a la retirada inmediata de la redirecci\u00f3n a dicho sitio web, poniendo en conocimiento de las autoridades competentes el contenido en cuesti\u00f3n.<\/p><p>El prestador no se hace responsable de la informaci\u00f3n y contenidos almacenados, a t\u00edtulo enunciativo pero no limitativo, en foros, chats, generadores de blogs, comentarios, redes sociales o cualquier otro medio que permita a terceros publicar contenidos de forma independiente en la p\u00e1gina web del prestador.<\/p><p>En este sitio web hemos adoptado las medidas de seguridad pertinentes para garantizar la confidencialidad, integridad y disponibilidad de la informaci\u00f3n. Utilizamos el protocolo HTTPS (SSL) para establecer un canal seguro de comunicaci\u00f3n entre el servidor y el usuario para el env\u00edo de sus datos personales. Este servicio a trav\u00e9s de un servidor seguro garantiza la confidencialidad de la informaci\u00f3n intercambiada entre el ordenador del usuario y dicho servidor, ya que entre ambos se establece una conexi\u00f3n cifrada que imposibilita el acceso de terceros a la informaci\u00f3n enviada.<\/p><p>Este sitio web ha sido revisado y probado para que funcione correctamente. En principio, puede garantizarse el correcto funcionamiento los 365 d\u00edas del a\u00f1o, 24 horas al d\u00eda. No obstante, el prestador no descarta la posibilidad de que existan ciertos errores de programaci\u00f3n, o que acontezcan causas de fuerza mayor, cat\u00e1strofes naturales, huelgas, o circunstancias semejantes que hagan imposible el acceso a la p\u00e1gina web.<\/p><h3>Propiedad Intelectual e Industrial<\/h3><p>Este sitio web, incluyendo a t\u00edtulo enunciativo pero no limitativo, su programaci\u00f3n, edici\u00f3n, compilaci\u00f3n y dem\u00e1s elementos necesarios para su funcionamiento, los dise\u00f1os, logotipos, texto y gr\u00e1ficos, son propiedad del prestador o, en su caso, dispone de licencia o autorizaci\u00f3n expresa por parte de los autores. Todos los contenidos del sitio web se encuentran debidamente protegidos por la normativa de propiedad intelectual e industrial, y, en su caso, inscritos en los registros p\u00fablicos correspondientes.<\/p><p>Independientemente de la finalidad para la que fueran destinados, la reproducci\u00f3n total o parcial, uso, explotaci\u00f3n, distribuci\u00f3n y comercializaci\u00f3n de los contenidos de este sitio web, requiere en todo caso de la autorizaci\u00f3n escrita previa por parte del prestador. Cualquier uso no autorizado previamente por parte del prestador ser\u00e1 considerado un incumplimiento grave de los derechos de propiedad intelectual o industrial del autor.<\/p><p>Los dise\u00f1os, logotipos, texto y\/o gr\u00e1ficos ajenos al prestador que pudieran aparecer en el sitio web, pertenecen a sus respectivos propietarios, siendo ellos mismos responsables de cualquier posible controversia que pudiera suscitarse respecto a los mismos.<\/p><p>El prestador reconoce a favor de sus titulares los correspondientes derechos de propiedad industrial e intelectual, no implicando su sola menci\u00f3n o aparici\u00f3n en el sitio web la existencia de derechos o responsabilidad alguna del prestador sobre los mismos, como tampoco respaldo, patrocinio o recomendaci\u00f3n por parte del mismo.<\/p><p>Para realizar cualquier tipo de observaci\u00f3n respecto a posibles incumplimientos de los derechos de propiedad intelectual o industrial, as\u00ed como sobre cualquiera de los contenidos del sitio web, puede hacerlo a trav\u00e9s del correo electr\u00f3nico o tel\u00e9fono indicados en el apartado de identificaci\u00f3n del prestador de este aviso legal.<\/p><h3>Veracidad de la informaci\u00f3n y menores de edad<\/h3><p>Toda la informaci\u00f3n que facilita el Usuario tiene que ser veraz. A estos efectos, el Usuario garantiza la autenticidad de los datos comunicados a trav\u00e9s de los formularios para la suscripci\u00f3n de los Servicios. Ser\u00e1 responsabilidad del Usuario mantener toda la informaci\u00f3n facilitada al prestador permanentemente actualizada de forma que responda, en cada momento, a su situaci\u00f3n real. En todo caso, el Usuario ser\u00e1 el \u00fanico responsable de las manifestaciones falsas o inexactas que realice y de los perjuicios que cause al prestador o a terceros.<\/p><p>Respecto al uso de los servicios de este sitio web, los menores de edad deben obtener siempre previamente el consentimiento de los padres, tutores o representantes legales, responsables \u00faltimos de todos los actos realizados por los menores a su cargo. La responsabilidad en la determinaci\u00f3n de contenidos a los cuales acceden los menores corresponde a los mismos, por lo que, si acceden a contenidos no apropiados, se deber\u00e1n establecer en sus ordenadores mecanismos, como programas inform\u00e1ticos, filtros y bloqueos, que permitan limitar los contenidos disponibles.<\/p><h3>Condiciones de acceso y uso<\/h3><p>El acceso a este sitio web es libre y gratuito para el Usuario, quien se compromete a utilizar este sitio web de conformidad con la ley y el presente aviso legal, as\u00ed como a la moral y a las buenas costumbres. A tal efecto, el Usuario se abstendr\u00e1 de utilizar la p\u00e1gina con finalidades il\u00edcitas o prohibidas, lesivas de derechos e intereses de terceros, o que de cualquier forma puedan da\u00f1ar, inutilizar, sobrecargar, deteriorar o impedir la normal utilizaci\u00f3n de equipos inform\u00e1ticos o documentos, archivos y toda clase de contenidos almacenados en cualquier equipo inform\u00e1tico del prestador.<\/p><p>En particular, el Usuario se compromete a no transmitir, difundir o poner a disposici\u00f3n de terceros, informaciones o contenidos que:<\/p><ul><li>(a) sean contrarios a los derechos fundamentales y libertades p\u00fablicas reconocidas constitucionalmente;<\/li><li>(b) promuevan actuaciones delictivas, denigrantes, difamatorias o contrarias a la ley, la moral y el orden p\u00fablico;<\/li><li>(c) promuevan actuaciones discriminatorias por raz\u00f3n de sexo, raza, religi\u00f3n, creencias, edad o condici\u00f3n;<\/li><li>(d) atenten contra el honor, la intimidad personal o familiar, o la propia imagen de las personas;<\/li><li>(e) perjudiquen la credibilidad del prestador o de terceros;<\/li><li>(f) constituyan publicidad il\u00edcita, enga\u00f1osa o desleal.<\/li><\/ul><h3>Ley Aplicable y Jurisdicci\u00f3n<\/h3><p>Para la resoluci\u00f3n de todas las controversias o cuestiones relacionadas con el presente sitio web o de las actividades en \u00e9l desarrolladas, ser\u00e1 de aplicaci\u00f3n la legislaci\u00f3n espa\u00f1ola, a la que se someten expresamente las partes, siendo competentes para la resoluci\u00f3n de todos los conflictos derivados o relacionados con su uso los Juzgados y Tribunales del domicilio del responsable de este sitio web.<\/p>\t\t\t\t\t\t<\/div>\n\t\t\t\t<\/div>\n\t\t\t\t\t<\/div>\n\t\t\t\t<\/div>\n\t\t\t\t<\/div>\n\t\t","protected":false},"excerpt":{"rendered":"<p>AVISO LEGAL Identificaci\u00f3n del prestador de servicios de la sociedad de la informaci\u00f3n Con la finalidad de dar cumplimiento al art\u00edculo 10 de la Ley 34\/2002 de Servicios de la Sociedad de la Informaci\u00f3n y Comercio Electr\u00f3nico, informamos al Usuario de nuestros datos: Sitio\/s Web: http:\/\/bodegasballesteros.es. Entidad: BODEGAS ANTONIO BALLESTEROS SL Nombre Comercial: BODEGAS ANTONIO [&hellip;]<\/p>\n","protected":false},"author":1,"featured_media":0,"parent":0,"menu_order":0,"comment_status":"closed","ping_status":"closed","template":"","meta":{"footnotes":""},"class_list":["post-530","page","type-page","status-publish","hentry"],"yoast_head":"<!-- This site is optimized with the Yoast SEO plugin v23.9 - https:\/\/yoast.com\/wordpress\/plugins\/seo\/ -->\n<title>Aviso Legal - Bodegas Ballesteros<\/title>\n<meta name=\"robots\" content=\"index, follow, max-snippet:-1, max-image-preview:large, max-video-preview:-1\" \/>\n<link rel=\"canonical\" href=\"https:\/\/www.bodegasballesteros.es\/en\/esaviso-legal\/\" \/>\n<meta property=\"og:locale\" content=\"en_US\" \/>\n<meta property=\"og:locale:alternate\" content=\"es_ES\" \/>\n<meta property=\"og:type\" content=\"article\" \/>\n<meta property=\"og:title\" content=\"Aviso Legal\" \/>\n<meta property=\"og:description\" content=\"AVISO LEGAL Identificaci\u00f3n del prestador de servicios de la sociedad de la informaci\u00f3n Con la finalidad de dar cumplimiento al art\u00edculo 10 de la Ley 34\/2002 de Servicios de la Sociedad de la Informaci\u00f3n y Comercio Electr\u00f3nico, informamos al Usuario de nuestros datos: Sitio\/s Web: http:\/\/bodegasballesteros.es. Entidad: BODEGAS ANTONIO BALLESTEROS SL Nombre Comercial: BODEGAS ANTONIO [&hellip;]\" \/>\n<meta property=\"og:url\" content=\"https:\/\/www.bodegasballesteros.es\/en\/esaviso-legal\/\" \/>\n<meta property=\"og:site_name\" content=\"Bodegas Ballesteros\" \/>\n<meta property=\"article:modified_time\" content=\"2024-09-10T09:37:47+00:00\" \/>\n<meta name=\"twitter:card\" content=\"summary_large_image\" \/>\n<meta name=\"twitter:label1\" content=\"Est. reading time\" \/>\n\t<meta name=\"twitter:data1\" content=\"6 minutes\" \/>\n<script type=\"application\/ld+json\" class=\"yoast-schema-graph\">{\"@context\":\"https:\/\/schema.org\",\"@graph\":[{\"@type\":\"WebPage\",\"@id\":\"https:\/\/www.bodegasballesteros.es\/esaviso-legal\/\",\"url\":\"https:\/\/www.bodegasballesteros.es\/esaviso-legal\/\",\"name\":\"Aviso Legal\",\"isPartOf\":{\"@id\":\"https:\/\/www.bodegasballesteros.es\/#website\"},\"datePublished\":\"2024-09-10T09:33:09+00:00\",\"dateModified\":\"2024-09-10T09:37:47+00:00\",\"breadcrumb\":{\"@id\":\"https:\/\/www.bodegasballesteros.es\/esaviso-legal\/#breadcrumb\"},\"inLanguage\":\"en-US\",\"potentialAction\":[{\"@type\":\"ReadAction\",\"target\":[\"https:\/\/www.bodegasballesteros.es\/esaviso-legal\/\"]}]},{\"@type\":\"BreadcrumbList\",\"@id\":\"https:\/\/www.bodegasballesteros.es\/esaviso-legal\/#breadcrumb\",\"itemListElement\":[{\"@type\":\"ListItem\",\"position\":1,\"name\":\"Portada\",\"item\":\"https:\/\/www.bodegasballesteros.es\/\"},{\"@type\":\"ListItem\",\"position\":2,\"name\":\"Aviso Legal\"}]},{\"@type\":\"WebSite\",\"@id\":\"https:\/\/www.bodegasballesteros.es\/#website\",\"url\":\"https:\/\/www.bodegasballesteros.es\/\",\"name\":\"Bodegas Ballesteros\",\"description\":\"Bodegas Ballesteros SL desde 1.925\",\"publisher\":{\"@id\":\"https:\/\/www.bodegasballesteros.es\/#organization\"},\"potentialAction\":[{\"@type\":\"SearchAction\",\"target\":{\"@type\":\"EntryPoint\",\"urlTemplate\":\"https:\/\/www.bodegasballesteros.es\/?s={search_term_string}\"},\"query-input\":{\"@type\":\"PropertyValueSpecification\",\"valueRequired\":true,\"valueName\":\"search_term_string\"}}],\"inLanguage\":\"en-US\"},{\"@type\":\"Organization\",\"@id\":\"https:\/\/www.bodegasballesteros.es\/#organization\",\"name\":\"Bodegas Ballesteros\",\"url\":\"https:\/\/www.bodegasballesteros.es\/\",\"logo\":{\"@type\":\"ImageObject\",\"inLanguage\":\"en-US\",\"@id\":\"https:\/\/www.bodegasballesteros.es\/#\/schema\/logo\/image\/\",\"url\":\"https:\/\/www.bodegasballesteros.es\/wp-content\/uploads\/2024\/08\/logo.jpg\",\"contentUrl\":\"https:\/\/www.bodegasballesteros.es\/wp-content\/uploads\/2024\/08\/logo.jpg\",\"width\":630,\"height\":674,\"caption\":\"Bodegas Ballesteros\"},\"image\":{\"@id\":\"https:\/\/www.bodegasballesteros.es\/#\/schema\/logo\/image\/\"}}]}<\/script>\n<!-- \/ Yoast SEO plugin. -->","yoast_head_json":{"title":"Aviso Legal - Bodegas Ballesteros","robots":{"index":"index","follow":"follow","max-snippet":"max-snippet:-1","max-image-preview":"max-image-preview:large","max-video-preview":"max-video-preview:-1"},"canonical":"https:\/\/www.bodegasballesteros.es\/en\/esaviso-legal\/","og_locale":"en_US","og_type":"article","og_title":"[:es]Aviso Legal[:] - Bodegas Ballesteros","og_description":"AVISO LEGAL Identificaci\u00f3n del prestador de servicios de la sociedad de la informaci\u00f3n Con la finalidad de dar cumplimiento al art\u00edculo 10 de la Ley 34\/2002 de Servicios de la Sociedad de la Informaci\u00f3n y Comercio Electr\u00f3nico, informamos al Usuario de nuestros datos: Sitio\/s Web: http:\/\/bodegasballesteros.es. Entidad: BODEGAS ANTONIO BALLESTEROS SL Nombre Comercial: BODEGAS ANTONIO [&hellip;]","og_url":"https:\/\/www.bodegasballesteros.es\/en\/esaviso-legal\/","og_site_name":"Bodegas Ballesteros","article_modified_time":"2024-09-10T09:37:47+00:00","twitter_card":"summary_large_image","twitter_misc":{"Est. reading time":"6 minutes"},"schema":{"@context":"https:\/\/schema.org","@graph":[{"@type":"WebPage","@id":"https:\/\/www.bodegasballesteros.es\/esaviso-legal\/","url":"https:\/\/www.bodegasballesteros.es\/esaviso-legal\/","name":"Aviso Legal","isPartOf":{"@id":"https:\/\/www.bodegasballesteros.es\/#website"},"datePublished":"2024-09-10T09:33:09+00:00","dateModified":"2024-09-10T09:37:47+00:00","breadcrumb":{"@id":"https:\/\/www.bodegasballesteros.es\/esaviso-legal\/#breadcrumb"},"inLanguage":"en-US","potentialAction":[{"@type":"ReadAction","target":["https:\/\/www.bodegasballesteros.es\/esaviso-legal\/"]}]},{"@type":"BreadcrumbList","@id":"https:\/\/www.bodegasballesteros.es\/esaviso-legal\/#breadcrumb","itemListElement":[{"@type":"ListItem","position":1,"name":"Portada","item":"https:\/\/www.bodegasballesteros.es\/"},{"@type":"ListItem","position":2,"name":"Aviso Legal"}]},{"@type":"WebSite","@id":"https:\/\/www.bodegasballesteros.es\/#website","url":"https:\/\/www.bodegasballesteros.es\/","name":"Bodegas Ballesteros","description":"Bodegas Ballesteros SL desde 1.925","publisher":{"@id":"https:\/\/www.bodegasballesteros.es\/#organization"},"potentialAction":[{"@type":"SearchAction","target":{"@type":"EntryPoint","urlTemplate":"https:\/\/www.bodegasballesteros.es\/?s={search_term_string}"},"query-input":{"@type":"PropertyValueSpecification","valueRequired":true,"valueName":"search_term_string"}}],"inLanguage":"en-US"},{"@type":"Organization","@id":"https:\/\/www.bodegasballesteros.es\/#organization","name":"Bodegas Ballesteros","url":"https:\/\/www.bodegasballesteros.es\/","logo":{"@type":"ImageObject","inLanguage":"en-US","@id":"https:\/\/www.bodegasballesteros.es\/#\/schema\/logo\/image\/","url":"https:\/\/www.bodegasballesteros.es\/wp-content\/uploads\/2024\/08\/logo.jpg","contentUrl":"https:\/\/www.bodegasballesteros.es\/wp-content\/uploads\/2024\/08\/logo.jpg","width":630,"height":674,"caption":"Bodegas Ballesteros"},"image":{"@id":"https:\/\/www.bodegasballesteros.es\/#\/schema\/logo\/image\/"}}]}},"_links":{"self":[{"href":"https:\/\/www.bodegasballesteros.es\/en\/wp-json\/wp\/v2\/pages\/530","targetHints":{"allow":["GET"]}}],"collection":[{"href":"https:\/\/www.bodegasballesteros.es\/en\/wp-json\/wp\/v2\/pages"}],"about":[{"href":"https:\/\/www.bodegasballesteros.es\/en\/wp-json\/wp\/v2\/types\/page"}],"author":[{"embeddable":true,"href":"https:\/\/www.bodegasballesteros.es\/en\/wp-json\/wp\/v2\/users\/1"}],"replies":[{"embeddable":true,"href":"https:\/\/www.bodegasballesteros.es\/en\/wp-json\/wp\/v2\/comments?post=530"}],"version-history":[{"count":5,"href":"https:\/\/www.bodegasballesteros.es\/en\/wp-json\/wp\/v2\/pages\/530\/revisions"}],"predecessor-version":[{"id":536,"href":"https:\/\/www.bodegasballesteros.es\/en\/wp-json\/wp\/v2\/pages\/530\/revisions\/536"}],"wp:attachment":[{"href":"https:\/\/www.bodegasballesteros.es\/en\/wp-json\/wp\/v2\/media?parent=530"}],"curies":[{"name":"wp","href":"https:\/\/api.w.org\/{rel}","templated":true}]}}