{"id":439,"date":"2024-09-06T00:14:29","date_gmt":"2024-09-05T22:14:29","guid":{"rendered":"http:\/\/www.bodegasballesteros.es\/?page_id=439"},"modified":"2025-07-22T15:49:08","modified_gmt":"2025-07-22T13:49:08","slug":"tienda","status":"publish","type":"page","link":"https:\/\/www.bodegasballesteros.es\/en\/tienda\/","title":{"rendered":"tienda"},"content":{"rendered":"\t\t<div data-elementor-type=\"wp-page\" data-elementor-id=\"439\" class=\"elementor elementor-439\" data-elementor-post-type=\"page\">\n\t\t\t\t<div class=\"elementor-element elementor-element-5c13988 e-flex e-con-boxed e-con e-parent\" data-id=\"5c13988\" data-element_type=\"container\">\n\t\t\t\t\t<div class=\"e-con-inner\">\n\t\t\t\t<div class=\"elementor-element elementor-element-90a9bb9 elementor-grid-3 elementor-product-loop-item--align-center elementor-grid-tablet-3 elementor-grid-mobile-2 elementor-products-grid elementor-wc-products elementor-widget elementor-widget-wc-categories\" data-id=\"90a9bb9\" data-element_type=\"widget\" data-widget_type=\"wc-categories.default\">\n\t\t\t\t<div class=\"elementor-widget-container\">\n\t\t\t<div class=\"woocommerce columns-3\"><ul class=\"products elementor-grid columns-3\">\n<li class=\"product-category product first\">\n\t<a aria-label=\"Visit product category otros vinos\" href=\"https:\/\/www.bodegasballesteros.es\/en\/categoria-producto\/otros-vinos\/\"><img fetchpriority=\"high\" decoding=\"async\" src=\"https:\/\/www.bodegasballesteros.es\/wp-content\/uploads\/2024\/09\/otros_vinos_cat-300x300.webp\" alt=\"otros vinos\" width=\"300\" height=\"300\" srcset=\"https:\/\/www.bodegasballesteros.es\/wp-content\/uploads\/2024\/09\/otros_vinos_cat-300x300.webp 300w, https:\/\/www.bodegasballesteros.es\/wp-content\/uploads\/2024\/09\/otros_vinos_cat-150x150.webp 150w, https:\/\/www.bodegasballesteros.es\/wp-content\/uploads\/2024\/09\/otros_vinos_cat-768x768.webp 768w, https:\/\/www.bodegasballesteros.es\/wp-content\/uploads\/2024\/09\/otros_vinos_cat-600x600.webp 600w, https:\/\/www.bodegasballesteros.es\/wp-content\/uploads\/2024\/09\/otros_vinos_cat-100x100.webp 100w, https:\/\/www.bodegasballesteros.es\/wp-content\/uploads\/2024\/09\/otros_vinos_cat.webp 1024w\" sizes=\"(max-width: 300px) 100vw, 300px\" \/>\t\t<h2 class=\"woocommerce-loop-category__title\">\n\t\t\totros vinos <mark class=\"count\">(18)<\/mark>\t\t<\/h2>\n\t\t<\/a><\/li>\n<li class=\"product-category product\">\n\t<a aria-label=\"Visit product category nuestros vinos\" href=\"https:\/\/www.bodegasballesteros.es\/en\/categoria-producto\/nuestros-vinos\/\"><img decoding=\"async\" src=\"https:\/\/www.bodegasballesteros.es\/wp-content\/uploads\/2024\/08\/logo-300x300.jpg\" alt=\"nuestros vinos\" width=\"300\" height=\"300\" srcset=\"https:\/\/www.bodegasballesteros.es\/wp-content\/uploads\/2024\/08\/logo-300x300.jpg 300w, https:\/\/www.bodegasballesteros.es\/wp-content\/uploads\/2024\/08\/logo-150x150.jpg 150w, https:\/\/www.bodegasballesteros.es\/wp-content\/uploads\/2024\/08\/logo-100x100.jpg 100w\" sizes=\"(max-width: 300px) 100vw, 300px\" \/>\t\t<h2 class=\"woocommerce-loop-category__title\">\n\t\t\tnuestros vinos <mark class=\"count\">(17)<\/mark>\t\t<\/h2>\n\t\t<\/a><\/li>\n<li class=\"product-category product last\">\n\t<a aria-label=\"Visit product category licores\" href=\"https:\/\/www.bodegasballesteros.es\/en\/categoria-producto\/licores\/\"><img decoding=\"async\" src=\"https:\/\/www.bodegasballesteros.es\/wp-content\/uploads\/2024\/09\/licores_cat-300x300.webp\" alt=\"licores\" width=\"300\" height=\"300\" srcset=\"https:\/\/www.bodegasballesteros.es\/wp-content\/uploads\/2024\/09\/licores_cat-300x300.webp 300w, https:\/\/www.bodegasballesteros.es\/wp-content\/uploads\/2024\/09\/licores_cat-150x150.webp 150w, https:\/\/www.bodegasballesteros.es\/wp-content\/uploads\/2024\/09\/licores_cat-768x768.webp 768w, https:\/\/www.bodegasballesteros.es\/wp-content\/uploads\/2024\/09\/licores_cat-600x600.webp 600w, https:\/\/www.bodegasballesteros.es\/wp-content\/uploads\/2024\/09\/licores_cat-100x100.webp 100w, https:\/\/www.bodegasballesteros.es\/wp-content\/uploads\/2024\/09\/licores_cat.webp 1024w\" sizes=\"(max-width: 300px) 100vw, 300px\" \/>\t\t<h2 class=\"woocommerce-loop-category__title\">\n\t\t\tlicores <mark class=\"count\">(15)<\/mark>\t\t<\/h2>\n\t\t<\/a><\/li>\n<li class=\"product-category product first\">\n\t<a aria-label=\"Visit product category aceites\" href=\"https:\/\/www.bodegasballesteros.es\/en\/categoria-producto\/aceites\/\"><img loading=\"lazy\" decoding=\"async\" src=\"https:\/\/www.bodegasballesteros.es\/wp-content\/uploads\/2024\/09\/aceite_section-300x300.webp\" alt=\"aceites\" width=\"300\" height=\"300\" srcset=\"https:\/\/www.bodegasballesteros.es\/wp-content\/uploads\/2024\/09\/aceite_section-300x300.webp 300w, https:\/\/www.bodegasballesteros.es\/wp-content\/uploads\/2024\/09\/aceite_section-150x150.webp 150w, https:\/\/www.bodegasballesteros.es\/wp-content\/uploads\/2024\/09\/aceite_section-768x768.webp 768w, https:\/\/www.bodegasballesteros.es\/wp-content\/uploads\/2024\/09\/aceite_section-600x600.webp 600w, https:\/\/www.bodegasballesteros.es\/wp-content\/uploads\/2024\/09\/aceite_section-100x100.webp 100w, https:\/\/www.bodegasballesteros.es\/wp-content\/uploads\/2024\/09\/aceite_section.webp 1024w\" sizes=\"(max-width: 300px) 100vw, 300px\" \/>\t\t<h2 class=\"woocommerce-loop-category__title\">\n\t\t\taceites <mark class=\"count\">(14)<\/mark>\t\t<\/h2>\n\t\t<\/a><\/li>\n<li class=\"product-category product\">\n\t<a aria-label=\"Visit product category aguas\" href=\"https:\/\/www.bodegasballesteros.es\/en\/categoria-producto\/aguas\/\"><img loading=\"lazy\" decoding=\"async\" src=\"https:\/\/www.bodegasballesteros.es\/wp-content\/uploads\/2024\/09\/aguas_cat-300x300.webp\" alt=\"aguas\" width=\"300\" height=\"300\" srcset=\"https:\/\/www.bodegasballesteros.es\/wp-content\/uploads\/2024\/09\/aguas_cat-300x300.webp 300w, https:\/\/www.bodegasballesteros.es\/wp-content\/uploads\/2024\/09\/aguas_cat-150x150.webp 150w, https:\/\/www.bodegasballesteros.es\/wp-content\/uploads\/2024\/09\/aguas_cat-768x768.webp 768w, https:\/\/www.bodegasballesteros.es\/wp-content\/uploads\/2024\/09\/aguas_cat-600x600.webp 600w, https:\/\/www.bodegasballesteros.es\/wp-content\/uploads\/2024\/09\/aguas_cat-100x100.webp 100w, https:\/\/www.bodegasballesteros.es\/wp-content\/uploads\/2024\/09\/aguas_cat.webp 1024w\" sizes=\"(max-width: 300px) 100vw, 300px\" \/>\t\t<h2 class=\"woocommerce-loop-category__title\">\n\t\t\taguas <mark class=\"count\">(5)<\/mark>\t\t<\/h2>\n\t\t<\/a><\/li>\n<li class=\"product-category product last\">\n\t<a aria-label=\"Visit product category legumbres\" href=\"https:\/\/www.bodegasballesteros.es\/en\/categoria-producto\/legumbres\/\"><img loading=\"lazy\" decoding=\"async\" src=\"https:\/\/www.bodegasballesteros.es\/wp-content\/uploads\/2024\/09\/legumbres_cat-300x300.webp\" alt=\"legumbres\" width=\"300\" height=\"300\" srcset=\"https:\/\/www.bodegasballesteros.es\/wp-content\/uploads\/2024\/09\/legumbres_cat-300x300.webp 300w, https:\/\/www.bodegasballesteros.es\/wp-content\/uploads\/2024\/09\/legumbres_cat-150x150.webp 150w, https:\/\/www.bodegasballesteros.es\/wp-content\/uploads\/2024\/09\/legumbres_cat-768x768.webp 768w, https:\/\/www.bodegasballesteros.es\/wp-content\/uploads\/2024\/09\/legumbres_cat-600x600.webp 600w, https:\/\/www.bodegasballesteros.es\/wp-content\/uploads\/2024\/09\/legumbres_cat-100x100.webp 100w, https:\/\/www.bodegasballesteros.es\/wp-content\/uploads\/2024\/09\/legumbres_cat.webp 1024w\" sizes=\"(max-width: 300px) 100vw, 300px\" \/>\t\t<h2 class=\"woocommerce-loop-category__title\">\n\t\t\tlegumbres <mark class=\"count\">(4)<\/mark>\t\t<\/h2>\n\t\t<\/a><\/li>\n<\/ul>\n<\/div>\t\t<\/div>\n\t\t\t\t<\/div>\n\t\t\t\t\t<\/div>\n\t\t\t\t<\/div>\n\t\t<div class=\"elementor-element elementor-element-11b05c8 e-con-full e-flex e-con e-parent\" data-id=\"11b05c8\" data-element_type=\"container\">\n\t\t\t\t<div class=\"elementor-element elementor-element-ce2767d elementor-product-loop-item--align-center elementor-grid-4 elementor-grid-tablet-3 elementor-grid-mobile-2 elementor-products-grid elementor-wc-products elementor-show-pagination-border-yes elementor-widget elementor-widget-woocommerce-products\" data-id=\"ce2767d\" data-element_type=\"widget\" data-widget_type=\"woocommerce-products.default\">\n\t\t\t\t<div class=\"elementor-widget-container\">\n\t\t\t<div class=\"woocommerce columns-4 \"><div class=\"woocommerce-notices-wrapper\"><\/div><p class=\"woocommerce-result-count\" >\n\tShowing 1&ndash;4 of 73 results<\/p>\n<ul class=\"products elementor-grid columns-4\">\n<li class=\"product type-product post-188 status-publish first instock product_cat-nuestros-vinos has-post-thumbnail taxable shipping-taxable purchasable product-type-simple\">\n\t<a href=\"https:\/\/www.bodegasballesteros.es\/en\/tienda\/nuestros-vinos\/valle-real-rosado-tempranillo-75cl\/\" class=\"woocommerce-LoopProduct-link woocommerce-loop-product__link\"><img loading=\"lazy\" decoding=\"async\" width=\"300\" height=\"300\" src=\"https:\/\/www.bodegasballesteros.es\/wp-content\/uploads\/2024\/09\/foto-2-300x300.png\" class=\"attachment-woocommerce_thumbnail size-woocommerce_thumbnail\" alt=\"\" srcset=\"https:\/\/www.bodegasballesteros.es\/wp-content\/uploads\/2024\/09\/foto-2-300x300.png 300w, https:\/\/www.bodegasballesteros.es\/wp-content\/uploads\/2024\/09\/foto-2-150x150.png 150w, https:\/\/www.bodegasballesteros.es\/wp-content\/uploads\/2024\/09\/foto-2-100x100.png 100w\" sizes=\"(max-width: 300px) 100vw, 300px\" \/><h2 class=\"woocommerce-loop-product__title\">Valle Real Rosado Tempranillo 75cl<\/h2>\n\t<span class=\"price\"><span class=\"woocommerce-Price-amount amount\"><bdi>2,75&nbsp;<span class=\"woocommerce-Price-currencySymbol\">&euro;<\/span><\/bdi><\/span><\/span>\n<\/a><a href=\"?add-to-cart=188\" aria-describedby=\"woocommerce_loop_add_to_cart_link_describedby_188\" data-quantity=\"1\" class=\"button wp-element-button product_type_simple add_to_cart_button ajax_add_to_cart\" data-product_id=\"188\" data-product_sku=\"\" aria-label=\"Add to cart: &ldquo;Valle Real Rosado Tempranillo 75cl&rdquo;\" rel=\"nofollow\" data-success_message=\"&ldquo;Valle Real Rosado Tempranillo 75cl&rdquo; has been added to your cart\">Add to cart<\/a>\t<span id=\"woocommerce_loop_add_to_cart_link_describedby_188\" class=\"screen-reader-text\">\n\t\t\t<\/span>\n<\/li>\n<li class=\"product type-product post-184 status-publish instock product_cat-nuestros-vinos has-post-thumbnail taxable shipping-taxable purchasable product-type-simple\">\n\t<a href=\"https:\/\/www.bodegasballesteros.es\/en\/tienda\/nuestros-vinos\/valle-real-blanco-airen-75cl\/\" class=\"woocommerce-LoopProduct-link woocommerce-loop-product__link\"><img loading=\"lazy\" decoding=\"async\" width=\"300\" height=\"300\" src=\"https:\/\/www.bodegasballesteros.es\/wp-content\/uploads\/2024\/09\/foto-1-300x300.png\" class=\"attachment-woocommerce_thumbnail size-woocommerce_thumbnail\" alt=\"\" srcset=\"https:\/\/www.bodegasballesteros.es\/wp-content\/uploads\/2024\/09\/foto-1-300x300.png 300w, https:\/\/www.bodegasballesteros.es\/wp-content\/uploads\/2024\/09\/foto-1-150x150.png 150w, https:\/\/www.bodegasballesteros.es\/wp-content\/uploads\/2024\/09\/foto-1-100x100.png 100w\" sizes=\"(max-width: 300px) 100vw, 300px\" \/><h2 class=\"woocommerce-loop-product__title\">Valle Real Blanco Airen 75cl<\/h2>\n\t<span class=\"price\"><span class=\"woocommerce-Price-amount amount\"><bdi>2,75&nbsp;<span class=\"woocommerce-Price-currencySymbol\">&euro;<\/span><\/bdi><\/span><\/span>\n<\/a><a href=\"?add-to-cart=184\" aria-describedby=\"woocommerce_loop_add_to_cart_link_describedby_184\" data-quantity=\"1\" class=\"button wp-element-button product_type_simple add_to_cart_button ajax_add_to_cart\" data-product_id=\"184\" data-product_sku=\"\" aria-label=\"Add to cart: &ldquo;Valle Real Blanco Airen 75cl&rdquo;\" rel=\"nofollow\" data-success_message=\"&ldquo;Valle Real Blanco Airen 75cl&rdquo; has been added to your cart\">Add to cart<\/a>\t<span id=\"woocommerce_loop_add_to_cart_link_describedby_184\" class=\"screen-reader-text\">\n\t\t\t<\/span>\n<\/li>\n<li class=\"product type-product post-200 status-publish instock product_cat-nuestros-vinos has-post-thumbnail taxable shipping-taxable purchasable product-type-simple\">\n\t<a href=\"https:\/\/www.bodegasballesteros.es\/en\/tienda\/nuestros-vinos\/valle-real-blanco-moscatel-75cl\/\" class=\"woocommerce-LoopProduct-link woocommerce-loop-product__link\"><img loading=\"lazy\" decoding=\"async\" width=\"300\" height=\"300\" src=\"https:\/\/www.bodegasballesteros.es\/wp-content\/uploads\/2024\/09\/foto-5-300x300.png\" class=\"attachment-woocommerce_thumbnail size-woocommerce_thumbnail\" alt=\"\" srcset=\"https:\/\/www.bodegasballesteros.es\/wp-content\/uploads\/2024\/09\/foto-5-300x300.png 300w, https:\/\/www.bodegasballesteros.es\/wp-content\/uploads\/2024\/09\/foto-5-150x150.png 150w, https:\/\/www.bodegasballesteros.es\/wp-content\/uploads\/2024\/09\/foto-5-100x100.png 100w\" sizes=\"(max-width: 300px) 100vw, 300px\" \/><h2 class=\"woocommerce-loop-product__title\">Valle Real Blanco Moscatel 75cl<\/h2>\n\t<span class=\"price\"><span class=\"woocommerce-Price-amount amount\"><bdi>4,00&nbsp;<span class=\"woocommerce-Price-currencySymbol\">&euro;<\/span><\/bdi><\/span><\/span>\n<\/a><a href=\"?add-to-cart=200\" aria-describedby=\"woocommerce_loop_add_to_cart_link_describedby_200\" data-quantity=\"1\" class=\"button wp-element-button product_type_simple add_to_cart_button ajax_add_to_cart\" data-product_id=\"200\" data-product_sku=\"\" aria-label=\"Add to cart: &ldquo;Valle Real Blanco Moscatel 75cl&rdquo;\" rel=\"nofollow\" data-success_message=\"&ldquo;Valle Real Blanco Moscatel 75cl&rdquo; has been added to your cart\">Add to cart<\/a>\t<span id=\"woocommerce_loop_add_to_cart_link_describedby_200\" class=\"screen-reader-text\">\n\t\t\t<\/span>\n<\/li>\n<li class=\"product type-product post-197 status-publish last instock product_cat-nuestros-vinos has-post-thumbnail taxable shipping-taxable purchasable product-type-simple\">\n\t<a href=\"https:\/\/www.bodegasballesteros.es\/en\/tienda\/nuestros-vinos\/valle-real-roble-75cl\/\" class=\"woocommerce-LoopProduct-link woocommerce-loop-product__link\"><img loading=\"lazy\" decoding=\"async\" width=\"300\" height=\"300\" src=\"https:\/\/www.bodegasballesteros.es\/wp-content\/uploads\/2024\/09\/foto-4-300x300.png\" class=\"attachment-woocommerce_thumbnail size-woocommerce_thumbnail\" alt=\"\" srcset=\"https:\/\/www.bodegasballesteros.es\/wp-content\/uploads\/2024\/09\/foto-4-300x300.png 300w, https:\/\/www.bodegasballesteros.es\/wp-content\/uploads\/2024\/09\/foto-4-150x150.png 150w, https:\/\/www.bodegasballesteros.es\/wp-content\/uploads\/2024\/09\/foto-4-100x100.png 100w\" sizes=\"(max-width: 300px) 100vw, 300px\" \/><h2 class=\"woocommerce-loop-product__title\">Valle Real Roble 75cl<\/h2>\n\t<span class=\"price\"><span class=\"woocommerce-Price-amount amount\"><bdi>3,50&nbsp;<span class=\"woocommerce-Price-currencySymbol\">&euro;<\/span><\/bdi><\/span><\/span>\n<\/a><a href=\"?add-to-cart=197\" aria-describedby=\"woocommerce_loop_add_to_cart_link_describedby_197\" data-quantity=\"1\" class=\"button wp-element-button product_type_simple add_to_cart_button ajax_add_to_cart\" data-product_id=\"197\" data-product_sku=\"\" aria-label=\"Add to cart: &ldquo;Valle Real Roble 75cl&rdquo;\" rel=\"nofollow\" data-success_message=\"&ldquo;Valle Real Roble 75cl&rdquo; has been added to your cart\">Add to cart<\/a>\t<span id=\"woocommerce_loop_add_to_cart_link_describedby_197\" class=\"screen-reader-text\">\n\t\t\t<\/span>\n<\/li>\n<\/ul>\n<nav class=\"woocommerce-pagination\" aria-label=\"Product Pagination\">\n\t<ul class='page-numbers'>\n\t<li><span aria-current=\"page\" class=\"page-numbers current\">1<\/span><\/li>\n\t<li><a class=\"page-numbers\" href=\"\/en\/wp-json\/wp\/v2\/pages\/439?product-page=2\">2<\/a><\/li>\n\t<li><a class=\"page-numbers\" href=\"\/en\/wp-json\/wp\/v2\/pages\/439?product-page=3\">3<\/a><\/li>\n\t<li><a class=\"page-numbers\" href=\"\/en\/wp-json\/wp\/v2\/pages\/439?product-page=4\">4<\/a><\/li>\n\t<li><span class=\"page-numbers dots\">&hellip;<\/span><\/li>\n\t<li><a class=\"page-numbers\" href=\"\/en\/wp-json\/wp\/v2\/pages\/439?product-page=17\">17<\/a><\/li>\n\t<li><a class=\"page-numbers\" href=\"\/en\/wp-json\/wp\/v2\/pages\/439?product-page=18\">18<\/a><\/li>\n\t<li><a class=\"page-numbers\" href=\"\/en\/wp-json\/wp\/v2\/pages\/439?product-page=19\">19<\/a><\/li>\n\t<li><a class=\"next page-numbers\" href=\"\/en\/wp-json\/wp\/v2\/pages\/439?product-page=2\">&rarr;<\/a><\/li>\n<\/ul>\n<\/nav>\n<\/div>\t\t<\/div>\n\t\t\t\t<\/div>\n\t\t\t\t<\/div>\n\t\t\t\t<\/div>\n\t\t","protected":false},"excerpt":{"rendered":"","protected":false},"author":1,"featured_media":0,"parent":0,"menu_order":0,"comment_status":"closed","ping_status":"closed","template":"","meta":{"footnotes":""},"class_list":["post-439","page","type-page","status-publish","hentry"],"yoast_head":"<!-- This site is optimized with the Yoast SEO plugin v23.9 - https:\/\/yoast.com\/wordpress\/plugins\/seo\/ -->\n<title>Compra nuestros vinos online | Bodegas Ballesteros<\/title>\n<meta name=\"description\" content=\"Explora nuestra tienda online y ll\u00e9vate a casa los vinos m\u00e1s representativos de nuestra bodega. Selecci\u00f3n artesanal, env\u00edo r\u00e1pido y el sabor inconfundible de Noblejas, directo desde la vi\u00f1a a tu mesa.\" \/>\n<meta name=\"robots\" content=\"index, follow, max-snippet:-1, max-image-preview:large, max-video-preview:-1\" \/>\n<link rel=\"canonical\" href=\"https:\/\/www.bodegasballesteros.es\/en\/tienda\/\" \/>\n<meta property=\"og:locale\" content=\"en_US\" \/>\n<meta property=\"og:locale:alternate\" content=\"es_ES\" \/>\n<meta property=\"og:type\" content=\"article\" \/>\n<meta property=\"og:title\" content=\"Compra nuestros vinos online | Bodegas Ballesteros\" \/>\n<meta property=\"og:description\" content=\"Explora nuestra tienda online y ll\u00e9vate a casa los vinos m\u00e1s representativos de nuestra bodega. Selecci\u00f3n artesanal, env\u00edo r\u00e1pido y el sabor inconfundible de Noblejas, directo desde la vi\u00f1a a tu mesa.\" \/>\n<meta property=\"og:url\" content=\"https:\/\/www.bodegasballesteros.es\/en\/tienda\/\" \/>\n<meta property=\"og:site_name\" content=\"Bodegas Ballesteros\" \/>\n<meta property=\"article:modified_time\" content=\"2025-07-22T13:49:08+00:00\" \/>\n<meta name=\"twitter:card\" content=\"summary_large_image\" \/>\n<meta name=\"twitter:label1\" content=\"Est. reading time\" \/>\n\t<meta name=\"twitter:data1\" content=\"1 minute\" \/>\n<script type=\"application\/ld+json\" class=\"yoast-schema-graph\">{\"@context\":\"https:\/\/schema.org\",\"@graph\":[{\"@type\":\"WebPage\",\"@id\":\"https:\/\/www.bodegasballesteros.es\/tienda\/\",\"url\":\"https:\/\/www.bodegasballesteros.es\/tienda\/\",\"name\":\"Compra nuestros vinos online | Bodegas Ballesteros\",\"isPartOf\":{\"@id\":\"https:\/\/www.bodegasballesteros.es\/#website\"},\"datePublished\":\"2024-09-05T22:14:29+00:00\",\"dateModified\":\"2025-07-22T13:49:08+00:00\",\"description\":\"Explora nuestra tienda online y ll\u00e9vate a casa los vinos m\u00e1s representativos de nuestra bodega. Selecci\u00f3n artesanal, env\u00edo r\u00e1pido y el sabor inconfundible de Noblejas, directo desde la vi\u00f1a a tu mesa.\",\"breadcrumb\":{\"@id\":\"https:\/\/www.bodegasballesteros.es\/tienda\/#breadcrumb\"},\"inLanguage\":\"en-US\",\"potentialAction\":[{\"@type\":\"ReadAction\",\"target\":[\"https:\/\/www.bodegasballesteros.es\/tienda\/\"]}]},{\"@type\":\"BreadcrumbList\",\"@id\":\"https:\/\/www.bodegasballesteros.es\/tienda\/#breadcrumb\",\"itemListElement\":[{\"@type\":\"ListItem\",\"position\":1,\"name\":\"Portada\",\"item\":\"https:\/\/www.bodegasballesteros.es\/\"},{\"@type\":\"ListItem\",\"position\":2,\"name\":\"tienda\"}]},{\"@type\":\"WebSite\",\"@id\":\"https:\/\/www.bodegasballesteros.es\/#website\",\"url\":\"https:\/\/www.bodegasballesteros.es\/\",\"name\":\"Bodegas Ballesteros\",\"description\":\"Bodegas Ballesteros SL desde 1.925\",\"publisher\":{\"@id\":\"https:\/\/www.bodegasballesteros.es\/#organization\"},\"potentialAction\":[{\"@type\":\"SearchAction\",\"target\":{\"@type\":\"EntryPoint\",\"urlTemplate\":\"https:\/\/www.bodegasballesteros.es\/?s={search_term_string}\"},\"query-input\":{\"@type\":\"PropertyValueSpecification\",\"valueRequired\":true,\"valueName\":\"search_term_string\"}}],\"inLanguage\":\"en-US\"},{\"@type\":\"Organization\",\"@id\":\"https:\/\/www.bodegasballesteros.es\/#organization\",\"name\":\"Bodegas Ballesteros\",\"url\":\"https:\/\/www.bodegasballesteros.es\/\",\"logo\":{\"@type\":\"ImageObject\",\"inLanguage\":\"en-US\",\"@id\":\"https:\/\/www.bodegasballesteros.es\/#\/schema\/logo\/image\/\",\"url\":\"https:\/\/www.bodegasballesteros.es\/wp-content\/uploads\/2024\/08\/logo.jpg\",\"contentUrl\":\"https:\/\/www.bodegasballesteros.es\/wp-content\/uploads\/2024\/08\/logo.jpg\",\"width\":630,\"height\":674,\"caption\":\"Bodegas Ballesteros\"},\"image\":{\"@id\":\"https:\/\/www.bodegasballesteros.es\/#\/schema\/logo\/image\/\"}}]}<\/script>\n<!-- \/ Yoast SEO plugin. -->","yoast_head_json":{"title":"Compra nuestros vinos online | Bodegas Ballesteros","description":"Explora nuestra tienda online y ll\u00e9vate a casa los vinos m\u00e1s representativos de nuestra bodega. Selecci\u00f3n artesanal, env\u00edo r\u00e1pido y el sabor inconfundible de Noblejas, directo desde la vi\u00f1a a tu mesa.","robots":{"index":"index","follow":"follow","max-snippet":"max-snippet:-1","max-image-preview":"max-image-preview:large","max-video-preview":"max-video-preview:-1"},"canonical":"https:\/\/www.bodegasballesteros.es\/en\/tienda\/","og_locale":"en_US","og_type":"article","og_title":"[:es]Compra nuestros vinos online | Bodegas Ballesteros[:]","og_description":"[:es]Explora nuestra tienda online y ll\u00e9vate a casa los vinos m\u00e1s representativos de nuestra bodega. Selecci\u00f3n artesanal, env\u00edo r\u00e1pido y el sabor inconfundible de Noblejas, directo desde la vi\u00f1a a tu mesa.[:]","og_url":"https:\/\/www.bodegasballesteros.es\/en\/tienda\/","og_site_name":"Bodegas Ballesteros","article_modified_time":"2025-07-22T13:49:08+00:00","twitter_card":"summary_large_image","twitter_misc":{"Est. reading time":"1 minute"},"schema":{"@context":"https:\/\/schema.org","@graph":[{"@type":"WebPage","@id":"https:\/\/www.bodegasballesteros.es\/tienda\/","url":"https:\/\/www.bodegasballesteros.es\/tienda\/","name":"Compra nuestros vinos online | Bodegas Ballesteros","isPartOf":{"@id":"https:\/\/www.bodegasballesteros.es\/#website"},"datePublished":"2024-09-05T22:14:29+00:00","dateModified":"2025-07-22T13:49:08+00:00","description":"Explora nuestra tienda online y ll\u00e9vate a casa los vinos m\u00e1s representativos de nuestra bodega. Selecci\u00f3n artesanal, env\u00edo r\u00e1pido y el sabor inconfundible de Noblejas, directo desde la vi\u00f1a a tu mesa.","breadcrumb":{"@id":"https:\/\/www.bodegasballesteros.es\/tienda\/#breadcrumb"},"inLanguage":"en-US","potentialAction":[{"@type":"ReadAction","target":["https:\/\/www.bodegasballesteros.es\/tienda\/"]}]},{"@type":"BreadcrumbList","@id":"https:\/\/www.bodegasballesteros.es\/tienda\/#breadcrumb","itemListElement":[{"@type":"ListItem","position":1,"name":"Portada","item":"https:\/\/www.bodegasballesteros.es\/"},{"@type":"ListItem","position":2,"name":"tienda"}]},{"@type":"WebSite","@id":"https:\/\/www.bodegasballesteros.es\/#website","url":"https:\/\/www.bodegasballesteros.es\/","name":"Bodegas Ballesteros","description":"Bodegas Ballesteros SL desde 1.925","publisher":{"@id":"https:\/\/www.bodegasballesteros.es\/#organization"},"potentialAction":[{"@type":"SearchAction","target":{"@type":"EntryPoint","urlTemplate":"https:\/\/www.bodegasballesteros.es\/?s={search_term_string}"},"query-input":{"@type":"PropertyValueSpecification","valueRequired":true,"valueName":"search_term_string"}}],"inLanguage":"en-US"},{"@type":"Organization","@id":"https:\/\/www.bodegasballesteros.es\/#organization","name":"Bodegas Ballesteros","url":"https:\/\/www.bodegasballesteros.es\/","logo":{"@type":"ImageObject","inLanguage":"en-US","@id":"https:\/\/www.bodegasballesteros.es\/#\/schema\/logo\/image\/","url":"https:\/\/www.bodegasballesteros.es\/wp-content\/uploads\/2024\/08\/logo.jpg","contentUrl":"https:\/\/www.bodegasballesteros.es\/wp-content\/uploads\/2024\/08\/logo.jpg","width":630,"height":674,"caption":"Bodegas Ballesteros"},"image":{"@id":"https:\/\/www.bodegasballesteros.es\/#\/schema\/logo\/image\/"}}]}},"_links":{"self":[{"href":"https:\/\/www.bodegasballesteros.es\/en\/wp-json\/wp\/v2\/pages\/439","targetHints":{"allow":["GET"]}}],"collection":[{"href":"https:\/\/www.bodegasballesteros.es\/en\/wp-json\/wp\/v2\/pages"}],"about":[{"href":"https:\/\/www.bodegasballesteros.es\/en\/wp-json\/wp\/v2\/types\/page"}],"author":[{"embeddable":true,"href":"https:\/\/www.bodegasballesteros.es\/en\/wp-json\/wp\/v2\/users\/1"}],"replies":[{"embeddable":true,"href":"https:\/\/www.bodegasballesteros.es\/en\/wp-json\/wp\/v2\/comments?post=439"}],"version-history":[{"count":25,"href":"https:\/\/www.bodegasballesteros.es\/en\/wp-json\/wp\/v2\/pages\/439\/revisions"}],"predecessor-version":[{"id":551,"href":"https:\/\/www.bodegasballesteros.es\/en\/wp-json\/wp\/v2\/pages\/439\/revisions\/551"}],"wp:attachment":[{"href":"https:\/\/www.bodegasballesteros.es\/en\/wp-json\/wp\/v2\/media?parent=439"}],"curies":[{"name":"wp","href":"https:\/\/api.w.org\/{rel}","templated":true}]}}