{"id":156,"date":"2024-09-04T23:23:19","date_gmt":"2024-09-04T21:23:19","guid":{"rendered":"http:\/\/www.bodegasballesteros.es\/?page_id=156"},"modified":"2025-07-22T15:34:26","modified_gmt":"2025-07-22T13:34:26","slug":"curiosidades","status":"publish","type":"page","link":"https:\/\/www.bodegasballesteros.es\/en\/curiosidades\/","title":{"rendered":"curiosidades"},"content":{"rendered":"\t\t<div data-elementor-type=\"wp-page\" data-elementor-id=\"156\" class=\"elementor elementor-156\" data-elementor-post-type=\"page\">\n\t\t\t\t<div class=\"elementor-element elementor-element-a42681b e-flex e-con-boxed e-con e-parent\" data-id=\"a42681b\" data-element_type=\"container\">\n\t\t\t\t\t<div class=\"e-con-inner\">\n\t\t\t\t<div class=\"elementor-element elementor-element-f0a42bf elementor-widget elementor-widget-heading\" data-id=\"f0a42bf\" data-element_type=\"widget\" data-widget_type=\"heading.default\">\n\t\t\t\t<div class=\"elementor-widget-container\">\n\t\t\t<h1 class=\"elementor-heading-title elementor-size-default\">Curiosidades sobre el vino y su elaboraci\u00f3n<\/h1>\t\t<\/div>\n\t\t\t\t<\/div>\n\t\t\t\t\t<\/div>\n\t\t\t\t<\/div>\n\t\t<div class=\"elementor-element elementor-element-lo0sobK e-flex e-con-boxed e-con e-parent\" data-id=\"lo0sobK\" data-element_type=\"container\">\n\t\t\t\t\t<div class=\"e-con-inner\">\n\t\t<div class=\"elementor-element elementor-element-JSWr8Tc e-con-full e-flex e-con e-child\" data-id=\"JSWr8Tc\" data-element_type=\"container\">\n\t\t\t\t<div class=\"elementor-element elementor-element-WJEoc6D elementor-widget elementor-widget-heading\" data-id=\"WJEoc6D\" data-element_type=\"widget\" data-widget_type=\"heading.default\">\n\t\t\t\t<div class=\"elementor-widget-container\">\n\t\t\t<h5 class=\"elementor-heading-title elementor-size-default\">\u00bfConoc\u00edas? ...<\/h5>\t\t<\/div>\n\t\t\t\t<\/div>\n\t\t\t\t<div class=\"elementor-element elementor-element-I6CHltY elementor-widget elementor-widget-heading\" data-id=\"I6CHltY\" data-element_type=\"widget\" data-widget_type=\"heading.default\">\n\t\t\t\t<div class=\"elementor-widget-container\">\n\t\t\t<h2 class=\"elementor-heading-title elementor-size-default\">La Tradici\u00f3n del Lagarejo<\/h2>\t\t<\/div>\n\t\t\t\t<\/div>\n\t\t\t\t<div class=\"elementor-element elementor-element-u6AtRlt elementor-widget elementor-widget-text-editor\" data-id=\"u6AtRlt\" data-element_type=\"widget\" data-widget_type=\"text-editor.default\">\n\t\t\t\t<div class=\"elementor-widget-container\">\n\t\t\t\t\t\t\t<p>En muchas bodegas tradicionales, el proceso de <strong>pisado de la uva<\/strong> a\u00fan se celebra como un evento anual. Esta t\u00e9cnica ancestral ayuda a extraer los jugos de la uva sin da\u00f1ar las semillas, lo que contribuye a obtener vinos de mayor calidad. El pisado manual se sigue utilizando en festividades y para recordar las ra\u00edces de la viticultura.<\/p>\t\t\t\t\t\t<\/div>\n\t\t\t\t<\/div>\n\t\t\t\t<\/div>\n\t\t<div class=\"elementor-element elementor-element-d527548 e-con-full e-flex e-con e-child\" data-id=\"d527548\" data-element_type=\"container\">\n\t\t\t\t<div class=\"elementor-element elementor-element-0647ed5 elementor-widget elementor-widget-video\" data-id=\"0647ed5\" data-element_type=\"widget\" data-settings=\"{&quot;video_type&quot;:&quot;hosted&quot;,&quot;loop&quot;:&quot;yes&quot;,&quot;controls&quot;:&quot;yes&quot;}\" data-widget_type=\"video.default\">\n\t\t\t\t<div class=\"elementor-widget-container\">\n\t\t\t\t\t<div class=\"e-hosted-video elementor-wrapper elementor-open-inline\">\n\t\t\t\t\t<video class=\"elementor-video\" src=\"http:\/\/www.bodegasballesteros.es\/wp-content\/uploads\/2024\/09\/foto-1-curiosidades-.mp4\" loop=\"\" controls=\"\" preload=\"auto\" poster=\"http:\/\/www.bodegasballesteros.es\/wp-content\/uploads\/2024\/09\/foto-1a-curiosidades-scaled.jpg\"><\/video>\n\t\t\t\t<\/div>\n\t\t\t\t<\/div>\n\t\t\t\t<\/div>\n\t\t\t\t<\/div>\n\t\t\t\t\t<\/div>\n\t\t\t\t<\/div>\n\t\t<div class=\"elementor-element elementor-element-f463f91 e-flex e-con-boxed e-con e-parent\" data-id=\"f463f91\" data-element_type=\"container\">\n\t\t\t\t\t<div class=\"e-con-inner\">\n\t\t<div class=\"elementor-element elementor-element-9717640 e-con-full e-flex e-con e-child\" data-id=\"9717640\" data-element_type=\"container\">\n\t\t\t\t<div class=\"elementor-element elementor-element-0c656b3 elementor-widget elementor-widget-image\" data-id=\"0c656b3\" data-element_type=\"widget\" data-widget_type=\"image.default\">\n\t\t\t\t<div class=\"elementor-widget-container\">\n\t\t\t\t\t\t\t\t\t\t\t\t\t<img decoding=\"async\" src=\"https:\/\/www.bodegasballesteros.es\/wp-content\/uploads\/2024\/09\/foto-5-curiosidades_compac.jpg\" title=\"foto 5 curiosidades_compac\" alt=\"foto 5 curiosidades_compac\" loading=\"lazy\" \/>\t\t\t\t\t\t\t\t\t\t\t\t\t<\/div>\n\t\t\t\t<\/div>\n\t\t\t\t<\/div>\n\t\t<div class=\"elementor-element elementor-element-601f48b e-con-full e-flex e-con e-child\" data-id=\"601f48b\" data-element_type=\"container\">\n\t\t\t\t<div class=\"elementor-element elementor-element-077a8f5 elementor-widget elementor-widget-heading\" data-id=\"077a8f5\" data-element_type=\"widget\" data-widget_type=\"heading.default\">\n\t\t\t\t<div class=\"elementor-widget-container\">\n\t\t\t<h2 class=\"elementor-heading-title elementor-size-default\">El Botijo: Refrigeraci\u00f3n Natural<\/h2>\t\t<\/div>\n\t\t\t\t<\/div>\n\t\t\t\t<div class=\"elementor-element elementor-element-b0a0595 elementor-widget elementor-widget-text-editor\" data-id=\"b0a0595\" data-element_type=\"widget\" data-widget_type=\"text-editor.default\">\n\t\t\t\t<div class=\"elementor-widget-container\">\n\t\t\t\t\t\t\t<p>Los <strong>botijos<\/strong> han sido utilizados desde la antig\u00fcedad para enfriar agua de manera natural. Funcionan mediante el proceso de evaporaci\u00f3n, ideal para mantener el vino o agua fresca durante las calurosas jornadas de trabajo en el campo. Estas piezas, hechas de barro, son representativas de la cultura mediterr\u00e1nea.<\/p>\t\t\t\t\t\t<\/div>\n\t\t\t\t<\/div>\n\t\t\t\t<\/div>\n\t\t\t\t\t<\/div>\n\t\t\t\t<\/div>\n\t\t<div class=\"elementor-element elementor-element-ca3e857 e-flex e-con-boxed e-con e-parent\" data-id=\"ca3e857\" data-element_type=\"container\">\n\t\t\t\t\t<div class=\"e-con-inner\">\n\t\t<div class=\"elementor-element elementor-element-3c18af0 e-con-full e-flex e-con e-child\" data-id=\"3c18af0\" data-element_type=\"container\">\n\t\t\t\t<div class=\"elementor-element elementor-element-54baa39 elementor-widget elementor-widget-heading\" data-id=\"54baa39\" data-element_type=\"widget\" data-widget_type=\"heading.default\">\n\t\t\t\t<div class=\"elementor-widget-container\">\n\t\t\t<h2 class=\"elementor-heading-title elementor-size-default\">Los Odres: Contenedores de Anta\u00f1o<\/h2>\t\t<\/div>\n\t\t\t\t<\/div>\n\t\t\t\t<div class=\"elementor-element elementor-element-3aa284a elementor-widget elementor-widget-text-editor\" data-id=\"3aa284a\" data-element_type=\"widget\" data-widget_type=\"text-editor.default\">\n\t\t\t\t<div class=\"elementor-widget-container\">\n\t\t\t\t\t\t\t<p>Los <strong>odres<\/strong>, como los que se muestran en las fotos, eran ampliamente utilizados para transportar vino antes de la aparici\u00f3n de los barriles de madera. Hechos de piel de animales y tratados para conservar l\u00edquidos, estos contenedores son una pieza clave de la historia vin\u00edcola.<\/p>\t\t\t\t\t\t<\/div>\n\t\t\t\t<\/div>\n\t\t\t\t<\/div>\n\t\t<div class=\"elementor-element elementor-element-1fd72ee e-con-full e-flex e-con e-child\" data-id=\"1fd72ee\" data-element_type=\"container\">\n\t\t\t\t<div class=\"elementor-element elementor-element-a3b884e elementor-widget elementor-widget-image\" data-id=\"a3b884e\" data-element_type=\"widget\" data-widget_type=\"image.default\">\n\t\t\t\t<div class=\"elementor-widget-container\">\n\t\t\t\t\t\t\t\t\t\t\t\t\t<img decoding=\"async\" src=\"https:\/\/www.bodegasballesteros.es\/wp-content\/uploads\/2024\/09\/foto-8-curiosidades.webp\" title=\"foto 8 curiosidades\" alt=\"foto 8 curiosidades\" loading=\"lazy\" \/>\t\t\t\t\t\t\t\t\t\t\t\t\t<\/div>\n\t\t\t\t<\/div>\n\t\t\t\t<\/div>\n\t\t\t\t\t<\/div>\n\t\t\t\t<\/div>\n\t\t<div class=\"elementor-element elementor-element-c630099 e-flex e-con-boxed e-con e-parent\" data-id=\"c630099\" data-element_type=\"container\">\n\t\t\t\t\t<div class=\"e-con-inner\">\n\t\t<div class=\"elementor-element elementor-element-86ed8dd e-con-full e-flex e-con e-child\" data-id=\"86ed8dd\" data-element_type=\"container\">\n\t\t\t\t<div class=\"elementor-element elementor-element-0fd2ec9 elementor-widget elementor-widget-image\" data-id=\"0fd2ec9\" data-element_type=\"widget\" data-widget_type=\"image.default\">\n\t\t\t\t<div class=\"elementor-widget-container\">\n\t\t\t\t\t\t\t\t\t\t\t\t\t<img decoding=\"async\" src=\"https:\/\/www.bodegasballesteros.es\/wp-content\/uploads\/2024\/09\/foto-7-curiosidades.webp\" title=\"foto 7 curiosidades\" alt=\"foto 7 curiosidades\" loading=\"lazy\" \/>\t\t\t\t\t\t\t\t\t\t\t\t\t<\/div>\n\t\t\t\t<\/div>\n\t\t\t\t<\/div>\n\t\t<div class=\"elementor-element elementor-element-f66ae2f e-con-full e-flex e-con e-child\" data-id=\"f66ae2f\" data-element_type=\"container\">\n\t\t\t\t<div class=\"elementor-element elementor-element-6f83c12 elementor-widget elementor-widget-heading\" data-id=\"6f83c12\" data-element_type=\"widget\" data-widget_type=\"heading.default\">\n\t\t\t\t<div class=\"elementor-widget-container\">\n\t\t\t<h2 class=\"elementor-heading-title elementor-size-default\">C\u00e1ntaros de Barro y la Fermentaci\u00f3n<\/h2>\t\t<\/div>\n\t\t\t\t<\/div>\n\t\t\t\t<div class=\"elementor-element elementor-element-e0e36cf elementor-widget elementor-widget-text-editor\" data-id=\"e0e36cf\" data-element_type=\"widget\" data-widget_type=\"text-editor.default\">\n\t\t\t\t<div class=\"elementor-widget-container\">\n\t\t\t\t\t\t\t<p>Los <strong>c\u00e1ntaros de barro<\/strong> no solo eran utilizados para almacenar vino, sino tambi\u00e9n para ayudar en el proceso de fermentaci\u00f3n. El barro permite una ligera oxigenaci\u00f3n, ideal para vinos que necesitan un envejecimiento prolongado.<\/p>\t\t\t\t\t\t<\/div>\n\t\t\t\t<\/div>\n\t\t\t\t<\/div>\n\t\t\t\t\t<\/div>\n\t\t\t\t<\/div>\n\t\t<div class=\"elementor-element elementor-element-170fa99 e-flex e-con-boxed e-con e-parent\" data-id=\"170fa99\" data-element_type=\"container\">\n\t\t\t\t\t<div class=\"e-con-inner\">\n\t\t<div class=\"elementor-element elementor-element-fac5d22 e-con-full e-flex e-con e-child\" data-id=\"fac5d22\" data-element_type=\"container\">\n\t\t\t\t<div class=\"elementor-element elementor-element-e7d65e1 elementor-widget elementor-widget-heading\" data-id=\"e7d65e1\" data-element_type=\"widget\" data-widget_type=\"heading.default\">\n\t\t\t\t<div class=\"elementor-widget-container\">\n\t\t\t<h2 class=\"elementor-heading-title elementor-size-default\">La Tradici\u00f3n de los Peque\u00f1os Barriles<\/h2>\t\t<\/div>\n\t\t\t\t<\/div>\n\t\t\t\t<div class=\"elementor-element elementor-element-c89e87a elementor-widget elementor-widget-text-editor\" data-id=\"c89e87a\" data-element_type=\"widget\" data-widget_type=\"text-editor.default\">\n\t\t\t\t<div class=\"elementor-widget-container\">\n\t\t\t\t\t\t\t<p>Los <strong>barriles peque\u00f1os<\/strong> eran utilizados tradicionalmente para la producci\u00f3n de vino en casa. A menudo, las familias de las regiones vin\u00edcolas usaban estos barriles para crear peque\u00f1as cantidades de vino para consumo personal o festividades.<\/p>\t\t\t\t\t\t<\/div>\n\t\t\t\t<\/div>\n\t\t\t\t<\/div>\n\t\t<div class=\"elementor-element elementor-element-417f82d e-con-full e-flex e-con e-child\" data-id=\"417f82d\" data-element_type=\"container\">\n\t\t\t\t<div class=\"elementor-element elementor-element-710d9df elementor-widget elementor-widget-image\" data-id=\"710d9df\" data-element_type=\"widget\" data-widget_type=\"image.default\">\n\t\t\t\t<div class=\"elementor-widget-container\">\n\t\t\t\t\t\t\t\t\t\t\t\t\t<img decoding=\"async\" src=\"https:\/\/www.bodegasballesteros.es\/wp-content\/uploads\/2024\/09\/foto-10-curiosidades.png\" title=\"foto 10 curiosidades\" alt=\"foto 10 curiosidades\" loading=\"lazy\" \/>\t\t\t\t\t\t\t\t\t\t\t\t\t<\/div>\n\t\t\t\t<\/div>\n\t\t\t\t<\/div>\n\t\t\t\t\t<\/div>\n\t\t\t\t<\/div>\n\t\t<div class=\"elementor-element elementor-element-fdf29c0 e-flex e-con-boxed e-con e-parent\" data-id=\"fdf29c0\" data-element_type=\"container\">\n\t\t\t\t\t<div class=\"e-con-inner\">\n\t\t<div class=\"elementor-element elementor-element-0a6ca94 e-con-full e-flex e-con e-child\" data-id=\"0a6ca94\" data-element_type=\"container\">\n\t\t\t\t<div class=\"elementor-element elementor-element-27224da elementor-widget elementor-widget-image\" data-id=\"27224da\" data-element_type=\"widget\" data-widget_type=\"image.default\">\n\t\t\t\t<div class=\"elementor-widget-container\">\n\t\t\t\t\t\t\t\t\t\t\t\t\t<img decoding=\"async\" src=\"https:\/\/www.bodegasballesteros.es\/wp-content\/uploads\/2024\/09\/foto-4-curiosidades.png\" title=\"foto 4 curiosidades\" alt=\"foto 4 curiosidades\" loading=\"lazy\" \/>\t\t\t\t\t\t\t\t\t\t\t\t\t<\/div>\n\t\t\t\t<\/div>\n\t\t\t\t<\/div>\n\t\t<div class=\"elementor-element elementor-element-a009431 e-con-full e-flex e-con e-child\" data-id=\"a009431\" data-element_type=\"container\">\n\t\t\t\t<div class=\"elementor-element elementor-element-c4f4d68 elementor-widget elementor-widget-heading\" data-id=\"c4f4d68\" data-element_type=\"widget\" data-widget_type=\"heading.default\">\n\t\t\t\t<div class=\"elementor-widget-container\">\n\t\t\t<h2 class=\"elementor-heading-title elementor-size-default\">Estuches de Miniaturas<\/h2>\t\t<\/div>\n\t\t\t\t<\/div>\n\t\t\t\t<div class=\"elementor-element elementor-element-d646236 elementor-widget elementor-widget-text-editor\" data-id=\"d646236\" data-element_type=\"widget\" data-widget_type=\"text-editor.default\">\n\t\t\t\t<div class=\"elementor-widget-container\">\n\t\t\t\t\t\t\t<p>Los <strong>estuches de miniaturas<\/strong> se han vuelto populares en celebraciones como comuniones o bodas. Estos peque\u00f1os frascos suelen incluir una selecci\u00f3n de vinos y licores locales, perfectos para regalar como recuerdo en eventos especiales.<\/p>\t\t\t\t\t\t<\/div>\n\t\t\t\t<\/div>\n\t\t\t\t<\/div>\n\t\t\t\t\t<\/div>\n\t\t\t\t<\/div>\n\t\t<div class=\"elementor-element elementor-element-3608d26 e-flex e-con-boxed e-con e-parent\" data-id=\"3608d26\" data-element_type=\"container\">\n\t\t\t\t\t<div class=\"e-con-inner\">\n\t\t<div class=\"elementor-element elementor-element-7c157e0 e-con-full e-flex e-con e-child\" data-id=\"7c157e0\" data-element_type=\"container\">\n\t\t\t\t<div class=\"elementor-element elementor-element-ab1e55c elementor-widget elementor-widget-heading\" data-id=\"ab1e55c\" data-element_type=\"widget\" data-widget_type=\"heading.default\">\n\t\t\t\t<div class=\"elementor-widget-container\">\n\t\t\t<h2 class=\"elementor-heading-title elementor-size-default\">La Sobremaduraci\u00f3n de la Uva<\/h2>\t\t<\/div>\n\t\t\t\t<\/div>\n\t\t\t\t<div class=\"elementor-element elementor-element-637e076 elementor-widget elementor-widget-text-editor\" data-id=\"637e076\" data-element_type=\"widget\" data-widget_type=\"text-editor.default\">\n\t\t\t\t<div class=\"elementor-widget-container\">\n\t\t\t\t\t\t\t<p>En la producci\u00f3n de ciertos vinos, se utiliza la t\u00e9cnica de <strong>sobremaduraci\u00f3n<\/strong> de la uva para obtener vinos dulces y complejos en sabor. El proceso implica dejar que las uvas se sequen ligeramente en la vid, concentrando los az\u00facares naturales y creando un vino m\u00e1s robusto.<\/p>\t\t\t\t\t\t<\/div>\n\t\t\t\t<\/div>\n\t\t\t\t<\/div>\n\t\t<div class=\"elementor-element elementor-element-64ea4d5 e-con-full e-flex e-con e-child\" data-id=\"64ea4d5\" data-element_type=\"container\">\n\t\t\t\t<div class=\"elementor-element elementor-element-11a4842 elementor-widget elementor-widget-image\" data-id=\"11a4842\" data-element_type=\"widget\" data-widget_type=\"image.default\">\n\t\t\t\t<div class=\"elementor-widget-container\">\n\t\t\t\t\t\t\t\t\t\t\t\t\t<img decoding=\"async\" src=\"https:\/\/www.bodegasballesteros.es\/wp-content\/uploads\/2024\/09\/Quienes-somos-3a.webp\" title=\"Quienes somos 3a\" alt=\"Quienes somos 3a\" loading=\"lazy\" \/>\t\t\t\t\t\t\t\t\t\t\t\t\t<\/div>\n\t\t\t\t<\/div>\n\t\t\t\t<\/div>\n\t\t\t\t\t<\/div>\n\t\t\t\t<\/div>\n\t\t\t\t<\/div>\n\t\t","protected":false},"excerpt":{"rendered":"<p>foto 5 curiosidades_compacfoto 8 curiosidadesfoto 7 curiosidadesfoto 10 curiosidadesfoto 4 curiosidadesQuienes somos 3a<\/p>\n","protected":false},"author":1,"featured_media":0,"parent":0,"menu_order":0,"comment_status":"closed","ping_status":"closed","template":"","meta":{"footnotes":""},"class_list":["post-156","page","type-page","status-publish","hentry"],"yoast_head":"<!-- This site is optimized with the Yoast SEO plugin v23.9 - https:\/\/yoast.com\/wordpress\/plugins\/seo\/ -->\n<title>Curiosidades sobre el vino | Bodegas Ballesteros<\/title>\n<meta name=\"description\" content=\"Sum\u00e9rgete en el fascinante mundo del vino con an\u00e9cdotas, tradiciones y datos curiosos que te har\u00e1n amar a\u00fan m\u00e1s esta bebida milenaria. Aprende con nosotros y comparte la cultura del vino.\" \/>\n<meta name=\"robots\" content=\"index, follow, max-snippet:-1, max-image-preview:large, max-video-preview:-1\" \/>\n<link rel=\"canonical\" href=\"https:\/\/www.bodegasballesteros.es\/en\/curiosidades\/\" \/>\n<meta property=\"og:locale\" content=\"en_US\" \/>\n<meta property=\"og:locale:alternate\" content=\"es_ES\" \/>\n<meta property=\"og:type\" content=\"article\" \/>\n<meta property=\"og:title\" content=\"Curiosidades sobre el vino | Bodegas Ballesteros\" \/>\n<meta property=\"og:description\" content=\"Sum\u00e9rgete en el fascinante mundo del vino con an\u00e9cdotas, tradiciones y datos curiosos que te har\u00e1n amar a\u00fan m\u00e1s esta bebida milenaria. Aprende con nosotros y comparte la cultura del vino.\" \/>\n<meta property=\"og:url\" content=\"https:\/\/www.bodegasballesteros.es\/en\/curiosidades\/\" \/>\n<meta property=\"og:site_name\" content=\"Bodegas Ballesteros\" \/>\n<meta property=\"article:modified_time\" content=\"2025-07-22T13:34:26+00:00\" \/>\n<meta name=\"twitter:card\" content=\"summary_large_image\" \/>\n<meta name=\"twitter:label1\" content=\"Est. reading time\" \/>\n\t<meta name=\"twitter:data1\" content=\"1 minute\" \/>\n<script type=\"application\/ld+json\" class=\"yoast-schema-graph\">{\"@context\":\"https:\/\/schema.org\",\"@graph\":[{\"@type\":\"WebPage\",\"@id\":\"https:\/\/www.bodegasballesteros.es\/curiosidades\/\",\"url\":\"https:\/\/www.bodegasballesteros.es\/curiosidades\/\",\"name\":\"Curiosidades sobre el vino | Bodegas Ballesteros\",\"isPartOf\":{\"@id\":\"https:\/\/www.bodegasballesteros.es\/#website\"},\"datePublished\":\"2024-09-04T21:23:19+00:00\",\"dateModified\":\"2025-07-22T13:34:26+00:00\",\"description\":\"Sum\u00e9rgete en el fascinante mundo del vino con an\u00e9cdotas, tradiciones y datos curiosos que te har\u00e1n amar a\u00fan m\u00e1s esta bebida milenaria. Aprende con nosotros y comparte la cultura del vino.\",\"breadcrumb\":{\"@id\":\"https:\/\/www.bodegasballesteros.es\/curiosidades\/#breadcrumb\"},\"inLanguage\":\"en-US\",\"potentialAction\":[{\"@type\":\"ReadAction\",\"target\":[\"https:\/\/www.bodegasballesteros.es\/curiosidades\/\"]}]},{\"@type\":\"BreadcrumbList\",\"@id\":\"https:\/\/www.bodegasballesteros.es\/curiosidades\/#breadcrumb\",\"itemListElement\":[{\"@type\":\"ListItem\",\"position\":1,\"name\":\"Portada\",\"item\":\"https:\/\/www.bodegasballesteros.es\/\"},{\"@type\":\"ListItem\",\"position\":2,\"name\":\"curiosidades\"}]},{\"@type\":\"WebSite\",\"@id\":\"https:\/\/www.bodegasballesteros.es\/#website\",\"url\":\"https:\/\/www.bodegasballesteros.es\/\",\"name\":\"Bodegas Ballesteros\",\"description\":\"Bodegas Ballesteros SL desde 1.925\",\"publisher\":{\"@id\":\"https:\/\/www.bodegasballesteros.es\/#organization\"},\"potentialAction\":[{\"@type\":\"SearchAction\",\"target\":{\"@type\":\"EntryPoint\",\"urlTemplate\":\"https:\/\/www.bodegasballesteros.es\/?s={search_term_string}\"},\"query-input\":{\"@type\":\"PropertyValueSpecification\",\"valueRequired\":true,\"valueName\":\"search_term_string\"}}],\"inLanguage\":\"en-US\"},{\"@type\":\"Organization\",\"@id\":\"https:\/\/www.bodegasballesteros.es\/#organization\",\"name\":\"Bodegas Ballesteros\",\"url\":\"https:\/\/www.bodegasballesteros.es\/\",\"logo\":{\"@type\":\"ImageObject\",\"inLanguage\":\"en-US\",\"@id\":\"https:\/\/www.bodegasballesteros.es\/#\/schema\/logo\/image\/\",\"url\":\"https:\/\/www.bodegasballesteros.es\/wp-content\/uploads\/2024\/08\/logo.jpg\",\"contentUrl\":\"https:\/\/www.bodegasballesteros.es\/wp-content\/uploads\/2024\/08\/logo.jpg\",\"width\":630,\"height\":674,\"caption\":\"Bodegas Ballesteros\"},\"image\":{\"@id\":\"https:\/\/www.bodegasballesteros.es\/#\/schema\/logo\/image\/\"}}]}<\/script>\n<!-- \/ Yoast SEO plugin. -->","yoast_head_json":{"title":"Curiosidades sobre el vino | Bodegas Ballesteros","description":"Sum\u00e9rgete en el fascinante mundo del vino con an\u00e9cdotas, tradiciones y datos curiosos que te har\u00e1n amar a\u00fan m\u00e1s esta bebida milenaria. Aprende con nosotros y comparte la cultura del vino.","robots":{"index":"index","follow":"follow","max-snippet":"max-snippet:-1","max-image-preview":"max-image-preview:large","max-video-preview":"max-video-preview:-1"},"canonical":"https:\/\/www.bodegasballesteros.es\/en\/curiosidades\/","og_locale":"en_US","og_type":"article","og_title":"[:es]Curiosidades sobre el vino | Bodegas Ballesteros[:]","og_description":"[:es]Sum\u00e9rgete en el fascinante mundo del vino con an\u00e9cdotas, tradiciones y datos curiosos que te har\u00e1n amar a\u00fan m\u00e1s esta bebida milenaria. Aprende con nosotros y comparte la cultura del vino.[:]","og_url":"https:\/\/www.bodegasballesteros.es\/en\/curiosidades\/","og_site_name":"Bodegas Ballesteros","article_modified_time":"2025-07-22T13:34:26+00:00","twitter_card":"summary_large_image","twitter_misc":{"Est. reading time":"1 minute"},"schema":{"@context":"https:\/\/schema.org","@graph":[{"@type":"WebPage","@id":"https:\/\/www.bodegasballesteros.es\/curiosidades\/","url":"https:\/\/www.bodegasballesteros.es\/curiosidades\/","name":"Curiosidades sobre el vino | Bodegas Ballesteros","isPartOf":{"@id":"https:\/\/www.bodegasballesteros.es\/#website"},"datePublished":"2024-09-04T21:23:19+00:00","dateModified":"2025-07-22T13:34:26+00:00","description":"Sum\u00e9rgete en el fascinante mundo del vino con an\u00e9cdotas, tradiciones y datos curiosos que te har\u00e1n amar a\u00fan m\u00e1s esta bebida milenaria. Aprende con nosotros y comparte la cultura del vino.","breadcrumb":{"@id":"https:\/\/www.bodegasballesteros.es\/curiosidades\/#breadcrumb"},"inLanguage":"en-US","potentialAction":[{"@type":"ReadAction","target":["https:\/\/www.bodegasballesteros.es\/curiosidades\/"]}]},{"@type":"BreadcrumbList","@id":"https:\/\/www.bodegasballesteros.es\/curiosidades\/#breadcrumb","itemListElement":[{"@type":"ListItem","position":1,"name":"Portada","item":"https:\/\/www.bodegasballesteros.es\/"},{"@type":"ListItem","position":2,"name":"curiosidades"}]},{"@type":"WebSite","@id":"https:\/\/www.bodegasballesteros.es\/#website","url":"https:\/\/www.bodegasballesteros.es\/","name":"Bodegas Ballesteros","description":"Bodegas Ballesteros SL desde 1.925","publisher":{"@id":"https:\/\/www.bodegasballesteros.es\/#organization"},"potentialAction":[{"@type":"SearchAction","target":{"@type":"EntryPoint","urlTemplate":"https:\/\/www.bodegasballesteros.es\/?s={search_term_string}"},"query-input":{"@type":"PropertyValueSpecification","valueRequired":true,"valueName":"search_term_string"}}],"inLanguage":"en-US"},{"@type":"Organization","@id":"https:\/\/www.bodegasballesteros.es\/#organization","name":"Bodegas Ballesteros","url":"https:\/\/www.bodegasballesteros.es\/","logo":{"@type":"ImageObject","inLanguage":"en-US","@id":"https:\/\/www.bodegasballesteros.es\/#\/schema\/logo\/image\/","url":"https:\/\/www.bodegasballesteros.es\/wp-content\/uploads\/2024\/08\/logo.jpg","contentUrl":"https:\/\/www.bodegasballesteros.es\/wp-content\/uploads\/2024\/08\/logo.jpg","width":630,"height":674,"caption":"Bodegas Ballesteros"},"image":{"@id":"https:\/\/www.bodegasballesteros.es\/#\/schema\/logo\/image\/"}}]}},"_links":{"self":[{"href":"https:\/\/www.bodegasballesteros.es\/en\/wp-json\/wp\/v2\/pages\/156","targetHints":{"allow":["GET"]}}],"collection":[{"href":"https:\/\/www.bodegasballesteros.es\/en\/wp-json\/wp\/v2\/pages"}],"about":[{"href":"https:\/\/www.bodegasballesteros.es\/en\/wp-json\/wp\/v2\/types\/page"}],"author":[{"embeddable":true,"href":"https:\/\/www.bodegasballesteros.es\/en\/wp-json\/wp\/v2\/users\/1"}],"replies":[{"embeddable":true,"href":"https:\/\/www.bodegasballesteros.es\/en\/wp-json\/wp\/v2\/comments?post=156"}],"version-history":[{"count":27,"href":"https:\/\/www.bodegasballesteros.es\/en\/wp-json\/wp\/v2\/pages\/156\/revisions"}],"predecessor-version":[{"id":486,"href":"https:\/\/www.bodegasballesteros.es\/en\/wp-json\/wp\/v2\/pages\/156\/revisions\/486"}],"wp:attachment":[{"href":"https:\/\/www.bodegasballesteros.es\/en\/wp-json\/wp\/v2\/media?parent=156"}],"curies":[{"name":"wp","href":"https:\/\/api.w.org\/{rel}","templated":true}]}}